{"id":811,"date":"2015-12-30T23:55:48","date_gmt":"2015-12-30T22:55:48","guid":{"rendered":"http:\/\/agora.xtec.cat\/insdespuig\/intraweb\/preinscripcio-eso-curs-2015-2016\/"},"modified":"2026-03-02T12:12:01","modified_gmt":"2026-03-02T11:12:01","slug":"preinscripcio-eso-curs","status":"publish","type":"page","link":"https:\/\/agora.xtec.cat\/insdespuig\/secretaria\/preinscripcio-eso-curs\/","title":{"rendered":"Preinscripci\u00f3 ESO"},"content":{"rendered":"<p>La preinscripci\u00f3 de l&#8217;ESO per al curs 2026-2027 \u00e9s <strong>del 6 al 18 de mar\u00e7 del 2026.<\/strong><\/p>\n<p>La preinscripci\u00f3 cal fer-la telem\u00e0ticament al web del <a href=\"https:\/\/preinscripcio.gencat.cat\/ca\/estudis\/eso\/inici\/\" target=\"_blank\" rel=\"noopener\">Departament d\u2019Educaci\u00f3<\/a>.<\/p>\n<p>Llegiu les\u00a0<a href=\"https:\/\/agora.xtec.cat\/insdespuig\/wp-content\/uploads\/usu921\/2026\/03\/Informacio_Preinscripcio-ESO_2026_27.pdf\"><strong>instruccions<\/strong>\u00a0<\/a>resumides de la preinscripci\u00f3<\/p>\n<p>Aqu\u00ed podeu veure <a href=\"https:\/\/preinscripcio.gencat.cat\/ca\/estudis\/eso\/ajuda\/pindoles-multimedia\/\" target=\"_blank\" rel=\"noopener\">p\u00edndoles informatives<\/a> en format de v\u00eddeo i un tutorial per a resoldre <a href=\"https:\/\/preinscripcio.gencat.cat\/ca\/estudis\/eso\/ajuda\/dubtes-temes\/\">dubtes per temes<\/a>.<\/p>\n<p>Descarregueu-vos tamb\u00e9 el <a href=\"https:\/\/agora.xtec.cat\/insdespuig\/wp-content\/uploads\/usu921\/2026\/03\/dossier-informatiu-ESO-2026-27.docx.pdf\"><strong>full informatiu <\/strong><\/a>dels estudis d&#8217;ESO al nostre centre.<\/p>\n<p>Publicacions resoltes:<\/p>\n<ul>\n<li><strong>Llista provisional<\/strong> d&#8217;alumnes preinscrits.<\/li>\n<li><strong>Barem<\/strong> d&#8217;alumnes preinscrits, resoltes les reclamacions.<\/li>\n<li><span style=\"color: #33cccc;\"><strong>El n\u00famero de desempat <\/strong><\/span>per la preinscripci\u00f3 escolar \u00e9s el <strong>&#8230;&#8230;&#8230;<\/strong><\/li>\n<li><a href=\"https:\/\/agora.xtec.cat\/insdespuig\/wp-content\/uploads\/usu921\/2025\/05\/20250509_INFORME_BAREM_DEFINITIU_BAREM.pdf\"><strong>Llista ordenada<\/strong><\/a><span style=\"font-family: inherit; font-size: 1em;\"> definitiva d&#8217;alumnes preinscrits<\/span><\/li>\n<li>Llistes de l&#8217;alumnat <strong style=\"font-family: inherit; font-size: 1em;\">assignat <span style=\"font-family: inherit; font-size: 1em;\">en primera petici\u00f3<\/span><\/strong><span style=\"font-family: inherit; font-size: 1em;\">\u00a0i la<\/span> <strong style=\"font-family: inherit; font-size: 1em;\">llista d&#8217;espera\u00a0<\/strong><\/li>\n<li>\n<div><strong>Llista d&#8217;alumnat preinscrit<\/strong> al centre<\/div>\n<\/li>\n<\/ul>\n","protected":false},"excerpt":{"rendered":"<p>La preinscripci\u00f3 de l&#8217;ESO per al curs 2026-2027 \u00e9s del 6 al 18 de mar\u00e7 del 2026.<br \/>\nLa preinscripci\u00f3 cal fer-la telem\u00e0ticament al web del <a href=\"https:\/\/preinscripcio.gencat.cat\/ca\/estudis\/eso\/inici\/\" target=\"_blank\" rel=\"noopener\">Departament d\u2019Educaci\u00f3<\/a>.<br \/>\nLlegiu les\u00a0<a href=\"https:\/\/agora.xtec.cat\/insdespuig\/wp-content\/uploads\/usu921\/2026\/03\/Informacio_Preinscripcio-ESO_2026_27.pdf\">instruccions\u00a0<\/a>resumides de la preinscripci\u00f3<br \/>\nAqu\u00ed podeu veure <a href=\"https:\/\/preinscripcio.gencat.cat\/ca\/estudis\/eso\/ajuda\/pindoles-multimedia\/\" target=\"_blank\" rel=\"noopener\">p\u00edndoles informatives<\/a> en format de v\u00eddeo&hellip;  <a href=\"https:\/\/agora.xtec.cat\/insdespuig\/secretaria\/preinscripcio-eso-curs\/\" title=\"Read Preinscripci\u00f3 ESO\">Llegeix m\u00e9s\u00bb<\/a><\/p>\n","protected":false},"author":1,"featured_media":0,"parent":81,"menu_order":1,"comment_status":"closed","ping_status":"closed","template":"page-templates\/side-menu.php","meta":{"_bbp_topic_count":0,"_bbp_reply_count":0,"_bbp_total_topic_count":0,"_bbp_total_reply_count":0,"_bbp_voice_count":0,"_bbp_anonymous_reply_count":0,"_bbp_topic_count_hidden":0,"_bbp_reply_count_hidden":0,"_bbp_forum_subforum_count":0,"footnotes":""},"class_list":["post-811","page","type-page","status-publish","hentry"],"post_mailing_queue_ids":[],"_links":{"self":[{"href":"https:\/\/agora.xtec.cat\/insdespuig\/wp-json\/wp\/v2\/pages\/811","targetHints":{"allow":["GET"]}}],"collection":[{"href":"https:\/\/agora.xtec.cat\/insdespuig\/wp-json\/wp\/v2\/pages"}],"about":[{"href":"https:\/\/agora.xtec.cat\/insdespuig\/wp-json\/wp\/v2\/types\/page"}],"author":[{"embeddable":true,"href":"https:\/\/agora.xtec.cat\/insdespuig\/wp-json\/wp\/v2\/users\/1"}],"replies":[{"embeddable":true,"href":"https:\/\/agora.xtec.cat\/insdespuig\/wp-json\/wp\/v2\/comments?post=811"}],"version-history":[{"count":7,"href":"https:\/\/agora.xtec.cat\/insdespuig\/wp-json\/wp\/v2\/pages\/811\/revisions"}],"predecessor-version":[{"id":25641,"href":"https:\/\/agora.xtec.cat\/insdespuig\/wp-json\/wp\/v2\/pages\/811\/revisions\/25641"}],"up":[{"embeddable":true,"href":"https:\/\/agora.xtec.cat\/insdespuig\/wp-json\/wp\/v2\/pages\/81"}],"wp:attachment":[{"href":"https:\/\/agora.xtec.cat\/insdespuig\/wp-json\/wp\/v2\/media?parent=811"}],"curies":[{"name":"wp","href":"https:\/\/api.w.org\/{rel}","templated":true}]}}