{"id":81,"date":"2014-09-18T10:38:05","date_gmt":"2014-09-18T09:38:05","guid":{"rendered":"http:\/\/agora.xtec.cat\/insdespuig\/?page_id=81"},"modified":"2025-09-23T14:33:16","modified_gmt":"2025-09-23T12:33:16","slug":"secretaria","status":"publish","type":"page","link":"https:\/\/agora.xtec.cat\/insdespuig\/secretaria\/","title":{"rendered":"Secretaria"},"content":{"rendered":"<p>La secretaria es troba a la primera planta de l&#8217;edifici.<\/p>\n<p>En els centres d&#8217;ensenyament secundari, la secreraria gestiona tota la documentaci\u00f3 administrativa del centre:<\/p>\n<ul>\n<li>Preinscripci\u00f3 i matr\u00edcula.<\/li>\n<li>Tr\u00e0mits (sol\u00b7licitud de certificats&#8230;).<\/li>\n<li>Autoritzacions (sortides, \u00fas de serveis digitals, etc.).<\/li>\n<li>Proves d&#8217;acc\u00e9s a la universitat, proves d&#8217;acc\u00e9s a cicles formatius, etc.<\/li>\n<li>Butlletins de notes i titulacions.<\/li>\n<li>Beques i ajuts, etc.<\/li>\n<\/ul>\n<h1><em><strong>PREINSCRIPCIONS I MATR\u00cdCULES<\/strong><\/em><\/h1>\n<h6>_____________________________________________________________<\/h6>\n<h3><strong>LLISTATS ESO, BATXILLERAT, CFGB<\/strong><\/h3>\n<p><a href=\"https:\/\/agora.xtec.cat\/insdespuig\/secretaria\/preinscripcio-eso-curs\/\"><strong>Informaci\u00f3 rellevant ESO curs 2025\/2026<\/strong>: <\/a><a href=\"https:\/\/agora.xtec.cat\/insdespuig\/secretaria\/matricula-eso\/\">Estat actual: <\/a><\/p>\n<ul>\n<li><a href=\"https:\/\/agora.xtec.cat\/insdespuig\/secretaria\/matricula-eso\/\">Documentaci\u00f3 que caldr\u00e0 dur per a la matr\u00edcula d<strong>el 25 de juny al 3 de juliol de 2025.<\/strong><\/a><\/li>\n<li><a href=\"https:\/\/agora.xtec.cat\/insdespuig\/secretaria\/matricula-eso\/\"><strong> Llistes d&#8217;admesos i exclosos<\/strong><\/a><\/li>\n<\/ul>\n<p><a href=\"https:\/\/agora.xtec.cat\/insdespuig\/secretaria\/preinscripcio-batxillerat\/\"><strong>Informaci\u00f3 rellevant batxillerat curs 2025\/2026<\/strong>. <\/a><a href=\"https:\/\/agora.xtec.cat\/insdespuig\/secretaria\/matricula-batxillerat\/\">Estat actual: <\/a><\/p>\n<ul>\n<li><a href=\"https:\/\/agora.xtec.cat\/insdespuig\/secretaria\/matricula-batxillerat\/\">Documentaci\u00f3\u00a0que cal aportar per a la <strong>matr\u00edcula del 20 al 30 de juny de 2025.<\/strong><\/a><\/li>\n<\/ul>\n<p><a href=\"https:\/\/agora.xtec.cat\/insdespuig\/secretaria\/preinscripcio-serveis-comercials-cfpb-cm10\/\"><strong>Informaci\u00f3 rellevant sobre el CFGB<\/strong>: Estat actual:<\/a><\/p>\n<ul>\n<li><a href=\"https:\/\/agora.xtec.cat\/insdespuig\/secretaria\/preinscripcio-serveis-comercials-cfpb-cm10\/\">Matr\u00edcula <strong>del 16 al 20 de juny<\/strong> del 2025. Documentaci\u00f3 per a la seva realitzaci\u00f3. <\/a><\/li>\n<li><a href=\"https:\/\/agora.xtec.cat\/insdespuig\/secretaria\/preinscripcio-serveis-comercials-cfpb-cm10\/\">Llistat d&#8217;admesos i no admesos en llista d&#8217;espera.<\/a><\/li>\n<\/ul>\n<h6>_____________________________________________________________<\/h6>\n<h3>PREINSCRIPCI\u00d3 I MATR\u00cdCULA CFGB Serveis Comercials<\/h3>\n<p data-pm-slice=\"1 1 []\">Per a tot l&#8217;alumnat que estigui interessat en cursar aquests estudis, els terminis de preinscripci\u00f3 i matr\u00edcula s\u00f3n els que s&#8217;indiquen en el <a href=\"https:\/\/agora.xtec.cat\/insdespuig\/secretaria\/preinscripcio-serveis-comercials-cfpb-cm10\/\">seg\u00fcent enlla\u00e7<\/a>.<\/p>\n<h1><strong>INFORMACI\u00d3 INICI CURS 2025\/2026<\/strong><\/h1>\n<h6>_____________________________________________________________<\/h6>\n<ul>\n<li><a href=\"https:\/\/agora.xtec.cat\/insdespuig\/wp-content\/uploads\/usu921\/2025\/06\/Reunions-families-2025-26_1r-2n-3r-ESO.pdf\">Reunions fam\u00edlies 1r, 2n, 3r d&#8217;ESO curs 2025\/2026<\/a><\/li>\n<li><a href=\"https:\/\/agora.xtec.cat\/insdespuig\/wp-content\/uploads\/usu921\/2025\/06\/Reunions-families-2025-26_CFGB-4t-ESO_batxillerat.pdf\">Reunions fam\u00edlies CFGB i 4t d&#8217;ESO curs 2025\/2026<\/a><\/li>\n<li><a href=\"https:\/\/agora.xtec.cat\/insdespuig\/wp-content\/uploads\/usu921\/2025\/06\/Presentacions-curs-2025-26.pdf\">Presentacions inici de curs 2025\/2026<\/a><\/li>\n<\/ul>\n<h1><strong>BEQUES I AJUTS<\/strong><\/h1>\n<h6>_____________________________________________________________<\/h6>\n<h3>Termini sol\u00b7licitud beques\u00a0NEE<\/h3>\n<p data-pm-slice=\"1 1 []\">S&#8217;ha obert el termini perqu\u00e8 tot\/a aquell\/a que estigui interessat\/da en sol\u00b7licitar una d&#8217;aquestes beques, ho pugui fer. El termini \u00e9s del <strong>30 d&#8217;abril a l&#8217;11 de setembre de 2025 fins a les 24h. <\/strong>Podeu accedir <a href=\"https:\/\/educacio.gencat.cat\/ca\/tramits\/tramits-temes\/ajuts-nee\">clicant en aquest enlla\u00e7<\/a>.<\/p>\n<h6>_____________________________________________________________<\/h6>\n<h1><strong>\u00a0INFORMACI\u00d3 IMPORTANT<\/strong><\/h1>\n<p>&nbsp;<\/p>\n<p>_____________________________________________________________<\/p>\n","protected":false},"excerpt":{"rendered":"<p>La secretaria es troba a la primera planta de l&#8217;edifici.<br \/>\nEn els centres d&#8217;ensenyament secundari, la secreraria gestiona tota la documentaci\u00f3 administrativa del centre:<\/p>\n<ul>\n<li>Preinscripci\u00f3 i matr\u00edcula.<\/li>\n<li>Tr\u00e0mits (sol\u00b7licitud de certificats&#8230;).<\/li>\n<li>Autoritzacions (sortides, \u00fas de serveis digitals, etc.).<\/li>\n<li>Proves d&#8217;acc\u00e9s a la universitat, proves d&#8217;acc\u00e9s a cicles formatius, etc.<\/li>\n<li>Butlletins de&hellip;  <a href=\"https:\/\/agora.xtec.cat\/insdespuig\/secretaria\/\" title=\"Read Secretaria\">Llegeix m\u00e9s\u00bb<\/a><br \/>\n","protected":false},"author":1,"featured_media":0,"parent":0,"menu_order":0,"comment_status":"closed","ping_status":"closed","template":"page-templates\/side-menu.php","meta":{"_bbp_topic_count":0,"_bbp_reply_count":0,"_bbp_total_topic_count":0,"_bbp_total_reply_count":0,"_bbp_voice_count":0,"_bbp_anonymous_reply_count":0,"_bbp_topic_count_hidden":0,"_bbp_reply_count_hidden":0,"_bbp_forum_subforum_count":0,"footnotes":""},"class_list":["post-81","page","type-page","status-publish","hentry"],"post_mailing_queue_ids":[],"_links":{"self":[{"href":"https:\/\/agora.xtec.cat\/insdespuig\/wp-json\/wp\/v2\/pages\/81","targetHints":{"allow":["GET"]}}],"collection":[{"href":"https:\/\/agora.xtec.cat\/insdespuig\/wp-json\/wp\/v2\/pages"}],"about":[{"href":"https:\/\/agora.xtec.cat\/insdespuig\/wp-json\/wp\/v2\/types\/page"}],"author":[{"embeddable":true,"href":"https:\/\/agora.xtec.cat\/insdespuig\/wp-json\/wp\/v2\/users\/1"}],"replies":[{"embeddable":true,"href":"https:\/\/agora.xtec.cat\/insdespuig\/wp-json\/wp\/v2\/comments?post=81"}],"version-history":[{"count":4,"href":"https:\/\/agora.xtec.cat\/insdespuig\/wp-json\/wp\/v2\/pages\/81\/revisions"}],"predecessor-version":[{"id":25062,"href":"https:\/\/agora.xtec.cat\/insdespuig\/wp-json\/wp\/v2\/pages\/81\/revisions\/25062"}],"wp:attachment":[{"href":"https:\/\/agora.xtec.cat\/insdespuig\/wp-json\/wp\/v2\/media?parent=81"}],"curies":[{"name":"wp","href":"https:\/\/api.w.org\/{rel}","templated":true}]}}