{"id":802,"date":"2015-12-30T23:55:43","date_gmt":"2015-12-30T22:55:43","guid":{"rendered":"http:\/\/agora.xtec.cat\/insdespuig\/intraweb\/cursos\/"},"modified":"2022-02-02T12:21:16","modified_gmt":"2022-02-02T11:21:16","slug":"cursos","status":"publish","type":"page","link":"https:\/\/agora.xtec.cat\/insdespuig\/alumnat\/cursos\/","title":{"rendered":"Cursos"},"content":{"rendered":"<table border=\"1\" width=\"100%\" cellspacing=\"0\" cellpadding=\"4\">\n<tbody>\n<tr style=\"height: 57px;\" valign=\"TOP\">\n<td style=\"height: 57px;\" width=\"221\">CURS<\/td>\n<td style=\"height: 57px;\" width=\"159\">TUTOR\/A \u00a0n\u00fam.<\/td>\n<td style=\"height: 57px;\" width=\"270\">DELEGAT\/ADA, SOTSDELEGAT\/ADA i ECODELEGAT\/ADA<\/td>\n<\/tr>\n<tr style=\"height: 33px;\" valign=\"TOP\">\n<td style=\"height: 33px;\" width=\"221\"><\/td>\n<td style=\"height: 33px;\" width=\"159\"><\/td>\n<td style=\"height: 33px;\" width=\"270\"><\/td>\n<\/tr>\n<tr style=\"height: 57px;\" valign=\"TOP\">\n<td style=\"height: 57px;\" width=\"221\">BATXILLERAT<\/td>\n<td style=\"height: 57px;\" width=\"159\"><\/td>\n<td style=\"height: 57px;\" width=\"270\"><\/td>\n<\/tr>\n<tr style=\"height: 57px;\" valign=\"TOP\">\n<td style=\"height: 57px;\" width=\"221\">coord. Batxillerat<\/td>\n<td style=\"height: 57px;\" width=\"159\">Rosa Vall\u00e9s 13<\/td>\n<td style=\"height: 57px;\" width=\"270\"><\/td>\n<\/tr>\n<tr style=\"height: 57px;\" valign=\"TOP\">\n<td style=\"height: 57px;\" width=\"221\">2n Batx. Econ\u00f2mic\/Human\u00edstic<\/td>\n<td style=\"height: 57px;\" width=\"159\">Rosa Malr\u00e0s \u00a07<\/td>\n<td style=\"height: 57px;\" width=\"270\">Alina Kozhokar, Arantxa Sayas<\/td>\n<\/tr>\n<tr style=\"height: 57px;\" valign=\"TOP\">\n<td style=\"height: 57px;\" width=\"221\"><\/td>\n<td style=\"height: 57px;\" width=\"159\">M. Jos\u00e9 Ruedas\u00a0 31<\/td>\n<td style=\"height: 57px;\" width=\"270\">Gisela Castillo, Clara Domingo<\/td>\n<\/tr>\n<tr style=\"height: 57px;\" valign=\"TOP\">\n<td style=\"height: 57px;\" width=\"221\">1r Batx. Econ\u00f2mic\/Human\u00edstic<\/td>\n<td style=\"height: 57px;\" width=\"159\">Cinta Accensi \u00a024<\/td>\n<td style=\"height: 57px;\" width=\"270\">Efr\u00e9n Garrigosa, Amanda Cutts<\/td>\n<\/tr>\n<tr style=\"height: 57px;\" valign=\"TOP\">\n<td style=\"height: 57px;\" width=\"221\">1r Batx. Cient\u00edfic\/T\u00e8cnic<\/td>\n<td style=\"height: 57px;\" width=\"159\">Bego\u00f1a Terrados\u00a0 26<\/td>\n<td style=\"height: 57px;\" width=\"270\">Cinta Roig, Joana Caball\u00e9<\/td>\n<\/tr>\n<tr style=\"height: 57px;\" valign=\"TOP\">\n<td style=\"height: 57px;\" width=\"221\">ESO<\/td>\n<td style=\"height: 57px;\" width=\"159\"><\/td>\n<td style=\"height: 57px;\" width=\"270\"><\/td>\n<\/tr>\n<tr style=\"height: 57px;\" valign=\"TOP\">\n<td style=\"height: 57px;\" width=\"221\">coord. ESO<\/td>\n<td style=\"height: 57px;\" width=\"159\">Gemma Molina \u00a015<\/td>\n<td style=\"height: 57px;\" width=\"270\"><\/td>\n<\/tr>\n<tr style=\"height: 63px;\" valign=\"TOP\">\n<td style=\"height: 63px;\" width=\"221\">4t ESO A<\/td>\n<td style=\"height: 63px;\" width=\"159\">Laia Mart\u00ednez \u00a020<\/td>\n<td style=\"height: 63px;\" width=\"270\">Nick Veliz, Biel Calvet i Arnau Garcia<\/td>\n<\/tr>\n<tr style=\"height: 57px;\" valign=\"TOP\">\n<td style=\"height: 57px;\" width=\"221\">4t ESO B<\/td>\n<td style=\"height: 57px;\" width=\"159\">Ana Arag\u00f3 \u00a018<\/td>\n<td style=\"height: 57px;\" width=\"270\">Mohamed Laraich, Andrea Mas i Juli\u00e0 Cant\u00f3<\/td>\n<\/tr>\n<tr style=\"height: 57px;\" valign=\"TOP\">\n<td style=\"height: 57px;\" width=\"221\">4t ESO C<\/td>\n<td style=\"height: 57px;\" width=\"159\">Alina Tugui\u00a0 43<\/td>\n<td style=\"height: 57px;\" width=\"270\">Cristian Oca\u00f1a, Meritxell Bartolom\u00e9 i Marc Prats<\/td>\n<\/tr>\n<tr style=\"height: 57px;\" valign=\"TOP\">\n<td style=\"height: 57px;\" width=\"221\">4t ESO DIV<\/td>\n<td style=\"height: 57px;\" width=\"159\">Cinta Garcia\u00a0 6<\/td>\n<td style=\"height: 57px;\" width=\"270\">David Ram\u00edrez, Aroa Alcover i Sinthia Garcia<\/td>\n<\/tr>\n<tr style=\"height: 57px;\" valign=\"TOP\">\n<td style=\"height: 57px;\" width=\"221\">3r ESO A<\/td>\n<td style=\"height: 57px;\" width=\"159\">Guillermo Morato \u00a045<\/td>\n<td style=\"height: 57px;\" width=\"270\">Pablo March, Elsa Pr\u00edncep i \u00c0ngel Ameur<\/td>\n<\/tr>\n<tr style=\"height: 57px;\" valign=\"TOP\">\n<td style=\"height: 57px;\" width=\"221\">3r ESO B<\/td>\n<td style=\"height: 57px;\" width=\"159\">Joan Iniesta \u00a038<\/td>\n<td style=\"height: 57px;\" width=\"270\">Meritxell Fernandez, Alisson Sanchez i Lucia Rodr\u00edguez<\/td>\n<\/tr>\n<tr style=\"height: 57px;\" valign=\"TOP\">\n<td style=\"height: 57px;\" width=\"221\">3r ESO C<\/td>\n<td style=\"height: 57px;\" width=\"159\">Elena Panisello\u00a0 34<\/td>\n<td style=\"height: 57px;\" width=\"270\">Samuel Rasoi, Georgia Stallybrass i Georgia Stallybrass<\/td>\n<\/tr>\n<tr style=\"height: 57px;\" valign=\"TOP\">\n<td style=\"height: 57px;\" width=\"221\">3r ESO D<\/td>\n<td style=\"height: 57px;\" width=\"159\">Onofre Casanova \u00a029<\/td>\n<td style=\"height: 57px;\" width=\"270\">Jordi Ferrer, Lluc Jornet i Marc Mar\u00edn<\/td>\n<\/tr>\n<tr style=\"height: 57px;\" valign=\"TOP\">\n<td style=\"height: 57px;\" width=\"221\">2n ESO A<\/td>\n<td style=\"height: 57px;\" width=\"159\">M. Dolors Sebasti\u00e0\u00a0 37<\/td>\n<td style=\"height: 57px;\" width=\"270\">\u00c0lex Gar\u00ed, Ayman El Omari i Unai Botella<\/td>\n<\/tr>\n<tr style=\"height: 57px;\" valign=\"TOP\">\n<td style=\"height: 57px;\" width=\"221\">2n ESO B<\/td>\n<td style=\"height: 57px;\" width=\"159\">Antoni Obiols \u00a023<\/td>\n<td style=\"height: 57px;\" width=\"270\">Joan Pi\u00f1ol, Arnau Gaya i Patricia Lupeca<\/td>\n<\/tr>\n<tr style=\"height: 57px;\" valign=\"TOP\">\n<td style=\"height: 57px;\" width=\"221\">2n ESO C<\/td>\n<td style=\"height: 57px;\" width=\"159\">Lorena Morant\u00a0 28<\/td>\n<td style=\"height: 57px;\" width=\"270\">\u00c0ngel Rodr\u00edguez, Laia Tom\u00e0s i Esther Mart\u00edn<\/td>\n<\/tr>\n<tr style=\"height: 57px;\" valign=\"TOP\">\n<td style=\"height: 57px;\" width=\"221\">2n ESO D<\/td>\n<td style=\"height: 57px;\" width=\"159\">Albert Noguera \u00a030<\/td>\n<td style=\"height: 57px;\" width=\"270\">Nil Pellisa, J\u00falia Torrado i Iker S\u00e1nchez<\/td>\n<\/tr>\n<tr style=\"height: 57px;\" valign=\"TOP\">\n<td style=\"height: 57px;\" width=\"221\">1r ESO A<\/td>\n<td style=\"height: 57px;\" width=\"159\">Dar\u00edo Sabat\u00e9 \u00a022<\/td>\n<td style=\"height: 57px;\" width=\"270\">Cloe Berenguer, Pau Mateu i Unai Ortiz<\/td>\n<\/tr>\n<tr style=\"height: 57px;\" valign=\"TOP\">\n<td style=\"height: 57px;\" width=\"221\">1r ESO B<\/td>\n<td style=\"height: 57px;\" width=\"159\">Georgina Lleix\u00e0 \u00a03<\/td>\n<td style=\"height: 57px;\" width=\"270\">J\u00falia D\u00edaz, Diego Ortiz i Nerea Vel\u00e1zquez<\/td>\n<\/tr>\n<tr style=\"height: 57px;\" valign=\"TOP\">\n<td style=\"height: 57px;\" width=\"221\">1r ESO C<\/td>\n<td style=\"height: 57px;\" width=\"159\">Rosa Cord\u00f3n\u00a0 32<\/td>\n<td style=\"height: 57px;\" width=\"270\">Safaa Asttaf, Pol Bailach i Laura Sofia<\/td>\n<\/tr>\n<tr style=\"height: 57px;\" valign=\"TOP\">\n<td style=\"height: 57px;\" width=\"221\">1r ESO D<\/td>\n<td style=\"height: 57px;\" width=\"159\">Sandra Cugat \u00a08<\/td>\n<td style=\"height: 57px;\" width=\"270\">Biel Carles, Nayara Cort\u00e9s i Maya Holvik<\/td>\n<\/tr>\n<\/tbody>\n<\/table>\n<p>&nbsp;<\/p>\n","protected":false},"excerpt":{"rendered":"<p>CURS<br \/>\nTUTOR\/A \u00a0n\u00fam.<br \/>\nDELEGAT\/ADA, SOTSDELEGAT\/ADA i ECODELEGAT\/ADA<\/p>\n<p>BATXILLERAT<\/p>\n<p>coord. Batxillerat<br \/>\nRosa Vall\u00e9s 13<\/p>\n<p>2n Batx. Econ\u00f2mic\/Human\u00edstic<br \/>\nRosa Malr\u00e0s \u00a07<br \/>\nAlina Kozhokar, Arantxa Sayas<\/p>\n<p>M. Jos\u00e9 Ruedas\u00a0 31<br \/>\nGisela Castillo, Clara Domingo<\/p>\n<p>1r Batx. Econ\u00f2mic\/Human\u00edstic<br \/>\nCinta Accensi \u00a024<br \/>\nEfr\u00e9n Garrigosa, Amanda Cutts<\/p>\n<p>1r Batx. Cient\u00edfic\/T\u00e8cnic<br \/>\nBego\u00f1a Terrados\u00a0 26<br \/>\nCinta Roig, Joana Caball\u00e9<\/p>\n<p>ESO<\/p>\n<p>coord. ESO<br \/>\nGemma Molina \u00a015<\/p>\n<p>4t ESO A<br \/>\nLaia Mart\u00ednez \u00a020<br \/>\nNick Veliz, Biel Calvet&hellip;  <a href=\"https:\/\/agora.xtec.cat\/insdespuig\/alumnat\/cursos\/\" title=\"Read Cursos\">Llegeix m\u00e9s\u00bb<\/a><\/p>\n","protected":false},"author":1,"featured_media":0,"parent":973,"menu_order":0,"comment_status":"closed","ping_status":"closed","template":"page-templates\/side-menu.php","meta":{"_bbp_topic_count":0,"_bbp_reply_count":0,"_bbp_total_topic_count":0,"_bbp_total_reply_count":0,"_bbp_voice_count":0,"_bbp_anonymous_reply_count":0,"_bbp_topic_count_hidden":0,"_bbp_reply_count_hidden":0,"_bbp_forum_subforum_count":0,"footnotes":""},"class_list":["post-802","page","type-page","status-publish","hentry"],"post_mailing_queue_ids":[],"_links":{"self":[{"href":"https:\/\/agora.xtec.cat\/insdespuig\/wp-json\/wp\/v2\/pages\/802","targetHints":{"allow":["GET"]}}],"collection":[{"href":"https:\/\/agora.xtec.cat\/insdespuig\/wp-json\/wp\/v2\/pages"}],"about":[{"href":"https:\/\/agora.xtec.cat\/insdespuig\/wp-json\/wp\/v2\/types\/page"}],"author":[{"embeddable":true,"href":"https:\/\/agora.xtec.cat\/insdespuig\/wp-json\/wp\/v2\/users\/1"}],"replies":[{"embeddable":true,"href":"https:\/\/agora.xtec.cat\/insdespuig\/wp-json\/wp\/v2\/comments?post=802"}],"version-history":[{"count":5,"href":"https:\/\/agora.xtec.cat\/insdespuig\/wp-json\/wp\/v2\/pages\/802\/revisions"}],"predecessor-version":[{"id":19181,"href":"https:\/\/agora.xtec.cat\/insdespuig\/wp-json\/wp\/v2\/pages\/802\/revisions\/19181"}],"up":[{"embeddable":true,"href":"https:\/\/agora.xtec.cat\/insdespuig\/wp-json\/wp\/v2\/pages\/973"}],"wp:attachment":[{"href":"https:\/\/agora.xtec.cat\/insdespuig\/wp-json\/wp\/v2\/media?parent=802"}],"curies":[{"name":"wp","href":"https:\/\/api.w.org\/{rel}","templated":true}]}}