{"id":794,"date":"2015-12-30T23:55:43","date_gmt":"2015-12-30T22:55:43","guid":{"rendered":"http:\/\/agora.xtec.cat\/insdespuig\/intraweb\/transport-escolar\/"},"modified":"2022-05-16T20:51:39","modified_gmt":"2022-05-16T18:51:39","slug":"transport-escolar-2","status":"publish","type":"page","link":"https:\/\/agora.xtec.cat\/insdespuig\/serveis\/transport-escolar-2\/","title":{"rendered":"Transport escolar"},"content":{"rendered":"<p>La finalitat d&#8217;aquest servei finan\u00e7at pels consells comarcals \u00e9s facilitar el despla\u00e7ament gratu\u00eft a l&#8217;alumnat d&#8217;educaci\u00f3 obligat\u00f2ria quan hagi d&#8217;escolaritzar-se fora del seu municipi de resid\u00e8ncia, en un centre proposat pel Departament d&#8217;Educaci\u00f3.<\/p>\n<p><strong><br \/>\nRutes<\/strong><\/p>\n<p>Tortosa &#8211; Tivenys &#8211; Santa Rosa &#8211; B\u00edtem &#8211; Tortosa<\/p>\n<p>Tortosa &#8211; Font de Quinto &#8211; Campred\u00f3 &#8211; &#8211; Vinallop &#8211; Tortosa<\/p>\n<p>M\u00e9s informaci\u00f3: <a href=\"https:\/\/www.baixebre.cat\/arees-dactuacio\/ensenyament-cultura-joventut-i-esports\/ensenyament\/sollicituds-servei-de-transport-e\" target=\"_blank\" rel=\"noopener noreferrer\">Consell Comarcal del Baix Ebre<\/a>.<\/p>\n","protected":false},"excerpt":{"rendered":"<p>La finalitat d&#8217;aquest servei finan\u00e7at pels consells comarcals \u00e9s facilitar el despla\u00e7ament gratu\u00eft a l&#8217;alumnat d&#8217;educaci\u00f3 obligat\u00f2ria quan hagi d&#8217;escolaritzar-se fora del seu municipi de resid\u00e8ncia, en un centre proposat pel Departament d&#8217;Educaci\u00f3.<\/p>\n<p>Rutes<br \/>\nTortosa &#8211; Tivenys &#8211; Santa Rosa &#8211; B\u00edtem &#8211; Tortosa<br \/>\nTortosa &#8211; Font de&hellip;  <a href=\"https:\/\/agora.xtec.cat\/insdespuig\/serveis\/transport-escolar-2\/\" title=\"Read Transport escolar\">Llegeix m\u00e9s\u00bb<\/a><\/p>\n","protected":false},"author":1,"featured_media":0,"parent":63,"menu_order":4,"comment_status":"closed","ping_status":"closed","template":"page-templates\/side-menu.php","meta":{"_bbp_topic_count":0,"_bbp_reply_count":0,"_bbp_total_topic_count":0,"_bbp_total_reply_count":0,"_bbp_voice_count":0,"_bbp_anonymous_reply_count":0,"_bbp_topic_count_hidden":0,"_bbp_reply_count_hidden":0,"_bbp_forum_subforum_count":0,"footnotes":""},"class_list":["post-794","page","type-page","status-publish","hentry"],"post_mailing_queue_ids":[],"_links":{"self":[{"href":"https:\/\/agora.xtec.cat\/insdespuig\/wp-json\/wp\/v2\/pages\/794","targetHints":{"allow":["GET"]}}],"collection":[{"href":"https:\/\/agora.xtec.cat\/insdespuig\/wp-json\/wp\/v2\/pages"}],"about":[{"href":"https:\/\/agora.xtec.cat\/insdespuig\/wp-json\/wp\/v2\/types\/page"}],"author":[{"embeddable":true,"href":"https:\/\/agora.xtec.cat\/insdespuig\/wp-json\/wp\/v2\/users\/1"}],"replies":[{"embeddable":true,"href":"https:\/\/agora.xtec.cat\/insdespuig\/wp-json\/wp\/v2\/comments?post=794"}],"version-history":[{"count":3,"href":"https:\/\/agora.xtec.cat\/insdespuig\/wp-json\/wp\/v2\/pages\/794\/revisions"}],"predecessor-version":[{"id":20012,"href":"https:\/\/agora.xtec.cat\/insdespuig\/wp-json\/wp\/v2\/pages\/794\/revisions\/20012"}],"up":[{"embeddable":true,"href":"https:\/\/agora.xtec.cat\/insdespuig\/wp-json\/wp\/v2\/pages\/63"}],"wp:attachment":[{"href":"https:\/\/agora.xtec.cat\/insdespuig\/wp-json\/wp\/v2\/media?parent=794"}],"curies":[{"name":"wp","href":"https:\/\/api.w.org\/{rel}","templated":true}]}}