{"id":793,"date":"2015-12-30T23:55:43","date_gmt":"2015-12-30T22:55:43","guid":{"rendered":"http:\/\/agora.xtec.cat\/insdespuig\/intraweb\/consell-escolar\/"},"modified":"2023-08-28T12:40:50","modified_gmt":"2023-08-28T10:40:50","slug":"consell-escolar-2","status":"publish","type":"page","link":"https:\/\/agora.xtec.cat\/insdespuig\/linstitut\/consell-escolar-2\/","title":{"rendered":"Consell escolar"},"content":{"rendered":"<p>&nbsp;<\/p>\n<p>El <strong>Consell escolar del centre<\/strong> \u00e9s l&#8217;\u00f2rgan col\u00b7legiat de participaci\u00f3 de la comunitat escolar en el govern del centre i est\u00e0 integrat per les seg\u00fcents persones membres:<\/p>\n<p>a) La <strong>directora<\/strong>, que el presideix (Maria Cinta Accensi Mart\u00ednez).<\/p>\n<p>b) La<strong> cap d&#8217;estudis<\/strong> (Maria Jos\u00e9 Ruedas Buenosvinos).<\/p>\n<p>c) Un o una <strong>representant de l&#8217;ajuntament<\/strong> de la localitat on es troba situat el centre (V\u00edctor Grau Ferrer).<\/p>\n<p>d) Els i les <strong>representants del professorat<\/strong> s&#8217;elegeixen pel claustre (Cinta Viladrich Mayor i Sandra Cugat Manuel del Vall).<\/p>\n<p>e) Els i les <strong>representants de l&#8217;alumnat<\/strong> (Xavi P\u00e9rez Mascarell i \u00c0ngel Rodr\u00edguez Calabuig) i <b>dels<\/b> <b>pares i mares o tutors<\/b> (Dolors G\u00f3mez) elegits respectivament per ells i entre ells.<\/p>\n<p>f) Un o una <strong>representant del personal d&#8217;administraci\u00f3 i serveis<\/strong>, elegit per i entre aquest personal (Carme Buera Curto).<\/p>\n<p>&nbsp;<\/p>\n<p>El proc\u00e9s electoral per a l&#8217;elecci\u00f3 dels nous membres del consell escolar de l&#8217;Institut Crist\u00f2fol Despuig va tindre lloc entre <strong>el dia 28 de novembre del 2018<\/strong>.<\/p>\n<p>M\u00e9s informaci\u00f3: <a href=\"http:\/\/ensenyament.gencat.cat\/ca\/arees-actuacio\/centres-serveis-educatius\/centres\/consells-escolars-centres\/\" target=\"_blank\" rel=\"noopener noreferrer\">Departament d&#8217;Ensenyament<\/a>.<\/p>\n<p>&nbsp;<\/p>\n","protected":false},"excerpt":{"rendered":"<p>&nbsp;<br \/>\nEl Consell escolar del centre \u00e9s l&#8217;\u00f2rgan col\u00b7legiat de participaci\u00f3 de la comunitat escolar en el govern del centre i est\u00e0 integrat per les seg\u00fcents persones membres:<br \/>\na) La directora, que el presideix (Maria Cinta Accensi Mart\u00ednez).<br \/>\nb) La cap d&#8217;estudis (Maria Jos\u00e9 Ruedas Buenosvinos).<br \/>\nc) Un o&hellip;  <a href=\"https:\/\/agora.xtec.cat\/insdespuig\/linstitut\/consell-escolar-2\/\" title=\"Read Consell escolar\">Llegeix m\u00e9s\u00bb<\/a><\/p>\n","protected":false},"author":1,"featured_media":0,"parent":19,"menu_order":2,"comment_status":"closed","ping_status":"closed","template":"page-templates\/side-menu.php","meta":{"_bbp_topic_count":0,"_bbp_reply_count":0,"_bbp_total_topic_count":0,"_bbp_total_reply_count":0,"_bbp_voice_count":0,"_bbp_anonymous_reply_count":0,"_bbp_topic_count_hidden":0,"_bbp_reply_count_hidden":0,"_bbp_forum_subforum_count":0,"footnotes":""},"class_list":["post-793","page","type-page","status-publish","hentry"],"post_mailing_queue_ids":[],"_links":{"self":[{"href":"https:\/\/agora.xtec.cat\/insdespuig\/wp-json\/wp\/v2\/pages\/793","targetHints":{"allow":["GET"]}}],"collection":[{"href":"https:\/\/agora.xtec.cat\/insdespuig\/wp-json\/wp\/v2\/pages"}],"about":[{"href":"https:\/\/agora.xtec.cat\/insdespuig\/wp-json\/wp\/v2\/types\/page"}],"author":[{"embeddable":true,"href":"https:\/\/agora.xtec.cat\/insdespuig\/wp-json\/wp\/v2\/users\/1"}],"replies":[{"embeddable":true,"href":"https:\/\/agora.xtec.cat\/insdespuig\/wp-json\/wp\/v2\/comments?post=793"}],"version-history":[{"count":3,"href":"https:\/\/agora.xtec.cat\/insdespuig\/wp-json\/wp\/v2\/pages\/793\/revisions"}],"predecessor-version":[{"id":22383,"href":"https:\/\/agora.xtec.cat\/insdespuig\/wp-json\/wp\/v2\/pages\/793\/revisions\/22383"}],"up":[{"embeddable":true,"href":"https:\/\/agora.xtec.cat\/insdespuig\/wp-json\/wp\/v2\/pages\/19"}],"wp:attachment":[{"href":"https:\/\/agora.xtec.cat\/insdespuig\/wp-json\/wp\/v2\/media?parent=793"}],"curies":[{"name":"wp","href":"https:\/\/api.w.org\/{rel}","templated":true}]}}