{"id":775,"date":"2015-12-30T23:55:41","date_gmt":"2015-12-30T22:55:41","guid":{"rendered":"http:\/\/agora.xtec.cat\/insdespuig\/intraweb\/mapa-del-web\/"},"modified":"2015-12-30T23:55:41","modified_gmt":"2015-12-30T22:55:41","slug":"mapa-del-web","status":"publish","type":"page","link":"https:\/\/agora.xtec.cat\/insdespuig\/intraweb\/mapa-del-web\/","title":{"rendered":"Mapa del web"},"content":{"rendered":"<p> <a href=\"\/insdespuig\/intranet\/index.php\">Inici<\/a><\/p>\n<p>Men\u00fa principal <\/p>\n<ul>\n<li><a href=\"\/insdespuig\/intranet\/index.php?module=IWagendas&amp;func=cescolar&amp;mes=09&amp;any=2010&amp;daid=0\" title=\"-- Enlla\u00e7 nou --\">Calendari escolar<\/a><\/li>\n<li><a href=\"\/insdespuig\/intranet\/index.php?module=news\" title=\"-- Enlla\u00e7 nou --\">Not\u00edcies<\/a><\/li>\n<li><a href=\"\/insdespuig\/intranet\/index.php?module=Downloads\">Documents<\/a><\/li>\n<li><a href=\"\/insdespuig\/intranet\/index.php?module=pages\" title=\"P\u00e0gines web est\u00e0tiques\">P\u00e0gines<\/a><\/li>\n<li><a href=\"\/insdespuig\/intranet\/index.php?module=search\" title=\"Cerques a la intranet\">Cerca<\/a><\/li>\n<\/ul>\n<p>L&#8217;institut <\/p>\n<ul>\n<li>Benvinguda: <a href=\"\/insdespuig\/intranet\/index.php?module=pagines&amp;func=display&amp;pageid=49\">Presentaci\u00f3<\/a>, <a <a href=\"http:\/\/agora.xtec.cat\/insdespuig\/wp-content\/uploads\/usu921\/2015\/12\/OBJECTIUS_2010-11.pdf\">Objectius<\/a>, <a href=\"\/insdespuig\/intranet\/index.php?module=pagines&amp;func=display&amp;pageid=50\">Visita virtual<\/a>, <a href=\"\/insdespuig\/intranet\/index.php?module=pagines&amp;func=display&amp;pageid=47\">Com arribar-hi<\/a><\/li>\n<li>Secretaria:<br \/>\n      <a href=\"\/insdespuig\/intranet\/index.php?module=pages&amp;func=display&amp;pageid=19\">Horari<\/a>, <a href=\"\/insdespuig\/intranet\/index.php?module=pages&amp;func=display&amp;pageid=42\">Preinscripci\u00f3<\/a>,&nbsp;<a href=\"\/insdespuig\/intranet\/index.php?module=pages&amp;func=display&amp;pageid=41\">Matr\u00edcula<\/a>, <a href=\"\/insdespuig\/intranet\/index.php?module=pagines&amp;func=display&amp;pageid=44\">Beques i ajuts<br \/>\n    <\/a><\/li>\n<li><a href=\"\/insdespuig\/intranet\/index.php?module=pages&amp;func=display&amp;pageid=6\">Equipaments<\/a><\/li>\n<li>Serveis:&nbsp;<a href=\"\/insdespuig\/intranet\/index.php?module=pages&amp;func=display&amp;pageid=11\">Consergeria<\/a>,&nbsp;<a href=\"\/insdespuig\/intranet\/index.php?module=pages&amp;func=display&amp;pageid=22\">Copisteria<\/a>,&nbsp;<a href=\"\/insdespuig\/intranet\/index.php?module=pages&amp;func=display&amp;pageid=35\">Borsa de llibres<\/a>,&nbsp;<a href=\"\/insdespuig\/intranet\/index.php?module=pages&amp;func=display&amp;pageid=5\">Publicacions<\/a>,&nbsp;<a href=\"\/insdespuig\/intranet\/index.php?module=pages&amp;func=display&amp;pageid=29\">Transport escolar<\/a>,&nbsp;<a href=\"\/insdespuig\/intranet\/index.php?module=pages&amp;func=display&amp;pageid=30\">Menjador<\/a>, <a href=\"\/insdespuig\/intranet\/index.php?module=pages&amp;func=display&amp;pageid=46\">Cafeteria<\/a><\/li>\n<li><a href=\"\/insdespuig\/intranet\/index.php?module=pages&amp;func=display&amp;pageid=2\">Contacte<\/a><\/li>\n<\/ul>\n<div>\nEstudis<\/div>\n<div>\n<ul>\n<li><a href=\"\/insdespuig\/intranet\/index.php?module=pages&amp;func=display&amp;pageid=9\">Batxillerat<\/a><\/li>\n<li><a href=\"\/insdespuig\/intranet\/index.php?module=pages&amp;func=display&amp;pageid=8\">ESO<\/a><\/li>\n<li><a href=\"\/insdespuig\/intranet\/index.php?module=pages&amp;func=display&amp;pageid=18\">PROA<\/a><\/li>\n<li><a href=\"\/insdespuig\/intranet\/index.php?module=pages&amp;func=display&amp;pageid=32\">PAU<\/a><\/li>\n<li><a href=\"\/insdespuig\/intranet\/index.php?module=IWwebbox&amp;ref=orientacio\">Orientaci\u00f3<\/a><\/li>\n<\/ul><\/div>\n<div>\n<div style=\"margin: 0px; \">\nProjectes educatius<\/div>\n<div style=\"margin: 0px; \"> <\/div>\n<ul>\n<li><a href=\"\/insdespuig\/intranet\/index.php?module=pages&amp;func=display&amp;pageid=21\" target=\"_blank\">eduCAT 2.0<\/a><\/li>\n<li><a href=\"\/insdespuig\/intranet\/index.php?module=pages&amp;func=display&amp;pageid=21\">Pissarres digitals<\/a><\/li>\n<li>Lleng\u00fces estrangeres<\/li>\n<li>Projecte Ling\u00fc\u00edsitc<\/li>\n<li>Projecte de Conviv\u00e8ncia<\/li>\n<li><a href=\"http:\/\/insdespuig-hort.blogspot.com\/\">Escoles Verdes<\/a><\/li>\n<\/ul><\/div>\n<div> <\/div>\n<div>\n<div style=\"margin: 0px; \">\nServeis i equipaments<\/div>\n<div style=\"margin: 0px; \"> <\/div>\n<ul>\n<li><a href=\"http:\/\/insdespuig-biblioteca.blogspot.com\/\" target=\"_blank\">Biblioteca Puntedu<\/a><\/li>\n<li><a href=\"\/insdespuig\/intranet\/index.php?module=pages&amp;func=display&amp;pageid=34\">Salut i escola<\/a><\/li>\n<li>Esport a l&#8217;Escola<\/li>\n<li><a href=\"\/insdespuig\/intranet\/index.php?module=pages&amp;func=display&amp;pageid=31\">Mediaci\u00f3 escolar<\/a><\/li>\n<\/ul><\/div>\n<div>\n<div style=\"margin: 0px; \">\nActivitats i participaci\u00f3<\/div>\n<ul>\n<li><a href=\"\/insdespuig\/intranet\/index.php?module=pages&amp;func=display&amp;pageid=28\">Consell escolar<\/a><\/li>\n<li><a href=\"http:\/\/insdespuig-extraescolars.blogspot.com\/\">Extraescolars<\/a><\/li>\n<li><a href=\"http:\/\/insdespuig-extraescolars.blogspot.com\/\"><\/a><a href=\"http:\/\/fotoinstortosa.blogspot.com\/\">Fotofilosofia<\/a><\/li>\n<li><a href=\"http:\/\/fotoinstortosa.blogspot.com\/\"><\/a><a href=\"http:\/\/escolesenxarxa.vilaweb.cat\/institut-de-tortosa\/\" target=\"_blank\">Escoles en xarxa<\/a><\/li>\n<li><a href=\"http:\/\/escolesenxarxa.vilaweb.cat\/institut-de-tortosa\/\" target=\"_blank\"><\/a><a href=\"http:\/\/periodismejuvenil.blogspot.com\/\" target=\"_blank\">Periodisme digital<\/a><\/li>\n<li><a href=\"http:\/\/insdespuig.blogspot.com\/\">Multibloc<\/a><\/li>\n<\/ul><\/div>\n<div> <\/div>\n<div>  Professorat<\/div>\n<div>\n<ul>\n<li><a href=\"\/insdespuig\/intranet\/index.php?module=pages&amp;func=display&amp;pageid=1\">Equip directiu<\/a><\/li>\n<li>Departaments:&nbsp;<a href=\"http:\/\/insdespuig-catala.blogspot.com\/\">Catal\u00e0<\/a>,&nbsp;<a href=\"http:\/\/insdespuig-castella.blogspot.com\/\">Castell\u00e0<\/a>,&nbsp;<a href=\"http:\/\/insdespuig-llenguesestrangeres.blogspot.com\/\">Lleng\u00fces estrangeres<\/a>,&nbsp;<a href=\"http:\/\/insdespuig-matematiques.blogspot.com\/\">Matem\u00e0tiques<\/a>,&nbsp;<a href=\"http:\/\/insdespuig-tecnologia.blogspot.com\/\">Tecnologia<\/a>,&nbsp;<a href=\"http:\/\/insdespuig-naturals.blogspot.com\/\">Ci\u00e8ncies de la naturalesa<\/a>,&nbsp;<a href=\"http:\/\/insdespuig-socials.blogspot.com\/\">Ci\u00e8ncies socials<\/a>&nbsp;(<a href=\"http:\/\/insdespuig-culturaclassica.blogspot.com\/\">Cultura cl\u00e0ssica<\/a>),&nbsp;<a href=\"http:\/\/insdespuig-edufisica.blogspot.com\/\">Educaci\u00f3 f\u00edsica<\/a>,&nbsp;<a href=\"http:\/\/insdespuig-visualiplastica.blogspot.com\/\">Visual i pl\u00e0stica<\/a>,&nbsp;<a href=\"http:\/\/insdespuig-musica.blogspot.com\/\">M\u00fasica<\/a>,&nbsp;<a href=\"http:\/\/insdespuig-orientacio.blogspot.com\/\">Orientaci\u00f3<\/a><\/li>\n<li><a href=\"\/insdespuig\/intranet\/index.php?module=pages&amp;func=display&amp;pageid=3\">Claustre<\/a><\/li>\n<li><a href=\"\/insdespuig\/intranet\/index.php?module=pages&amp;func=display&amp;pageid=24\">Formaci\u00f3 del professorat<\/a><\/li>\n<li><a href=\"\/insdespuig\/intranet\/index.php?module=pages&amp;func=display&amp;pageid=23\">Recursos educatius<\/a><\/li>\n<li><a href=\"\/insdespuig\/intranet\/index.php?module=pages&amp;func=display&amp;pageid=7\">Suport al professorat<\/a><\/li>\n<li><a href=\"https:\/\/www.google.com\/a\/insdespuig.cat\/\">Correu<\/a>, <a href=\"http:\/\/agora.educat1x1.cat\/insdespuig\/moodle\/\" target=\"_blank\">Moodle<\/a>, <a href=\"https:\/\/spreadsheets.google.com\/viewform?hl=ca&amp;formkey=dGNwcjRFOGdSM2NJNnpJeWl3YnItS0E6MQ#gid=0\" target=\"_blank\">Incid\u00e8ncies<\/a><\/li>\n<\/ul><\/div>\n<div> Alumnat<\/div>\n<div>\n<ul>\n<li><a href=\"\/insdespuig\/intranet\/index.php?module=pages&amp;func=display&amp;pageid=36\">Cursos<\/a><\/li>\n<li><a href=\"\/insdespuig\/intranet\/index.php?module=pages&amp;func=display&amp;pageid=27\">Llibres de text<\/a><\/li>\n<li><a href=\"\/insdespuig\/intranet\/index.php?module=pages&amp;func=display&amp;pageid=38\">Treball de recerca<\/a><\/li>\n<li><a href=\"\/insdespuig\/intranet\/index.php?module=pages&amp;func=display&amp;pageid=15\">Extraescolars<\/a><\/li>\n<li><a href=\"\/insdespuig\/intranet\/index.php?module=pages&amp;func=display&amp;pageid=31\">Mediaci\u00f3<\/a><\/li>\n<li><a href=\"\/insdespuig\/intranet\/index.php?module=pages&amp;func=display&amp;pageid=4\">Suport a l&#8217;alumnat<\/a><\/li>\n<\/ul><\/div>\n<div>\nPares i mares<\/div>\n<div>\n<ul>\n<li>AMPA:&nbsp;<a href=\"\/insdespuig\/intranet\/index.php?module=pages&amp;func=display&amp;pageid=26\">Presentaci\u00f3<\/a>, <a href=\"\/insdespuig\/intranet\/index.php?module=pages&amp;func=display&amp;pageid=43\">Objectius<\/a><\/li>\n<li><a href=\"\/insdespuig\/intranet\/index.php?module=pages&amp;func=display&amp;pageid=17\">Suport a pares i mares<\/a><\/li>\n<\/ul><\/div>\n<div> <a href=\"\/insdespuig\/intranet\/index.php?module=pages&amp;func=display&amp;pageid=17\"><\/a>Entorn <\/p>\n<ul>\n<li><a href=\"\/insdespuig\/intranet\/index.php?module=pages&amp;func=display&amp;pageid=20\">Pla educatiu d&#8217;entorn<\/a><\/li>\n<li><a href=\"\/insdespuig\/intranet\/index.php?module=pages&amp;func=display&amp;pageid=12\">Oferta educativa a Tortosa<\/a><\/li>\n<li><a href=\"\/insdespuig\/intranet\/index.php?module=pages&amp;func=display&amp;pageid=14\">Activitats esportives<\/a><\/li>\n<li><a href=\"\/insdespuig\/intranet\/index.php?module=pages&amp;func=display&amp;pageid=39\">Agenda cultural<\/a><\/li>\n<\/ul><\/div>\n<p><\/p>\n","protected":false},"excerpt":{"rendered":"<p>Inici Men\u00fa principal Calendari escolar Not\u00edcies Documents P\u00e0gines Cerca L&#8217;institut Benvinguda: Presentaci\u00f3,<\/p>\n","protected":false},"author":1,"featured_media":0,"parent":748,"menu_order":0,"comment_status":"open","ping_status":"open","template":"page-templates\/side-menu.php","meta":{"_bbp_topic_count":0,"_bbp_reply_count":0,"_bbp_total_topic_count":0,"_bbp_total_reply_count":0,"_bbp_voice_count":0,"_bbp_anonymous_reply_count":0,"_bbp_topic_count_hidden":0,"_bbp_reply_count_hidden":0,"_bbp_forum_subforum_count":0,"site-sidebar-layout":"default","site-content-layout":"","ast-site-content-layout":"","site-content-style":"default","site-sidebar-style":"default","ast-global-header-display":"","ast-banner-title-visibility":"","ast-main-header-display":"","ast-hfb-above-header-display":"","ast-hfb-below-header-display":"","ast-hfb-mobile-header-display":"","site-post-title":"","ast-breadcrumbs-content":"","ast-featured-img":"","footer-sml-layout":"","theme-transparent-header-meta":"","adv-header-id-meta":"","stick-header-meta":"","header-above-stick-meta":"","header-main-stick-meta":"","header-below-stick-meta":"","astra-migrate-meta-layouts":"default","ast-page-background-enabled":"default","ast-page-background-meta":{"desktop":{"background-color":"var(--ast-global-color-4)","background-image":"","background-repeat":"repeat","background-position":"center center","background-size":"auto","background-attachment":"scroll","background-type":"","background-media":"","overlay-type":"","overlay-color":"","overlay-opacity":"","overlay-gradient":""},"tablet":{"background-color":"","background-image":"","background-repeat":"repeat","background-position":"center center","background-size":"auto","background-attachment":"scroll","background-type":"","background-media":"","overlay-type":"","overlay-color":"","overlay-opacity":"","overlay-gradient":""},"mobile":{"background-color":"","background-image":"","background-repeat":"repeat","background-position":"center center","background-size":"auto","background-attachment":"scroll","background-type":"","background-media":"","overlay-type":"","overlay-color":"","overlay-opacity":"","overlay-gradient":""}},"ast-content-background-meta":{"desktop":{"background-color":"var(--ast-global-color-5)","background-image":"","background-repeat":"repeat","background-position":"center center","background-size":"auto","background-attachment":"scroll","background-type":"","background-media":"","overlay-type":"","overlay-color":"","overlay-opacity":"","overlay-gradient":""},"tablet":{"background-color":"var(--ast-global-color-5)","background-image":"","background-repeat":"repeat","background-position":"center center","background-size":"auto","background-attachment":"scroll","background-type":"","background-media":"","overlay-type":"","overlay-color":"","overlay-opacity":"","overlay-gradient":""},"mobile":{"background-color":"var(--ast-global-color-5)","background-image":"","background-repeat":"repeat","background-position":"center center","background-size":"auto","background-attachment":"scroll","background-type":"","background-media":"","overlay-type":"","overlay-color":"","overlay-opacity":"","overlay-gradient":""}},"footnotes":""},"class_list":["post-775","page","type-page","status-publish","hentry"],"post_mailing_queue_ids":[],"_links":{"self":[{"href":"https:\/\/agora.xtec.cat\/insdespuig\/wp-json\/wp\/v2\/pages\/775","targetHints":{"allow":["GET"]}}],"collection":[{"href":"https:\/\/agora.xtec.cat\/insdespuig\/wp-json\/wp\/v2\/pages"}],"about":[{"href":"https:\/\/agora.xtec.cat\/insdespuig\/wp-json\/wp\/v2\/types\/page"}],"author":[{"embeddable":true,"href":"https:\/\/agora.xtec.cat\/insdespuig\/wp-json\/wp\/v2\/users\/1"}],"replies":[{"embeddable":true,"href":"https:\/\/agora.xtec.cat\/insdespuig\/wp-json\/wp\/v2\/comments?post=775"}],"version-history":[{"count":0,"href":"https:\/\/agora.xtec.cat\/insdespuig\/wp-json\/wp\/v2\/pages\/775\/revisions"}],"up":[{"embeddable":true,"href":"https:\/\/agora.xtec.cat\/insdespuig\/wp-json\/wp\/v2\/pages\/748"}],"wp:attachment":[{"href":"https:\/\/agora.xtec.cat\/insdespuig\/wp-json\/wp\/v2\/media?parent=775"}],"curies":[{"name":"wp","href":"https:\/\/api.w.org\/{rel}","templated":true}]}}