{"id":773,"date":"2015-12-30T23:55:41","date_gmt":"2015-12-30T22:55:41","guid":{"rendered":"http:\/\/agora.xtec.cat\/insdespuig\/intraweb\/formacio-del-professorat\/"},"modified":"2021-09-10T13:56:54","modified_gmt":"2021-09-10T11:56:54","slug":"formacio-del-professorat","status":"publish","type":"page","link":"https:\/\/agora.xtec.cat\/insdespuig\/professorat\/departaments\/formacio-del-professorat\/","title":{"rendered":"Formaci\u00f3 del professorat"},"content":{"rendered":"<p><strong> Formaci\u00f3 del professorat<br \/>\n<\/strong><br \/>\n<a href=\"http:\/\/xtec.gencat.cat\/ca\/formacio\/\" target=\"_blank\" rel=\"noopener noreferrer\"> Formaci\u00f3<\/a>\u00a0(XTEC)<\/p>\n<p><a href=\"http:\/\/ateneu.xtec.cat\/wikiform\/wikiexport\/cursos\/index\" target=\"_blank\" rel=\"noopener noreferrer\">Ateneu. Materials i recursos per a la formaci\u00f3<\/a>\u00a0(XTEC)<\/p>\n<p><a href=\"http:\/\/serveiseducatius.xtec.cat\/baixebre\/formacio\/\" target=\"_blank\" rel=\"noopener noreferrer\"> Formaci\u00f3<\/a> (Servei Educatiu del Baix Ebre)<\/p>\n<p><a href=\"http:\/\/formacionprofesorado.educacion.es\/\" target=\"_blank\" rel=\"noopener noreferrer\"> Servicio de Formaci\u00f3n en Red del Instituto Nacional de Tecnolog\u00edas Educativas y de Formaci\u00f3n del Profesorado<\/a> (MEC)<\/p>\n<p>&nbsp;<\/p>\n<p><strong>Cursos de formaci\u00f3 a l\u2019Institut Crist\u00f2fol Despuig, de Tortosa (curs 2021-2022)<\/strong><\/p>\n<p>Aprenentatge per a l&#8217;\u00e8xit educatiu en el marc europeu (Erasmus +)<br \/>\n<span style=\"font-size: 14px;\">Taller a centre. Codi: 8030731803<\/span><\/p>\n<p>Dones i literatura II<br \/>\n<span style=\"font-size: 14px;\">Taller a centre. Codi: 8030721803<\/span><\/p>\n<p>Formaci\u00f3 al centre per a la transformaci\u00f3 digital<br \/>\n<span style=\"font-size: 14px;\">Taller a centre. Codi: 8030711803<\/span><\/p>\n<p>&nbsp;<\/p>\n<p><strong>Cursos de formaci\u00f3 a l\u2019Institut Crist\u00f2fol Despuig, de Tortosa (curs 2020-2021) <\/strong><\/p>\n<p>\u200b<a href=\"https:\/\/espai.educacio.gencat.cat\/Departament\/curs-20-21\/formacio-covid\/Pagines\/default.aspx\">Activitats formatives COVID-19 per als centres educatius<\/a>\u00a0(Departament d&#8217;Educaci\u00f3)<\/p>\n<p>Aula virtual en l&#8217;\u00e0mbit cient\u00edfic &#8211; tecnol\u00f2gic<br \/>\n<span style=\"font-size: 14px;\">Activitat en format digital. Codi: 8030091803<\/span><\/p>\n<p>Aula virtual en l&#8217;\u00e0mbit ling\u00fc\u00edstic &#8211; social<br \/>\n<span style=\"font-size: 14px;\">Activitat en format digital. Codi: 8030101803<\/span><\/p>\n<p>&nbsp;<\/p>\n<p><strong>Cursos de formaci\u00f3 a l\u2019Institut Crist\u00f2fol Despuig, de Tortosa (curs 2019-2020) <\/strong><\/p>\n<p>\u200bSeminari de coordinaci\u00f3 del Programa de Suport Vital als centres docents<br \/>\n<span style=\"font-size: 14px;\">Seminari. Codi: 00100500 <\/span><\/p>\n<p>Tastets TIC<br \/>\n<span style=\"font-size: 14px;\">Taller a centre. Codi: 8030471803 <\/span><\/p>\n<p>Estrat\u00e8gies lectores per a l&#8217;\u00e8xit educatiu<br \/>\n<span style=\"font-size: 14px;\">Taller a centre. Codi: 8030481803 <\/span><\/p>\n<p>Lectures per projectes ling\u00fc\u00edstics<br \/>\n<span style=\"font-size: 14px;\">Taller a centre. Codi: 8030491803 <\/span><\/p>\n<p>Aprenentatge real: cooperatiu i per projectes<br \/>\n<span style=\"font-size: 14px;\">Taller a centre. Codi: 8030501803 <\/span><\/p>\n<p>Pr\u00e0ctica reflexiva<br \/>\n<span style=\"font-size: 14px;\">Taller a centre. Codi: 8030511803 <\/span><\/p>\n<p>Sensibilitzaci\u00f3 cap a la diversitat sexual<br \/>\n<span style=\"font-size: 14px;\">Taller a centre. Codi: 8031261803 <\/span><\/p>\n<p>&nbsp;<\/p>\n<p><strong>Cursos de formaci\u00f3 a l\u2019Institut Crist\u00f2fol Despuig, de Tortosa (curs 2018-2019) <\/strong><\/p>\n<p>Projectes a secund\u00e0ria<br \/>\n<span style=\"font-size: 14px;\">Taller a centre. Codi: 8030501803 <\/span><\/p>\n<p>Projecte de conviv\u00e8ncia<br \/>\n<span style=\"font-size: 14px;\">Taller a centre. Codi: 8030471803<\/span><\/p>\n<p>Pla TAC de centre<br \/>\n<span style=\"font-size: 14px;\">Taller a centre. Codi: 8030481803 <\/span><\/p>\n<p>Seminari d&#8217;implementaci\u00f3 del curs de Suport Vital B\u00e0sic als centres docents<br \/>\n<span style=\"font-size: 14px;\">Seminari. Codi: 8000030500 <\/span><\/p>\n<p>Els cl\u00e0ssics de la literatura castellana i la interdisciplinarietat<br \/>\n<span style=\"font-size: 14px;\">Taller a centre. Codi: 8030491803<\/span><\/p>\n<p>&nbsp;<\/p>\n<p><strong>Cursos de formaci\u00f3 a l&#8217;Institut Crist\u00f2fol Despuig, de Tortosa (curs 2017-2018)<\/strong><\/p>\n<p>Grup Impulsor 3 (ILEC)<br \/>\n<span style=\"font-size: 14px;\">Taller a centre. Codi: 8030140555<\/span><\/p>\n<p>Llegir per aprendre (secund\u00e0ria)<br \/>\n<span style=\"font-size: 14px;\">Seminari de coordinaci\u00f3. Codi: 8030150555<\/span><\/p>\n<p>Millorem les compet\u00e8ncies cientificotecnol\u00f2giques del nostre alumnat<br \/>\n<span style=\"font-size: 14px;\">Taller a centre. Codi: 8030161803<\/span><\/p>\n<p>Pr\u00e0ctica reflexiva per al docent<br \/>\n<span style=\"font-size: 14px;\">Taller a centre. Codi: 8030181803<\/span><\/p>\n<p>Avaluar per aprendre: l&#8217;avaluaci\u00f3 al servei de l&#8217;aprenentatge de l&#8217;alumnat<br \/>\n<span style=\"font-size: 14px;\">Formaci\u00f3 interna de centre. Codi: 8030190500<\/span><\/p>\n<p>&nbsp;<\/p>\n<p><strong>Cursos de formaci\u00f3 a l&#8217;Institut Crist\u00f2fol Despuig, de Tortosa (curs 2016-2017)<\/strong><\/p>\n<p>Grup Impulsor 2 (ILEC)<br \/>\n<span style=\"font-size: 14px;\">Taller a centre. Codi: 8030180555 <\/span><\/p>\n<p>Saber llegir: Flu\u00efdesa i estrat\u00e8gies de lectura<br \/>\n<span style=\"font-size: 14px;\">Assessorament. Codi: 8030190555 <\/span><\/p>\n<p>Estrat\u00e8gies competencials a secund\u00e0ria<br \/>\n<span style=\"font-size: 14px;\">Taller a centre. Codi: 8030201803 <\/span><\/p>\n<p>Suport Vital B\u00e0sic a l\u2019Ensenyament<br \/>\n<span style=\"font-size: 14px;\">Taller. Codi: 8030841803<\/span><\/p>\n<p>Practica reflexiva<br \/>\n<span style=\"font-size: 14px;\">Taller a centre. Codi: 8030221803 <\/span><\/p>\n<p>\u00das de Nodes<br \/>\n<span style=\"font-size: 14px;\">Taller a centre. Codi: 8030211803 <\/span><\/p>\n<p>El Renaixement i el barroc a les Terres de l&#8217;Ebre<br \/>\n<span style=\"font-size: 14px;\">Grup de treball. Codi: 8030811803<\/span><\/p>\n<p>&nbsp;<\/p>\n<p><strong>Cursos de formaci\u00f3 a l&#8217;Institut Crist\u00f2fol Despuig, de Tortosa (curs 2015-2016)<br \/>\n<\/strong><\/p>\n<p>Grup Impulsor 1 (ILEC)<br \/>\n<span style=\"font-size: 14px;\">Taller a centre. Codi: 8030220555<\/span><\/p>\n<p>Compet\u00e8ncia lectora i gust per llegir<br \/>\n<span style=\"font-size: 14px;\">Assessorament. Codi: 8030230555<\/span><\/p>\n<p>Pr\u00e0ctiques de geometria<br \/>\n<span style=\"font-size: 14px;\">Taller a centre. Codi: 8030241803<\/span><\/p>\n<p>El Renaixement i el barroc a les Terres de l&#8217;Ebre.<br \/>\n<span style=\"font-size: 14px;\">Grup de treball. Codi: 8030751803<\/span><\/p>\n<p>La motxilla bioclim\u00e0tica<br \/>\n<span style=\"font-size: 14px;\">Taller. Codi: 8030821803<\/span><\/p>\n<p>&nbsp;<\/p>\n<p><strong>Cursos de formaci\u00f3 a l&#8217;Institut Crist\u00f2fol Despuig, de Tortosa (curs 2014-2015)<br \/>\n<\/strong><br \/>\nEscriure a l&#8217;institut: escriure des de les mat\u00e8ries<br \/>\n<span style=\"font-size: 14px;\">Formaci\u00f3 interna de centre. Codi:\u00a0<span style=\"font-family: arial, helvetica, geneva;\">8030450500<\/span> <\/span><\/p>\n<p>Eines corporatives del centre<br \/>\n<span style=\"font-size: 14px;\">Formaci\u00f3 interna de centre. Codi:\u00a0<span style=\"font-family: arial, helvetica, geneva;\">8030471803<\/span> <\/span><\/p>\n<p>Pr\u00e0ctica reflexiva<br \/>\n<span style=\"font-size: 14px;\">Taller a centre. Codi: <span style=\"font-family: arial, helvetica, geneva;\">8030461803<\/span> <\/span><\/p>\n<p>El renaixement a les Terres de l&#8217;Ebre<br \/>\n<span style=\"font-size: 14px;\">Grup de treball. Codi:\u00a0<span style=\"font-family: arial, helvetica, geneva;\">8030751803<\/span><\/span><\/p>\n<p>&nbsp;<\/p>\n<p><strong>Cursos de formaci\u00f3 a l&#8217;Institut Crist\u00f2fol Despuig, de Tortosa (curs 2012-2013)<br \/>\n<\/strong><br \/>\nFranc\u00e8s: expressi\u00f3 oral<br \/>\n<span style=\"font-size: 14px;\">Curs. Codi:\u00a0<span style=\"font-family: arial, helvetica, geneva;\">8030311803<\/span> <\/span><\/p>\n<p>Compet\u00e8ncia ling\u00fc\u00edsitca<br \/>\n<span style=\"font-size: 14px;\">Assessorament. Codi: \u00a0<span style=\"font-family: arial, helvetica, geneva;\">8030450021<\/span><\/span><\/p>\n<p>Despuig<br \/>\n<span style=\"font-size: 14px;\">Grup de treball. Codi:\u00a0<span style=\"font-family: arial, helvetica, geneva;\">8030131803<\/span> <\/span><\/p>\n<p><strong>Cursos de formaci\u00f3 a l&#8217;Institut Crist\u00f2fol Despuig, de Tortosa (curs 2011-2012)<br \/>\n<\/strong><br \/>\nPlataformes digitals<br \/>\n<span style=\"font-size: 14px;\">Assessorament. Codi:\u00a0<span style=\"font-family: arial, helvetica, geneva;\">8030361803<\/span> <\/span><\/p>\n<p>Tastets TIC<br \/>\n<span style=\"font-size: 14px;\">Taller. Codi:\u00a0<span style=\"font-family: arial, helvetica, geneva;\">8030451803<\/span> <\/span><\/p>\n<p>Treball per projectes a les llars d&#8217;infants<br \/>\n<span style=\"font-size: 14px;\">Taller. Codi:\u00a0<span style=\"font-family: arial, helvetica, geneva;\">8030421803<\/span> <\/span><\/p>\n<p>Despuig<br \/>\n<span style=\"font-size: 14px;\">Grup de treball. Codi:\u00a0<span style=\"font-family: arial, helvetica, geneva;\">8030501803<\/span><\/span><\/p>\n<p>Xarxa i lideratge<br \/>\n<span style=\"font-size: 14px;\">Seminari de coordinaci\u00f3. Codi:\u00a0<span style=\"font-family: arial, helvetica, geneva;\">8030511803<\/span><\/span><\/p>\n<p>&nbsp;<\/p>\n<p><strong>Cursos de formaci\u00f3 a l&#8217;Institut Crist\u00f2fol Despuig, de Tortosa (curs 2010-2011)<br \/>\n<\/strong><br \/>\nDiversitat TAC aplicada a les eines inform\u00e0tiques a l\u2019aula<br \/>\n<span style=\"font-size: 14px;\">Assessorament. Codi: 8030441803 <\/span><\/p>\n<p>Claus de conviv\u00e8ncia al centre<br \/>\n<span style=\"font-size: 14px;\">Grup de treball. Codi: 8030451803 <\/span><\/p>\n<p>Recursos sobre Despuig<br \/>\n<span style=\"font-size: 14px;\">Grup de treball. Codi: 8030581803<\/span><\/p>\n<p>&nbsp;<\/p>\n","protected":false},"excerpt":{"rendered":"<p> Formaci\u00f3 del professorat<\/p>\n<p><a href=\"http:\/\/xtec.gencat.cat\/ca\/formacio\/\" target=\"_blank\" rel=\"noopener noreferrer\"> Formaci\u00f3<\/a>\u00a0(XTEC)<br \/>\n<a href=\"http:\/\/ateneu.xtec.cat\/wikiform\/wikiexport\/cursos\/index\" target=\"_blank\" rel=\"noopener noreferrer\">Ateneu. Materials i recursos per a la formaci\u00f3<\/a>\u00a0(XTEC)<br \/>\n<a href=\"http:\/\/serveiseducatius.xtec.cat\/baixebre\/formacio\/\" target=\"_blank\" rel=\"noopener noreferrer\"> Formaci\u00f3<\/a> (Servei Educatiu del Baix Ebre)<br \/>\n<a href=\"http:\/\/formacionprofesorado.educacion.es\/\" target=\"_blank\" rel=\"noopener noreferrer\"> Servicio de Formaci\u00f3n en Red del Instituto Nacional de Tecnolog\u00edas Educativas&hellip;  <a href=\"https:\/\/agora.xtec.cat\/insdespuig\/professorat\/departaments\/formacio-del-professorat\/\" title=\"Read Formaci\u00f3 del professorat\">Llegeix m\u00e9s\u00bb<\/a><\/p>\n","protected":false},"author":1,"featured_media":0,"parent":1114,"menu_order":2,"comment_status":"closed","ping_status":"closed","template":"page-templates\/side-menu.php","meta":{"_bbp_topic_count":0,"_bbp_reply_count":0,"_bbp_total_topic_count":0,"_bbp_total_reply_count":0,"_bbp_voice_count":0,"_bbp_anonymous_reply_count":0,"_bbp_topic_count_hidden":0,"_bbp_reply_count_hidden":0,"_bbp_forum_subforum_count":0,"footnotes":""},"class_list":["post-773","page","type-page","status-publish","hentry"],"post_mailing_queue_ids":[],"_links":{"self":[{"href":"https:\/\/agora.xtec.cat\/insdespuig\/wp-json\/wp\/v2\/pages\/773","targetHints":{"allow":["GET"]}}],"collection":[{"href":"https:\/\/agora.xtec.cat\/insdespuig\/wp-json\/wp\/v2\/pages"}],"about":[{"href":"https:\/\/agora.xtec.cat\/insdespuig\/wp-json\/wp\/v2\/types\/page"}],"author":[{"embeddable":true,"href":"https:\/\/agora.xtec.cat\/insdespuig\/wp-json\/wp\/v2\/users\/1"}],"replies":[{"embeddable":true,"href":"https:\/\/agora.xtec.cat\/insdespuig\/wp-json\/wp\/v2\/comments?post=773"}],"version-history":[{"count":4,"href":"https:\/\/agora.xtec.cat\/insdespuig\/wp-json\/wp\/v2\/pages\/773\/revisions"}],"predecessor-version":[{"id":18379,"href":"https:\/\/agora.xtec.cat\/insdespuig\/wp-json\/wp\/v2\/pages\/773\/revisions\/18379"}],"up":[{"embeddable":true,"href":"https:\/\/agora.xtec.cat\/insdespuig\/wp-json\/wp\/v2\/pages\/1114"}],"wp:attachment":[{"href":"https:\/\/agora.xtec.cat\/insdespuig\/wp-json\/wp\/v2\/media?parent=773"}],"curies":[{"name":"wp","href":"https:\/\/api.w.org\/{rel}","templated":true}]}}