{"id":767,"date":"2015-12-30T23:55:41","date_gmt":"2015-12-30T22:55:41","guid":{"rendered":"http:\/\/agora.xtec.cat\/insdespuig\/intraweb\/secretaria\/"},"modified":"2024-04-22T23:52:44","modified_gmt":"2024-04-22T21:52:44","slug":"horari","status":"publish","type":"page","link":"https:\/\/agora.xtec.cat\/insdespuig\/secretaria\/horari\/","title":{"rendered":"Horari"},"content":{"rendered":"<p>La secretaria est\u00e0 oberta al p\u00fablic en l&#8217;horari seg\u00fcent:<\/p>\n<p>matins<br \/>\nde 9.00 a 14.00 h<\/p>\n<p><span style=\"font-size: 12px;\">Actualitzat el 18 de novembre del 2023.<\/span><\/p>\n","protected":false},"excerpt":{"rendered":"<p>La secretaria est\u00e0 oberta al p\u00fablic en l&#8217;horari seg\u00fcent:<br \/>\nmatins<br \/>\nde 9.00 a 14.00 h<br \/>\nActualitzat el 18 de novembre del 2023.<\/p>\n","protected":false},"author":1,"featured_media":0,"parent":81,"menu_order":0,"comment_status":"closed","ping_status":"closed","template":"page-templates\/side-menu.php","meta":{"_bbp_topic_count":0,"_bbp_reply_count":0,"_bbp_total_topic_count":0,"_bbp_total_reply_count":0,"_bbp_voice_count":0,"_bbp_anonymous_reply_count":0,"_bbp_topic_count_hidden":0,"_bbp_reply_count_hidden":0,"_bbp_forum_subforum_count":0,"footnotes":""},"class_list":["post-767","page","type-page","status-publish","hentry"],"post_mailing_queue_ids":[],"_links":{"self":[{"href":"https:\/\/agora.xtec.cat\/insdespuig\/wp-json\/wp\/v2\/pages\/767","targetHints":{"allow":["GET"]}}],"collection":[{"href":"https:\/\/agora.xtec.cat\/insdespuig\/wp-json\/wp\/v2\/pages"}],"about":[{"href":"https:\/\/agora.xtec.cat\/insdespuig\/wp-json\/wp\/v2\/types\/page"}],"author":[{"embeddable":true,"href":"https:\/\/agora.xtec.cat\/insdespuig\/wp-json\/wp\/v2\/users\/1"}],"replies":[{"embeddable":true,"href":"https:\/\/agora.xtec.cat\/insdespuig\/wp-json\/wp\/v2\/comments?post=767"}],"version-history":[{"count":6,"href":"https:\/\/agora.xtec.cat\/insdespuig\/wp-json\/wp\/v2\/pages\/767\/revisions"}],"predecessor-version":[{"id":22800,"href":"https:\/\/agora.xtec.cat\/insdespuig\/wp-json\/wp\/v2\/pages\/767\/revisions\/22800"}],"up":[{"embeddable":true,"href":"https:\/\/agora.xtec.cat\/insdespuig\/wp-json\/wp\/v2\/pages\/81"}],"wp:attachment":[{"href":"https:\/\/agora.xtec.cat\/insdespuig\/wp-json\/wp\/v2\/media?parent=767"}],"curies":[{"name":"wp","href":"https:\/\/api.w.org\/{rel}","templated":true}]}}