{"id":765,"date":"2015-12-30T23:55:41","date_gmt":"2015-12-30T22:55:41","guid":{"rendered":"http:\/\/agora.xtec.cat\/insdespuig\/intraweb\/suport-a-pares-i-mares\/"},"modified":"2021-09-02T18:30:25","modified_gmt":"2021-09-02T16:30:25","slug":"suport-a-pares-i-mares","status":"publish","type":"page","link":"https:\/\/agora.xtec.cat\/insdespuig\/families\/suport-a-pares-i-mares\/","title":{"rendered":"Suport a pares i mares"},"content":{"rendered":"<p>&nbsp;<\/p>\n<p><strong>Beques, ajudes i subvencions<\/strong><\/p>\n<p><a href=\"http:\/\/ensenyament.gencat.cat\/ca\/serveis-tramits\/beques\/\">Beques<\/a> (Departament d&#8217;Educaci\u00f3)<\/p>\n<p><a href=\"http:\/\/ensenyament.gencat.cat\/ca\/serveis-tramits\/ajuts-subvencions\/per-destinataris\/families-alumnes\/\">Ajudes i subvencions<\/a>: fam\u00edlies i alumnes (Departament d&#8217;Educaci\u00f3)<\/p>\n<p><strong>Consells i recomanacions<\/strong><\/p>\n<p><a href=\"http:\/\/familiaiescola.gencat.cat\/ca\" target=\"_blank\" rel=\"noopener noreferrer\"> Fam\u00edlia i Escola. Junts x l\u2019Educaci\u00f3<\/a> (Departament d&#8217;Educaci\u00f3)<\/p>\n<p><strong>Lectures recomanades<\/strong><\/p>\n<p>Annie Kidder. <a href=\"http:\/\/www.fbofill.cat\/sites\/default\/files\/33.pdf\">El paper de les fam\u00edlies en la millora de l\u2019escola i del sistema educatiu<\/a>. Fundaci\u00f3 Jaume Bofill, 2013.<\/p>\n","protected":false},"excerpt":{"rendered":"<p>&nbsp; Beques, ajudes i subvencions Beques (Departament d&#8217;Educaci\u00f3) Ajudes i subvencions: fam\u00edlies i alumnes (Departament d&#8217;Educaci\u00f3) Consells i recomanacions Fam\u00edlia i Escola. Junts x l\u2019Educaci\u00f3 (Departament d&#8217;Educaci\u00f3) Lectures recomanades Annie Kidder. El paper de les fam\u00edlies en la millora de l\u2019escola i del sistema educatiu. Fundaci\u00f3 Jaume Bofill, 2013.<\/p>\n","protected":false},"author":1,"featured_media":0,"parent":974,"menu_order":0,"comment_status":"closed","ping_status":"closed","template":"page-templates\/side-menu.php","meta":{"_bbp_topic_count":0,"_bbp_reply_count":0,"_bbp_total_topic_count":0,"_bbp_total_reply_count":0,"_bbp_voice_count":0,"_bbp_anonymous_reply_count":0,"_bbp_topic_count_hidden":0,"_bbp_reply_count_hidden":0,"_bbp_forum_subforum_count":0,"site-sidebar-layout":"default","site-content-layout":"","ast-site-content-layout":"","site-content-style":"default","site-sidebar-style":"default","ast-global-header-display":"","ast-banner-title-visibility":"","ast-main-header-display":"","ast-hfb-above-header-display":"","ast-hfb-below-header-display":"","ast-hfb-mobile-header-display":"","site-post-title":"","ast-breadcrumbs-content":"","ast-featured-img":"","footer-sml-layout":"","theme-transparent-header-meta":"","adv-header-id-meta":"","stick-header-meta":"","header-above-stick-meta":"","header-main-stick-meta":"","header-below-stick-meta":"","astra-migrate-meta-layouts":"default","ast-page-background-enabled":"default","ast-page-background-meta":{"desktop":{"background-color":"var(--ast-global-color-4)","background-image":"","background-repeat":"repeat","background-position":"center center","background-size":"auto","background-attachment":"scroll","background-type":"","background-media":"","overlay-type":"","overlay-color":"","overlay-opacity":"","overlay-gradient":""},"tablet":{"background-color":"","background-image":"","background-repeat":"repeat","background-position":"center center","background-size":"auto","background-attachment":"scroll","background-type":"","background-media":"","overlay-type":"","overlay-color":"","overlay-opacity":"","overlay-gradient":""},"mobile":{"background-color":"","background-image":"","background-repeat":"repeat","background-position":"center center","background-size":"auto","background-attachment":"scroll","background-type":"","background-media":"","overlay-type":"","overlay-color":"","overlay-opacity":"","overlay-gradient":""}},"ast-content-background-meta":{"desktop":{"background-color":"var(--ast-global-color-5)","background-image":"","background-repeat":"repeat","background-position":"center center","background-size":"auto","background-attachment":"scroll","background-type":"","background-media":"","overlay-type":"","overlay-color":"","overlay-opacity":"","overlay-gradient":""},"tablet":{"background-color":"var(--ast-global-color-5)","background-image":"","background-repeat":"repeat","background-position":"center center","background-size":"auto","background-attachment":"scroll","background-type":"","background-media":"","overlay-type":"","overlay-color":"","overlay-opacity":"","overlay-gradient":""},"mobile":{"background-color":"var(--ast-global-color-5)","background-image":"","background-repeat":"repeat","background-position":"center center","background-size":"auto","background-attachment":"scroll","background-type":"","background-media":"","overlay-type":"","overlay-color":"","overlay-opacity":"","overlay-gradient":""}},"footnotes":""},"class_list":["post-765","page","type-page","status-publish","hentry"],"post_mailing_queue_ids":[],"_links":{"self":[{"href":"https:\/\/agora.xtec.cat\/insdespuig\/wp-json\/wp\/v2\/pages\/765","targetHints":{"allow":["GET"]}}],"collection":[{"href":"https:\/\/agora.xtec.cat\/insdespuig\/wp-json\/wp\/v2\/pages"}],"about":[{"href":"https:\/\/agora.xtec.cat\/insdespuig\/wp-json\/wp\/v2\/types\/page"}],"author":[{"embeddable":true,"href":"https:\/\/agora.xtec.cat\/insdespuig\/wp-json\/wp\/v2\/users\/1"}],"replies":[{"embeddable":true,"href":"https:\/\/agora.xtec.cat\/insdespuig\/wp-json\/wp\/v2\/comments?post=765"}],"version-history":[{"count":3,"href":"https:\/\/agora.xtec.cat\/insdespuig\/wp-json\/wp\/v2\/pages\/765\/revisions"}],"predecessor-version":[{"id":18327,"href":"https:\/\/agora.xtec.cat\/insdespuig\/wp-json\/wp\/v2\/pages\/765\/revisions\/18327"}],"up":[{"embeddable":true,"href":"https:\/\/agora.xtec.cat\/insdespuig\/wp-json\/wp\/v2\/pages\/974"}],"wp:attachment":[{"href":"https:\/\/agora.xtec.cat\/insdespuig\/wp-json\/wp\/v2\/media?parent=765"}],"curies":[{"name":"wp","href":"https:\/\/api.w.org\/{rel}","templated":true}]}}