{"id":757,"date":"2015-12-30T23:55:40","date_gmt":"2015-12-30T22:55:40","guid":{"rendered":"http:\/\/agora.xtec.cat\/insdespuig\/intraweb\/suport-al-professorat\/"},"modified":"2022-03-14T12:53:15","modified_gmt":"2022-03-14T11:53:15","slug":"suport-al-professorat","status":"publish","type":"page","link":"https:\/\/agora.xtec.cat\/insdespuig\/professorat\/departaments\/suport-al-professorat\/","title":{"rendered":"Suport al professorat"},"content":{"rendered":"<p><strong> departament d&#8217;Ensenyament<\/strong><\/p>\n<p><a href=\"http:\/\/ensenyament.gencat.cat\/ca\/index.html\" target=\"_blank\" rel=\"noopener noreferrer\"> Departament d&#8217;Ensenyament\u00a0<\/a><\/p>\n<p><a href=\"http:\/\/xtec.gencat.cat\/ca\/curriculum\/\" target=\"_blank\" rel=\"noopener noreferrer\">Curr\u00edculum i orientaci\u00f3<\/a><\/p>\n<p><a href=\"http:\/\/ensenyament.gencat.cat\/ca\/departament\/normativa\/normativa-educacio\/\" target=\"_blank\" rel=\"noopener noreferrer\">Decrets d&#8217;ordenament dels ensenyaments<\/a><\/p>\n<p><a href=\"http:\/\/ensenyament.gencat.cat\/ca\/departament\/linies-estrategiques\/pla-educacio-digital\/\">Pla d&#8217;educaci\u00f3 digital de Catalunya<\/a><\/p>\n<p><a href=\"https:\/\/atriportal.gencat.cat\/\" target=\"_blank\" rel=\"noopener noreferrer\"> ATRI<\/a> (antic EPOCA)<\/p>\n<p><strong>associacions<br \/>\n<\/strong><br \/>\nMRP Terres de l&#8217;Ebre<br \/>\n<a class=\"smarterwiki-linkify\" href=\"https:\/\/www.mrpterresebre.cat\/\" target=\"_blank\" rel=\"noopener noreferrer\">http:\/\/www.tinet.cat\/~mrpte\/<\/a><\/p>\n<p><strong>sindicats<\/strong><\/p>\n<p>USTEC-STEs<br \/>\n<a class=\"smarterwiki-linkify\" href=\"http:\/\/www.sindicat.net\/\" target=\"_blank\" rel=\"noopener noreferrer\">http:\/\/www.sindicat.net\/<\/a><\/p>\n<p>CCOO Ensenyament<br \/>\n<a href=\"https:\/\/educaccio.cat\/\">http:\/\/educacio.ccoo.cat\/<\/a><\/p>\n<p>UGT Educaci\u00f3 Catalunya<br \/>\n<a href=\"http:\/\/ugteducacio.cat\/educacio\/\" target=\"_blank\" rel=\"noopener noreferrer\">http:\/\/ugteducacio.cat\/educacio\/<\/a><\/p>\n<p>CSI-CSIF Catalunya<br \/>\n<a class=\"smarterwiki-linkify\" href=\"https:\/\/www.csif.es\/cataluna\/educacion\" target=\"_blank\" rel=\"noopener noreferrer\">http:\/\/www.csi-csif.es\/catalunya\/mod_ense.html<\/a><\/p>\n<p>Intersindical-CSC<br \/>\n<a href=\"https:\/\/www.intersindical-csc.cat\/\" target=\"_blank\" rel=\"noopener\">https:\/\/www.intersindical-csc.cat\/<\/a><\/p>\n<p>ANPE Catalunya<br \/>\n<a class=\"smarterwiki-linkify\" href=\"https:\/\/anpecatalunya.cat\/\" target=\"_blank\" rel=\"noopener noreferrer\">http:\/\/www.anpecatalunya.org\/<\/a><\/p>\n<p>ASPEPC \u00b7 SPS<br \/>\n<a class=\"smarterwiki-linkify\" href=\"https:\/\/secundaria.info\/portal\/\" target=\"_blank\" rel=\"noopener noreferrer\">http:\/\/sindicat.info\/<\/a><\/p>\n<p>Federaci\u00f3 d&#8217;Ensenyament USOC<br \/>\n<a href=\"https:\/\/web.feusoc.cat\/\" target=\"_blank\" rel=\"noopener\">https:\/\/web.feusoc.cat\/<\/a><\/p>\n<p>CGT Catalunya<br \/>\n<a class=\"smarterwiki-linkify\" href=\"http:\/\/cgtense.pangea.org\/\" target=\"_blank\" rel=\"noopener noreferrer\">http:\/\/cgtense.pangea.org\/<\/a><\/p>\n<p>&nbsp;<\/p>\n","protected":false},"excerpt":{"rendered":"<p>departament d&#8217;Ensenyament Departament d&#8217;Ensenyament\u00a0 Curr\u00edculum i orientaci\u00f3 Decrets d&#8217;ordenament dels ensenyaments Pla d&#8217;educaci\u00f3 digital de Catalunya ATRI (antic EPOCA) associacions MRP Terres de l&#8217;Ebre http:\/\/www.tinet.cat\/~mrpte\/ sindicats USTEC-STEs http:\/\/www.sindicat.net\/ CCOO Ensenyament http:\/\/educacio.ccoo.cat\/ UGT Educaci\u00f3 Catalunya http:\/\/ugteducacio.cat\/educacio\/ CSI-CSIF Catalunya http:\/\/www.csi-csif.es\/catalunya\/mod_ense.html Intersindical-CSC https:\/\/www.intersindical-csc.cat\/ ANPE Catalunya http:\/\/www.anpecatalunya.org\/ ASPEPC \u00b7 SPS http:\/\/sindicat.info\/ Federaci\u00f3 d&#8217;Ensenyament USOC https:\/\/web.feusoc.cat\/ CGT Catalunya http:\/\/cgtense.pangea.org\/ &nbsp;<\/p>\n","protected":false},"author":1,"featured_media":0,"parent":1114,"menu_order":4,"comment_status":"closed","ping_status":"closed","template":"page-templates\/side-menu.php","meta":{"_bbp_topic_count":0,"_bbp_reply_count":0,"_bbp_total_topic_count":0,"_bbp_total_reply_count":0,"_bbp_voice_count":0,"_bbp_anonymous_reply_count":0,"_bbp_topic_count_hidden":0,"_bbp_reply_count_hidden":0,"_bbp_forum_subforum_count":0,"site-sidebar-layout":"default","site-content-layout":"","ast-site-content-layout":"","site-content-style":"default","site-sidebar-style":"default","ast-global-header-display":"","ast-banner-title-visibility":"","ast-main-header-display":"","ast-hfb-above-header-display":"","ast-hfb-below-header-display":"","ast-hfb-mobile-header-display":"","site-post-title":"","ast-breadcrumbs-content":"","ast-featured-img":"","footer-sml-layout":"","theme-transparent-header-meta":"","adv-header-id-meta":"","stick-header-meta":"","header-above-stick-meta":"","header-main-stick-meta":"","header-below-stick-meta":"","astra-migrate-meta-layouts":"default","ast-page-background-enabled":"default","ast-page-background-meta":{"desktop":{"background-color":"var(--ast-global-color-4)","background-image":"","background-repeat":"repeat","background-position":"center center","background-size":"auto","background-attachment":"scroll","background-type":"","background-media":"","overlay-type":"","overlay-color":"","overlay-opacity":"","overlay-gradient":""},"tablet":{"background-color":"","background-image":"","background-repeat":"repeat","background-position":"center center","background-size":"auto","background-attachment":"scroll","background-type":"","background-media":"","overlay-type":"","overlay-color":"","overlay-opacity":"","overlay-gradient":""},"mobile":{"background-color":"","background-image":"","background-repeat":"repeat","background-position":"center center","background-size":"auto","background-attachment":"scroll","background-type":"","background-media":"","overlay-type":"","overlay-color":"","overlay-opacity":"","overlay-gradient":""}},"ast-content-background-meta":{"desktop":{"background-color":"var(--ast-global-color-5)","background-image":"","background-repeat":"repeat","background-position":"center center","background-size":"auto","background-attachment":"scroll","background-type":"","background-media":"","overlay-type":"","overlay-color":"","overlay-opacity":"","overlay-gradient":""},"tablet":{"background-color":"var(--ast-global-color-5)","background-image":"","background-repeat":"repeat","background-position":"center center","background-size":"auto","background-attachment":"scroll","background-type":"","background-media":"","overlay-type":"","overlay-color":"","overlay-opacity":"","overlay-gradient":""},"mobile":{"background-color":"var(--ast-global-color-5)","background-image":"","background-repeat":"repeat","background-position":"center center","background-size":"auto","background-attachment":"scroll","background-type":"","background-media":"","overlay-type":"","overlay-color":"","overlay-opacity":"","overlay-gradient":""}},"footnotes":""},"class_list":["post-757","page","type-page","status-publish","hentry"],"post_mailing_queue_ids":[],"_links":{"self":[{"href":"https:\/\/agora.xtec.cat\/insdespuig\/wp-json\/wp\/v2\/pages\/757","targetHints":{"allow":["GET"]}}],"collection":[{"href":"https:\/\/agora.xtec.cat\/insdespuig\/wp-json\/wp\/v2\/pages"}],"about":[{"href":"https:\/\/agora.xtec.cat\/insdespuig\/wp-json\/wp\/v2\/types\/page"}],"author":[{"embeddable":true,"href":"https:\/\/agora.xtec.cat\/insdespuig\/wp-json\/wp\/v2\/users\/1"}],"replies":[{"embeddable":true,"href":"https:\/\/agora.xtec.cat\/insdespuig\/wp-json\/wp\/v2\/comments?post=757"}],"version-history":[{"count":4,"href":"https:\/\/agora.xtec.cat\/insdespuig\/wp-json\/wp\/v2\/pages\/757\/revisions"}],"predecessor-version":[{"id":19559,"href":"https:\/\/agora.xtec.cat\/insdespuig\/wp-json\/wp\/v2\/pages\/757\/revisions\/19559"}],"up":[{"embeddable":true,"href":"https:\/\/agora.xtec.cat\/insdespuig\/wp-json\/wp\/v2\/pages\/1114"}],"wp:attachment":[{"href":"https:\/\/agora.xtec.cat\/insdespuig\/wp-json\/wp\/v2\/media?parent=757"}],"curies":[{"name":"wp","href":"https:\/\/api.w.org\/{rel}","templated":true}]}}