{"id":756,"date":"2015-12-30T23:55:40","date_gmt":"2015-12-30T22:55:40","guid":{"rendered":"http:\/\/agora.xtec.cat\/insdespuig\/intraweb\/equipaments\/"},"modified":"2020-11-09T19:31:47","modified_gmt":"2020-11-09T18:31:47","slug":"equipaments","status":"publish","type":"page","link":"https:\/\/agora.xtec.cat\/insdespuig\/linstitut\/equipaments\/","title":{"rendered":"Equipaments"},"content":{"rendered":"<p>&nbsp;<\/p>\n<p>L&#8217;institut compta amb unes instal\u00b7lacions totalment equipades, entre les quals destaquen les seg\u00fcents:<\/p>\n<p>ESPAIS D&#8217;ESTUDI<\/p>\n<p>Aules ordin\u00e0ries, amb ordinador amb connexi\u00f3 a Internet, webcam, equip de so, pissarra digital o projector\u00a0i connexi\u00f3 wifi.<\/p>\n<p>TALLERS I LABORATORIS<\/p>\n<p>Taller de tecnologia.<br \/>\nLaboratori de ci\u00e8ncies.<br \/>\nAula d&#8217;inform\u00e0tica.<\/p>\n<p>ESPAIS D&#8217;ESTUDI I DE LLEURE<\/p>\n<p>Gimn\u00e0s i vestidors.<br \/>\nBiblioteca, de 50 metres quadrats, amb un espai d&#8217;estudi amb capacitat per a vint persones assegudes, repartides en cinc taules i un taulell; amb un espai multim\u00e8dia de dos ordinadors de taula i dos m\u00e9s de port\u00e0tils amb connexi\u00f3 a la xarxa del centre i a Internet\u00a0a disposici\u00f3 dels usuarisi un altre disponible fix nom\u00e9s per al personal encarregat de la biblioteca; un espai de lleure infantil i un espai de formaci\u00f3 amb projector. La biblioteca compta amb un fons documental de m\u00e9s de 5.000 t\u00edtols, entre els quals hi ha almenys dos\u00a0exemplars de totes les lectures obligat\u00f2ries d&#8217;ESO i batxillerat.<\/p>\n<p>ESPAIS DE LLEURE<\/p>\n<p>Patis coberts i a l&#8217;aire lliure, amb una pista poliesportiva, zona enjardinada, bancs.<br \/>\nBar-menjador per al professorat i l&#8217;alumnat de 4t d&#8217;ESO i de batxillerat, i quiosc d&#8217;esmorzars saludables per a la resta d\u2019alumnat.<\/p>\n<p>ESPAIS COMUNITARIS<\/p>\n<p>Sala d&#8217;actes, amb equipament audiovisual i una\u00a0capacitat de 100 persones.<br \/>\nSala de professors.<br \/>\nSales i espais de visites.<br \/>\nP\u00e0rquing de cotxes a l&#8217;exterior p\u00fablic i estacionament de bicicletes vigilat a l&#8217;interior.<\/p>\n<p>L&#8217;institut tamb\u00e9 disposa d&#8217;una xarxa intranet pr\u00f2pia, a la qual pot accedir l&#8217;alumnat i el professorat, correu electr\u00f2nic personal per a tota la comunitat educativa, connexi\u00f3 amb fibra \u00f2ptica i connexi\u00f3 sense fils protegida (wifi).<\/p>\n<p>&nbsp;<\/p>\n<p>&nbsp;<\/p>\n","protected":false},"excerpt":{"rendered":"<p>&nbsp;<br \/>\nL&#8217;institut compta amb unes instal\u00b7lacions totalment equipades, entre les quals destaquen les seg\u00fcents:<br \/>\nESPAIS D&#8217;ESTUDI<br \/>\nAules ordin\u00e0ries, amb ordinador amb connexi\u00f3 a Internet, webcam, equip de so, pissarra digital o projector\u00a0i connexi\u00f3 wifi.<br \/>\nTALLERS I LABORATORIS<br \/>\nTaller de tecnologia.<br \/>\nLaboratori de ci\u00e8ncies.<br \/>\nAula d&#8217;inform\u00e0tica.<br \/>\nESPAIS D&#8217;ESTUDI I DE LLEURE<br \/>\nGimn\u00e0s i vestidors.<br \/>\nBiblioteca, de&hellip;  <a href=\"https:\/\/agora.xtec.cat\/insdespuig\/linstitut\/equipaments\/\" title=\"Read Equipaments\">Llegeix m\u00e9s\u00bb<\/a><\/p>\n","protected":false},"author":1,"featured_media":0,"parent":19,"menu_order":3,"comment_status":"closed","ping_status":"closed","template":"page-templates\/side-menu.php","meta":{"_bbp_topic_count":0,"_bbp_reply_count":0,"_bbp_total_topic_count":0,"_bbp_total_reply_count":0,"_bbp_voice_count":0,"_bbp_anonymous_reply_count":0,"_bbp_topic_count_hidden":0,"_bbp_reply_count_hidden":0,"_bbp_forum_subforum_count":0,"footnotes":""},"class_list":["post-756","page","type-page","status-publish","hentry"],"post_mailing_queue_ids":[],"_links":{"self":[{"href":"https:\/\/agora.xtec.cat\/insdespuig\/wp-json\/wp\/v2\/pages\/756","targetHints":{"allow":["GET"]}}],"collection":[{"href":"https:\/\/agora.xtec.cat\/insdespuig\/wp-json\/wp\/v2\/pages"}],"about":[{"href":"https:\/\/agora.xtec.cat\/insdespuig\/wp-json\/wp\/v2\/types\/page"}],"author":[{"embeddable":true,"href":"https:\/\/agora.xtec.cat\/insdespuig\/wp-json\/wp\/v2\/users\/1"}],"replies":[{"embeddable":true,"href":"https:\/\/agora.xtec.cat\/insdespuig\/wp-json\/wp\/v2\/comments?post=756"}],"version-history":[{"count":4,"href":"https:\/\/agora.xtec.cat\/insdespuig\/wp-json\/wp\/v2\/pages\/756\/revisions"}],"predecessor-version":[{"id":16755,"href":"https:\/\/agora.xtec.cat\/insdespuig\/wp-json\/wp\/v2\/pages\/756\/revisions\/16755"}],"up":[{"embeddable":true,"href":"https:\/\/agora.xtec.cat\/insdespuig\/wp-json\/wp\/v2\/pages\/19"}],"wp:attachment":[{"href":"https:\/\/agora.xtec.cat\/insdespuig\/wp-json\/wp\/v2\/media?parent=756"}],"curies":[{"name":"wp","href":"https:\/\/api.w.org\/{rel}","templated":true}]}}