{"id":755,"date":"2015-12-30T23:55:40","date_gmt":"2015-12-30T22:55:40","guid":{"rendered":"http:\/\/agora.xtec.cat\/insdespuig\/intraweb\/publicacions\/"},"modified":"2020-08-31T21:02:04","modified_gmt":"2020-08-31T19:02:04","slug":"publicacions","status":"publish","type":"page","link":"https:\/\/agora.xtec.cat\/insdespuig\/serveis\/publicacions\/","title":{"rendered":"Publicacions peri\u00f2diques"},"content":{"rendered":"<p>&nbsp;<\/p>\n<p><strong>Revistes<\/strong><\/p>\n<p>L&#8217;institut publica peri\u00f2dicament dues revistes:<\/p>\n<p><em>Fem rogle<\/em><br \/>\nAquesta revista il\u00b7lustrada editada en format paper i en format digital \u00e9s la revista escolar del centre en la qual participa tota la comunitat educativa del centre.<\/p>\n<p><em>Quaderns de l&#8217;Ebre<\/em><br \/>\n\u00c9s una revista divulgativa de tem\u00e0tica local, editada en format paper i en format digital, en qu\u00e8 participa professorat de les Terres de l&#8217;Ebre.<\/p>\n<p>Descarregueu-vos els n\u00fameros publicats fins ara a la <a href=\"http:\/\/insdespuig-mediateca.blogspot.com.es\/p\/hemeroteca.html\" target=\"_blank\" rel=\"noopener noreferrer\">Mediateca<\/a>.<\/p>\n<p><strong>\u00a0<\/strong><\/p>\n","protected":false},"excerpt":{"rendered":"<p>&nbsp;<br \/>\nRevistes<br \/>\nL&#8217;institut publica peri\u00f2dicament dues revistes:<br \/>\nFem rogle<br \/>\nAquesta revista il\u00b7lustrada editada en format paper i en format digital \u00e9s la revista escolar del centre en la qual participa tota la comunitat educativa del centre.<br \/>\nQuaderns de l&#8217;Ebre<br \/>\n\u00c9s una revista divulgativa de tem\u00e0tica local, editada en format paper i&hellip;  <a href=\"https:\/\/agora.xtec.cat\/insdespuig\/serveis\/publicacions\/\" title=\"Read Publicacions peri\u00f2diques\">Llegeix m\u00e9s\u00bb<\/a><\/p>\n","protected":false},"author":1,"featured_media":0,"parent":63,"menu_order":7,"comment_status":"closed","ping_status":"closed","template":"page-templates\/side-menu.php","meta":{"_bbp_topic_count":0,"_bbp_reply_count":0,"_bbp_total_topic_count":0,"_bbp_total_reply_count":0,"_bbp_voice_count":0,"_bbp_anonymous_reply_count":0,"_bbp_topic_count_hidden":0,"_bbp_reply_count_hidden":0,"_bbp_forum_subforum_count":0,"footnotes":""},"class_list":["post-755","page","type-page","status-publish","hentry"],"post_mailing_queue_ids":[],"_links":{"self":[{"href":"https:\/\/agora.xtec.cat\/insdespuig\/wp-json\/wp\/v2\/pages\/755","targetHints":{"allow":["GET"]}}],"collection":[{"href":"https:\/\/agora.xtec.cat\/insdespuig\/wp-json\/wp\/v2\/pages"}],"about":[{"href":"https:\/\/agora.xtec.cat\/insdespuig\/wp-json\/wp\/v2\/types\/page"}],"author":[{"embeddable":true,"href":"https:\/\/agora.xtec.cat\/insdespuig\/wp-json\/wp\/v2\/users\/1"}],"replies":[{"embeddable":true,"href":"https:\/\/agora.xtec.cat\/insdespuig\/wp-json\/wp\/v2\/comments?post=755"}],"version-history":[{"count":4,"href":"https:\/\/agora.xtec.cat\/insdespuig\/wp-json\/wp\/v2\/pages\/755\/revisions"}],"predecessor-version":[{"id":16307,"href":"https:\/\/agora.xtec.cat\/insdespuig\/wp-json\/wp\/v2\/pages\/755\/revisions\/16307"}],"up":[{"embeddable":true,"href":"https:\/\/agora.xtec.cat\/insdespuig\/wp-json\/wp\/v2\/pages\/63"}],"wp:attachment":[{"href":"https:\/\/agora.xtec.cat\/insdespuig\/wp-json\/wp\/v2\/media?parent=755"}],"curies":[{"name":"wp","href":"https:\/\/api.w.org\/{rel}","templated":true}]}}