{"id":754,"date":"2015-12-30T23:55:40","date_gmt":"2015-12-30T22:55:40","guid":{"rendered":"http:\/\/agora.xtec.cat\/insdespuig\/intraweb\/suport-a-lalumnat\/"},"modified":"2020-09-01T13:33:45","modified_gmt":"2020-09-01T11:33:45","slug":"suport-a-lalumnat","status":"publish","type":"page","link":"https:\/\/agora.xtec.cat\/insdespuig\/alumnat\/suport-a-lalumnat\/","title":{"rendered":"Suport a l&#8217;alumnat"},"content":{"rendered":"<p>&nbsp;<\/p>\n<p><strong>Informaci\u00f3 juvenil<br \/>\n<\/strong><br \/>\n<a href=\"http:\/\/www.puntjove.tortosa.cat\/\" target=\"_blank\" rel=\"noopener noreferrer\">Punt d&#8217;Informaci\u00f3 Juvenil<\/a> (Ajuntament de Tortosa)<\/p>\n<p><strong>Salut<\/strong><\/p>\n<p><a href=\"http:\/\/agora.xtec.cat\/insdespuig\/alumnat\/salut-i-escola\/\" target=\"_blank\" rel=\"noopener noreferrer\">Consulta oberta<\/a> (Institut Crist\u00f2fol Despuig)<\/p>\n<p><a href=\"http:\/\/jovecat.gencat.cat\/ca\/temes\/salut\/\" target=\"_blank\" rel=\"noopener noreferrer\">Salut. Jovecat<\/a>\u00a0(Generalitat de Catalunya)<\/p>\n<p><strong>Estudis<\/strong><\/p>\n<p><a href=\"http:\/\/agora.xtec.cat\/insdespuig\/alumnat\/extraescolars\/estudi-assistit\/\" target=\"_blank\" rel=\"noopener noreferrer\">Estudi assistit<\/a>\u00a0(Institut Crist\u00f2fol Despuig)<\/p>\n<p>&nbsp;<\/p>\n","protected":false},"excerpt":{"rendered":"<p>&nbsp; Informaci\u00f3 juvenil Punt d&#8217;Informaci\u00f3 Juvenil (Ajuntament de Tortosa) Salut Consulta oberta (Institut Crist\u00f2fol Despuig) Salut. Jovecat\u00a0(Generalitat de Catalunya) Estudis Estudi assistit\u00a0(Institut Crist\u00f2fol Despuig) &nbsp;<\/p>\n","protected":false},"author":1,"featured_media":0,"parent":973,"menu_order":8,"comment_status":"closed","ping_status":"closed","template":"page-templates\/side-menu.php","meta":{"_bbp_topic_count":0,"_bbp_reply_count":0,"_bbp_total_topic_count":0,"_bbp_total_reply_count":0,"_bbp_voice_count":0,"_bbp_anonymous_reply_count":0,"_bbp_topic_count_hidden":0,"_bbp_reply_count_hidden":0,"_bbp_forum_subforum_count":0,"site-sidebar-layout":"default","site-content-layout":"","ast-site-content-layout":"","site-content-style":"default","site-sidebar-style":"default","ast-global-header-display":"","ast-banner-title-visibility":"","ast-main-header-display":"","ast-hfb-above-header-display":"","ast-hfb-below-header-display":"","ast-hfb-mobile-header-display":"","site-post-title":"","ast-breadcrumbs-content":"","ast-featured-img":"","footer-sml-layout":"","theme-transparent-header-meta":"","adv-header-id-meta":"","stick-header-meta":"","header-above-stick-meta":"","header-main-stick-meta":"","header-below-stick-meta":"","astra-migrate-meta-layouts":"default","ast-page-background-enabled":"default","ast-page-background-meta":{"desktop":{"background-color":"var(--ast-global-color-4)","background-image":"","background-repeat":"repeat","background-position":"center center","background-size":"auto","background-attachment":"scroll","background-type":"","background-media":"","overlay-type":"","overlay-color":"","overlay-opacity":"","overlay-gradient":""},"tablet":{"background-color":"","background-image":"","background-repeat":"repeat","background-position":"center center","background-size":"auto","background-attachment":"scroll","background-type":"","background-media":"","overlay-type":"","overlay-color":"","overlay-opacity":"","overlay-gradient":""},"mobile":{"background-color":"","background-image":"","background-repeat":"repeat","background-position":"center center","background-size":"auto","background-attachment":"scroll","background-type":"","background-media":"","overlay-type":"","overlay-color":"","overlay-opacity":"","overlay-gradient":""}},"ast-content-background-meta":{"desktop":{"background-color":"var(--ast-global-color-5)","background-image":"","background-repeat":"repeat","background-position":"center center","background-size":"auto","background-attachment":"scroll","background-type":"","background-media":"","overlay-type":"","overlay-color":"","overlay-opacity":"","overlay-gradient":""},"tablet":{"background-color":"var(--ast-global-color-5)","background-image":"","background-repeat":"repeat","background-position":"center center","background-size":"auto","background-attachment":"scroll","background-type":"","background-media":"","overlay-type":"","overlay-color":"","overlay-opacity":"","overlay-gradient":""},"mobile":{"background-color":"var(--ast-global-color-5)","background-image":"","background-repeat":"repeat","background-position":"center center","background-size":"auto","background-attachment":"scroll","background-type":"","background-media":"","overlay-type":"","overlay-color":"","overlay-opacity":"","overlay-gradient":""}},"footnotes":""},"class_list":["post-754","page","type-page","status-publish","hentry"],"post_mailing_queue_ids":[],"_links":{"self":[{"href":"https:\/\/agora.xtec.cat\/insdespuig\/wp-json\/wp\/v2\/pages\/754","targetHints":{"allow":["GET"]}}],"collection":[{"href":"https:\/\/agora.xtec.cat\/insdespuig\/wp-json\/wp\/v2\/pages"}],"about":[{"href":"https:\/\/agora.xtec.cat\/insdespuig\/wp-json\/wp\/v2\/types\/page"}],"author":[{"embeddable":true,"href":"https:\/\/agora.xtec.cat\/insdespuig\/wp-json\/wp\/v2\/users\/1"}],"replies":[{"embeddable":true,"href":"https:\/\/agora.xtec.cat\/insdespuig\/wp-json\/wp\/v2\/comments?post=754"}],"version-history":[{"count":3,"href":"https:\/\/agora.xtec.cat\/insdespuig\/wp-json\/wp\/v2\/pages\/754\/revisions"}],"predecessor-version":[{"id":16348,"href":"https:\/\/agora.xtec.cat\/insdespuig\/wp-json\/wp\/v2\/pages\/754\/revisions\/16348"}],"up":[{"embeddable":true,"href":"https:\/\/agora.xtec.cat\/insdespuig\/wp-json\/wp\/v2\/pages\/973"}],"wp:attachment":[{"href":"https:\/\/agora.xtec.cat\/insdespuig\/wp-json\/wp\/v2\/media?parent=754"}],"curies":[{"name":"wp","href":"https:\/\/api.w.org\/{rel}","templated":true}]}}