{"id":65,"date":"2014-09-18T10:12:22","date_gmt":"2014-09-18T10:12:22","guid":{"rendered":"http:\/\/agora.xtec.cat\/insdespuig\/?page_id=65"},"modified":"2020-08-31T21:07:45","modified_gmt":"2020-08-31T19:07:45","slug":"serveis-digitals","status":"publish","type":"page","link":"https:\/\/agora.xtec.cat\/insdespuig\/serveis\/serveis-digitals\/","title":{"rendered":"Serveis digitals"},"content":{"rendered":"<p>L&#8217;institut disposa d&#8217;un conjunt de serveis digitals propis\u00a0per a crear, difondre i compartir continguts digitals.<\/p>\n<p><strong>Webs<\/strong><\/p>\n<p>L&#8217;institut disposa d&#8217;aquest mateix\u00a0<a href=\"http:\/\/agora.xtec.cat\/insdespuig\/\">web<\/a>\u00a0Nodes (basat en WordPress),\u00a0que ofereix el Departament d&#8217;Educaci\u00f3 als centres docents i Serveis Educatius de Catalunya. En el\u00a0web de l&#8217;institut es troba tota la informaci\u00f3 relacionada amb l&#8217;institut i s&#8217;hi publiquen els avisos i les not\u00edcies de les activitats del centre.<\/p>\n<p>El format del\u00a0web tamb\u00e9 permet personalitzar les p\u00e0gines espec\u00edfiques de les associacions de l&#8217;institut (<a href=\"http:\/\/agora.xtec.cat\/insdespuig\/AMPA\/\"><span style=\"text-decoration: underline;\">AMPA<\/span><\/a>, <a href=\"http:\/\/agora.xtec.cat\/insdespuig\/alumnat\/associacio-esportiva-escolar\/\"><span style=\"text-decoration: underline;\">AEIT<\/span><\/a>), dels projectes d&#8217;innovaci\u00f3 educativa (<a href=\"http:\/\/agora.xtec.cat\/insdespuig\/biblioteca\/\"><span style=\"text-decoration: underline;\">biblioteca Puntedu<\/span><\/a>, <a href=\"http:\/\/agora.xtec.cat\/insdespuig\/escola-verda\/\"><span style=\"text-decoration: underline;\">Escola Verda<\/span><\/a>&#8230;) i dels diferents departaments did\u00e0ctics:<\/p>\n<ul>\n<li><span style=\"text-decoration: underline;\"><a href=\"http:\/\/agora.xtec.cat\/insdespuig\/catala\/\">Catal\u00e0<\/a><\/span><\/li>\n<li><span style=\"text-decoration: underline;\"><a href=\"http:\/\/agora.xtec.cat\/insdespuig\/castella\/\">Castell\u00e0<\/a><\/span><\/li>\n<li>Lleng\u00fces estrangeres (<span style=\"text-decoration: underline;\"><a href=\"http:\/\/agora.xtec.cat\/insdespuig\/angles\/\">Angl\u00e8s<\/a><\/span>, <span style=\"text-decoration: underline;\"><a href=\"http:\/\/agora.xtec.cat\/insdespuig\/frances\/\">Franc\u00e8s<\/a><\/span>,\u00a0<span style=\"text-decoration: underline;\"><a href=\"http:\/\/agora.xtec.cat\/insdespuig\/alemany\/\">Alemany<\/a><\/span>, <span style=\"text-decoration: underline;\"><a href=\"http:\/\/agora.xtec.cat\/insdespuig\/italia\/\">Itali\u00e0<\/a><\/span>)<\/li>\n<li><span style=\"text-decoration: underline;\"><a href=\"http:\/\/agora.xtec.cat\/insdespuig\/matematiques\/\">Matem\u00e0tiques<\/a><\/span><\/li>\n<li><span style=\"text-decoration: underline;\"><a href=\"http:\/\/agora.xtec.cat\/insdespuig\/tecnologia\/\">Tecnologia<\/a><\/span><\/li>\n<li><span style=\"text-decoration: underline;\"><a href=\"http:\/\/agora.xtec.cat\/insdespuig\/ciencies-de-la-naturalesa\/\">Ci\u00e8ncies de la naturalesa<\/a><\/span><\/li>\n<li><span style=\"text-decoration: underline;\"><a href=\"http:\/\/agora.xtec.cat\/insdespuig\/ciencies-socials\/\">Ci\u00e8ncies socials<\/a><\/span>: <span style=\"text-decoration: underline;\"><a href=\"http:\/\/agora.xtec.cat\/insdespuig\/cultura-classica\/\">Cultura cl\u00e0ssica<\/a><\/span><\/li>\n<li><span style=\"text-decoration: underline;\"><a href=\"http:\/\/agora.xtec.cat\/insdespuig\/educacio-fisica\/\">Educaci\u00f3 f\u00edsica<\/a><\/span><\/li>\n<li><span style=\"text-decoration: underline;\"><a href=\"http:\/\/agora.xtec.cat\/insdespuig\/educacio-visual-i-plastica\/\">Educaci\u00f3 visual i pl\u00e0stica<\/a><\/span><\/li>\n<li><span style=\"text-decoration: underline;\"><a href=\"http:\/\/agora.xtec.cat\/insdespuig\/musica\/\">M\u00fasica<\/a><\/span><\/li>\n<li><span style=\"text-decoration: underline;\"><a href=\"http:\/\/agora.xtec.cat\/insdespuig\/orientacio\/\">Orientaci\u00f3<\/a><\/span><\/li>\n<\/ul>\n<p>A m\u00e9s a m\u00e9s, l&#8217;institut disposa d&#8217;un sistema d\u2019allotjament m\u00faltiple de <span style=\"text-decoration: underline;\"><a href=\"http:\/\/agora.xtec.cat\/insdespuig\/moodle\/\" target=\"_blank\" rel=\"noopener noreferrer\">Moodle<\/a><\/span>\u00a0i <a href=\"https:\/\/classroom.google.com\/\">Classroom<\/a>.<\/p>\n<p><strong>Blocs<\/strong><\/p>\n<p>Tamb\u00e9 tenen el seu blog (allotjat a Blogger) aquests\u00a0altres\u00a0projectes educatius en qu\u00e8 col\u00b7labora l&#8217;alumnat:<\/p>\n<ul>\n<li><a href=\"http:\/\/insdespuig-mediateca.blogspot.com.es\/\"><span style=\"text-decoration: underline;\">Mediateca<\/span><\/a> (recull totes les publicacions del centre i un dossier de premsa)<\/li>\n<li><a href=\"http:\/\/recomanamunllibre.blogspot.com.es\/\"><span style=\"text-decoration: underline;\">Recomana&#8217;m un llibre<\/span><\/a> (aplega lectures recomanades)<\/li>\n<li><a href=\"http:\/\/calaixo-de-sastre.blogspot.com.es\/\"><span style=\"text-decoration: underline;\">Calaix\u00f3 de sastre<\/span><\/a> (cont\u00e9 textos de creaci\u00f3)<\/li>\n<li><a href=\"http:\/\/fotoinstortosa.blogspot.com.es\/\"><span style=\"text-decoration: underline;\">Fotofilosofia<\/span><\/a> (mostra els treballs del concurs Fotofilosofia)<\/li>\n<\/ul>\n<p><strong>Xarxes socials<\/strong><\/p>\n<p>La biblioteca de l&#8217;institut\u00a0utilitza\u00a0eines 2.0 que permeten publicar, difondre i compartir\u00a0documents i material gr\u00e0fic o audiovisual creat per la nostra comunitat educativa:<\/p>\n<ul>\n<li style=\"list-style-type: none;\">\n<ul>\n<li>presentacions de diapositives (<a href=\"https:\/\/www.slideshare.net\/instortosa\"><span style=\"text-decoration: underline;\">Slideshare<\/span><\/a>)<\/li>\n<li>publicacions digitals (<a href=\"https:\/\/issuu.com\/instortosa\"><span style=\"text-decoration: underline;\">Issuu<\/span><\/a>) i v\u00eddeos (<a href=\"https:\/\/www.youtube.com\/user\/insdespuig\"><span style=\"text-decoration: underline;\">Youtube<\/span><\/a>)<\/li>\n<li>portades de llibres, cartells i altres imatges\u00a0(<a href=\"https:\/\/es.pinterest.com\/biblioteca0732\/\"><span style=\"text-decoration: underline;\">Pinterest<\/span><\/a>)<\/li>\n<li>enlla\u00e7os recomanats pels departaments (<a href=\"http:\/\/www.pearltrees.com\/bibcdespuig\"><span style=\"text-decoration: underline;\">Pearltrees<\/span><\/a>).<\/li>\n<\/ul>\n<\/li>\n<\/ul>\n<p>A m\u00e9s a m\u00e9s, mant\u00e9 un compte a <a href=\"https:\/\/twitter.com\/insDespuig\"><span style=\"text-decoration: underline;\">Twitter<\/span><\/a>,\u00a0<a href=\"https:\/\/www.facebook.com\/institut.cristofoldespuig.7\"><span style=\"text-decoration: underline;\">Facebook<\/span><\/a>\u00a0i <a href=\"https:\/\/www.instagram.com\/institut_cristofol_despuig\/\">Instagram<\/a>.<\/p>\n<p><strong>Correu<\/strong><\/p>\n<p>L&#8217;institut ofereix un compte de correu corporatiu de Gmail (@insdespuig.cat)\u00a0a tot l&#8217;alumnat i al professorat.<\/p>\n<p><strong>Calendari de tasques<\/strong><\/p>\n<p>L&#8217;alumnat i les fam\u00edlies\u00a0poden accedir al\u00a0<a href=\"http:\/\/agora.xtec.cat\/insdespuig\/alumnat\/calendari-tasques\/\"><span style=\"text-decoration: underline;\">calendari de tasques<\/span><\/a> de tots els grups.<\/p>\n<p>&nbsp;<\/p>\n","protected":false},"excerpt":{"rendered":"<p>L&#8217;institut disposa d&#8217;un conjunt de serveis digitals propis\u00a0per a crear, difondre i compartir continguts digitals.<br \/>\nWebs<br \/>\nL&#8217;institut disposa d&#8217;aquest mateix\u00a0<a href=\"http:\/\/agora.xtec.cat\/insdespuig\/\">web<\/a>\u00a0Nodes (basat en WordPress),\u00a0que ofereix el Departament d&#8217;Educaci\u00f3 als centres docents i Serveis Educatius de Catalunya. En el\u00a0web de l&#8217;institut es troba tota la informaci\u00f3 relacionada amb&hellip;  <a href=\"https:\/\/agora.xtec.cat\/insdespuig\/serveis\/serveis-digitals\/\" title=\"Read Serveis digitals\">Llegeix m\u00e9s\u00bb<\/a><\/p>\n","protected":false},"author":1,"featured_media":0,"parent":63,"menu_order":10,"comment_status":"closed","ping_status":"closed","template":"page-templates\/side-menu.php","meta":{"_bbp_topic_count":0,"_bbp_reply_count":0,"_bbp_total_topic_count":0,"_bbp_total_reply_count":0,"_bbp_voice_count":0,"_bbp_anonymous_reply_count":0,"_bbp_topic_count_hidden":0,"_bbp_reply_count_hidden":0,"_bbp_forum_subforum_count":0,"footnotes":""},"class_list":["post-65","page","type-page","status-publish","hentry"],"post_mailing_queue_ids":[],"_links":{"self":[{"href":"https:\/\/agora.xtec.cat\/insdespuig\/wp-json\/wp\/v2\/pages\/65","targetHints":{"allow":["GET"]}}],"collection":[{"href":"https:\/\/agora.xtec.cat\/insdespuig\/wp-json\/wp\/v2\/pages"}],"about":[{"href":"https:\/\/agora.xtec.cat\/insdespuig\/wp-json\/wp\/v2\/types\/page"}],"author":[{"embeddable":true,"href":"https:\/\/agora.xtec.cat\/insdespuig\/wp-json\/wp\/v2\/users\/1"}],"replies":[{"embeddable":true,"href":"https:\/\/agora.xtec.cat\/insdespuig\/wp-json\/wp\/v2\/comments?post=65"}],"version-history":[{"count":4,"href":"https:\/\/agora.xtec.cat\/insdespuig\/wp-json\/wp\/v2\/pages\/65\/revisions"}],"predecessor-version":[{"id":16308,"href":"https:\/\/agora.xtec.cat\/insdespuig\/wp-json\/wp\/v2\/pages\/65\/revisions\/16308"}],"up":[{"embeddable":true,"href":"https:\/\/agora.xtec.cat\/insdespuig\/wp-json\/wp\/v2\/pages\/63"}],"wp:attachment":[{"href":"https:\/\/agora.xtec.cat\/insdespuig\/wp-json\/wp\/v2\/media?parent=65"}],"curies":[{"name":"wp","href":"https:\/\/api.w.org\/{rel}","templated":true}]}}