{"id":5845,"date":"2017-04-19T22:29:03","date_gmt":"2017-04-19T20:29:03","guid":{"rendered":"http:\/\/agora.xtec.cat\/insdespuig\/?page_id=5845"},"modified":"2021-06-16T12:24:09","modified_gmt":"2021-06-16T10:24:09","slug":"auxiliar-de-conversa-en-frances","status":"publish","type":"page","link":"https:\/\/agora.xtec.cat\/insdespuig\/projectes-dinnovacio\/pla-dimpuls-de-les-llengues-estrangeres\/auxiliar-de-conversa-en-frances\/","title":{"rendered":"Auxiliar de conversa en angl\u00e8s i franc\u00e8s"},"content":{"rendered":"<p>Els <strong>auxiliars de conversa<\/strong> en els centres catalans s\u00f3n un recurs de primer ordre per a estimular l\u2019aprenentatge de lleng\u00fces i el coneixement d\u2019altres cultures i altres formes d\u2019entendre el m\u00f3n.<\/p>\n<p>La seua tasca educativa d\u00f3na suport ling\u00fc\u00edstic a les activitats programades pel tutor o tutora d\u2019aula, amb un\u00a0<strong>objectiu<\/strong>\u00a0<strong>com\u00fa<\/strong>: el desenvolupament de les compet\u00e8ncies comunicatives i ling\u00fc\u00edstiques de l\u2019alumnat. Aquest objectiu \u00e9s clau per a l\u2019aprenentatge al llarg de tota la vida, at\u00e8s que l\u2019oralitat esdev\u00e9 una habilitat b\u00e0sica i transversal per a l\u2019estudi i el creixement personal.<\/p>\n<p>Al nostre institut disposem d&#8217;<strong>auxiliar de conversa a ESO i batxillerat<\/strong> des del curs 2012-2013.<\/p>\n<p>\u00c9lodie Dupont. Franc\u00e8s. Curs 2012-2013.\u00a0Mostra d&#8217;activitats: <a href=\"http:\/\/xtec.gencat.cat\/web\/.content\/alfresco\/d\/d\/workspace\/SpacesStore\/0053\/667c7018-5643-430e-84e6-dfbba3de573a\/fitxa_ins_cristofoldespuig_oral_frances_1213.pdf\">Chocolat<\/a>.<br \/>\nFergus Taylor. Angl\u00e8s. Curs 2013-2014. Mostra d&#8217;activitats:\u00a0<a href=\"http:\/\/xtec.gencat.cat\/web\/.content\/alfresco\/d\/d\/workspace\/SpacesStore\/0058\/817fc403-107f-48c4-8e9e-e0ef8025efe3\/Fitxa_insDespuig_angles_cultural_1314.pdf\">Landmarks<\/a>.<br \/>\nQuentin Castel. Franc\u00e8s. Curs 2014-2015.<br \/>\nWilliam Guiraud. Franc\u00e8s. Curs 2016-2017.<br \/>\nAbdelkrim Rougui. Franc\u00e8s. Curs 2019-2020.<br \/>\nLucille Gl\u00e9nat. Franc\u00e8s. Curs 2020-2021.<\/p>\n<p>&nbsp;<\/p>\n<p>M\u00e9s informaci\u00f3: <span style=\"text-decoration: underline;\"><a href=\"http:\/\/xtec.gencat.cat\/ca\/projectes\/plurilinguisme\/programes\/institucionals\/auxiliars_conversa\/\">Programa d&#8217;auxiliars de conversa de Catalunya<\/a><\/span> (XTEC)<\/p>\n","protected":false},"excerpt":{"rendered":"<p>Els auxiliars de conversa en els centres catalans s\u00f3n un recurs de primer ordre per a estimular l\u2019aprenentatge de lleng\u00fces i el coneixement d\u2019altres cultures i altres formes d\u2019entendre el m\u00f3n. La seua tasca educativa d\u00f3na suport ling\u00fc\u00edstic a les activitats programades pel tutor o tutora d\u2019aula, amb un\u00a0objectiu\u00a0com\u00fa: el desenvolupament de les compet\u00e8ncies comunicatives [&hellip;]<\/p>\n","protected":false},"author":54,"featured_media":0,"parent":879,"menu_order":0,"comment_status":"closed","ping_status":"closed","template":"page-templates\/side-menu.php","meta":{"_bbp_topic_count":0,"_bbp_reply_count":0,"_bbp_total_topic_count":0,"_bbp_total_reply_count":0,"_bbp_voice_count":0,"_bbp_anonymous_reply_count":0,"_bbp_topic_count_hidden":0,"_bbp_reply_count_hidden":0,"_bbp_forum_subforum_count":0,"site-sidebar-layout":"default","site-content-layout":"","ast-site-content-layout":"","site-content-style":"default","site-sidebar-style":"default","ast-global-header-display":"","ast-banner-title-visibility":"","ast-main-header-display":"","ast-hfb-above-header-display":"","ast-hfb-below-header-display":"","ast-hfb-mobile-header-display":"","site-post-title":"","ast-breadcrumbs-content":"","ast-featured-img":"","footer-sml-layout":"","theme-transparent-header-meta":"","adv-header-id-meta":"","stick-header-meta":"","header-above-stick-meta":"","header-main-stick-meta":"","header-below-stick-meta":"","astra-migrate-meta-layouts":"default","ast-page-background-enabled":"default","ast-page-background-meta":{"desktop":{"background-color":"var(--ast-global-color-4)","background-image":"","background-repeat":"repeat","background-position":"center center","background-size":"auto","background-attachment":"scroll","background-type":"","background-media":"","overlay-type":"","overlay-color":"","overlay-opacity":"","overlay-gradient":""},"tablet":{"background-color":"","background-image":"","background-repeat":"repeat","background-position":"center center","background-size":"auto","background-attachment":"scroll","background-type":"","background-media":"","overlay-type":"","overlay-color":"","overlay-opacity":"","overlay-gradient":""},"mobile":{"background-color":"","background-image":"","background-repeat":"repeat","background-position":"center center","background-size":"auto","background-attachment":"scroll","background-type":"","background-media":"","overlay-type":"","overlay-color":"","overlay-opacity":"","overlay-gradient":""}},"ast-content-background-meta":{"desktop":{"background-color":"var(--ast-global-color-5)","background-image":"","background-repeat":"repeat","background-position":"center center","background-size":"auto","background-attachment":"scroll","background-type":"","background-media":"","overlay-type":"","overlay-color":"","overlay-opacity":"","overlay-gradient":""},"tablet":{"background-color":"var(--ast-global-color-5)","background-image":"","background-repeat":"repeat","background-position":"center center","background-size":"auto","background-attachment":"scroll","background-type":"","background-media":"","overlay-type":"","overlay-color":"","overlay-opacity":"","overlay-gradient":""},"mobile":{"background-color":"var(--ast-global-color-5)","background-image":"","background-repeat":"repeat","background-position":"center center","background-size":"auto","background-attachment":"scroll","background-type":"","background-media":"","overlay-type":"","overlay-color":"","overlay-opacity":"","overlay-gradient":""}},"footnotes":""},"class_list":["post-5845","page","type-page","status-publish","hentry"],"post_mailing_queue_ids":[],"_links":{"self":[{"href":"https:\/\/agora.xtec.cat\/insdespuig\/wp-json\/wp\/v2\/pages\/5845","targetHints":{"allow":["GET"]}}],"collection":[{"href":"https:\/\/agora.xtec.cat\/insdespuig\/wp-json\/wp\/v2\/pages"}],"about":[{"href":"https:\/\/agora.xtec.cat\/insdespuig\/wp-json\/wp\/v2\/types\/page"}],"author":[{"embeddable":true,"href":"https:\/\/agora.xtec.cat\/insdespuig\/wp-json\/wp\/v2\/users\/54"}],"replies":[{"embeddable":true,"href":"https:\/\/agora.xtec.cat\/insdespuig\/wp-json\/wp\/v2\/comments?post=5845"}],"version-history":[{"count":3,"href":"https:\/\/agora.xtec.cat\/insdespuig\/wp-json\/wp\/v2\/pages\/5845\/revisions"}],"predecessor-version":[{"id":18054,"href":"https:\/\/agora.xtec.cat\/insdespuig\/wp-json\/wp\/v2\/pages\/5845\/revisions\/18054"}],"up":[{"embeddable":true,"href":"https:\/\/agora.xtec.cat\/insdespuig\/wp-json\/wp\/v2\/pages\/879"}],"wp:attachment":[{"href":"https:\/\/agora.xtec.cat\/insdespuig\/wp-json\/wp\/v2\/media?parent=5845"}],"curies":[{"name":"wp","href":"https:\/\/api.w.org\/{rel}","templated":true}]}}