{"id":5227,"date":"2016-12-24T11:31:01","date_gmt":"2016-12-24T10:31:01","guid":{"rendered":"http:\/\/agora.xtec.cat\/insdespuig\/?page_id=5227"},"modified":"2025-02-10T10:37:50","modified_gmt":"2025-02-10T09:37:50","slug":"treball-de-recerca-de-batxillerat","status":"publish","type":"page","link":"https:\/\/agora.xtec.cat\/insdespuig\/estudis\/batxillerat\/treball-de-recerca-de-batxillerat\/","title":{"rendered":"Treball de recerca de batxillerat"},"content":{"rendered":"<h3>ORIENTACIONS SOBRE EL TREBALL<\/h3>\n<p><iframe loading=\"lazy\" src=\"https:\/\/docs.google.com\/document\/d\/e\/2PACX-1vRughm5EHT7c-BNlO6vDVn85oUy-ohyM6o2QnKUxmy90epB7fExQYPUTnfFPB-rE1aCuYB0_PaWQriS\/pub?embedded=true\" width=\"800\" height=\"300\"><\/iframe><\/p>\n<h3>FASES D&#8217;ELABORACI\u00d3 DEL TREBALL<\/h3>\n<p><iframe loading=\"lazy\" src=\"https:\/\/docs.google.com\/document\/d\/e\/2PACX-1vSbX8DZ01UfgaiqX2NHyZgJ31YcHgPmruHJtd5ZWvpx785sUo7F_krpYioNeyQfwA\/pub?embedded=true\" width=\"800\" height=\"600\"><\/iframe><\/p>\n<p>&nbsp;<\/p>\n<h3><a href=\"https:\/\/agora.xtec.cat\/insdespuig\/estudis\/batxillerat\/treball-de-recerca-de-batxillerat\/normativa-tdr\/\">NORMATIVA\u00a0<\/a><\/h3>\n<h3><a href=\"https:\/\/agora.xtec.cat\/insdespuig\/?page_id=23230&amp;preview=true\">TRIA DEL TREBALL DE RECERCA<\/a><\/h3>\n<h3><a href=\"https:\/\/agora.xtec.cat\/insdespuig\/estudis\/batxillerat\/treball-de-recerca-de-batxillerat\/eines-per-lelaboracio-del-treball\/\">EINES PER A L&#8217;ELABORACI\u00d3 DEL TREBALL DE RECERCA<\/a><\/h3>\n<h3><a href=\"https:\/\/agora.xtec.cat\/insdespuig\/estudis\/batxillerat\/treball-de-recerca-de-batxillerat\/lexposicio-oral-del-tdr\/\">L&#8217;EXPOSICI\u00d3 ORAL DEL TREBALL DE RECERCA<\/a><\/h3>\n<h3><a href=\"https:\/\/agora.xtec.cat\/insdespuig\/estudis\/batxillerat\/treball-de-recerca-de-batxillerat\/rubriques\/\">R\u00daBRIQUES<\/a><\/h3>\n<h3><a href=\"https:\/\/agora.xtec.cat\/insdespuig\/estudis\/batxillerat\/treball-de-recerca-de-batxillerat\/calendari-del-treball-de-recerca\/\">CALENDARI DEL TREBALL DE RECERCA<\/a><\/h3>\n<h3><a href=\"https:\/\/agora.xtec.cat\/insdespuig\/estudis\/batxillerat\/treball-de-recerca-de-batxillerat\/recursos-utils-en-linia\/\">RECURSOS \u00daTILS EN L\u00cdNIA<\/a><\/h3>\n<h3><a href=\"https:\/\/agora.xtec.cat\/insdespuig\/?page_id=24420&amp;preview=true\">PROCEDIMENT DE RECLAMACI\u00d3 DE LA NOTA FINAL DEL TdR<\/a><\/h3>\n<p>&nbsp;<\/p>\n<p><strong>Orientacions generals<\/strong><\/p>\n<ul style=\"list-style-type: circle;\">\n<li><a href=\"http:\/\/diposit.ub.edu\/dspace\/handle\/2445\/114030\">Guia pr\u00e0ctica per fer un bon treball de recerca (TR) a batxillerat. #20 consells essencials<\/a>\u00a0(UB)<\/li>\n<li><a href=\"http:\/\/www.xtec.cat\/web\/curriculum\/batxillerat\/treballrecerca\" target=\"_blank\" rel=\"noopener noreferrer\">El treball de recerca<\/a> (XTEC)<\/li>\n<\/ul>\n","protected":false},"excerpt":{"rendered":"<p>ORIENTACIONS SOBRE EL TREBALL FASES D&#8217;ELABORACI\u00d3 DEL TREBALL &nbsp; NORMATIVA\u00a0 TRIA DEL TREBALL DE RECERCA EINES PER A L&#8217;ELABORACI\u00d3 DEL TREBALL DE RECERCA L&#8217;EXPOSICI\u00d3 ORAL DEL TREBALL DE RECERCA R\u00daBRIQUES CALENDARI DEL TREBALL DE RECERCA RECURSOS \u00daTILS EN L\u00cdNIA PROCEDIMENT DE RECLAMACI\u00d3 DE LA NOTA FINAL DEL TdR &nbsp; Orientacions generals Guia pr\u00e0ctica per fer [&hellip;]<\/p>\n","protected":false},"author":54,"featured_media":0,"parent":759,"menu_order":1,"comment_status":"closed","ping_status":"closed","template":"page-templates\/side-menu.php","meta":{"_bbp_topic_count":0,"_bbp_reply_count":0,"_bbp_total_topic_count":0,"_bbp_total_reply_count":0,"_bbp_voice_count":0,"_bbp_anonymous_reply_count":0,"_bbp_topic_count_hidden":0,"_bbp_reply_count_hidden":0,"_bbp_forum_subforum_count":0,"site-sidebar-layout":"default","site-content-layout":"","ast-site-content-layout":"","site-content-style":"default","site-sidebar-style":"default","ast-global-header-display":"","ast-banner-title-visibility":"","ast-main-header-display":"","ast-hfb-above-header-display":"","ast-hfb-below-header-display":"","ast-hfb-mobile-header-display":"","site-post-title":"","ast-breadcrumbs-content":"","ast-featured-img":"","footer-sml-layout":"","theme-transparent-header-meta":"","adv-header-id-meta":"","stick-header-meta":"","header-above-stick-meta":"","header-main-stick-meta":"","header-below-stick-meta":"","astra-migrate-meta-layouts":"default","ast-page-background-enabled":"default","ast-page-background-meta":{"desktop":{"background-color":"var(--ast-global-color-4)","background-image":"","background-repeat":"repeat","background-position":"center center","background-size":"auto","background-attachment":"scroll","background-type":"","background-media":"","overlay-type":"","overlay-color":"","overlay-opacity":"","overlay-gradient":""},"tablet":{"background-color":"","background-image":"","background-repeat":"repeat","background-position":"center center","background-size":"auto","background-attachment":"scroll","background-type":"","background-media":"","overlay-type":"","overlay-color":"","overlay-opacity":"","overlay-gradient":""},"mobile":{"background-color":"","background-image":"","background-repeat":"repeat","background-position":"center center","background-size":"auto","background-attachment":"scroll","background-type":"","background-media":"","overlay-type":"","overlay-color":"","overlay-opacity":"","overlay-gradient":""}},"ast-content-background-meta":{"desktop":{"background-color":"var(--ast-global-color-5)","background-image":"","background-repeat":"repeat","background-position":"center center","background-size":"auto","background-attachment":"scroll","background-type":"","background-media":"","overlay-type":"","overlay-color":"","overlay-opacity":"","overlay-gradient":""},"tablet":{"background-color":"var(--ast-global-color-5)","background-image":"","background-repeat":"repeat","background-position":"center center","background-size":"auto","background-attachment":"scroll","background-type":"","background-media":"","overlay-type":"","overlay-color":"","overlay-opacity":"","overlay-gradient":""},"mobile":{"background-color":"var(--ast-global-color-5)","background-image":"","background-repeat":"repeat","background-position":"center center","background-size":"auto","background-attachment":"scroll","background-type":"","background-media":"","overlay-type":"","overlay-color":"","overlay-opacity":"","overlay-gradient":""}},"footnotes":""},"class_list":["post-5227","page","type-page","status-publish","hentry"],"post_mailing_queue_ids":[],"_links":{"self":[{"href":"https:\/\/agora.xtec.cat\/insdespuig\/wp-json\/wp\/v2\/pages\/5227","targetHints":{"allow":["GET"]}}],"collection":[{"href":"https:\/\/agora.xtec.cat\/insdespuig\/wp-json\/wp\/v2\/pages"}],"about":[{"href":"https:\/\/agora.xtec.cat\/insdespuig\/wp-json\/wp\/v2\/types\/page"}],"author":[{"embeddable":true,"href":"https:\/\/agora.xtec.cat\/insdespuig\/wp-json\/wp\/v2\/users\/54"}],"replies":[{"embeddable":true,"href":"https:\/\/agora.xtec.cat\/insdespuig\/wp-json\/wp\/v2\/comments?post=5227"}],"version-history":[{"count":6,"href":"https:\/\/agora.xtec.cat\/insdespuig\/wp-json\/wp\/v2\/pages\/5227\/revisions"}],"predecessor-version":[{"id":24423,"href":"https:\/\/agora.xtec.cat\/insdespuig\/wp-json\/wp\/v2\/pages\/5227\/revisions\/24423"}],"up":[{"embeddable":true,"href":"https:\/\/agora.xtec.cat\/insdespuig\/wp-json\/wp\/v2\/pages\/759"}],"wp:attachment":[{"href":"https:\/\/agora.xtec.cat\/insdespuig\/wp-json\/wp\/v2\/media?parent=5227"}],"curies":[{"name":"wp","href":"https:\/\/api.w.org\/{rel}","templated":true}]}}