{"id":49,"date":"2014-09-17T16:55:55","date_gmt":"2014-09-17T15:55:55","guid":{"rendered":"http:\/\/agora.xtec.cat\/insdespuig\/?page_id=49"},"modified":"2026-01-22T10:00:30","modified_gmt":"2026-01-22T09:00:30","slug":"normes-dorganitzacio-i-funcionament","status":"publish","type":"page","link":"https:\/\/agora.xtec.cat\/insdespuig\/linstitut\/presentacio\/normes-dorganitzacio-i-funcionament\/","title":{"rendered":"Normes i funcionament"},"content":{"rendered":"<p class=\"p2\">El centre disposa d&#8217;una <strong>Normativa d&#8217;organitzaci\u00f3 i funcionament del centre<\/strong> (NOFC).<\/p>\n<p class=\"p2\">L&#8217;objectiu del NOFC \u00e9s el de recollir, primer, les normes ja vigents, aprovades pel consell escolar, i incorporar despr\u00e9s aquells aspectes no reglamentats i que l&#8217;experi\u00e8ncia i les necessitats aconsellen d&#8217;introduir-hi.<\/p>\n<p class=\"p2\">Cal entendre, per tant, aquesta normativa com un reglament obert, ampliable i modificable d&#8217;acord amb l&#8217;opini\u00f3 majorit\u00e0ria que s&#8217;expresse en els \u00f2rgans col\u00b7legiats que regeixen el centre. \u00c9s tamb\u00e9 un reglament &#8220;incomplet&#8221;, ja que no pret\u00e9n reglamentar totes les activitats que es poden desenvolupar en el centre escolar, sin\u00f3 \u00fanicament aquelles que els propis interessats han cregut necessari de regular.<\/p>\n<p class=\"p2\" style=\"padding-left: 40px;\">Descarregueu-vos e<a href=\"https:\/\/drive.google.com\/drive\/u\/0\/folders\/0By87dBrBUAR4fjg3bW80U2o3R3ctQ1d0S01XcmIwWUJmTTJHUGNEcjY1c0lxTUJSSTl4V1E?resourcekey=0-4XshjofclH9nzPEl2lRpsg\">l<span style=\"color: #333333;\"><strong> <span style=\"text-decoration: underline;\">document<\/span><\/strong><\/span><span style=\"color: #99ccff;\">\u00a0<\/span><\/a>amb la normativa vigent.<\/p>\n<p class=\"p2\" style=\"padding-left: 40px;\"><a href=\"https:\/\/agora.xtec.cat\/insdespuig\/wp-content\/uploads\/usu921\/2026\/01\/NOFC_INSCRISTOFOLDESPUIG_versio3_2021_12_20_mod12_2026_01_20.pdf\">NOFC_INSCRIST\u00d2FOLDESPUIG_versi\u00f33_2021_12_20_mod12_2025_12_16 (1)<\/a><\/p>\n<p class=\"p2\"><span style=\"font-size: 14px;\">\u00a0Actualitzat el dia 02-12-2025.<\/span><\/p>\n","protected":false},"excerpt":{"rendered":"<p>El centre disposa d&#8217;una Normativa d&#8217;organitzaci\u00f3 i funcionament del centre (NOFC).<br \/>\nL&#8217;objectiu del NOFC \u00e9s el de recollir, primer, les normes ja vigents, aprovades pel consell escolar, i incorporar despr\u00e9s aquells aspectes no reglamentats i que l&#8217;experi\u00e8ncia i les necessitats aconsellen d&#8217;introduir-hi.<br \/>\nCal entendre, per tant, aquesta&hellip;  <a href=\"https:\/\/agora.xtec.cat\/insdespuig\/linstitut\/presentacio\/normes-dorganitzacio-i-funcionament\/\" title=\"Read Normes i funcionament\">Llegeix m\u00e9s\u00bb<\/a><\/p>\n","protected":false},"author":1,"featured_media":0,"parent":821,"menu_order":4,"comment_status":"closed","ping_status":"closed","template":"page-templates\/side-menu.php","meta":{"_bbp_topic_count":0,"_bbp_reply_count":0,"_bbp_total_topic_count":0,"_bbp_total_reply_count":0,"_bbp_voice_count":0,"_bbp_anonymous_reply_count":0,"_bbp_topic_count_hidden":0,"_bbp_reply_count_hidden":0,"_bbp_forum_subforum_count":0,"footnotes":""},"class_list":["post-49","page","type-page","status-publish","hentry"],"post_mailing_queue_ids":[],"_links":{"self":[{"href":"https:\/\/agora.xtec.cat\/insdespuig\/wp-json\/wp\/v2\/pages\/49","targetHints":{"allow":["GET"]}}],"collection":[{"href":"https:\/\/agora.xtec.cat\/insdespuig\/wp-json\/wp\/v2\/pages"}],"about":[{"href":"https:\/\/agora.xtec.cat\/insdespuig\/wp-json\/wp\/v2\/types\/page"}],"author":[{"embeddable":true,"href":"https:\/\/agora.xtec.cat\/insdespuig\/wp-json\/wp\/v2\/users\/1"}],"replies":[{"embeddable":true,"href":"https:\/\/agora.xtec.cat\/insdespuig\/wp-json\/wp\/v2\/comments?post=49"}],"version-history":[{"count":6,"href":"https:\/\/agora.xtec.cat\/insdespuig\/wp-json\/wp\/v2\/pages\/49\/revisions"}],"predecessor-version":[{"id":25432,"href":"https:\/\/agora.xtec.cat\/insdespuig\/wp-json\/wp\/v2\/pages\/49\/revisions\/25432"}],"up":[{"embeddable":true,"href":"https:\/\/agora.xtec.cat\/insdespuig\/wp-json\/wp\/v2\/pages\/821"}],"wp:attachment":[{"href":"https:\/\/agora.xtec.cat\/insdespuig\/wp-json\/wp\/v2\/media?parent=49"}],"curies":[{"name":"wp","href":"https:\/\/api.w.org\/{rel}","templated":true}]}}