{"id":24420,"date":"2025-02-10T10:36:26","date_gmt":"2025-02-10T09:36:26","guid":{"rendered":"https:\/\/agora.xtec.cat\/insdespuig\/?page_id=24420"},"modified":"2026-03-11T17:32:49","modified_gmt":"2026-03-11T16:32:49","slug":"procediment-de-reclamacio-de-la-nota-final-de-tdr","status":"publish","type":"page","link":"https:\/\/agora.xtec.cat\/insdespuig\/estudis\/batxillerat\/treball-de-recerca-de-batxillerat\/procediment-de-reclamacio-de-la-nota-final-de-tdr\/","title":{"rendered":"PROCEDIMENT DE RECLAMACI\u00d3 DE LA NOTA FINAL DE TdR"},"content":{"rendered":"<div>\u00a0 \u00a0 \u00a0 \u00a0 El procediment que se seguir\u00e0 per a resoldre qualsevol reclamaci\u00f3 sobre el TdR ser\u00e0 el seg\u00fcent:<\/div>\n<div><\/div>\n<div><\/div>\n<div><\/div>\n<div><\/div>\n<div><\/div>\n<div><\/div>\n<ul>\n<li>\u00a0 \u00a0 \u00a0 \u00a0 Primer, l&#8217;alumne s&#8217;haur\u00e0 de dirigir al seu tutor per escrit per demanar la revisi\u00f3 i mostrar la seva disconformitat amb la nota rebuda (la sol\u00b7licitud s&#8217;haur\u00e0 de demanar a secretaria), s&#8217;haur\u00e0 d&#8217;explicar en quina part de la nota no s&#8217;est\u00e0 conforme i raonar perqu\u00e8 (i aportar evid\u00e8ncies, sobretot si \u00e9s la part de seguiment) per a demostrar que \u00e9s err\u00f2nia.<\/li>\n<\/ul>\n<div><\/div>\n<div><\/div>\n<div><\/div>\n<div><\/div>\n<div><\/div>\n<ul>\n<li>\u00a0 \u00a0 \u00a0 \u00a0 Si fa refer\u00e8ncia al treball f\u00edsic, es crear\u00e0 una comissi\u00f3 formada pel tutor, coordinaci\u00f3 de batxillerat i un membre de l&#8217;equip directiu, que avaluar\u00e0 el contingut i la forma del treball i far\u00e0 un informe exhaustiu d&#8217;aquest, aix\u00f2 far\u00e0 possible que la nota millori o empitjori segons el resultat de l&#8217;informe. Si hi ha una discrep\u00e0ncia de m\u00e9s de dos punts en la nota dels membres de la comissi\u00f3, s&#8217;anul\u00b7laran les m\u00e9s extremes.<\/li>\n<\/ul>\n<div><\/div>\n<div><\/div>\n<div><\/div>\n<div><\/div>\n<div><\/div>\n<ul>\n<li>\u00a0 \u00a0 \u00a0 \u00a0 Si \u00e9s una reclamaci\u00f3 sobre l&#8217;exposici\u00f3 oral, es far\u00e0 una revisi\u00f3 de la r\u00fabrica dels membres del tribunal i es demanar\u00e0 la presentaci\u00f3 que es va utilitzar el dia de l&#8217;exposici\u00f3 oral per a la seva revisi\u00f3, si hi ha algun canvi a la presentaci\u00f3, es desestimar\u00e0 la reclamaci\u00f3.<\/li>\n<\/ul>\n<div><\/div>\n<div><\/div>\n<div><\/div>\n<div><\/div>\n<div><\/div>\n<ul>\n<li>\u00a0 \u00a0 \u00a0 \u00a0 Els percentatges de les diferents parts no variaran: seguiment 1r any:25%, seguiment 2n any: 20%, treball f\u00edsic: 35%, exposici\u00f3 oral: 20%.<\/li>\n<\/ul>\n<div><\/div>\n<div><\/div>\n<div><\/div>\n","protected":false},"excerpt":{"rendered":"<p>\u00a0 \u00a0 \u00a0 \u00a0 El procediment que se seguir\u00e0 per a resoldre qualsevol reclamaci\u00f3 sobre el TdR ser\u00e0 el seg\u00fcent: \u00a0 \u00a0 \u00a0 \u00a0 Primer, l&#8217;alumne s&#8217;haur\u00e0 de dirigir al seu tutor per escrit per demanar la revisi\u00f3 i mostrar la seva disconformitat amb la nota rebuda (la sol\u00b7licitud s&#8217;haur\u00e0 de demanar a secretaria), s&#8217;haur\u00e0 [&hellip;]<\/p>\n","protected":false},"author":67,"featured_media":0,"parent":5227,"menu_order":0,"comment_status":"closed","ping_status":"closed","template":"","meta":{"_bbp_topic_count":0,"_bbp_reply_count":0,"_bbp_total_topic_count":0,"_bbp_total_reply_count":0,"_bbp_voice_count":0,"_bbp_anonymous_reply_count":0,"_bbp_topic_count_hidden":0,"_bbp_reply_count_hidden":0,"_bbp_forum_subforum_count":0,"site-sidebar-layout":"default","site-content-layout":"","ast-site-content-layout":"","site-content-style":"default","site-sidebar-style":"default","ast-global-header-display":"","ast-banner-title-visibility":"","ast-main-header-display":"","ast-hfb-above-header-display":"","ast-hfb-below-header-display":"","ast-hfb-mobile-header-display":"","site-post-title":"","ast-breadcrumbs-content":"","ast-featured-img":"","footer-sml-layout":"","theme-transparent-header-meta":"","adv-header-id-meta":"","stick-header-meta":"","header-above-stick-meta":"","header-main-stick-meta":"","header-below-stick-meta":"","astra-migrate-meta-layouts":"default","ast-page-background-enabled":"default","ast-page-background-meta":{"desktop":{"background-color":"var(--ast-global-color-4)","background-image":"","background-repeat":"repeat","background-position":"center center","background-size":"auto","background-attachment":"scroll","background-type":"","background-media":"","overlay-type":"","overlay-color":"","overlay-opacity":"","overlay-gradient":""},"tablet":{"background-color":"","background-image":"","background-repeat":"repeat","background-position":"center center","background-size":"auto","background-attachment":"scroll","background-type":"","background-media":"","overlay-type":"","overlay-color":"","overlay-opacity":"","overlay-gradient":""},"mobile":{"background-color":"","background-image":"","background-repeat":"repeat","background-position":"center center","background-size":"auto","background-attachment":"scroll","background-type":"","background-media":"","overlay-type":"","overlay-color":"","overlay-opacity":"","overlay-gradient":""}},"ast-content-background-meta":{"desktop":{"background-color":"var(--ast-global-color-5)","background-image":"","background-repeat":"repeat","background-position":"center center","background-size":"auto","background-attachment":"scroll","background-type":"","background-media":"","overlay-type":"","overlay-color":"","overlay-opacity":"","overlay-gradient":""},"tablet":{"background-color":"var(--ast-global-color-5)","background-image":"","background-repeat":"repeat","background-position":"center center","background-size":"auto","background-attachment":"scroll","background-type":"","background-media":"","overlay-type":"","overlay-color":"","overlay-opacity":"","overlay-gradient":""},"mobile":{"background-color":"var(--ast-global-color-5)","background-image":"","background-repeat":"repeat","background-position":"center center","background-size":"auto","background-attachment":"scroll","background-type":"","background-media":"","overlay-type":"","overlay-color":"","overlay-opacity":"","overlay-gradient":""}},"footnotes":""},"class_list":["post-24420","page","type-page","status-publish","hentry"],"post_mailing_queue_ids":[],"_links":{"self":[{"href":"https:\/\/agora.xtec.cat\/insdespuig\/wp-json\/wp\/v2\/pages\/24420","targetHints":{"allow":["GET"]}}],"collection":[{"href":"https:\/\/agora.xtec.cat\/insdespuig\/wp-json\/wp\/v2\/pages"}],"about":[{"href":"https:\/\/agora.xtec.cat\/insdespuig\/wp-json\/wp\/v2\/types\/page"}],"author":[{"embeddable":true,"href":"https:\/\/agora.xtec.cat\/insdespuig\/wp-json\/wp\/v2\/users\/67"}],"replies":[{"embeddable":true,"href":"https:\/\/agora.xtec.cat\/insdespuig\/wp-json\/wp\/v2\/comments?post=24420"}],"version-history":[{"count":6,"href":"https:\/\/agora.xtec.cat\/insdespuig\/wp-json\/wp\/v2\/pages\/24420\/revisions"}],"predecessor-version":[{"id":25406,"href":"https:\/\/agora.xtec.cat\/insdespuig\/wp-json\/wp\/v2\/pages\/24420\/revisions\/25406"}],"up":[{"embeddable":true,"href":"https:\/\/agora.xtec.cat\/insdespuig\/wp-json\/wp\/v2\/pages\/5227"}],"wp:attachment":[{"href":"https:\/\/agora.xtec.cat\/insdespuig\/wp-json\/wp\/v2\/media?parent=24420"}],"curies":[{"name":"wp","href":"https:\/\/api.w.org\/{rel}","templated":true}]}}