{"id":23241,"date":"2024-02-02T17:18:42","date_gmt":"2024-02-02T16:18:42","guid":{"rendered":"https:\/\/agora.xtec.cat\/insdespuig\/?page_id=23241"},"modified":"2025-04-22T09:43:29","modified_gmt":"2025-04-22T07:43:29","slug":"eines-per-lelaboracio-del-treball-de-recerca","status":"publish","type":"page","link":"https:\/\/agora.xtec.cat\/insdespuig\/estudis\/batxillerat\/treball-de-recerca-de-batxillerat\/eines-per-lelaboracio-del-treball-de-recerca\/","title":{"rendered":"EINES PER L&#8217;ELABORACI\u00d3 DEL TREBALL DE RECERCA"},"content":{"rendered":"<ul>\n<li><a href=\"https:\/\/docs.google.com\/document\/d\/184VUr50pGMO1Vei1fT5LZScBna_pfG7l\/edit?usp=drive_link&amp;ouid=102917050685724939425&amp;rtpof=true&amp;sd=true\">COM FER UNA BONA SELECCI\u00d3 DE DOCUMENTS I OBTENCI\u00d3 D&#8217;INFORMACI\u00d3<\/a><\/li>\n<\/ul>\n<p>&nbsp;<\/p>\n<ul>\n<li><a href=\"https:\/\/docs.google.com\/document\/d\/1LG6GSoGq3AIPm3zetNn4Diq4_JpSr5rs\/edit?usp=drive_link&amp;ouid=102917050685724939425&amp;rtpof=true&amp;sd=true\">FORMULES PER PRESENTAR LES DIFERENTS PARTS DE LA MEM\u00d2RIA<\/a><\/li>\n<\/ul>\n<p>&nbsp;<\/p>\n<ul>\n<li><a href=\"https:\/\/grecinsgf.wordpress.com\/parts-del-treball\/bibliografia-webgrafia\/\"><span style=\"font-weight: 400;\">WEB ELABORADA PER A CITAR WEBGRAFIA<\/span><\/a><\/li>\n<\/ul>\n<p>&nbsp;<\/p>\n<ul>\n<li><a href=\"https:\/\/preparats.cat\/noticies\/format-apa-aixi-has-de-citar-i-fer-la-bibliografia-del-treball-de-recerca\"><span style=\"font-weight: 400;\">WEB RESUM PER A CITAR WEBGRAFIA<\/span><\/a><\/li>\n<\/ul>\n<p>&nbsp;<\/p>\n<ul>\n<li><a href=\"https:\/\/drive.google.com\/file\/d\/1ZgbBik_7dhotPy2Bbn2QBGXJhlKTNOw8\/view?usp=sharing\">COM FER UNA BONA ENQUESTA<\/a><\/li>\n<\/ul>\n<p>&nbsp;<\/p>\n<ul>\n<li><a href=\"https:\/\/drive.google.com\/file\/d\/1gWTfi4ghyeRiVHwGaKHf8o0Iq3BCeKSj\/view?usp=sharing\">COM FER UNA BONA ENTREVISTA<\/a><\/li>\n<\/ul>\n<p>&nbsp;<\/p>\n<ul>\n<li><a href=\"https:\/\/drive.google.com\/file\/d\/1Fbotq_VsAid-9Mey0Jy16-KNl2acFHy-\/view?usp=sharing\">COM FER UNA L\u00cdNIA TEMPORAL<\/a><\/li>\n<\/ul>\n<p>&nbsp;<\/p>\n<ul>\n<li><a href=\"https:\/\/drive.google.com\/file\/d\/1TDcfXy5BKlAvRLArxmbp_uKSnZGl5JrU\/view?usp=sharing\">COM FER UN MAPA CONCEPTUAL<\/a><\/li>\n<\/ul>\n<p>&nbsp;<\/p>\n<ul>\n<li><a href=\"https:\/\/drive.google.com\/file\/d\/1QwP5p56XKuxW1n1Vb2882YWyoTwJMaO2\/view?usp=sharing\">COM FER UN GR\u00c0FIC DE DISPERSI\u00d3<\/a><\/li>\n<\/ul>\n<p>&nbsp;<\/p>\n<ul>\n<li><a href=\"https:\/\/drive.google.com\/file\/d\/16QL1hSzKwvyiiZ5MxQh5GAqNL4ZytPsk\/view?usp=sharing\">LLISTA DE COMPROVACI\u00d3 DE LA FASE DE PLANIFICACI\u00d3 I DOCUMENTACI\u00d3\u00a0<\/a><\/li>\n<\/ul>\n<ul>\n<li><a href=\"https:\/\/drive.google.com\/file\/d\/198yBEWGH7BAkAVf7iVQfssrGJOLCIiPh\/view?usp=sharing\">LLISTA<\/a><a href=\"https:\/\/drive.google.com\/file\/d\/198yBEWGH7BAkAVf7iVQfssrGJOLCIiPh\/view?usp=sharing\"> DE COMPROVACI\u00d3 DE LA FASE DE REDACCI\u00d3<\/a><\/li>\n<\/ul>\n","protected":false},"excerpt":{"rendered":"<p>COM FER UNA BONA SELECCI\u00d3 DE DOCUMENTS I OBTENCI\u00d3 D&#8217;INFORMACI\u00d3 &nbsp; FORMULES PER PRESENTAR LES DIFERENTS PARTS DE LA MEM\u00d2RIA &nbsp; WEB ELABORADA PER A CITAR WEBGRAFIA &nbsp; WEB RESUM PER A CITAR WEBGRAFIA &nbsp; COM FER UNA BONA ENQUESTA &nbsp; COM FER UNA BONA ENTREVISTA &nbsp; COM FER UNA L\u00cdNIA TEMPORAL &nbsp; COM FER [&hellip;]<\/p>\n","protected":false},"author":67,"featured_media":0,"parent":5227,"menu_order":0,"comment_status":"closed","ping_status":"closed","template":"","meta":{"_bbp_topic_count":0,"_bbp_reply_count":0,"_bbp_total_topic_count":0,"_bbp_total_reply_count":0,"_bbp_voice_count":0,"_bbp_anonymous_reply_count":0,"_bbp_topic_count_hidden":0,"_bbp_reply_count_hidden":0,"_bbp_forum_subforum_count":0,"site-sidebar-layout":"default","site-content-layout":"","ast-site-content-layout":"","site-content-style":"default","site-sidebar-style":"default","ast-global-header-display":"","ast-banner-title-visibility":"","ast-main-header-display":"","ast-hfb-above-header-display":"","ast-hfb-below-header-display":"","ast-hfb-mobile-header-display":"","site-post-title":"","ast-breadcrumbs-content":"","ast-featured-img":"","footer-sml-layout":"","theme-transparent-header-meta":"","adv-header-id-meta":"","stick-header-meta":"","header-above-stick-meta":"","header-main-stick-meta":"","header-below-stick-meta":"","astra-migrate-meta-layouts":"default","ast-page-background-enabled":"default","ast-page-background-meta":{"desktop":{"background-color":"var(--ast-global-color-4)","background-image":"","background-repeat":"repeat","background-position":"center center","background-size":"auto","background-attachment":"scroll","background-type":"","background-media":"","overlay-type":"","overlay-color":"","overlay-opacity":"","overlay-gradient":""},"tablet":{"background-color":"","background-image":"","background-repeat":"repeat","background-position":"center center","background-size":"auto","background-attachment":"scroll","background-type":"","background-media":"","overlay-type":"","overlay-color":"","overlay-opacity":"","overlay-gradient":""},"mobile":{"background-color":"","background-image":"","background-repeat":"repeat","background-position":"center center","background-size":"auto","background-attachment":"scroll","background-type":"","background-media":"","overlay-type":"","overlay-color":"","overlay-opacity":"","overlay-gradient":""}},"ast-content-background-meta":{"desktop":{"background-color":"var(--ast-global-color-5)","background-image":"","background-repeat":"repeat","background-position":"center center","background-size":"auto","background-attachment":"scroll","background-type":"","background-media":"","overlay-type":"","overlay-color":"","overlay-opacity":"","overlay-gradient":""},"tablet":{"background-color":"var(--ast-global-color-5)","background-image":"","background-repeat":"repeat","background-position":"center center","background-size":"auto","background-attachment":"scroll","background-type":"","background-media":"","overlay-type":"","overlay-color":"","overlay-opacity":"","overlay-gradient":""},"mobile":{"background-color":"var(--ast-global-color-5)","background-image":"","background-repeat":"repeat","background-position":"center center","background-size":"auto","background-attachment":"scroll","background-type":"","background-media":"","overlay-type":"","overlay-color":"","overlay-opacity":"","overlay-gradient":""}},"footnotes":""},"class_list":["post-23241","page","type-page","status-publish","hentry"],"post_mailing_queue_ids":[],"_links":{"self":[{"href":"https:\/\/agora.xtec.cat\/insdespuig\/wp-json\/wp\/v2\/pages\/23241","targetHints":{"allow":["GET"]}}],"collection":[{"href":"https:\/\/agora.xtec.cat\/insdespuig\/wp-json\/wp\/v2\/pages"}],"about":[{"href":"https:\/\/agora.xtec.cat\/insdespuig\/wp-json\/wp\/v2\/types\/page"}],"author":[{"embeddable":true,"href":"https:\/\/agora.xtec.cat\/insdespuig\/wp-json\/wp\/v2\/users\/67"}],"replies":[{"embeddable":true,"href":"https:\/\/agora.xtec.cat\/insdespuig\/wp-json\/wp\/v2\/comments?post=23241"}],"version-history":[{"count":4,"href":"https:\/\/agora.xtec.cat\/insdespuig\/wp-json\/wp\/v2\/pages\/23241\/revisions"}],"predecessor-version":[{"id":24669,"href":"https:\/\/agora.xtec.cat\/insdespuig\/wp-json\/wp\/v2\/pages\/23241\/revisions\/24669"}],"up":[{"embeddable":true,"href":"https:\/\/agora.xtec.cat\/insdespuig\/wp-json\/wp\/v2\/pages\/5227"}],"wp:attachment":[{"href":"https:\/\/agora.xtec.cat\/insdespuig\/wp-json\/wp\/v2\/media?parent=23241"}],"curies":[{"name":"wp","href":"https:\/\/api.w.org\/{rel}","templated":true}]}}