{"id":23198,"date":"2024-02-01T11:15:12","date_gmt":"2024-02-01T10:15:12","guid":{"rendered":"https:\/\/agora.xtec.cat\/insdespuig\/?page_id=23198"},"modified":"2026-01-17T16:39:30","modified_gmt":"2026-01-17T15:39:30","slug":"normativa-tdr","status":"publish","type":"page","link":"https:\/\/agora.xtec.cat\/insdespuig\/estudis\/batxillerat\/treball-de-recerca-de-batxillerat\/normativa-tdr\/","title":{"rendered":"NORMATIVA TdR"},"content":{"rendered":"<p>Aqu\u00ed teniu un pdf on consten totes les instruccions relatives al Treball de Recerca.<\/p>\n<p><a href=\"https:\/\/agora.xtec.cat\/insdespuig\/wp-content\/uploads\/usu921\/2026\/01\/dossier-tdr-GUIA-PER-A-LALUMNAT-2.docx-2.pdf\">dossier-tdr-GUIA PER A L&#8217;ALUMNAT (2).docx (2)<\/a><\/p>\n<h2>PLANTILLA DEL TREBALL DE RECERCA<\/h2>\n<p>El centre us proporciona una plantilla que podeu utilitzar per redactar el vostre TdR. Recordeu que l&#8217;heu de descarregar amb Open Office. I fer-vos una c\u00f2pia per a tenir l&#8217;original de refer\u00e8ncia.<\/p>\n<p>Per a accedir a aquesta plantilla heu d&#8217;obrir el vostre compte de l&#8217;institut i anar al DRIVE. El seg\u00fcent pas \u00e9s: clicar on hi ha el + NOU, despr\u00e9s DOCUMENTS DE GOOGLE, DES DE UNA PLANTILLA, i l&#8217;arxiu-plantilla \u00e9s PLANTILLA TdR.<\/p>\n<p><a href=\"https:\/\/agora.xtec.cat\/insdespuig\/wp-content\/uploads\/usu921\/2026\/01\/21-03-22_plantilla-TdR-open-office-1-1-2.odt\">21-03-22_plantilla-TdR-open-office (1) (1) (2)<\/a><\/p>\n<p>&nbsp;<\/p>\n","protected":false},"excerpt":{"rendered":"<p>Aqu\u00ed teniu un pdf on consten totes les instruccions relatives al Treball de Recerca. dossier-tdr-GUIA PER A L&#8217;ALUMNAT (2).docx (2) PLANTILLA DEL TREBALL DE RECERCA El centre us proporciona una plantilla que podeu utilitzar per redactar el vostre TdR. Recordeu que l&#8217;heu de descarregar amb Open Office. I fer-vos una c\u00f2pia per a tenir l&#8217;original [&hellip;]<\/p>\n","protected":false},"author":67,"featured_media":0,"parent":5227,"menu_order":0,"comment_status":"closed","ping_status":"closed","template":"","meta":{"_bbp_topic_count":0,"_bbp_reply_count":0,"_bbp_total_topic_count":0,"_bbp_total_reply_count":0,"_bbp_voice_count":0,"_bbp_anonymous_reply_count":0,"_bbp_topic_count_hidden":0,"_bbp_reply_count_hidden":0,"_bbp_forum_subforum_count":0,"site-sidebar-layout":"default","site-content-layout":"","ast-site-content-layout":"","site-content-style":"default","site-sidebar-style":"default","ast-global-header-display":"","ast-banner-title-visibility":"","ast-main-header-display":"","ast-hfb-above-header-display":"","ast-hfb-below-header-display":"","ast-hfb-mobile-header-display":"","site-post-title":"","ast-breadcrumbs-content":"","ast-featured-img":"","footer-sml-layout":"","theme-transparent-header-meta":"","adv-header-id-meta":"","stick-header-meta":"","header-above-stick-meta":"","header-main-stick-meta":"","header-below-stick-meta":"","astra-migrate-meta-layouts":"default","ast-page-background-enabled":"default","ast-page-background-meta":{"desktop":{"background-color":"var(--ast-global-color-4)","background-image":"","background-repeat":"repeat","background-position":"center center","background-size":"auto","background-attachment":"scroll","background-type":"","background-media":"","overlay-type":"","overlay-color":"","overlay-opacity":"","overlay-gradient":""},"tablet":{"background-color":"","background-image":"","background-repeat":"repeat","background-position":"center center","background-size":"auto","background-attachment":"scroll","background-type":"","background-media":"","overlay-type":"","overlay-color":"","overlay-opacity":"","overlay-gradient":""},"mobile":{"background-color":"","background-image":"","background-repeat":"repeat","background-position":"center center","background-size":"auto","background-attachment":"scroll","background-type":"","background-media":"","overlay-type":"","overlay-color":"","overlay-opacity":"","overlay-gradient":""}},"ast-content-background-meta":{"desktop":{"background-color":"var(--ast-global-color-5)","background-image":"","background-repeat":"repeat","background-position":"center center","background-size":"auto","background-attachment":"scroll","background-type":"","background-media":"","overlay-type":"","overlay-color":"","overlay-opacity":"","overlay-gradient":""},"tablet":{"background-color":"var(--ast-global-color-5)","background-image":"","background-repeat":"repeat","background-position":"center center","background-size":"auto","background-attachment":"scroll","background-type":"","background-media":"","overlay-type":"","overlay-color":"","overlay-opacity":"","overlay-gradient":""},"mobile":{"background-color":"var(--ast-global-color-5)","background-image":"","background-repeat":"repeat","background-position":"center center","background-size":"auto","background-attachment":"scroll","background-type":"","background-media":"","overlay-type":"","overlay-color":"","overlay-opacity":"","overlay-gradient":""}},"footnotes":""},"class_list":["post-23198","page","type-page","status-publish","hentry"],"post_mailing_queue_ids":[],"_links":{"self":[{"href":"https:\/\/agora.xtec.cat\/insdespuig\/wp-json\/wp\/v2\/pages\/23198","targetHints":{"allow":["GET"]}}],"collection":[{"href":"https:\/\/agora.xtec.cat\/insdespuig\/wp-json\/wp\/v2\/pages"}],"about":[{"href":"https:\/\/agora.xtec.cat\/insdespuig\/wp-json\/wp\/v2\/types\/page"}],"author":[{"embeddable":true,"href":"https:\/\/agora.xtec.cat\/insdespuig\/wp-json\/wp\/v2\/users\/67"}],"replies":[{"embeddable":true,"href":"https:\/\/agora.xtec.cat\/insdespuig\/wp-json\/wp\/v2\/comments?post=23198"}],"version-history":[{"count":6,"href":"https:\/\/agora.xtec.cat\/insdespuig\/wp-json\/wp\/v2\/pages\/23198\/revisions"}],"predecessor-version":[{"id":25398,"href":"https:\/\/agora.xtec.cat\/insdespuig\/wp-json\/wp\/v2\/pages\/23198\/revisions\/25398"}],"up":[{"embeddable":true,"href":"https:\/\/agora.xtec.cat\/insdespuig\/wp-json\/wp\/v2\/pages\/5227"}],"wp:attachment":[{"href":"https:\/\/agora.xtec.cat\/insdespuig\/wp-json\/wp\/v2\/media?parent=23198"}],"curies":[{"name":"wp","href":"https:\/\/api.w.org\/{rel}","templated":true}]}}