{"id":22562,"date":"2023-10-27T00:08:34","date_gmt":"2023-10-26T22:08:34","guid":{"rendered":"https:\/\/agora.xtec.cat\/insdespuig\/?page_id=22562"},"modified":"2023-10-27T00:08:34","modified_gmt":"2023-10-26T22:08:34","slug":"criteris-davaluacio-anys-anteriors","status":"publish","type":"page","link":"https:\/\/agora.xtec.cat\/insdespuig\/criteris-davaluacio-anys-anteriors\/","title":{"rendered":"Criteris d&#8217;Avaluaci\u00f3 (anys anteriors)"},"content":{"rendered":"<p><strong>CURS 2022-2023<\/strong><\/p>\n<p><a href=\"https:\/\/agora.xtec.cat\/insdespuig\/wp-content\/uploads\/usu921\/2023\/01\/Criteris-generals-de-centre_2022-2023.docx-Documents-de-Google-1.pdf\" target=\"_blank\" rel=\"noopener\">Criteris generals de centre<\/a><\/p>\n<p>Criteris d&#8217;avaluaci\u00f3 d&#8217;ESO i batxillerat de les mat\u00e8ries i departaments:<\/p>\n<p><a href=\"https:\/\/agora.xtec.cat\/insdespuig\/estudis\/criteris-davaluacio-3\/attachment\/catala_criteris_avaluacio_eso-i-bat-2022-23-docx-documents-de-google\/\" target=\"_blank\" rel=\"attachment noopener wp-att-21161\">Catal\u00e0<\/a><\/p>\n<p><a href=\"https:\/\/agora.xtec.cat\/insdespuig\/wp-content\/uploads\/usu921\/2023\/01\/MATEMATIQUES_Criteris-avaluacio.docx-Documents-de-Google.pdf\" target=\"_blank\" rel=\"noopener\">Matem\u00e0tiques<\/a><\/p>\n<p><a href=\"https:\/\/agora.xtec.cat\/insdespuig\/wp-content\/uploads\/usu921\/2023\/01\/CIENCIES-NATURALS_Criteris_avaluacio_ESO-i-BAT-2022-23.docx-Documents-de-Google.pdf\" target=\"_blank\" rel=\"noopener\">Ci\u00e8ncies Naturals<\/a><\/p>\n<p><a href=\"https:\/\/agora.xtec.cat\/insdespuig\/wp-content\/uploads\/usu921\/2023\/01\/CIENCIES-SOCIALS_Criteris_avaluacio_ESO-i-BAT-2022-23-.docx-Documents-de-Google.pdf\" target=\"_blank\" rel=\"noopener\">Ci\u00e8ncies Socials<\/a><\/p>\n<p><a href=\"https:\/\/agora.xtec.cat\/insdespuig\/wp-content\/uploads\/usu921\/2023\/01\/MU\u0301SICA_Criteris_avaluacio\u0301_ESO_22-23.docx-Documents-de-Google.pdf\" target=\"_blank\" rel=\"noopener\">M\u00fasica<\/a><\/p>\n<p><a href=\"https:\/\/agora.xtec.cat\/insdespuig\/wp-content\/uploads\/usu921\/2023\/01\/TECNO_Criteris-Avaluacio-ESO22_23.docx-Documents-de-Google.pdf\" target=\"_blank\" rel=\"noopener\">Tecnologia (ESO)<\/a><\/p>\n<p><a href=\"https:\/\/agora.xtec.cat\/insdespuig\/wp-content\/uploads\/usu921\/2023\/01\/TECNO_Criteris-Avaluacio-BATX22-23.docx-Documents-de-Google.pdf\" target=\"_blank\" rel=\"noopener\">Tecnologia (Batxillerat)<\/a><\/p>\n<p><a href=\"https:\/\/agora.xtec.cat\/insdespuig\/wp-content\/uploads\/usu921\/2023\/01\/DIBUIX_TE\u0300CNIC_Criteris_avaluacio\u0301_BATX_22-23.docx-Documents-de-Google.pdf\" target=\"_blank\" rel=\"noopener\">Dibuix t\u00e8cnic<\/a><\/p>\n<p><a href=\"https:\/\/agora.xtec.cat\/insdespuig\/wp-content\/uploads\/usu921\/2023\/01\/EVP_Criteris_avaluacio\u0301_ESO_22-23.docx-Documents-de-Google.pdf\" target=\"_blank\" rel=\"noopener\">Educaci\u00f3 Visual i Pl\u00e0stica<\/a><\/p>\n<p><a href=\"https:\/\/agora.xtec.cat\/insdespuig\/wp-content\/uploads\/usu921\/2023\/01\/EF_Criteris-avaluacio.docx-Documents-de-Google.pdf\" target=\"_blank\" rel=\"noopener\">Educaci\u00f3 F\u00edsica<\/a><\/p>\n<p>&nbsp;<\/p>\n<p>&nbsp;<\/p>\n<p>CURS 2021-2022<\/p>\n<p><a href=\"https:\/\/agora.xtec.cat\/insdespuig\/wp-content\/uploads\/usu921\/2021\/10\/Criteris-avaluacio\u0301-centre-2021-2022.pdf\" target=\"_blank\" rel=\"noopener\">Criteris generals de centre<\/a> (curs 2021-2022)<\/p>\n<p><a href=\"https:\/\/agora.xtec.cat\/insdespuig\/wp-content\/uploads\/usu921\/2021\/09\/Criteris-avaluacio\u0301-ESO_2021_2022.pdf\" target=\"_blank\" rel=\"noopener\">Criteris d&#8217;avaluaci\u00f3 d&#8217;ESO<\/a> (curs 2021-2022)<\/p>\n<p><a href=\"https:\/\/agora.xtec.cat\/insdespuig\/wp-content\/uploads\/usu921\/2022\/02\/Criteris-avaluacio-BATXILLERAT_2021_2022.pdf\" target=\"_blank\" rel=\"noopener\">Criteris d&#8217;avaluaci\u00f3 de batxillerat<\/a> (curs 2021-2022)<\/p>\n<p>&nbsp;<\/p>\n<p>CURS 2020-2021<\/p>\n<p><a href=\"https:\/\/agora.xtec.cat\/insdespuig\/wp-content\/uploads\/usu921\/2020\/11\/Criteris-avaluaci\u00f3-centre-2020-2021.pdf\">Criteris generals de centre<\/a> (curs 2020-2021)<\/p>\n<p><a href=\"https:\/\/agora.xtec.cat\/insdespuig\/wp-content\/uploads\/usu921\/2020\/10\/Criteris-avaluacio\u0301-ESO_2020_2021.pdf\">Criteris d&#8217;avaluaci\u00f3 d&#8217;ESO<\/a> (curs 2020-2021)<\/p>\n<p><a href=\"https:\/\/agora.xtec.cat\/insdespuig\/wp-content\/uploads\/usu921\/2021\/02\/Criteris-avaluaci\u00f3-BATXILLERAT_2020_2021.pdf\">Criteris d&#8217;avaluaci\u00f3 de batxillerat<\/a> (curs 2020-2021)<\/p>\n<p>CURS 2019-2020<\/p>\n<p><a href=\"https:\/\/agora.xtec.cat\/insdespuig\/wp-content\/uploads\/usu921\/2019\/10\/Criteris-avaluacio\u0301-centre-2019-2020.pdf\">Criteris generals de centre<\/a> (curs 2019-2020)<\/p>\n<p><a href=\"https:\/\/agora.xtec.cat\/insdespuig\/wp-content\/uploads\/usu921\/2019\/10\/Criteris-avaluacio\u0301-ESO_2019_2020.pdf\">Criteris d&#8217;avaluaci\u00f3 d&#8217;ESO<\/a> (curs 2019-2020)<\/p>\n<p><a href=\"https:\/\/agora.xtec.cat\/insdespuig\/wp-content\/uploads\/usu921\/2019\/10\/Criteris-avaluacio\u0301-BATXILLERAT_2019_2020.pdf\">Criteris d&#8217;avaluaci\u00f3 de batxillerat<\/a> (curs 2019-2020)<\/p>\n<p>CURS 2018-2019<\/p>\n<p><a href=\"http:\/\/agora.xtec.cat\/insdespuig\/wp-content\/uploads\/usu921\/2018\/09\/Criteris_avaluaci_centre_2018-2019.pdf\">Criteris generals de centre<\/a> (curs 2018-2019)<\/p>\n<p><a href=\"http:\/\/agora.xtec.cat\/insdespuig\/wp-content\/uploads\/usu921\/2018\/09\/Criteris-avaluacio-ESO_2018_2019.pdf\">Criteris d&#8217;avaluaci\u00f3 d&#8217;ESO<\/a> (curs 2018-2019)<\/p>\n<p><a href=\"http:\/\/agora.xtec.cat\/insdespuig\/wp-content\/uploads\/usu921\/2018\/09\/Criteris-avaluacio-BATXILLERAT_2018_2019.pdf\">Criteris d&#8217;avaluaci\u00f3 de batxillerat<\/a> (curs 2018-2019)<\/p>\n<p>CURS 2017-2018<\/p>\n<p><a href=\"http:\/\/agora.xtec.cat\/insdespuig\/wp-content\/uploads\/usu921\/2017\/10\/Criteris-avaluacio\u0301-centre-2017-2018.pdf\">Criteris generals de centre<\/a> (curs 2017-2018)<\/p>\n<p><a href=\"http:\/\/agora.xtec.cat\/insdespuig\/wp-content\/uploads\/usu921\/2017\/10\/Criteris-avaluacio\u0301-ESO_2017_2018.pdf\">Criteris d&#8217;avaluaci\u00f3 d&#8217;ESO<\/a> (curs 2017-2018)<\/p>\n<p><a href=\"http:\/\/agora.xtec.cat\/insdespuig\/wp-content\/uploads\/usu921\/2017\/10\/Criteris-avaluacio\u0301-BATXILLERAT_2017_2018.pdf\">Criteris d&#8217;avaluaci\u00f3 de batxillerat<\/a> (curs 2017-2018)<\/p>\n<p>CURS 2016-2017<\/p>\n<p><a href=\"https:\/\/drive.google.com\/file\/d\/0B31949kFQ80gbXR0eHltNk44MTQ\/view?usp=sharing\">Criteris generals de centre<\/a> (curs 2016-2017)<\/p>\n<p><a href=\"https:\/\/drive.google.com\/file\/d\/0B4p3ezan3l6RY21CenhadExCelE\/view?usp=sharing\">Criteris d&#8217;avaluaci\u00f3 d&#8217;ESO<\/a> (curs 2016-2017)<\/p>\n<p><a href=\"https:\/\/drive.google.com\/open?id=0B31949kFQ80gY0NMdU5Cb29UUzQ\">Criteris d&#8217;avaluaci\u00f3 de batxillerat<\/a> (curs 2016-2017)<\/p>\n<p>CURS 2015-2016<\/p>\n<p><a href=\"http:\/\/agora.xtec.cat\/insdespuig\/wp-content\/uploads\/usu921\/2016\/06\/gral15.pdf\">Criteris generals de centre<\/a>\u00a0(curs 2015-2016)<\/p>\n<p><a href=\"http:\/\/agora.xtec.cat\/insdespuig\/wp-content\/uploads\/usu921\/2016\/06\/eso15.pdf\">Criteris d&#8217;avaluaci\u00f3 d&#8217;ESO<\/a>\u00a0(curs 2015-2016)<\/p>\n<p><a href=\"http:\/\/agora.xtec.cat\/insdespuig\/wp-content\/uploads\/usu921\/2016\/06\/batx15.pdf\">Criteris d&#8217;avaluaci\u00f3 de batxillerat<\/a>\u00a0(curs 2015-2016)<\/p>\n<p>CURS 2014-2015<\/p>\n<p><a href=\"http:\/\/agora.xtec.cat\/insdespuig\/wp-content\/uploads\/usu921\/2016\/06\/gral14.pdf\">Criteris generals de centre<\/a>\u00a0(curs 2014-2015)<\/p>\n<p><a href=\"http:\/\/agora.xtec.cat\/insdespuig\/wp-content\/uploads\/usu921\/2016\/06\/eso14.pdf\">Criteris d&#8217;avaluaci\u00f3 d&#8217;ESO<\/a> (curs 2014-2015)<\/p>\n<p><a href=\"http:\/\/agora.xtec.cat\/insdespuig\/wp-content\/uploads\/usu921\/2016\/06\/batx14.pdf\">Criteris d&#8217;avaluaci\u00f3 de batxillerat <\/a>(curs 2014-2015)<\/p>\n<p>CURS 2013-2014<\/p>\n<p><a href=\"http:\/\/agora.xtec.cat\/insdespuig\/wp-content\/uploads\/usu921\/2016\/06\/gral13.pdf\" target=\"_blank\" rel=\"noopener noreferrer\">Criteris generals de centre<\/a> (curs 2013-2014)<\/p>\n<p><a href=\"http:\/\/agora.xtec.cat\/insdespuig\/wp-content\/uploads\/usu921\/2016\/06\/eso13.pdf\" target=\"_blank\" rel=\"noopener noreferrer\">Criteris d&#8217;avaluaci\u00f3 d&#8217;ESO<\/a> (curs 2013-2014)<\/p>\n<p><a href=\"http:\/\/agora.xtec.cat\/insdespuig\/wp-content\/uploads\/usu921\/2016\/06\/batx13.pdf\" target=\"_blank\" rel=\"noopener noreferrer\">Criteris d&#8217;avaluaci\u00f3 de batxillerat<\/a> (curs 2013-2014)<\/p>\n<p>&nbsp;<\/p>\n<p>&nbsp;<\/p>\n","protected":false},"excerpt":{"rendered":"<p>CURS 2022-2023 Criteris generals de centre Criteris d&#8217;avaluaci\u00f3 d&#8217;ESO i batxillerat de les mat\u00e8ries i departaments: Catal\u00e0 Matem\u00e0tiques Ci\u00e8ncies Naturals Ci\u00e8ncies Socials M\u00fasica Tecnologia (ESO) Tecnologia (Batxillerat) Dibuix t\u00e8cnic Educaci\u00f3 Visual i Pl\u00e0stica Educaci\u00f3 F\u00edsica &nbsp; &nbsp; CURS 2021-2022 Criteris generals de centre (curs 2021-2022) Criteris d&#8217;avaluaci\u00f3 d&#8217;ESO (curs 2021-2022) Criteris d&#8217;avaluaci\u00f3 de batxillerat (curs [&hellip;]<\/p>\n","protected":false},"author":54,"featured_media":0,"parent":0,"menu_order":0,"comment_status":"closed","ping_status":"closed","template":"","meta":{"_bbp_topic_count":0,"_bbp_reply_count":0,"_bbp_total_topic_count":0,"_bbp_total_reply_count":0,"_bbp_voice_count":0,"_bbp_anonymous_reply_count":0,"_bbp_topic_count_hidden":0,"_bbp_reply_count_hidden":0,"_bbp_forum_subforum_count":0,"site-sidebar-layout":"default","site-content-layout":"","ast-site-content-layout":"","site-content-style":"default","site-sidebar-style":"default","ast-global-header-display":"","ast-banner-title-visibility":"","ast-main-header-display":"","ast-hfb-above-header-display":"","ast-hfb-below-header-display":"","ast-hfb-mobile-header-display":"","site-post-title":"","ast-breadcrumbs-content":"","ast-featured-img":"","footer-sml-layout":"","theme-transparent-header-meta":"","adv-header-id-meta":"","stick-header-meta":"","header-above-stick-meta":"","header-main-stick-meta":"","header-below-stick-meta":"","astra-migrate-meta-layouts":"default","ast-page-background-enabled":"default","ast-page-background-meta":{"desktop":{"background-color":"var(--ast-global-color-4)","background-image":"","background-repeat":"repeat","background-position":"center center","background-size":"auto","background-attachment":"scroll","background-type":"","background-media":"","overlay-type":"","overlay-color":"","overlay-opacity":"","overlay-gradient":""},"tablet":{"background-color":"","background-image":"","background-repeat":"repeat","background-position":"center center","background-size":"auto","background-attachment":"scroll","background-type":"","background-media":"","overlay-type":"","overlay-color":"","overlay-opacity":"","overlay-gradient":""},"mobile":{"background-color":"","background-image":"","background-repeat":"repeat","background-position":"center center","background-size":"auto","background-attachment":"scroll","background-type":"","background-media":"","overlay-type":"","overlay-color":"","overlay-opacity":"","overlay-gradient":""}},"ast-content-background-meta":{"desktop":{"background-color":"var(--ast-global-color-5)","background-image":"","background-repeat":"repeat","background-position":"center center","background-size":"auto","background-attachment":"scroll","background-type":"","background-media":"","overlay-type":"","overlay-color":"","overlay-opacity":"","overlay-gradient":""},"tablet":{"background-color":"var(--ast-global-color-5)","background-image":"","background-repeat":"repeat","background-position":"center center","background-size":"auto","background-attachment":"scroll","background-type":"","background-media":"","overlay-type":"","overlay-color":"","overlay-opacity":"","overlay-gradient":""},"mobile":{"background-color":"var(--ast-global-color-5)","background-image":"","background-repeat":"repeat","background-position":"center center","background-size":"auto","background-attachment":"scroll","background-type":"","background-media":"","overlay-type":"","overlay-color":"","overlay-opacity":"","overlay-gradient":""}},"footnotes":""},"class_list":["post-22562","page","type-page","status-publish","hentry"],"post_mailing_queue_ids":[],"_links":{"self":[{"href":"https:\/\/agora.xtec.cat\/insdespuig\/wp-json\/wp\/v2\/pages\/22562","targetHints":{"allow":["GET"]}}],"collection":[{"href":"https:\/\/agora.xtec.cat\/insdespuig\/wp-json\/wp\/v2\/pages"}],"about":[{"href":"https:\/\/agora.xtec.cat\/insdespuig\/wp-json\/wp\/v2\/types\/page"}],"author":[{"embeddable":true,"href":"https:\/\/agora.xtec.cat\/insdespuig\/wp-json\/wp\/v2\/users\/54"}],"replies":[{"embeddable":true,"href":"https:\/\/agora.xtec.cat\/insdespuig\/wp-json\/wp\/v2\/comments?post=22562"}],"version-history":[{"count":1,"href":"https:\/\/agora.xtec.cat\/insdespuig\/wp-json\/wp\/v2\/pages\/22562\/revisions"}],"predecessor-version":[{"id":22563,"href":"https:\/\/agora.xtec.cat\/insdespuig\/wp-json\/wp\/v2\/pages\/22562\/revisions\/22563"}],"wp:attachment":[{"href":"https:\/\/agora.xtec.cat\/insdespuig\/wp-json\/wp\/v2\/media?parent=22562"}],"curies":[{"name":"wp","href":"https:\/\/api.w.org\/{rel}","templated":true}]}}