{"id":22034,"date":"2023-06-09T15:35:57","date_gmt":"2023-06-09T13:35:57","guid":{"rendered":"https:\/\/agora.xtec.cat\/insdespuig\/?page_id=22034"},"modified":"2023-06-14T13:42:31","modified_gmt":"2023-06-14T11:42:31","slug":"portals-digitals-i-comunicacio-ped","status":"publish","type":"page","link":"https:\/\/agora.xtec.cat\/insdespuig\/linstitut\/documentacio-centre\/estrategia-digital-de-centre\/cultura-digital\/portals-digitals-i-comunicacio-ped\/","title":{"rendered":"Portals digitals i comunicaci\u00f3 EDC"},"content":{"rendered":"<header class=\"entry-header\">\n<h1 class=\"entry-title\"><\/h1>\n<\/header>\n<div class=\"entry-content\">\n<p>L\u2019Equip de treball de comunicaci\u00f3 est\u00e0 integrat i forma part de la comissi\u00f3 d\u2019estrat\u00e8gia\u00a0digital i queda recollida en el document d\u2019estrat\u00e8gia digital de centre com a comissi\u00f3\u00a0adjunta.<a href=\"https:\/\/agora.xtec.cat\/ieelperello\/wp-content\/uploads\/usu1951\/2022\/09\/alumnes3.png\"><img loading=\"lazy\" decoding=\"async\" class=\" wp-image-3354 alignright\" src=\"https:\/\/agora.xtec.cat\/ieelperello\/wp-content\/uploads\/usu1951\/2022\/09\/alumnes3.png\" sizes=\"auto, (max-width: 399px) 100vw, 399px\" srcset=\"https:\/\/agora.xtec.cat\/ieelperello\/wp-content\/uploads\/usu1951\/2022\/09\/alumnes3.png 370w, https:\/\/agora.xtec.cat\/ieelperello\/wp-content\/uploads\/usu1951\/2022\/09\/alumnes3-300x300.png 300w, https:\/\/agora.xtec.cat\/ieelperello\/wp-content\/uploads\/usu1951\/2022\/09\/alumnes3-150x150.png 150w\" alt=\"\" width=\"399\" height=\"399\" \/><\/a><\/p>\n<p>Aquesta est\u00e0 conformada per:<\/p>\n<ul>\n<li aria-level=\"1\">Les i els membres de l\u2019Equip Directiu.<\/li>\n<li aria-level=\"1\">Les i els membres de la comissi\u00f3 d\u2019estrat\u00e8gia digital encarregades de l\u2019\u00e0mbit de\u00a0comunicaci\u00f3 i projecci\u00f3 del centre.<\/li>\n<li aria-level=\"1\">Les i els coordinadors de comunitat.<\/li>\n<li aria-level=\"1\">Administratives del centre.<\/li>\n<\/ul>\n<p>La comissi\u00f3 de comunicaci\u00f3 es reunir\u00e0 sempre que ho consideri oport\u00fa amb un m\u00ednim\u00a0de dos reunions, una a l\u2019inici del curs escolar i l\u2019altra al finalitzar-lo.\u00a0Es realitzar\u00e0 una acta de cadascuna de les trobades.<\/p>\n<p><b>PORTAL WEB<\/b><\/p>\n<p>El centre disposa d\u2019un web amb la informaci\u00f3 p\u00fablica. S\u2019hi poden trobar informacions est\u00e0tiques que es revisen peri\u00f2dicament (documentaci\u00f3, claustre, dates del curs, etc.) i articles din\u00e0mics sobre el que va succeint al centre dia a dia.<\/p>\n<p>Aquest web est\u00e0 realitzat aprofitant el servei nodes que ofereix el Departament d\u2019Educaci\u00f3.<\/p>\n<p>Per penjar not\u00edcies al web necessitem dos elements: una o dues fotografies i el text de la not\u00edcia. Aquesta informaci\u00f3 ser\u00e0 enviada a la responsable del portal web. Les publicacions al Web en portada tamb\u00e9 es publiquen al Telegram.<\/p>\n<p>A la barra lateral esquerra s\u2019hi poden trobar els hipervincles per accedir directament als enlla\u00e7os d\u2019inter\u00e9s.<\/p>\n<p>Totes les imatges publicades tenen signades els drets d\u2019imatge i\/o consentiment de les persones que surten a les mateixes i dels seus tutors legals.<\/p>\n<p><b>XARXES SOCIALS<\/b><\/p>\n<p>El centre disposa d\u2019un compte d\u2019Instagram\u00a0<a href=\"https:\/\/www.instagram.com\/insdespuig\/\">@insdespuig<\/a>\u00a0on publicar el dia a dia del centre. Per tant es mostra com una eina molt din\u00e0mica i viva, on publicarem resultats d\u2019activitats, sortides, xerrades, tallers\u2026 de tota la comunitat educativa.<\/p>\n<p>Per penjar not\u00edcies, v\u00eddeos o storis necessitarem les imatges i un text de refer\u00e8ncia. Aquesta informaci\u00f3 ser\u00e0 enviada als responsables de portar les xarxes, un per prim\u00e0ria i altre per secund\u00e0ria. Les publicacions es faran per nivell\/grup i com a m\u00ednim tots tindran una publicaci\u00f3 trimestral.<\/p>\n<p>Cada not\u00edcia publicada al web del centre es replica de forma autom\u00e0tica al canal de Telegram del centre.<\/p>\n<p>Totes les imatges publicades tenen signades els drets d\u2019imatge i\/o consentiment de les persones que surten a les mateixes i dels seus tutors legals. Les\u00a0publicacions no es publicaran en temps real, ni geocalitzables. L\u2019alumnat no sortir\u00e0 de forma reconeixible potenciant les seves accions i activitats pedag\u00f2giques.<\/p>\n<p>Les imatges\/v\u00eddeos realitzades per les fam\u00edlies en actes i festes del centre educatiu han de tenir un \u00fas dom\u00e8stic i no podran ser publicades a cap xarxa social, ni plataforma digital o anal\u00f2gica.<\/p>\n<p><b>COMUNICACI\u00d3 AMB LES FAM\u00cdLIES\u00a0<\/b><\/p>\n<p>Totes les informacions amb les fam\u00edlies es realitzaran per:<\/p>\n<ul>\n<li aria-level=\"1\">Canal unidireccional de Telegram: <a href=\"https:\/\/t.me\/inscristofoldespuig\">insdespuig<\/a><\/li>\n<li aria-level=\"1\">La plataforma\u00a0<a href=\"https:\/\/www.ieduca.com\/\">d\u2019IEduca<\/a>\u00a0es un canal de comunicaci\u00f3 entre el professorat i les fam\u00edlies del grup classe pel que fa a les faltes d\u2019assist\u00e8ncia, retards, incid\u00e8ncies entre altres. La justificaci\u00f3 de faltes d\u2019assist\u00e8ncia tamb\u00e9 es far\u00e0 per aquest canal. En el cas de lliurar els informes d\u2019avaluaci\u00f3 mitjan\u00e7ant aquesta plataforma cal que les fam\u00edlies comuniquin als tutors que els han rebut.<\/li>\n<li aria-level=\"1\">El professorat responsable d\u2019alguna sortida ser\u00e0 l\u2019encarregat de comunicar als docents acompanyants, les fam\u00edlies i a l\u2019alumnat quina ser\u00e0 la normativa, materials que necessiten, menjars, compres, \u00fas de m\u00f2bils\u2026<\/li>\n<li aria-level=\"1\">Qualsevol comunicaci\u00f3 autom\u00e0tica generada per la plataforma IEduca, no es pot contestar. Sempre cal fer-ho des de la mateixa plataforma. Aqu\u00ed us enllacem una\u00a0petita guia amb els usos b\u00e0sics de la plataforma IEduca.<\/li>\n<\/ul>\n<p><a href=\"http:\/\/iframe%20src%3Dhttps\/\/drive.google.com\/file\/d\/1NqKRP40u1jrVNbebauelz_3u2V-zctP3\/preview%20width=640%20height=480%20allow=autoplay\/iframe\"><iframe loading=\"lazy\" src=\"https:\/\/drive.google.com\/file\/d\/1NqKRP40u1jrVNbebauelz_3u2V-zctP3\/preview\" width=\"640\" height=\"480\" data-mce-fragment=\"1\"><\/iframe><\/a><\/p>\n<ul>\n<li aria-level=\"1\">El tel\u00e8fon del centre es far\u00e0 servir per a emerg\u00e8ncies i comunicacions directes sempre i quan no sigui possible contactar amb les fam\u00edlies amb els altres canals de comunicaci\u00f3. Es trucar\u00e0 als tel\u00e8fons indicats per la fam\u00edlia en els fulls de renovaci\u00f3 de matr\u00edcula i els tel\u00e8fons que consten a la plataforma IEduca.<\/li>\n<li aria-level=\"1\">La comunicaci\u00f3 presencial sempre ser\u00e0 amb cita pr\u00e8via, dintre de l\u2019horari assignat a les tutories del grup classe.<\/li>\n<li aria-level=\"1\">Es publicaran infografies per comunicar-se amb la comunitat educativa pels canals digitals.<\/li>\n<\/ul>\n<\/div>\n","protected":false},"excerpt":{"rendered":"<p>L\u2019Equip de treball de comunicaci\u00f3 est\u00e0 integrat i forma part de la comissi\u00f3 d\u2019estrat\u00e8gia\u00a0digital i queda recollida en el document d\u2019estrat\u00e8gia digital de centre com a comissi\u00f3\u00a0adjunta. Aquesta est\u00e0 conformada per: Les i els membres de l\u2019Equip Directiu. Les i els membres de la comissi\u00f3 d\u2019estrat\u00e8gia digital encarregades de l\u2019\u00e0mbit de\u00a0comunicaci\u00f3 i projecci\u00f3 del centre. [&hellip;]<\/p>\n","protected":false},"author":1,"featured_media":0,"parent":21958,"menu_order":2,"comment_status":"closed","ping_status":"closed","template":"page-templates\/side-menu.php","meta":{"_bbp_topic_count":0,"_bbp_reply_count":0,"_bbp_total_topic_count":0,"_bbp_total_reply_count":0,"_bbp_voice_count":0,"_bbp_anonymous_reply_count":0,"_bbp_topic_count_hidden":0,"_bbp_reply_count_hidden":0,"_bbp_forum_subforum_count":0,"site-sidebar-layout":"default","site-content-layout":"","ast-site-content-layout":"","site-content-style":"default","site-sidebar-style":"default","ast-global-header-display":"","ast-banner-title-visibility":"","ast-main-header-display":"","ast-hfb-above-header-display":"","ast-hfb-below-header-display":"","ast-hfb-mobile-header-display":"","site-post-title":"","ast-breadcrumbs-content":"","ast-featured-img":"","footer-sml-layout":"","theme-transparent-header-meta":"","adv-header-id-meta":"","stick-header-meta":"","header-above-stick-meta":"","header-main-stick-meta":"","header-below-stick-meta":"","astra-migrate-meta-layouts":"default","ast-page-background-enabled":"default","ast-page-background-meta":{"desktop":{"background-color":"var(--ast-global-color-4)","background-image":"","background-repeat":"repeat","background-position":"center center","background-size":"auto","background-attachment":"scroll","background-type":"","background-media":"","overlay-type":"","overlay-color":"","overlay-opacity":"","overlay-gradient":""},"tablet":{"background-color":"","background-image":"","background-repeat":"repeat","background-position":"center center","background-size":"auto","background-attachment":"scroll","background-type":"","background-media":"","overlay-type":"","overlay-color":"","overlay-opacity":"","overlay-gradient":""},"mobile":{"background-color":"","background-image":"","background-repeat":"repeat","background-position":"center center","background-size":"auto","background-attachment":"scroll","background-type":"","background-media":"","overlay-type":"","overlay-color":"","overlay-opacity":"","overlay-gradient":""}},"ast-content-background-meta":{"desktop":{"background-color":"var(--ast-global-color-5)","background-image":"","background-repeat":"repeat","background-position":"center center","background-size":"auto","background-attachment":"scroll","background-type":"","background-media":"","overlay-type":"","overlay-color":"","overlay-opacity":"","overlay-gradient":""},"tablet":{"background-color":"var(--ast-global-color-5)","background-image":"","background-repeat":"repeat","background-position":"center center","background-size":"auto","background-attachment":"scroll","background-type":"","background-media":"","overlay-type":"","overlay-color":"","overlay-opacity":"","overlay-gradient":""},"mobile":{"background-color":"var(--ast-global-color-5)","background-image":"","background-repeat":"repeat","background-position":"center center","background-size":"auto","background-attachment":"scroll","background-type":"","background-media":"","overlay-type":"","overlay-color":"","overlay-opacity":"","overlay-gradient":""}},"footnotes":""},"class_list":["post-22034","page","type-page","status-publish","hentry"],"post_mailing_queue_ids":[],"_links":{"self":[{"href":"https:\/\/agora.xtec.cat\/insdespuig\/wp-json\/wp\/v2\/pages\/22034","targetHints":{"allow":["GET"]}}],"collection":[{"href":"https:\/\/agora.xtec.cat\/insdespuig\/wp-json\/wp\/v2\/pages"}],"about":[{"href":"https:\/\/agora.xtec.cat\/insdespuig\/wp-json\/wp\/v2\/types\/page"}],"author":[{"embeddable":true,"href":"https:\/\/agora.xtec.cat\/insdespuig\/wp-json\/wp\/v2\/users\/1"}],"replies":[{"embeddable":true,"href":"https:\/\/agora.xtec.cat\/insdespuig\/wp-json\/wp\/v2\/comments?post=22034"}],"version-history":[{"count":3,"href":"https:\/\/agora.xtec.cat\/insdespuig\/wp-json\/wp\/v2\/pages\/22034\/revisions"}],"predecessor-version":[{"id":22240,"href":"https:\/\/agora.xtec.cat\/insdespuig\/wp-json\/wp\/v2\/pages\/22034\/revisions\/22240"}],"up":[{"embeddable":true,"href":"https:\/\/agora.xtec.cat\/insdespuig\/wp-json\/wp\/v2\/pages\/21958"}],"wp:attachment":[{"href":"https:\/\/agora.xtec.cat\/insdespuig\/wp-json\/wp\/v2\/media?parent=22034"}],"curies":[{"name":"wp","href":"https:\/\/api.w.org\/{rel}","templated":true}]}}