{"id":21958,"date":"2023-05-25T19:23:05","date_gmt":"2023-05-25T17:23:05","guid":{"rendered":"https:\/\/agora.xtec.cat\/insdespuig\/?page_id=21958"},"modified":"2024-05-04T20:32:09","modified_gmt":"2024-05-04T18:32:09","slug":"cultura-digital","status":"publish","type":"page","link":"https:\/\/agora.xtec.cat\/insdespuig\/linstitut\/documentacio-centre\/estrategia-digital-de-centre\/cultura-digital\/","title":{"rendered":"Cultura digital"},"content":{"rendered":"<p>La transformaci\u00f3 digital de centre s\u2019ent\u00e9n com un proc\u00e9s global i sist\u00e8mic on tecnologia i metodologia es van retroalimentant. En aquest apartat trobareu tots els documents que hem desenvolupat per afavorir aquest proc\u00e9s de transformaci\u00f3:<\/p>\n<ul>\n<li><a href=\"https:\/\/agora.xtec.cat\/insdespuig\/linstitut\/documentacio-centre\/documents-normatius-de-centre\/pla-de-comunicacio\/pla-de-comunicacio\/\">Pla de Comunicaci\u00f3<\/a><\/li>\n<li>Descripci\u00f3 de serveis<\/li>\n<li><a href=\"https:\/\/agora.xtec.cat\/insdespuig\/linstitut\/documentacio-centre\/estrategia-digital-de-centre\/cultura-digital\/acords-de-claustre-i-consell-escolar\/\" target=\"_blank\" rel=\"noopener\">Acords de claustre i consell escolar<\/a><\/li>\n<li><a href=\"https:\/\/agora.xtec.cat\/insdespuig\/linstitut\/documentacio-centre\/cultura-digital\/acolliment-digital\/\">Acolliment digital (alumnat, fam\u00edlies i docents)<\/a><\/li>\n<li>Desplegament de les compet\u00e8ncies<\/li>\n<li><a href=\"https:\/\/agora.xtec.cat\/insdespuig\/linstitut\/documentacio-centre\/estrategia-digital-de-centre\/cultura-digital\/portals-digitals-i-comunicacio-ped\/\">Portals Digitals i Xarxes Socials<\/a><\/li>\n<li>Resum de l&#8217;EDC<\/li>\n<\/ul>\n","protected":false},"excerpt":{"rendered":"<p>La transformaci\u00f3 digital de centre s\u2019ent\u00e9n com un proc\u00e9s global i sist\u00e8mic on tecnologia i metodologia es van retroalimentant. En aquest apartat trobareu tots els documents que hem desenvolupat per afavorir aquest proc\u00e9s de transformaci\u00f3:<\/p>\n<ul>\n<li><a href=\"https:\/\/agora.xtec.cat\/insdespuig\/linstitut\/documentacio-centre\/documents-normatius-de-centre\/pla-de-comunicacio\/pla-de-comunicacio\/\">Pla de Comunicaci\u00f3<\/a><\/li>\n<li>Descripci\u00f3 de serveis<\/li>\n<li><a href=\"https:\/\/agora.xtec.cat\/insdespuig\/linstitut\/documentacio-centre\/estrategia-digital-de-centre\/cultura-digital\/acords-de-claustre-i-consell-escolar\/\" target=\"_blank\" rel=\"noopener\">Acords de claustre&hellip;  <a href=\"https:\/\/agora.xtec.cat\/insdespuig\/linstitut\/documentacio-centre\/estrategia-digital-de-centre\/cultura-digital\/\" title=\"Read Cultura digital\">Llegeix m\u00e9s\u00bb<\/a><br \/>\n","protected":false},"author":1,"featured_media":0,"parent":21668,"menu_order":5,"comment_status":"closed","ping_status":"closed","template":"page-templates\/side-menu.php","meta":{"_bbp_topic_count":0,"_bbp_reply_count":0,"_bbp_total_topic_count":0,"_bbp_total_reply_count":0,"_bbp_voice_count":0,"_bbp_anonymous_reply_count":0,"_bbp_topic_count_hidden":0,"_bbp_reply_count_hidden":0,"_bbp_forum_subforum_count":0,"footnotes":""},"class_list":["post-21958","page","type-page","status-publish","hentry"],"post_mailing_queue_ids":[],"_links":{"self":[{"href":"https:\/\/agora.xtec.cat\/insdespuig\/wp-json\/wp\/v2\/pages\/21958","targetHints":{"allow":["GET"]}}],"collection":[{"href":"https:\/\/agora.xtec.cat\/insdespuig\/wp-json\/wp\/v2\/pages"}],"about":[{"href":"https:\/\/agora.xtec.cat\/insdespuig\/wp-json\/wp\/v2\/types\/page"}],"author":[{"embeddable":true,"href":"https:\/\/agora.xtec.cat\/insdespuig\/wp-json\/wp\/v2\/users\/1"}],"replies":[{"embeddable":true,"href":"https:\/\/agora.xtec.cat\/insdespuig\/wp-json\/wp\/v2\/comments?post=21958"}],"version-history":[{"count":4,"href":"https:\/\/agora.xtec.cat\/insdespuig\/wp-json\/wp\/v2\/pages\/21958\/revisions"}],"predecessor-version":[{"id":23823,"href":"https:\/\/agora.xtec.cat\/insdespuig\/wp-json\/wp\/v2\/pages\/21958\/revisions\/23823"}],"up":[{"embeddable":true,"href":"https:\/\/agora.xtec.cat\/insdespuig\/wp-json\/wp\/v2\/pages\/21668"}],"wp:attachment":[{"href":"https:\/\/agora.xtec.cat\/insdespuig\/wp-json\/wp\/v2\/media?parent=21958"}],"curies":[{"name":"wp","href":"https:\/\/api.w.org\/{rel}","templated":true}]}}