{"id":16534,"date":"2020-09-27T21:21:28","date_gmt":"2020-09-27T19:21:28","guid":{"rendered":"http:\/\/agora.xtec.cat\/insdespuig\/?page_id=16534"},"modified":"2020-09-30T21:17:20","modified_gmt":"2020-09-30T19:17:20","slug":"tutorials-dacces-al-correu-i-altres","status":"publish","type":"page","link":"https:\/\/agora.xtec.cat\/insdespuig\/alumnat\/orientacions\/tutorials-dacces-al-correu-i-altres\/","title":{"rendered":"Tutorials d&#8217;acc\u00e9s al correu i altres"},"content":{"rendered":"<p>Aqu\u00ed teniu tutorials elaborats pel coord. d&#8217;Inform\u00e0tica de l&#8217;institut que us ajudaran a accedir a una videoconfer\u00e8ncia amb <strong>Meet<\/strong> i accedir organitzar el correu corporatiu del centre <strong>Gmail<\/strong>, l&#8217;allotjament d&#8217;arxius <strong>Drive<\/strong> i l&#8217;entorn virtual d&#8217;aprenentatge\u00a0<strong>Classroom<\/strong>.<\/p>\n<p><a href=\"https:\/\/youtu.be\/w81OZ5IUEN0\">Acc\u00e9s al correu corporatiu<\/a><\/p>\n<div class=\"ast-oembed-container \" style=\"height: 100%;\"><iframe loading=\"lazy\" title=\"Correu insdespuig.cat\" width=\"500\" height=\"281\" src=\"https:\/\/www.youtube.com\/embed\/w81OZ5IUEN0?feature=oembed\" frameborder=\"0\" allow=\"accelerometer; autoplay; clipboard-write; encrypted-media; gyroscope; picture-in-picture; web-share\" referrerpolicy=\"strict-origin-when-cross-origin\" allowfullscreen><\/iframe><\/div>\n<p><a href=\"https:\/\/youtu.be\/-hYAvyxtUSs\">Acc\u00e9s i organitzar al Drive<\/a><\/p>\n<div class=\"ast-oembed-container \" style=\"height: 100%;\"><iframe loading=\"lazy\" title=\"El drive\" width=\"500\" height=\"281\" src=\"https:\/\/www.youtube.com\/embed\/-hYAvyxtUSs?feature=oembed\" frameborder=\"0\" allow=\"accelerometer; autoplay; clipboard-write; encrypted-media; gyroscope; picture-in-picture; web-share\" referrerpolicy=\"strict-origin-when-cross-origin\" allowfullscreen><\/iframe><\/div>\n<p><a href=\"https:\/\/youtu.be\/G1bbT1t923I\">Acc\u00e9s a les activitats del Classroom<\/a><\/p>\n<div class=\"ast-oembed-container \" style=\"height: 100%;\"><iframe loading=\"lazy\" title=\"El classroom\" width=\"500\" height=\"281\" src=\"https:\/\/www.youtube.com\/embed\/G1bbT1t923I?feature=oembed\" frameborder=\"0\" allow=\"accelerometer; autoplay; clipboard-write; encrypted-media; gyroscope; picture-in-picture; web-share\" referrerpolicy=\"strict-origin-when-cross-origin\" allowfullscreen><\/iframe><\/div>\n<p><a href=\"https:\/\/youtu.be\/kFWnnQTmoGI\">Acc\u00e9s a la classe per videoconfer\u00e8ncia amb el Meet<\/a><\/p>\n<div class=\"ast-oembed-container \" style=\"height: 100%;\"><iframe loading=\"lazy\" title=\"Alumnes- Classes amb el MEET\" width=\"500\" height=\"281\" src=\"https:\/\/www.youtube.com\/embed\/kFWnnQTmoGI?feature=oembed\" frameborder=\"0\" allow=\"accelerometer; autoplay; clipboard-write; encrypted-media; gyroscope; picture-in-picture; web-share\" referrerpolicy=\"strict-origin-when-cross-origin\" allowfullscreen><\/iframe><\/div>\n","protected":false},"excerpt":{"rendered":"<p>Aqu\u00ed teniu tutorials elaborats pel coord. d&#8217;Inform\u00e0tica de l&#8217;institut que us ajudaran a accedir a una videoconfer\u00e8ncia amb Meet i accedir organitzar el correu corporatiu del centre Gmail, l&#8217;allotjament d&#8217;arxius Drive i l&#8217;entorn virtual d&#8217;aprenentatge\u00a0Classroom. Acc\u00e9s al correu corporatiu Acc\u00e9s i organitzar al Drive Acc\u00e9s a les activitats del Classroom Acc\u00e9s a la classe per [&hellip;]<\/p>\n","protected":false},"author":54,"featured_media":0,"parent":4893,"menu_order":0,"comment_status":"closed","ping_status":"closed","template":"page-templates\/side-menu.php","meta":{"_bbp_topic_count":0,"_bbp_reply_count":0,"_bbp_total_topic_count":0,"_bbp_total_reply_count":0,"_bbp_voice_count":0,"_bbp_anonymous_reply_count":0,"_bbp_topic_count_hidden":0,"_bbp_reply_count_hidden":0,"_bbp_forum_subforum_count":0,"site-sidebar-layout":"default","site-content-layout":"","ast-site-content-layout":"","site-content-style":"default","site-sidebar-style":"default","ast-global-header-display":"","ast-banner-title-visibility":"","ast-main-header-display":"","ast-hfb-above-header-display":"","ast-hfb-below-header-display":"","ast-hfb-mobile-header-display":"","site-post-title":"","ast-breadcrumbs-content":"","ast-featured-img":"","footer-sml-layout":"","theme-transparent-header-meta":"","adv-header-id-meta":"","stick-header-meta":"","header-above-stick-meta":"","header-main-stick-meta":"","header-below-stick-meta":"","astra-migrate-meta-layouts":"default","ast-page-background-enabled":"default","ast-page-background-meta":{"desktop":{"background-color":"var(--ast-global-color-4)","background-image":"","background-repeat":"repeat","background-position":"center center","background-size":"auto","background-attachment":"scroll","background-type":"","background-media":"","overlay-type":"","overlay-color":"","overlay-opacity":"","overlay-gradient":""},"tablet":{"background-color":"","background-image":"","background-repeat":"repeat","background-position":"center center","background-size":"auto","background-attachment":"scroll","background-type":"","background-media":"","overlay-type":"","overlay-color":"","overlay-opacity":"","overlay-gradient":""},"mobile":{"background-color":"","background-image":"","background-repeat":"repeat","background-position":"center center","background-size":"auto","background-attachment":"scroll","background-type":"","background-media":"","overlay-type":"","overlay-color":"","overlay-opacity":"","overlay-gradient":""}},"ast-content-background-meta":{"desktop":{"background-color":"var(--ast-global-color-5)","background-image":"","background-repeat":"repeat","background-position":"center center","background-size":"auto","background-attachment":"scroll","background-type":"","background-media":"","overlay-type":"","overlay-color":"","overlay-opacity":"","overlay-gradient":""},"tablet":{"background-color":"var(--ast-global-color-5)","background-image":"","background-repeat":"repeat","background-position":"center center","background-size":"auto","background-attachment":"scroll","background-type":"","background-media":"","overlay-type":"","overlay-color":"","overlay-opacity":"","overlay-gradient":""},"mobile":{"background-color":"var(--ast-global-color-5)","background-image":"","background-repeat":"repeat","background-position":"center center","background-size":"auto","background-attachment":"scroll","background-type":"","background-media":"","overlay-type":"","overlay-color":"","overlay-opacity":"","overlay-gradient":""}},"footnotes":""},"class_list":["post-16534","page","type-page","status-publish","hentry"],"post_mailing_queue_ids":[],"_links":{"self":[{"href":"https:\/\/agora.xtec.cat\/insdespuig\/wp-json\/wp\/v2\/pages\/16534","targetHints":{"allow":["GET"]}}],"collection":[{"href":"https:\/\/agora.xtec.cat\/insdespuig\/wp-json\/wp\/v2\/pages"}],"about":[{"href":"https:\/\/agora.xtec.cat\/insdespuig\/wp-json\/wp\/v2\/types\/page"}],"author":[{"embeddable":true,"href":"https:\/\/agora.xtec.cat\/insdespuig\/wp-json\/wp\/v2\/users\/54"}],"replies":[{"embeddable":true,"href":"https:\/\/agora.xtec.cat\/insdespuig\/wp-json\/wp\/v2\/comments?post=16534"}],"version-history":[{"count":2,"href":"https:\/\/agora.xtec.cat\/insdespuig\/wp-json\/wp\/v2\/pages\/16534\/revisions"}],"predecessor-version":[{"id":16561,"href":"https:\/\/agora.xtec.cat\/insdespuig\/wp-json\/wp\/v2\/pages\/16534\/revisions\/16561"}],"up":[{"embeddable":true,"href":"https:\/\/agora.xtec.cat\/insdespuig\/wp-json\/wp\/v2\/pages\/4893"}],"wp:attachment":[{"href":"https:\/\/agora.xtec.cat\/insdespuig\/wp-json\/wp\/v2\/media?parent=16534"}],"curies":[{"name":"wp","href":"https:\/\/api.w.org\/{rel}","templated":true}]}}