{"id":15250,"date":"2020-01-15T12:39:40","date_gmt":"2020-01-15T11:39:40","guid":{"rendered":"http:\/\/agora.xtec.cat\/insdespuig\/?page_id=15250"},"modified":"2020-09-01T01:21:01","modified_gmt":"2020-08-31T23:21:01","slug":"pla-mobils-edu","status":"publish","type":"page","link":"https:\/\/agora.xtec.cat\/insdespuig\/projectes-dinnovacio\/pla-mobils-edu\/","title":{"rendered":"Pla m\u00f2bils.edu"},"content":{"rendered":"<p><a href=\"http:\/\/agora.xtec.cat\/insdespuig\/mobilsedu\/\"><img loading=\"lazy\" decoding=\"async\" class=\"alignnone wp-image-15249 size-medium\" src=\"https:\/\/agora.xtec.cat\/insdespuig\/wp-content\/uploads\/usu921\/2020\/01\/mobilsedu-300x300.png\" alt=\"\" width=\"300\" height=\"300\" \/><\/a><\/p>\n<p>El nostre institut \u00e9s un dels quatre centres de les Terres de l&#8217;Ebre seleccionats aquest curs per a formar part d&#8217;aquest projecte d&#8217;innovaci\u00f3. Vegeu la <a href=\"https:\/\/agora.xtec.cat\/mobilsedu\/centres\/\">llista<\/a> completa.<\/p>\n<p><a href=\"https:\/\/agora.xtec.cat\/mobilsedu\/pla-mobils-edu\/\">Pla m\u00f2bils.edu<\/a> \u00e9s un pla del Departament d\u2019Educaci\u00f3 que impulsa l\u2019\u00fas de dispositius m\u00f2bils (m\u00f2bils i tauletes) com a tecnologies educatives, integrades en les pr\u00e0ctiques d\u2019aula per adquirir la compet\u00e8ncia digital de l\u2019alumnat i la millora en la resta de compet\u00e8ncies.<\/p>\n<p>El pla vol aprofundir en la potencialitat de les tecnologies digitals al servei de l\u2019aprenentatge i, alhora, donar resposta a la preocupaci\u00f3 social creixent al voltant de l\u2019\u00fas de la tecnologia m\u00f2bil.<\/p>\n<p>Per a estar al dia, seguiu aquest <a href=\"https:\/\/agora.xtec.cat\/mobilsedu\/\">blog<\/a> o descarregueu-vos aquesta <a href=\"https:\/\/agora.xtec.cat\/mobilsedu\/wp-content\/uploads\/usu64\/2019\/06\/m%C3%B2bils.edu-def.pdf\">descripci\u00f3<\/a> completa del pla.<\/p>\n","protected":false},"excerpt":{"rendered":"<p><a href=\"http:\/\/agora.xtec.cat\/insdespuig\/mobilsedu\/\"><\/a><br \/>\nEl nostre institut \u00e9s un dels quatre centres de les Terres de l&#8217;Ebre seleccionats aquest curs per a formar part d&#8217;aquest projecte d&#8217;innovaci\u00f3. Vegeu la <a href=\"https:\/\/agora.xtec.cat\/mobilsedu\/centres\/\">llista<\/a> completa.<br \/>\n<a href=\"https:\/\/agora.xtec.cat\/mobilsedu\/pla-mobils-edu\/\">Pla m\u00f2bils.edu<\/a> \u00e9s un pla del Departament d\u2019Educaci\u00f3 que impulsa l\u2019\u00fas de dispositius m\u00f2bils (m\u00f2bils i&hellip;  <a href=\"https:\/\/agora.xtec.cat\/insdespuig\/projectes-dinnovacio\/pla-mobils-edu\/\" title=\"Read Pla m\u00f2bils.edu\">Llegeix m\u00e9s\u00bb<\/a><\/p>\n","protected":false},"author":54,"featured_media":0,"parent":1126,"menu_order":7,"comment_status":"closed","ping_status":"closed","template":"page-templates\/side-menu.php","meta":{"_bbp_topic_count":0,"_bbp_reply_count":0,"_bbp_total_topic_count":0,"_bbp_total_reply_count":0,"_bbp_voice_count":0,"_bbp_anonymous_reply_count":0,"_bbp_topic_count_hidden":0,"_bbp_reply_count_hidden":0,"_bbp_forum_subforum_count":0,"footnotes":""},"class_list":["post-15250","page","type-page","status-publish","hentry"],"post_mailing_queue_ids":[],"_links":{"self":[{"href":"https:\/\/agora.xtec.cat\/insdespuig\/wp-json\/wp\/v2\/pages\/15250","targetHints":{"allow":["GET"]}}],"collection":[{"href":"https:\/\/agora.xtec.cat\/insdespuig\/wp-json\/wp\/v2\/pages"}],"about":[{"href":"https:\/\/agora.xtec.cat\/insdespuig\/wp-json\/wp\/v2\/types\/page"}],"author":[{"embeddable":true,"href":"https:\/\/agora.xtec.cat\/insdespuig\/wp-json\/wp\/v2\/users\/54"}],"replies":[{"embeddable":true,"href":"https:\/\/agora.xtec.cat\/insdespuig\/wp-json\/wp\/v2\/comments?post=15250"}],"version-history":[{"count":2,"href":"https:\/\/agora.xtec.cat\/insdespuig\/wp-json\/wp\/v2\/pages\/15250\/revisions"}],"predecessor-version":[{"id":16319,"href":"https:\/\/agora.xtec.cat\/insdespuig\/wp-json\/wp\/v2\/pages\/15250\/revisions\/16319"}],"up":[{"embeddable":true,"href":"https:\/\/agora.xtec.cat\/insdespuig\/wp-json\/wp\/v2\/pages\/1126"}],"wp:attachment":[{"href":"https:\/\/agora.xtec.cat\/insdespuig\/wp-json\/wp\/v2\/media?parent=15250"}],"curies":[{"name":"wp","href":"https:\/\/api.w.org\/{rel}","templated":true}]}}