{"id":15204,"date":"2020-01-07T15:36:07","date_gmt":"2020-01-07T14:36:07","guid":{"rendered":"http:\/\/agora.xtec.cat\/insdespuig\/?page_id=15204"},"modified":"2026-01-30T09:42:47","modified_gmt":"2026-01-30T08:42:47","slug":"centre-formador-de-practiques-del-mufps","status":"publish","type":"page","link":"https:\/\/agora.xtec.cat\/insdespuig\/projectes-dinnovacio\/centre-formador-de-practiques-del-mufps\/","title":{"rendered":"Centre formador de pr\u00e0ctiques del MUFPS"},"content":{"rendered":"<p><a href=\"http:\/\/agora.xtec.cat\/insdespuig\/actualitat\/centre-seleccionat-per-a-les-practiques-del-master-de-professorat\/attachment\/centres-formadors-mufps\/\" rel=\"attachment wp-att-15202\"><img loading=\"lazy\" decoding=\"async\" class=\"alignnone size-full wp-image-15202\" src=\"https:\/\/agora.xtec.cat\/insdespuig\/wp-content\/uploads\/usu921\/2020\/01\/centres-formadors-MUFPS.jpg\" alt=\"\" width=\"330\" height=\"314\" srcset=\"https:\/\/agora.xtec.cat\/insdespuig\/wp-content\/uploads\/usu921\/2020\/01\/centres-formadors-MUFPS.jpg 330w, https:\/\/agora.xtec.cat\/insdespuig\/wp-content\/uploads\/usu921\/2020\/01\/centres-formadors-MUFPS-300x285.jpg 300w\" sizes=\"auto, (max-width: 330px) 100vw, 330px\" \/><\/a><\/p>\n<p>Des d&#8217;inici de curs 2019-2020, el nostre institut \u00e9s un dels dos centres de les Terres de l&#8217;Ebre que ha estat seleccionat per fer les <strong>Pr\u00e0ctiques del M\u00e0ster Universitari de Formaci\u00f3 del Professorat d\u2019educaci\u00f3 secund\u00e0ria obligat\u00f2ria i batxillerat, Formaci\u00f3 professional i Ensenyament d\u2019idiomes <\/strong>(MUFPS).<\/p>\n<p>La finalitat d&#8217;aquest <strong>programa d&#8217;innovaci\u00f3<\/strong> \u00e9s millorar i avan\u00e7ar en el model de pr\u00e0ctiques dels estudiants universitaris amb la implicaci\u00f3 directa de la universitat i del centre formador en relaci\u00f3 als aspectes qualitatius que caracteritzen la formaci\u00f3 inicial dels nous docents.<\/p>\n<p>M\u00e9s informaci\u00f3: <a href=\"https:\/\/educacio.gencat.cat\/ca\/arees-actuacio\/professors\/formacio\/practiques-centres\/\">Centres formadors de pr\u00e0ctiques del MUFPS<\/a> (Departament d&#8217;Educaci\u00f3).<\/p>\n<h4><a href=\"https:\/\/agora.xtec.cat\/insdespuig\/wp-content\/uploads\/usu921\/2026\/01\/PLA_ACOLLIDA_MUFPS_2025_2026.pdf\"><strong>PLA D\u2019ACOLLIDA DE L\u2019ALUMNAT EN PR\u00c0CTIQUES DEL MUFPS<\/strong><\/a><\/h4>\n<p>&nbsp;<\/p>\n<p>&nbsp;<\/p>\n<p>&nbsp;<\/p>\n<p><a href=\"https:\/\/agora.xtec.cat\/insdespuig\/wp-content\/uploads\/usu921\/2025\/12\/Plantilla-Pla-daccio-cap-a-centre-formador-de-referencia.pdf\">Plantilla Pla daccio\u0301 cap a centre formador de refere\u0300ncia<\/a><\/p>\n<p><a href=\"https:\/\/agora.xtec.cat\/insdespuig\/wp-content\/uploads\/usu921\/2025\/12\/2_mupfs_seguiment_2023.pdf\">2_mupfs_seguiment_2023<\/a><\/p>\n<p><a href=\"https:\/\/agora.xtec.cat\/insdespuig\/wp-content\/uploads\/usu921\/2025\/12\/CARTA_MOTIVACIO_PROGRAMA_MUFPS_2025_SIGNAT.pdf\">CARTA_MOTIVACI\u00d3_PROGRAMA_MUFPS_2025_SIGNAT<\/a><\/p>\n<p><a href=\"https:\/\/agora.xtec.cat\/insdespuig\/wp-content\/uploads\/usu921\/2025\/12\/INS_CRISTOFOL_DESPUIG_A330_INFORME_MUFPS_250409_SIGNAT_CD-3.pdf\">INS_CRIST\u00d2FOL_DESPUIG_A330_INFORME_MUFPS_250409_SIGNAT_CD (3)<\/a><\/p>\n<p><span style=\"border-radius: 2px; text-indent: 20px; width: auto; padding: 0px 4px 0px 0px; text-align: center; font: bold 11px\/20px 'Helvetica Neue',Helvetica,sans-serif; color: #ffffff; background: #bd081c no-repeat scroll 3px 50% \/ 14px 14px; position: absolute; opacity: 1; z-index: 8675311; display: none; cursor: pointer;\">Save<\/span><\/p>\n","protected":false},"excerpt":{"rendered":"<p>Des d&#8217;inici de curs 2019-2020, el nostre institut \u00e9s un dels dos centres de les Terres de l&#8217;Ebre que ha estat seleccionat per fer les Pr\u00e0ctiques del M\u00e0ster Universitari de Formaci\u00f3 del Professorat d\u2019educaci\u00f3 secund\u00e0ria obligat\u00f2ria i batxillerat, Formaci\u00f3 professional i Ensenyament d\u2019idiomes (MUFPS). La finalitat d&#8217;aquest programa d&#8217;innovaci\u00f3 \u00e9s millorar i avan\u00e7ar en el [&hellip;]<\/p>\n","protected":false},"author":54,"featured_media":0,"parent":1126,"menu_order":6,"comment_status":"closed","ping_status":"closed","template":"page-templates\/side-menu.php","meta":{"_bbp_topic_count":0,"_bbp_reply_count":0,"_bbp_total_topic_count":0,"_bbp_total_reply_count":0,"_bbp_voice_count":0,"_bbp_anonymous_reply_count":0,"_bbp_topic_count_hidden":0,"_bbp_reply_count_hidden":0,"_bbp_forum_subforum_count":0,"site-sidebar-layout":"default","site-content-layout":"","ast-site-content-layout":"","site-content-style":"default","site-sidebar-style":"default","ast-global-header-display":"","ast-banner-title-visibility":"","ast-main-header-display":"","ast-hfb-above-header-display":"","ast-hfb-below-header-display":"","ast-hfb-mobile-header-display":"","site-post-title":"","ast-breadcrumbs-content":"","ast-featured-img":"","footer-sml-layout":"","theme-transparent-header-meta":"","adv-header-id-meta":"","stick-header-meta":"","header-above-stick-meta":"","header-main-stick-meta":"","header-below-stick-meta":"","astra-migrate-meta-layouts":"default","ast-page-background-enabled":"default","ast-page-background-meta":{"desktop":{"background-color":"var(--ast-global-color-4)","background-image":"","background-repeat":"repeat","background-position":"center center","background-size":"auto","background-attachment":"scroll","background-type":"","background-media":"","overlay-type":"","overlay-color":"","overlay-opacity":"","overlay-gradient":""},"tablet":{"background-color":"","background-image":"","background-repeat":"repeat","background-position":"center center","background-size":"auto","background-attachment":"scroll","background-type":"","background-media":"","overlay-type":"","overlay-color":"","overlay-opacity":"","overlay-gradient":""},"mobile":{"background-color":"","background-image":"","background-repeat":"repeat","background-position":"center center","background-size":"auto","background-attachment":"scroll","background-type":"","background-media":"","overlay-type":"","overlay-color":"","overlay-opacity":"","overlay-gradient":""}},"ast-content-background-meta":{"desktop":{"background-color":"var(--ast-global-color-5)","background-image":"","background-repeat":"repeat","background-position":"center center","background-size":"auto","background-attachment":"scroll","background-type":"","background-media":"","overlay-type":"","overlay-color":"","overlay-opacity":"","overlay-gradient":""},"tablet":{"background-color":"var(--ast-global-color-5)","background-image":"","background-repeat":"repeat","background-position":"center center","background-size":"auto","background-attachment":"scroll","background-type":"","background-media":"","overlay-type":"","overlay-color":"","overlay-opacity":"","overlay-gradient":""},"mobile":{"background-color":"var(--ast-global-color-5)","background-image":"","background-repeat":"repeat","background-position":"center center","background-size":"auto","background-attachment":"scroll","background-type":"","background-media":"","overlay-type":"","overlay-color":"","overlay-opacity":"","overlay-gradient":""}},"footnotes":""},"class_list":["post-15204","page","type-page","status-publish","hentry"],"post_mailing_queue_ids":[],"_links":{"self":[{"href":"https:\/\/agora.xtec.cat\/insdespuig\/wp-json\/wp\/v2\/pages\/15204","targetHints":{"allow":["GET"]}}],"collection":[{"href":"https:\/\/agora.xtec.cat\/insdespuig\/wp-json\/wp\/v2\/pages"}],"about":[{"href":"https:\/\/agora.xtec.cat\/insdespuig\/wp-json\/wp\/v2\/types\/page"}],"author":[{"embeddable":true,"href":"https:\/\/agora.xtec.cat\/insdespuig\/wp-json\/wp\/v2\/users\/54"}],"replies":[{"embeddable":true,"href":"https:\/\/agora.xtec.cat\/insdespuig\/wp-json\/wp\/v2\/comments?post=15204"}],"version-history":[{"count":5,"href":"https:\/\/agora.xtec.cat\/insdespuig\/wp-json\/wp\/v2\/pages\/15204\/revisions"}],"predecessor-version":[{"id":25452,"href":"https:\/\/agora.xtec.cat\/insdespuig\/wp-json\/wp\/v2\/pages\/15204\/revisions\/25452"}],"up":[{"embeddable":true,"href":"https:\/\/agora.xtec.cat\/insdespuig\/wp-json\/wp\/v2\/pages\/1126"}],"wp:attachment":[{"href":"https:\/\/agora.xtec.cat\/insdespuig\/wp-json\/wp\/v2\/media?parent=15204"}],"curies":[{"name":"wp","href":"https:\/\/api.w.org\/{rel}","templated":true}]}}