{"id":1114,"date":"2016-02-13T11:09:45","date_gmt":"2016-02-13T10:09:45","guid":{"rendered":"http:\/\/agora.xtec.cat\/insdespuig\/?page_id=1114"},"modified":"2016-05-25T11:07:13","modified_gmt":"2016-05-25T10:07:13","slug":"departaments","status":"publish","type":"page","link":"https:\/\/agora.xtec.cat\/insdespuig\/professorat\/departaments\/","title":{"rendered":"Departaments"},"content":{"rendered":"<p>L&#8217;institut compta amb onze departaments did\u00e0ctics:<\/p>\n<ul style=\"list-style-type: circle;\">\n<li><a href=\"http:\/\/agora.xtec.cat\/insdespuig\/catala\/\">Catal\u00e0<\/a><\/li>\n<li><a href=\"http:\/\/agora.xtec.cat\/insdespuig\/castella\/\">Castell\u00e0<\/a><\/li>\n<li>Lleng\u00fces estrangeres: <a href=\"http:\/\/agora.xtec.cat\/insdespuig\/angles\/\">Angl\u00e8s<\/a>, <a href=\"http:\/\/agora.xtec.cat\/insdespuig\/frances\/\">Franc\u00e8s<\/a>, <a href=\"http:\/\/agora.xtec.cat\/insdespuig\/alemany\/\">Alemany<\/a>, <a href=\"http:\/\/agora.xtec.cat\/insdespuig\/italia\/\">Itali\u00e0<\/a><\/li>\n<li><a href=\"http:\/\/agora.xtec.cat\/insdespuig\/matematiques\/\">Matem\u00e0tiques<\/a><\/li>\n<li><a href=\"http:\/\/agora.xtec.cat\/insdespuig\/tecnologia\/\">Tecnologia<\/a><\/li>\n<li><a href=\"http:\/\/agora.xtec.cat\/insdespuig\/ciencies-de-la-naturalesa\/\">Ci\u00e8ncies de la naturalesa<\/a>: Biologia, Geologia, F\u00edsica i Qu\u00edmica<\/li>\n<li><a href=\"http:\/\/agora.xtec.cat\/insdespuig\/ciencies-socials\/\">Ci\u00e8ncies socials<\/a>: Geografia i Hist\u00f2ria, Economia, Filosofia, Religi\u00f3, \u00c8tica, <a href=\"http:\/\/agora.xtec.cat\/insdespuig\/cultura-classica\/\">Cultura cl\u00e0ssica<\/a> (Llat\u00ed i Grec)<\/li>\n<li><a href=\"http:\/\/agora.xtec.cat\/insdespuig\/educacio-fisica\/\">Educaci\u00f3 f\u00edsica<\/a><\/li>\n<li><a href=\"http:\/\/agora.xtec.cat\/insdespuig\/educacio-visual-i-plastica\/\">Educaci\u00f3 visual i pl\u00e0stica<\/a><\/li>\n<li><a href=\"http:\/\/agora.xtec.cat\/insdespuig\/musica\/\">M\u00fasica<\/a><\/li>\n<li><a href=\"http:\/\/agora.xtec.cat\/insdespuig\/orientacio\/\">Orientaci\u00f3<\/a><\/li>\n<\/ul>\n<p>&nbsp;<\/p>\n","protected":false},"excerpt":{"rendered":"<p>L&#8217;institut compta amb onze departaments did\u00e0ctics:<\/p>\n<ul style=\"list-style-type: circle;\">\n<li><a href=\"http:\/\/agora.xtec.cat\/insdespuig\/catala\/\">Catal\u00e0<\/a><\/li>\n<li><a href=\"http:\/\/agora.xtec.cat\/insdespuig\/castella\/\">Castell\u00e0<\/a><\/li>\n<li>Lleng\u00fces estrangeres: <a href=\"http:\/\/agora.xtec.cat\/insdespuig\/angles\/\">Angl\u00e8s<\/a>, <a href=\"http:\/\/agora.xtec.cat\/insdespuig\/frances\/\">Franc\u00e8s<\/a>, <a href=\"http:\/\/agora.xtec.cat\/insdespuig\/alemany\/\">Alemany<\/a>, <a href=\"http:\/\/agora.xtec.cat\/insdespuig\/italia\/\">Itali\u00e0<\/a><\/li>\n<li><a href=\"http:\/\/agora.xtec.cat\/insdespuig\/matematiques\/\">Matem\u00e0tiques<\/a><\/li>\n<li><a href=\"http:\/\/agora.xtec.cat\/insdespuig\/tecnologia\/\">Tecnologia<\/a><\/li>\n<li><a href=\"http:\/\/agora.xtec.cat\/insdespuig\/ciencies-de-la-naturalesa\/\">Ci\u00e8ncies de la naturalesa<\/a>: Biologia, Geologia, F\u00edsica i Qu\u00edmica<\/li>\n<li><a href=\"http:\/\/agora.xtec.cat\/insdespuig\/ciencies-socials\/\">Ci\u00e8ncies socials<\/a>: Geografia i Hist\u00f2ria, Economia, Filosofia, Religi\u00f3, \u00c8tica, <a href=\"http:\/\/agora.xtec.cat\/insdespuig\/cultura-classica\/\">Cultura cl\u00e0ssica<\/a> (Llat\u00ed i Grec)<\/li>\n<li><a&hellip;  <a href=\"https:\/\/agora.xtec.cat\/insdespuig\/professorat\/departaments\/\" title=\"Read Departaments\">Llegeix m\u00e9s\u00bb<\/a><br \/>\n","protected":false},"author":1,"featured_media":0,"parent":970,"menu_order":3,"comment_status":"closed","ping_status":"closed","template":"page-templates\/side-menu.php","meta":{"_bbp_topic_count":0,"_bbp_reply_count":0,"_bbp_total_topic_count":0,"_bbp_total_reply_count":0,"_bbp_voice_count":0,"_bbp_anonymous_reply_count":0,"_bbp_topic_count_hidden":0,"_bbp_reply_count_hidden":0,"_bbp_forum_subforum_count":0,"footnotes":""},"class_list":["post-1114","page","type-page","status-publish","hentry"],"post_mailing_queue_ids":[],"_links":{"self":[{"href":"https:\/\/agora.xtec.cat\/insdespuig\/wp-json\/wp\/v2\/pages\/1114","targetHints":{"allow":["GET"]}}],"collection":[{"href":"https:\/\/agora.xtec.cat\/insdespuig\/wp-json\/wp\/v2\/pages"}],"about":[{"href":"https:\/\/agora.xtec.cat\/insdespuig\/wp-json\/wp\/v2\/types\/page"}],"author":[{"embeddable":true,"href":"https:\/\/agora.xtec.cat\/insdespuig\/wp-json\/wp\/v2\/users\/1"}],"replies":[{"embeddable":true,"href":"https:\/\/agora.xtec.cat\/insdespuig\/wp-json\/wp\/v2\/comments?post=1114"}],"version-history":[{"count":3,"href":"https:\/\/agora.xtec.cat\/insdespuig\/wp-json\/wp\/v2\/pages\/1114\/revisions"}],"predecessor-version":[{"id":4439,"href":"https:\/\/agora.xtec.cat\/insdespuig\/wp-json\/wp\/v2\/pages\/1114\/revisions\/4439"}],"up":[{"embeddable":true,"href":"https:\/\/agora.xtec.cat\/insdespuig\/wp-json\/wp\/v2\/pages\/970"}],"wp:attachment":[{"href":"https:\/\/agora.xtec.cat\/insdespuig\/wp-json\/wp\/v2\/media?parent=1114"}],"curies":[{"name":"wp","href":"https:\/\/api.w.org\/{rel}","templated":true}]}}