{"id":10165,"date":"2017-11-14T19:47:39","date_gmt":"2017-11-14T18:47:39","guid":{"rendered":"http:\/\/agora.xtec.cat\/insdespuig\/?page_id=10165"},"modified":"2022-01-02T20:35:31","modified_gmt":"2022-01-02T19:35:31","slug":"neteja","status":"publish","type":"page","link":"https:\/\/agora.xtec.cat\/insdespuig\/serveis\/neteja\/","title":{"rendered":"Neteja"},"content":{"rendered":"<h3><strong>Perfil del contractant\u00a0\u00a0 <a href=\"http:\/\/agora.xtec.cat\/insdespuig\/serveis\/neteja\/attachment\/images-6\/\" rel=\"attachment wp-att-14982\"><img loading=\"lazy\" decoding=\"async\" class=\"alignnone wp-image-14982\" src=\"https:\/\/agora.xtec.cat\/insdespuig\/wp-content\/uploads\/usu921\/2019\/11\/images.png\" alt=\"\" width=\"118\" height=\"118\" srcset=\"https:\/\/agora.xtec.cat\/insdespuig\/wp-content\/uploads\/usu921\/2019\/11\/images.png 225w, https:\/\/agora.xtec.cat\/insdespuig\/wp-content\/uploads\/usu921\/2019\/11\/images-150x150.png 150w\" sizes=\"auto, (max-width: 118px) 100vw, 118px\" \/><\/a><br \/>\n<\/strong><\/h3>\n<p>Us informem que s\u2019ha publicat a la PSCP la licitaci\u00f3 del servei de neteja del centre tal i com podeu comprovar al seg\u00fcent enlla\u00e7:<\/p>\n<p><a href=\"https:\/\/contractaciopublica.gencat.cat\/ecofin_pscp\/AppJava\/awardnotice.pscp?reqCode=viewPcan&amp;idDoc=93563273&amp;lawType=2\">https:\/\/contractaciopublica.gencat.cat\/ecofin_pscp\/AppJava\/awardnotice.pscp?reqCode=viewPcan&amp;idDoc=93563273&amp;lawType=2<\/a><\/p>\n<p><a href=\"https:\/\/agora.xtec.cat\/insdespuig\/wp-content\/uploads\/usu921\/2022\/01\/resolucio_adjudicacio_signat_institut_Cristofol_Despuig.pdf\">Resoluci\u00f3 d&#8217;adjudicaci\u00f3 43011170\/2022\/01<\/a><\/p>\n<p>&nbsp;<\/p>\n<p><a href=\"ttps:\/\/agora.xtec.cat\/insdespuig\/wp-content\/uploads\/usu921\/2022\/01\/contracte_signat.pdf\">Contracte de neteja expedient 43011170\/2022\/01.<\/a><\/p>\n","protected":false},"excerpt":{"rendered":"<p>Perfil del contractant\u00a0\u00a0 <a href=\"http:\/\/agora.xtec.cat\/insdespuig\/serveis\/neteja\/attachment\/images-6\/\" rel=\"attachment wp-att-14982\"><\/a><\/p>\n<p>Us informem que s\u2019ha publicat a la PSCP la licitaci\u00f3 del servei de neteja del centre tal i com podeu comprovar al seg\u00fcent enlla\u00e7:<br \/>\n<a href=\"https:\/\/contractaciopublica.gencat.cat\/ecofin_pscp\/AppJava\/awardnotice.pscp?reqCode=viewPcan&amp;idDoc=93563273&amp;lawType=2\">https:\/\/contractaciopublica.gencat.cat\/ecofin_pscp\/AppJava\/awardnotice.pscp?reqCode=viewPcan&amp;idDoc=93563273&amp;lawType=2<\/a><br \/>\n<a href=\"https:\/\/agora.xtec.cat\/insdespuig\/wp-content\/uploads\/usu921\/2022\/01\/resolucio_adjudicacio_signat_institut_Cristofol_Despuig.pdf\">Resoluci\u00f3 d&#8217;adjudicaci\u00f3 43011170\/2022\/01<\/a><br \/>\n&nbsp;<br \/>\n<a href=\"ttps:\/\/agora.xtec.cat\/insdespuig\/wp-content\/uploads\/usu921\/2022\/01\/contracte_signat.pdf\">Contracte de neteja expedient 43011170\/2022\/01.<\/a><\/p>\n","protected":false},"author":54,"featured_media":0,"parent":63,"menu_order":6,"comment_status":"closed","ping_status":"closed","template":"page-templates\/side-menu.php","meta":{"_bbp_topic_count":0,"_bbp_reply_count":0,"_bbp_total_topic_count":0,"_bbp_total_reply_count":0,"_bbp_voice_count":0,"_bbp_anonymous_reply_count":0,"_bbp_topic_count_hidden":0,"_bbp_reply_count_hidden":0,"_bbp_forum_subforum_count":0,"footnotes":""},"class_list":["post-10165","page","type-page","status-publish","hentry"],"post_mailing_queue_ids":[],"_links":{"self":[{"href":"https:\/\/agora.xtec.cat\/insdespuig\/wp-json\/wp\/v2\/pages\/10165","targetHints":{"allow":["GET"]}}],"collection":[{"href":"https:\/\/agora.xtec.cat\/insdespuig\/wp-json\/wp\/v2\/pages"}],"about":[{"href":"https:\/\/agora.xtec.cat\/insdespuig\/wp-json\/wp\/v2\/types\/page"}],"author":[{"embeddable":true,"href":"https:\/\/agora.xtec.cat\/insdespuig\/wp-json\/wp\/v2\/users\/54"}],"replies":[{"embeddable":true,"href":"https:\/\/agora.xtec.cat\/insdespuig\/wp-json\/wp\/v2\/comments?post=10165"}],"version-history":[{"count":3,"href":"https:\/\/agora.xtec.cat\/insdespuig\/wp-json\/wp\/v2\/pages\/10165\/revisions"}],"predecessor-version":[{"id":18886,"href":"https:\/\/agora.xtec.cat\/insdespuig\/wp-json\/wp\/v2\/pages\/10165\/revisions\/18886"}],"up":[{"embeddable":true,"href":"https:\/\/agora.xtec.cat\/insdespuig\/wp-json\/wp\/v2\/pages\/63"}],"wp:attachment":[{"href":"https:\/\/agora.xtec.cat\/insdespuig\/wp-json\/wp\/v2\/media?parent=10165"}],"curies":[{"name":"wp","href":"https:\/\/api.w.org\/{rel}","templated":true}]}}