{"id":5292,"date":"2025-12-01T12:02:40","date_gmt":"2025-12-01T11:02:40","guid":{"rendered":"https:\/\/agora.xtec.cat\/insdesantacoloma\/?page_id=5292"},"modified":"2025-12-01T12:08:34","modified_gmt":"2025-12-01T11:08:34","slug":"cataleg-dactius-de-salut","status":"publish","type":"page","link":"https:\/\/agora.xtec.cat\/insdesantacoloma\/cataleg-dactius-de-salut\/","title":{"rendered":"Cat\u00e0leg d\u2019Actius de Salut"},"content":{"rendered":"\n<div class=\"wp-block-buttons is-layout-flex wp-block-buttons-is-layout-flex\">\n<div class=\"wp-block-button\"><a class=\"wp-block-button__link wp-element-button\" href=\"https:\/\/drive.google.com\/file\/d\/1ulpDnuVjcIEz6fVGLbtwbS7t4REC6sJv\/view?usp=sharing\">CAT\u00c0LEG SALUT<\/a><\/div>\n<\/div>\n\n\n\n<p>En el cat\u00e0leg podreu trobar la seg\u00fcent informaci\u00f3:<\/p>\n\n\n\n<ol class=\"wp-block-list\">\n<li>Actius de salut de Santa Coloma de Gramenet per promoure el benestar de la ciutadania.<\/li>\n\n\n\n<li>Forma part del Pla Local de Salut 2023\u20132028 impulsat per l\u2019Ajuntament amb suport de la Diputaci\u00f3 de Barcelona.<\/li>\n\n\n\n<li>Un actiu de salut \u00e9s qualsevol recurs que millora la salut f\u00edsica, mental, social i emocional de les persones.<\/li>\n\n\n\n<li>Inclou activitats de cultura, esport, natura, lleure, formaci\u00f3, ocupaci\u00f3 i salut cognitiva.<\/li>\n\n\n\n<li>Est\u00e0 adre\u00e7at a totes les edats: infants, joves, adults i persones grans.<\/li>\n\n\n\n<li>Ofereix recursos espec\u00edfics per a col\u00b7lectius amb necessitats especials i persones amb discapacitat.<\/li>\n\n\n\n<li>Cada activitat inclou informaci\u00f3 clara sobre destinataris, beneficis i contacte.<\/li>\n\n\n\n<li>El cat\u00e0leg facilita la prescripci\u00f3 social als professionals i agents comunitaris.<\/li>\n\n\n\n<li>Destaca la col\u00b7laboraci\u00f3 de les entitats i serveis del territori.<\/li>\n\n\n\n<li>\u00c9s una eina pr\u00e0ctica i accessible per fomentar una ciutat m\u00e9s saludable.<\/li>\n<\/ol>\n","protected":false},"excerpt":{"rendered":"<p>En el cat\u00e0leg podreu trobar la seg\u00fcent informaci\u00f3:<\/p>\n","protected":false},"author":1,"featured_media":0,"parent":0,"menu_order":0,"comment_status":"closed","ping_status":"close","template":"","meta":{"_bbp_topic_count":0,"_bbp_reply_count":0,"_bbp_total_topic_count":0,"_bbp_total_reply_count":0,"_bbp_voice_count":0,"_bbp_anonymous_reply_count":0,"_bbp_topic_count_hidden":0,"_bbp_reply_count_hidden":0,"_bbp_forum_subforum_count":0,"site-sidebar-layout":"default","site-content-layout":"","ast-site-content-layout":"default","site-content-style":"default","site-sidebar-style":"default","ast-global-header-display":"","ast-banner-title-visibility":"","ast-main-header-display":"","ast-hfb-above-header-display":"","ast-hfb-below-header-display":"","ast-hfb-mobile-header-display":"","site-post-title":"","ast-breadcrumbs-content":"","ast-featured-img":"","footer-sml-layout":"","theme-transparent-header-meta":"","adv-header-id-meta":"","stick-header-meta":"","header-above-stick-meta":"","header-main-stick-meta":"","header-below-stick-meta":"","astra-migrate-meta-layouts":"set","ast-page-background-enabled":"default","ast-page-background-meta":{"desktop":{"background-color":"var(--ast-global-color-4)","background-image":"","background-repeat":"repeat","background-position":"center center","background-size":"auto","background-attachment":"scroll","background-type":"","background-media":"","overlay-type":"","overlay-color":"","overlay-opacity":"","overlay-gradient":""},"tablet":{"background-color":"","background-image":"","background-repeat":"repeat","background-position":"center center","background-size":"auto","background-attachment":"scroll","background-type":"","background-media":"","overlay-type":"","overlay-color":"","overlay-opacity":"","overlay-gradient":""},"mobile":{"background-color":"","background-image":"","background-repeat":"repeat","background-position":"center center","background-size":"auto","background-attachment":"scroll","background-type":"","background-media":"","overlay-type":"","overlay-color":"","overlay-opacity":"","overlay-gradient":""}},"ast-content-background-meta":{"desktop":{"background-color":"var(--ast-global-color-5)","background-image":"","background-repeat":"repeat","background-position":"center center","background-size":"auto","background-attachment":"scroll","background-type":"","background-media":"","overlay-type":"","overlay-color":"","overlay-opacity":"","overlay-gradient":""},"tablet":{"background-color":"var(--ast-global-color-5)","background-image":"","background-repeat":"repeat","background-position":"center center","background-size":"auto","background-attachment":"scroll","background-type":"","background-media":"","overlay-type":"","overlay-color":"","overlay-opacity":"","overlay-gradient":""},"mobile":{"background-color":"var(--ast-global-color-5)","background-image":"","background-repeat":"repeat","background-position":"center center","background-size":"auto","background-attachment":"scroll","background-type":"","background-media":"","overlay-type":"","overlay-color":"","overlay-opacity":"","overlay-gradient":""}},"footnotes":""},"class_list":["post-5292","page","type-page","status-publish","hentry"],"post_mailing_queue_ids":[],"_links":{"self":[{"href":"https:\/\/agora.xtec.cat\/insdesantacoloma\/wp-json\/wp\/v2\/pages\/5292","targetHints":{"allow":["GET"]}}],"collection":[{"href":"https:\/\/agora.xtec.cat\/insdesantacoloma\/wp-json\/wp\/v2\/pages"}],"about":[{"href":"https:\/\/agora.xtec.cat\/insdesantacoloma\/wp-json\/wp\/v2\/types\/page"}],"author":[{"embeddable":true,"href":"https:\/\/agora.xtec.cat\/insdesantacoloma\/wp-json\/wp\/v2\/users\/1"}],"replies":[{"embeddable":true,"href":"https:\/\/agora.xtec.cat\/insdesantacoloma\/wp-json\/wp\/v2\/comments?post=5292"}],"version-history":[{"count":2,"href":"https:\/\/agora.xtec.cat\/insdesantacoloma\/wp-json\/wp\/v2\/pages\/5292\/revisions"}],"predecessor-version":[{"id":5296,"href":"https:\/\/agora.xtec.cat\/insdesantacoloma\/wp-json\/wp\/v2\/pages\/5292\/revisions\/5296"}],"wp:attachment":[{"href":"https:\/\/agora.xtec.cat\/insdesantacoloma\/wp-json\/wp\/v2\/media?parent=5292"}],"curies":[{"name":"wp","href":"https:\/\/api.w.org\/{rel}","templated":true}]}}