{"id":4361,"date":"2024-06-18T19:45:29","date_gmt":"2024-06-18T17:45:29","guid":{"rendered":"https:\/\/agora.xtec.cat\/insdesantacoloma\/?page_id=4361"},"modified":"2024-06-18T20:07:47","modified_gmt":"2024-06-18T18:07:47","slug":"llibre-trs-24-25-santa-coloma","status":"publish","type":"page","link":"https:\/\/agora.xtec.cat\/insdesantacoloma\/treballs-de-recerca\/llibre-trs-24-25-santa-coloma\/","title":{"rendered":"Llibre TR\u00b4s 23-24 Santa Coloma"},"content":{"rendered":"<p><strong>Un viatge apassionant, una experi\u00e8ncia educativa \u00fanica<\/strong><\/p>\n<p>Els dies 13 i 20 de mar\u00e7 de 2024 se&#8217;n van celebrar la XXIV edici\u00f3 dels Treballs de Recerca de Santa Coloma de Gramenet, realitzats per l&#8217;alumnat de segon de batxillerat de tots els instituts de la ciutat en el curs 2023-2024. En aquesta publicaci\u00f3 trobareu un resum dels seus projectes, elaborats a partir d&#8217;una hip\u00f2tesi que ha suposat l&#8217;inici d&#8217;un apassionant viatge pel m\u00f3n del coneixement i la investigaci\u00f3. El resultat l&#8217;hem pogut con\u00e8ixer en l&#8217;exposici\u00f3 oral dels dies 13 i 20 de mar\u00e7 a la Biblioteca Singuerl\u00edn-Salvador Cabr\u00e9.<\/p>\n<p>Us deixem el <a href=\"https:\/\/drive.google.com\/file\/d\/1NypqzjByIOh9OBhnl61kOyJeJnUKSkGH\/view?usp=sharing\" target=\"_blank\" rel=\"noopener\">LLIBRE<\/a> dels millors TR d&#8217;aquest curs escolar de la ciutat de Santa Coloma de Gramenet.<\/p>\n<p><a href=\"https:\/\/agora.xtec.cat\/insdesantacoloma\/wp-content\/uploads\/usu1849\/2024\/06\/Captura-de-pantalla-2024-06-18-194912.png\"><img loading=\"lazy\" decoding=\"async\" class=\"alignnone size-medium wp-image-4364\" src=\"https:\/\/agora.xtec.cat\/insdesantacoloma\/wp-content\/uploads\/usu1849\/2024\/06\/Captura-de-pantalla-2024-06-18-194912-300x231.png\" alt=\"\" width=\"300\" height=\"231\" srcset=\"https:\/\/agora.xtec.cat\/insdesantacoloma\/wp-content\/uploads\/usu1849\/2024\/06\/Captura-de-pantalla-2024-06-18-194912-300x231.png 300w, https:\/\/agora.xtec.cat\/insdesantacoloma\/wp-content\/uploads\/usu1849\/2024\/06\/Captura-de-pantalla-2024-06-18-194912-768x592.png 768w, https:\/\/agora.xtec.cat\/insdesantacoloma\/wp-content\/uploads\/usu1849\/2024\/06\/Captura-de-pantalla-2024-06-18-194912.png 776w\" sizes=\"auto, (max-width: 300px) 100vw, 300px\" \/><\/a><\/p>\n","protected":false},"excerpt":{"rendered":"<p>Un viatge apassionant, una experi\u00e8ncia educativa \u00fanica Els dies 13 i 20 de mar\u00e7 de 2024 se&#8217;n van celebrar la [&hellip;]<\/p>\n","protected":false},"author":1,"featured_media":0,"parent":4357,"menu_order":1,"comment_status":"closed","ping_status":"closed","template":"","meta":{"_bbp_topic_count":0,"_bbp_reply_count":0,"_bbp_total_topic_count":0,"_bbp_total_reply_count":0,"_bbp_voice_count":0,"_bbp_anonymous_reply_count":0,"_bbp_topic_count_hidden":0,"_bbp_reply_count_hidden":0,"_bbp_forum_subforum_count":0,"site-sidebar-layout":"default","site-content-layout":"","ast-site-content-layout":"","site-content-style":"default","site-sidebar-style":"default","ast-global-header-display":"","ast-banner-title-visibility":"","ast-main-header-display":"","ast-hfb-above-header-display":"","ast-hfb-below-header-display":"","ast-hfb-mobile-header-display":"","site-post-title":"","ast-breadcrumbs-content":"","ast-featured-img":"","footer-sml-layout":"","theme-transparent-header-meta":"","adv-header-id-meta":"","stick-header-meta":"","header-above-stick-meta":"","header-main-stick-meta":"","header-below-stick-meta":"","astra-migrate-meta-layouts":"default","ast-page-background-enabled":"default","ast-page-background-meta":{"desktop":{"background-color":"var(--ast-global-color-4)","background-image":"","background-repeat":"repeat","background-position":"center center","background-size":"auto","background-attachment":"scroll","background-type":"","background-media":"","overlay-type":"","overlay-color":"","overlay-opacity":"","overlay-gradient":""},"tablet":{"background-color":"","background-image":"","background-repeat":"repeat","background-position":"center center","background-size":"auto","background-attachment":"scroll","background-type":"","background-media":"","overlay-type":"","overlay-color":"","overlay-opacity":"","overlay-gradient":""},"mobile":{"background-color":"","background-image":"","background-repeat":"repeat","background-position":"center center","background-size":"auto","background-attachment":"scroll","background-type":"","background-media":"","overlay-type":"","overlay-color":"","overlay-opacity":"","overlay-gradient":""}},"ast-content-background-meta":{"desktop":{"background-color":"var(--ast-global-color-5)","background-image":"","background-repeat":"repeat","background-position":"center center","background-size":"auto","background-attachment":"scroll","background-type":"","background-media":"","overlay-type":"","overlay-color":"","overlay-opacity":"","overlay-gradient":""},"tablet":{"background-color":"var(--ast-global-color-5)","background-image":"","background-repeat":"repeat","background-position":"center center","background-size":"auto","background-attachment":"scroll","background-type":"","background-media":"","overlay-type":"","overlay-color":"","overlay-opacity":"","overlay-gradient":""},"mobile":{"background-color":"var(--ast-global-color-5)","background-image":"","background-repeat":"repeat","background-position":"center center","background-size":"auto","background-attachment":"scroll","background-type":"","background-media":"","overlay-type":"","overlay-color":"","overlay-opacity":"","overlay-gradient":""}},"footnotes":""},"class_list":["post-4361","page","type-page","status-publish","hentry"],"post_mailing_queue_ids":[],"_links":{"self":[{"href":"https:\/\/agora.xtec.cat\/insdesantacoloma\/wp-json\/wp\/v2\/pages\/4361","targetHints":{"allow":["GET"]}}],"collection":[{"href":"https:\/\/agora.xtec.cat\/insdesantacoloma\/wp-json\/wp\/v2\/pages"}],"about":[{"href":"https:\/\/agora.xtec.cat\/insdesantacoloma\/wp-json\/wp\/v2\/types\/page"}],"author":[{"embeddable":true,"href":"https:\/\/agora.xtec.cat\/insdesantacoloma\/wp-json\/wp\/v2\/users\/1"}],"replies":[{"embeddable":true,"href":"https:\/\/agora.xtec.cat\/insdesantacoloma\/wp-json\/wp\/v2\/comments?post=4361"}],"version-history":[{"count":3,"href":"https:\/\/agora.xtec.cat\/insdesantacoloma\/wp-json\/wp\/v2\/pages\/4361\/revisions"}],"predecessor-version":[{"id":4370,"href":"https:\/\/agora.xtec.cat\/insdesantacoloma\/wp-json\/wp\/v2\/pages\/4361\/revisions\/4370"}],"up":[{"embeddable":true,"href":"https:\/\/agora.xtec.cat\/insdesantacoloma\/wp-json\/wp\/v2\/pages\/4357"}],"wp:attachment":[{"href":"https:\/\/agora.xtec.cat\/insdesantacoloma\/wp-json\/wp\/v2\/media?parent=4361"}],"curies":[{"name":"wp","href":"https:\/\/api.w.org\/{rel}","templated":true}]}}