{"id":4357,"date":"2024-06-18T19:36:45","date_gmt":"2024-06-18T17:36:45","guid":{"rendered":"https:\/\/agora.xtec.cat\/insdesantacoloma\/?page_id=4357"},"modified":"2024-06-18T20:04:18","modified_gmt":"2024-06-18T18:04:18","slug":"treballs-de-recerca","status":"publish","type":"page","link":"https:\/\/agora.xtec.cat\/insdesantacoloma\/treballs-de-recerca\/","title":{"rendered":"Treball de Recerca"},"content":{"rendered":"<p><strong>Treball de recerca Batxillerat<\/strong><\/p>\n<p><a href=\"https:\/\/agora.xtec.cat\/insdesantacoloma\/wp-content\/uploads\/usu1849\/2024\/06\/Captura-de-pantalla-2024-06-18-200348.png\"><img loading=\"lazy\" decoding=\"async\" class=\"alignnone  wp-image-4368\" src=\"https:\/\/agora.xtec.cat\/insdesantacoloma\/wp-content\/uploads\/usu1849\/2024\/06\/Captura-de-pantalla-2024-06-18-200348-300x169.png\" alt=\"\" width=\"214\" height=\"121\" srcset=\"https:\/\/agora.xtec.cat\/insdesantacoloma\/wp-content\/uploads\/usu1849\/2024\/06\/Captura-de-pantalla-2024-06-18-200348-300x169.png 300w, https:\/\/agora.xtec.cat\/insdesantacoloma\/wp-content\/uploads\/usu1849\/2024\/06\/Captura-de-pantalla-2024-06-18-200348.png 432w\" sizes=\"auto, (max-width: 214px) 100vw, 214px\" \/><\/a><\/p>\n<p>En les diferents mat\u00e8ries del batxillerat es treballa la recerca i el tractament de la informaci\u00f3 aix\u00ed com la seva correcta exposici\u00f3. Aquesta compet\u00e8ncia pren gran import\u00e0ncia dins el curr\u00edculum de l\u2019alumnat de Batxillerat i s\u2019ha consolidat en el Treball de Recerca. Mitjan\u00e7ant el Treball de Recerca l\u2019alumnat pot aplicar els coneixements adquirits durant el seu pas per l\u2019ensenyament secundari post-obligatori i desenvolupar m\u00e9s profundament aquesta compet\u00e8ncia que inclou la recerca, el tractament de la informaci\u00f3, l\u2019expressi\u00f3 i l\u2019argumentaci\u00f3.<\/p>\n<p>El treball de recerca est\u00e0 orientat a la investigaci\u00f3, al voltant de la qual s\u2019estructuren una s\u00e8rie d\u2019activitats i processos orientats pel professorat tutor del centre que permeti a l\u2019alumnat aprofundir sobre un tema d\u2019inter\u00e8s al qual puguin accedir.<\/p>\n<p>La realitzaci\u00f3 del treball de recerca i la presentaci\u00f3 dels resultats t\u00e9 un valor del 10% de la nota final del Batxillerat.<\/p>\n","protected":false},"excerpt":{"rendered":"<p>Treball de recerca Batxillerat En les diferents mat\u00e8ries del batxillerat es treballa la recerca i el tractament de la informaci\u00f3 [&hellip;]<\/p>\n","protected":false},"author":1,"featured_media":0,"parent":0,"menu_order":0,"comment_status":"closed","ping_status":"closed","template":"","meta":{"_bbp_topic_count":0,"_bbp_reply_count":0,"_bbp_total_topic_count":0,"_bbp_total_reply_count":0,"_bbp_voice_count":0,"_bbp_anonymous_reply_count":0,"_bbp_topic_count_hidden":0,"_bbp_reply_count_hidden":0,"_bbp_forum_subforum_count":0,"site-sidebar-layout":"default","site-content-layout":"","ast-site-content-layout":"","site-content-style":"default","site-sidebar-style":"default","ast-global-header-display":"","ast-banner-title-visibility":"","ast-main-header-display":"","ast-hfb-above-header-display":"","ast-hfb-below-header-display":"","ast-hfb-mobile-header-display":"","site-post-title":"","ast-breadcrumbs-content":"","ast-featured-img":"","footer-sml-layout":"","theme-transparent-header-meta":"","adv-header-id-meta":"","stick-header-meta":"","header-above-stick-meta":"","header-main-stick-meta":"","header-below-stick-meta":"","astra-migrate-meta-layouts":"default","ast-page-background-enabled":"default","ast-page-background-meta":{"desktop":{"background-color":"var(--ast-global-color-4)","background-image":"","background-repeat":"repeat","background-position":"center center","background-size":"auto","background-attachment":"scroll","background-type":"","background-media":"","overlay-type":"","overlay-color":"","overlay-opacity":"","overlay-gradient":""},"tablet":{"background-color":"","background-image":"","background-repeat":"repeat","background-position":"center center","background-size":"auto","background-attachment":"scroll","background-type":"","background-media":"","overlay-type":"","overlay-color":"","overlay-opacity":"","overlay-gradient":""},"mobile":{"background-color":"","background-image":"","background-repeat":"repeat","background-position":"center center","background-size":"auto","background-attachment":"scroll","background-type":"","background-media":"","overlay-type":"","overlay-color":"","overlay-opacity":"","overlay-gradient":""}},"ast-content-background-meta":{"desktop":{"background-color":"var(--ast-global-color-5)","background-image":"","background-repeat":"repeat","background-position":"center center","background-size":"auto","background-attachment":"scroll","background-type":"","background-media":"","overlay-type":"","overlay-color":"","overlay-opacity":"","overlay-gradient":""},"tablet":{"background-color":"var(--ast-global-color-5)","background-image":"","background-repeat":"repeat","background-position":"center center","background-size":"auto","background-attachment":"scroll","background-type":"","background-media":"","overlay-type":"","overlay-color":"","overlay-opacity":"","overlay-gradient":""},"mobile":{"background-color":"var(--ast-global-color-5)","background-image":"","background-repeat":"repeat","background-position":"center center","background-size":"auto","background-attachment":"scroll","background-type":"","background-media":"","overlay-type":"","overlay-color":"","overlay-opacity":"","overlay-gradient":""}},"footnotes":""},"class_list":["post-4357","page","type-page","status-publish","hentry"],"post_mailing_queue_ids":[],"_links":{"self":[{"href":"https:\/\/agora.xtec.cat\/insdesantacoloma\/wp-json\/wp\/v2\/pages\/4357","targetHints":{"allow":["GET"]}}],"collection":[{"href":"https:\/\/agora.xtec.cat\/insdesantacoloma\/wp-json\/wp\/v2\/pages"}],"about":[{"href":"https:\/\/agora.xtec.cat\/insdesantacoloma\/wp-json\/wp\/v2\/types\/page"}],"author":[{"embeddable":true,"href":"https:\/\/agora.xtec.cat\/insdesantacoloma\/wp-json\/wp\/v2\/users\/1"}],"replies":[{"embeddable":true,"href":"https:\/\/agora.xtec.cat\/insdesantacoloma\/wp-json\/wp\/v2\/comments?post=4357"}],"version-history":[{"count":4,"href":"https:\/\/agora.xtec.cat\/insdesantacoloma\/wp-json\/wp\/v2\/pages\/4357\/revisions"}],"predecessor-version":[{"id":4369,"href":"https:\/\/agora.xtec.cat\/insdesantacoloma\/wp-json\/wp\/v2\/pages\/4357\/revisions\/4369"}],"wp:attachment":[{"href":"https:\/\/agora.xtec.cat\/insdesantacoloma\/wp-json\/wp\/v2\/media?parent=4357"}],"curies":[{"name":"wp","href":"https:\/\/api.w.org\/{rel}","templated":true}]}}