{"id":4295,"date":"2024-06-05T16:28:32","date_gmt":"2024-06-05T14:28:32","guid":{"rendered":"https:\/\/agora.xtec.cat\/insdesantacoloma\/?page_id=4295"},"modified":"2025-09-12T18:28:03","modified_gmt":"2025-09-12T16:28:03","slug":"1r-batxillerat","status":"publish","type":"page","link":"https:\/\/agora.xtec.cat\/insdesantacoloma\/estudis\/1r-batxillerat\/","title":{"rendered":"1r Batxillerat"},"content":{"rendered":"<p>Informacions de\u00a0<strong>1r de Batxillerat:<\/strong><\/p>\n<ul>\n<li><a href=\"https:\/\/drive.google.com\/file\/d\/1rt48yAzyqs3gLXgYqa65xURPcVlmJ2cD\/view?usp=drive_link\" target=\"_blank\" rel=\"noopener\">Itineraris formatius<\/a>\n<ul>\n<li>General<\/li>\n<li>Cient\u00edfic &#8211; Tecnol\u00f2gic<\/li>\n<li>Human\u00edstic &#8211; Social<\/li>\n<\/ul>\n<\/li>\n<li>Horari curs 25 \u2013 26\n<ul>\n<li><a href=\"https:\/\/drive.google.com\/file\/d\/1vpYqb-c1ZaGDzsLjdnzoiI2hO3BEvjx9\/view?usp=drive_link\" target=\"_blank\" rel=\"noopener\">1r Batx A<\/a><\/li>\n<li><a href=\"https:\/\/drive.google.com\/file\/d\/1PkvinXFmdAzHmTp9r7uRligv0xWWw0Gq\/view?usp=drive_link\" target=\"_blank\" rel=\"noopener\">1r Batx B<\/a><\/li>\n<\/ul>\n<\/li>\n<li><a href=\"https:\/\/drive.google.com\/file\/d\/1-418atKGOxgHAqchNO93YFfZABJOOpdW\/view?usp=drive_link\" target=\"_blank\" rel=\"noopener\">Descripci\u00f3 mat\u00e8ries obligat\u00f2ries i optatives<\/a><\/li>\n<\/ul>\n\n\n<p><\/p>\n","protected":false},"excerpt":{"rendered":"<p>Informacions de\u00a01r de Batxillerat: Itineraris formatius General Cient\u00edfic &#8211; Tecnol\u00f2gic Human\u00edstic &#8211; Social Horari curs 25 \u2013 26 1r Batx [&hellip;]<\/p>\n","protected":false},"author":1,"featured_media":0,"parent":195,"menu_order":5,"comment_status":"closed","ping_status":"closed","template":"","meta":{"_bbp_topic_count":0,"_bbp_reply_count":0,"_bbp_total_topic_count":0,"_bbp_total_reply_count":0,"_bbp_voice_count":0,"_bbp_anonymous_reply_count":0,"_bbp_topic_count_hidden":0,"_bbp_reply_count_hidden":0,"_bbp_forum_subforum_count":0,"site-sidebar-layout":"default","site-content-layout":"","ast-site-content-layout":"default","site-content-style":"default","site-sidebar-style":"default","ast-global-header-display":"","ast-banner-title-visibility":"","ast-main-header-display":"","ast-hfb-above-header-display":"","ast-hfb-below-header-display":"","ast-hfb-mobile-header-display":"","site-post-title":"","ast-breadcrumbs-content":"","ast-featured-img":"","footer-sml-layout":"","theme-transparent-header-meta":"","adv-header-id-meta":"","stick-header-meta":"","header-above-stick-meta":"","header-main-stick-meta":"","header-below-stick-meta":"","astra-migrate-meta-layouts":"set","ast-page-background-enabled":"default","ast-page-background-meta":{"desktop":{"background-color":"var(--ast-global-color-4)","background-image":"","background-repeat":"repeat","background-position":"center center","background-size":"auto","background-attachment":"scroll","background-type":"","background-media":"","overlay-type":"","overlay-color":"","overlay-opacity":"","overlay-gradient":""},"tablet":{"background-color":"","background-image":"","background-repeat":"repeat","background-position":"center center","background-size":"auto","background-attachment":"scroll","background-type":"","background-media":"","overlay-type":"","overlay-color":"","overlay-opacity":"","overlay-gradient":""},"mobile":{"background-color":"","background-image":"","background-repeat":"repeat","background-position":"center center","background-size":"auto","background-attachment":"scroll","background-type":"","background-media":"","overlay-type":"","overlay-color":"","overlay-opacity":"","overlay-gradient":""}},"ast-content-background-meta":{"desktop":{"background-color":"var(--ast-global-color-5)","background-image":"","background-repeat":"repeat","background-position":"center center","background-size":"auto","background-attachment":"scroll","background-type":"","background-media":"","overlay-type":"","overlay-color":"","overlay-opacity":"","overlay-gradient":""},"tablet":{"background-color":"var(--ast-global-color-5)","background-image":"","background-repeat":"repeat","background-position":"center center","background-size":"auto","background-attachment":"scroll","background-type":"","background-media":"","overlay-type":"","overlay-color":"","overlay-opacity":"","overlay-gradient":""},"mobile":{"background-color":"var(--ast-global-color-5)","background-image":"","background-repeat":"repeat","background-position":"center center","background-size":"auto","background-attachment":"scroll","background-type":"","background-media":"","overlay-type":"","overlay-color":"","overlay-opacity":"","overlay-gradient":""}},"footnotes":""},"class_list":["post-4295","page","type-page","status-publish","hentry"],"post_mailing_queue_ids":[],"_links":{"self":[{"href":"https:\/\/agora.xtec.cat\/insdesantacoloma\/wp-json\/wp\/v2\/pages\/4295","targetHints":{"allow":["GET"]}}],"collection":[{"href":"https:\/\/agora.xtec.cat\/insdesantacoloma\/wp-json\/wp\/v2\/pages"}],"about":[{"href":"https:\/\/agora.xtec.cat\/insdesantacoloma\/wp-json\/wp\/v2\/types\/page"}],"author":[{"embeddable":true,"href":"https:\/\/agora.xtec.cat\/insdesantacoloma\/wp-json\/wp\/v2\/users\/1"}],"replies":[{"embeddable":true,"href":"https:\/\/agora.xtec.cat\/insdesantacoloma\/wp-json\/wp\/v2\/comments?post=4295"}],"version-history":[{"count":6,"href":"https:\/\/agora.xtec.cat\/insdesantacoloma\/wp-json\/wp\/v2\/pages\/4295\/revisions"}],"predecessor-version":[{"id":5257,"href":"https:\/\/agora.xtec.cat\/insdesantacoloma\/wp-json\/wp\/v2\/pages\/4295\/revisions\/5257"}],"up":[{"embeddable":true,"href":"https:\/\/agora.xtec.cat\/insdesantacoloma\/wp-json\/wp\/v2\/pages\/195"}],"wp:attachment":[{"href":"https:\/\/agora.xtec.cat\/insdesantacoloma\/wp-json\/wp\/v2\/media?parent=4295"}],"curies":[{"name":"wp","href":"https:\/\/api.w.org\/{rel}","templated":true}]}}