{"id":4289,"date":"2024-06-05T16:27:24","date_gmt":"2024-06-05T14:27:24","guid":{"rendered":"https:\/\/agora.xtec.cat\/insdesantacoloma\/?page_id=4289"},"modified":"2025-09-12T18:22:41","modified_gmt":"2025-09-12T16:22:41","slug":"2n-eso","status":"publish","type":"page","link":"https:\/\/agora.xtec.cat\/insdesantacoloma\/estudis\/2n-eso\/","title":{"rendered":"2n ESO"},"content":{"rendered":"<p>Informacions de\u00a0<span style=\"color: #33cccc;\"><strong>2n de l\u2019ESO:<\/strong><\/span><\/p>\n<p><a href=\"https:\/\/agora.xtec.cat\/insdesantacoloma\/wp-content\/uploads\/usu1849\/2024\/07\/descarga2.png\"><img loading=\"lazy\" decoding=\"async\" class=\"alignnone wp-image-4430\" src=\"https:\/\/agora.xtec.cat\/insdesantacoloma\/wp-content\/uploads\/usu1849\/2024\/07\/descarga2.png\" alt=\"\" width=\"137\" height=\"103\" srcset=\"https:\/\/agora.xtec.cat\/insdesantacoloma\/wp-content\/uploads\/usu1849\/2024\/07\/descarga2.png 259w, https:\/\/agora.xtec.cat\/insdesantacoloma\/wp-content\/uploads\/usu1849\/2024\/07\/descarga2-200x150.png 200w\" sizes=\"auto, (max-width: 137px) 100vw, 137px\" \/><\/a><\/p>\n<ul>\n<li>Horari curs 25 \u2013 26\n<ul>\n<li><a href=\"https:\/\/drive.google.com\/file\/d\/1rF-Wo1ZhjxitqHaE_5eQS0LpnD7yuZZi\/view?usp=drive_link\" target=\"_blank\" rel=\"noopener\">2n ESO A<\/a><\/li>\n<li><a href=\"https:\/\/drive.google.com\/file\/d\/1xul0dXBe_m5ls3D7ctoOL9wN00Y-yM5O\/view?usp=drive_link\" target=\"_blank\" rel=\"noopener\">2n ESO B<\/a><\/li>\n<li><a href=\"https:\/\/drive.google.com\/file\/d\/1v2ViJbbqcogs41eTb6QKIZxQFJB_TkOt\/view?usp=drive_link\" target=\"_blank\" rel=\"noopener\">2n ESO C<\/a><\/li>\n<li><a href=\"https:\/\/drive.google.com\/file\/d\/1S2Bk3IE05zZWK-9rUP5Vu2BWbPkbK9h2\/view?usp=drive_link\" target=\"_blank\" rel=\"noopener\">2n ESO D<\/a><\/li>\n<\/ul>\n<\/li>\n<\/ul>\n<ul>\n<li><a href=\"https:\/\/drive.google.com\/file\/d\/1yuVZVVCncTJs_I7jz9urPV-v6trxtBHG\/view?usp=sharing\" target=\"_blank\" rel=\"noopener\">Descripci\u00f3 mat\u00e8ries i c\u00e0psules<\/a><\/li>\n<\/ul>\n","protected":false},"excerpt":{"rendered":"<p>Informacions de\u00a02n de l\u2019ESO: Horari curs 25 \u2013 26 2n ESO A 2n ESO B 2n ESO C 2n ESO [&hellip;]<\/p>\n","protected":false},"author":1,"featured_media":0,"parent":195,"menu_order":2,"comment_status":"closed","ping_status":"closed","template":"","meta":{"_bbp_topic_count":0,"_bbp_reply_count":0,"_bbp_total_topic_count":0,"_bbp_total_reply_count":0,"_bbp_voice_count":0,"_bbp_anonymous_reply_count":0,"_bbp_topic_count_hidden":0,"_bbp_reply_count_hidden":0,"_bbp_forum_subforum_count":0,"site-sidebar-layout":"default","site-content-layout":"","ast-site-content-layout":"default","site-content-style":"default","site-sidebar-style":"default","ast-global-header-display":"","ast-banner-title-visibility":"","ast-main-header-display":"","ast-hfb-above-header-display":"","ast-hfb-below-header-display":"","ast-hfb-mobile-header-display":"","site-post-title":"","ast-breadcrumbs-content":"","ast-featured-img":"","footer-sml-layout":"","theme-transparent-header-meta":"","adv-header-id-meta":"","stick-header-meta":"","header-above-stick-meta":"","header-main-stick-meta":"","header-below-stick-meta":"","astra-migrate-meta-layouts":"set","ast-page-background-enabled":"default","ast-page-background-meta":{"desktop":{"background-color":"var(--ast-global-color-4)","background-image":"","background-repeat":"repeat","background-position":"center center","background-size":"auto","background-attachment":"scroll","background-type":"","background-media":"","overlay-type":"","overlay-color":"","overlay-opacity":"","overlay-gradient":""},"tablet":{"background-color":"","background-image":"","background-repeat":"repeat","background-position":"center center","background-size":"auto","background-attachment":"scroll","background-type":"","background-media":"","overlay-type":"","overlay-color":"","overlay-opacity":"","overlay-gradient":""},"mobile":{"background-color":"","background-image":"","background-repeat":"repeat","background-position":"center center","background-size":"auto","background-attachment":"scroll","background-type":"","background-media":"","overlay-type":"","overlay-color":"","overlay-opacity":"","overlay-gradient":""}},"ast-content-background-meta":{"desktop":{"background-color":"var(--ast-global-color-5)","background-image":"","background-repeat":"repeat","background-position":"center center","background-size":"auto","background-attachment":"scroll","background-type":"","background-media":"","overlay-type":"","overlay-color":"","overlay-opacity":"","overlay-gradient":""},"tablet":{"background-color":"var(--ast-global-color-5)","background-image":"","background-repeat":"repeat","background-position":"center center","background-size":"auto","background-attachment":"scroll","background-type":"","background-media":"","overlay-type":"","overlay-color":"","overlay-opacity":"","overlay-gradient":""},"mobile":{"background-color":"var(--ast-global-color-5)","background-image":"","background-repeat":"repeat","background-position":"center center","background-size":"auto","background-attachment":"scroll","background-type":"","background-media":"","overlay-type":"","overlay-color":"","overlay-opacity":"","overlay-gradient":""}},"footnotes":""},"class_list":["post-4289","page","type-page","status-publish","hentry"],"post_mailing_queue_ids":[],"_links":{"self":[{"href":"https:\/\/agora.xtec.cat\/insdesantacoloma\/wp-json\/wp\/v2\/pages\/4289","targetHints":{"allow":["GET"]}}],"collection":[{"href":"https:\/\/agora.xtec.cat\/insdesantacoloma\/wp-json\/wp\/v2\/pages"}],"about":[{"href":"https:\/\/agora.xtec.cat\/insdesantacoloma\/wp-json\/wp\/v2\/types\/page"}],"author":[{"embeddable":true,"href":"https:\/\/agora.xtec.cat\/insdesantacoloma\/wp-json\/wp\/v2\/users\/1"}],"replies":[{"embeddable":true,"href":"https:\/\/agora.xtec.cat\/insdesantacoloma\/wp-json\/wp\/v2\/comments?post=4289"}],"version-history":[{"count":6,"href":"https:\/\/agora.xtec.cat\/insdesantacoloma\/wp-json\/wp\/v2\/pages\/4289\/revisions"}],"predecessor-version":[{"id":5253,"href":"https:\/\/agora.xtec.cat\/insdesantacoloma\/wp-json\/wp\/v2\/pages\/4289\/revisions\/5253"}],"up":[{"embeddable":true,"href":"https:\/\/agora.xtec.cat\/insdesantacoloma\/wp-json\/wp\/v2\/pages\/195"}],"wp:attachment":[{"href":"https:\/\/agora.xtec.cat\/insdesantacoloma\/wp-json\/wp\/v2\/media?parent=4289"}],"curies":[{"name":"wp","href":"https:\/\/api.w.org\/{rel}","templated":true}]}}