{"id":4141,"date":"2024-02-13T17:18:26","date_gmt":"2024-02-13T16:18:26","guid":{"rendered":"https:\/\/agora.xtec.cat\/insdesantacoloma\/?page_id=4141"},"modified":"2025-03-12T19:06:35","modified_gmt":"2025-03-12T18:06:35","slug":"la-razon-estudiants-del-mit","status":"publish","type":"page","link":"https:\/\/agora.xtec.cat\/insdesantacoloma\/la-razon-estudiants-del-mit\/","title":{"rendered":"La raz\u00f3n &#8211; Estudiants del MIT"},"content":{"rendered":"<p><span style=\"color: #000000;\">Durant tot gener, onze estudiants del Massachusets Institute of Technology han estat realitzant pr\u00e0ctiques com a professors auxiliars en mat\u00e8ries STEAM en altres tants centres educatius barcelonins en el marc del programa MIT Global Teaching Lab, una iniciativa impulsada pel mateix MIT, que desenvolupa en diferents pa\u00efsos de la m\u00e0 de fundacions col\u00b7laboradores, en aquest cas, de la Fundaci\u00f3 \u201cla Caixa\u201d i Educaixa.<\/span><\/p>\n<p>Us deixem l&#8217;enlla\u00e7 a <a href=\"https:\/\/www.larazon.es\/sociedad\/once-estudiantes-mit-ejercen-profesores-centros-barcelona-metodologia-maker-como-referente_2024013065b96071327cdd00019865c9.html\" target=\"_blank\" rel=\"noopener\">l&#8217;article<\/a> sencer.<a href=\"https:\/\/agora.xtec.cat\/insdesantacoloma\/wp-content\/uploads\/usu1849\/2025\/03\/Captura-de-pantalla-2025-03-12-190449.png\"><img loading=\"lazy\" decoding=\"async\" class=\"size-medium wp-image-5103 alignright\" src=\"https:\/\/agora.xtec.cat\/insdesantacoloma\/wp-content\/uploads\/usu1849\/2025\/03\/Captura-de-pantalla-2025-03-12-190449-257x300.png\" alt=\"\" width=\"257\" height=\"300\" srcset=\"https:\/\/agora.xtec.cat\/insdesantacoloma\/wp-content\/uploads\/usu1849\/2025\/03\/Captura-de-pantalla-2025-03-12-190449-257x300.png 257w, https:\/\/agora.xtec.cat\/insdesantacoloma\/wp-content\/uploads\/usu1849\/2025\/03\/Captura-de-pantalla-2025-03-12-190449.png 625w\" sizes=\"auto, (max-width: 257px) 100vw, 257px\" \/><\/a><\/p>\n<p><span style=\"color: #000000;\">\u201cL&#8217;objectiu \u00e9s promoure noves maneres d&#8217;ensenyar\u201d, el MIT \u00e9s una entitat referent en la metodologia &#8220;Maker&#8221;, que es basa en l&#8217;aprenentatge per projectes, posant el focus en l&#8217;aprendre a aprendre, en la recerca i l&#8217;esperit emprenedor, aix\u00ed com en l&#8217;aprenentatge a trav\u00e9s de la pr\u00e0ctica.<\/span><a href=\"https:\/\/agora.xtec.cat\/insdesantacoloma\/wp-content\/uploads\/usu1849\/2024\/02\/98388805-7728-4727-aa54-9b0492feccf9.jpg\"><\/p>\n<p><\/a><\/p>\n","protected":false},"excerpt":{"rendered":"<p>Durant tot gener, onze estudiants del Massachusets Institute of Technology han estat realitzant pr\u00e0ctiques com a professors auxiliars en mat\u00e8ries [&hellip;]<\/p>\n","protected":false},"author":1,"featured_media":0,"parent":0,"menu_order":20,"comment_status":"closed","ping_status":"closed","template":"","meta":{"_bbp_topic_count":0,"_bbp_reply_count":0,"_bbp_total_topic_count":0,"_bbp_total_reply_count":0,"_bbp_voice_count":0,"_bbp_anonymous_reply_count":0,"_bbp_topic_count_hidden":0,"_bbp_reply_count_hidden":0,"_bbp_forum_subforum_count":0,"site-sidebar-layout":"default","site-content-layout":"","ast-site-content-layout":"default","site-content-style":"default","site-sidebar-style":"default","ast-global-header-display":"","ast-banner-title-visibility":"","ast-main-header-display":"","ast-hfb-above-header-display":"","ast-hfb-below-header-display":"","ast-hfb-mobile-header-display":"","site-post-title":"","ast-breadcrumbs-content":"","ast-featured-img":"","footer-sml-layout":"","theme-transparent-header-meta":"","adv-header-id-meta":"","stick-header-meta":"","header-above-stick-meta":"","header-main-stick-meta":"","header-below-stick-meta":"","astra-migrate-meta-layouts":"set","ast-page-background-enabled":"default","ast-page-background-meta":{"desktop":{"background-color":"var(--ast-global-color-4)","background-image":"","background-repeat":"repeat","background-position":"center center","background-size":"auto","background-attachment":"scroll","background-type":"","background-media":"","overlay-type":"","overlay-color":"","overlay-opacity":"","overlay-gradient":""},"tablet":{"background-color":"","background-image":"","background-repeat":"repeat","background-position":"center center","background-size":"auto","background-attachment":"scroll","background-type":"","background-media":"","overlay-type":"","overlay-color":"","overlay-opacity":"","overlay-gradient":""},"mobile":{"background-color":"","background-image":"","background-repeat":"repeat","background-position":"center center","background-size":"auto","background-attachment":"scroll","background-type":"","background-media":"","overlay-type":"","overlay-color":"","overlay-opacity":"","overlay-gradient":""}},"ast-content-background-meta":{"desktop":{"background-color":"var(--ast-global-color-5)","background-image":"","background-repeat":"repeat","background-position":"center center","background-size":"auto","background-attachment":"scroll","background-type":"","background-media":"","overlay-type":"","overlay-color":"","overlay-opacity":"","overlay-gradient":""},"tablet":{"background-color":"var(--ast-global-color-5)","background-image":"","background-repeat":"repeat","background-position":"center center","background-size":"auto","background-attachment":"scroll","background-type":"","background-media":"","overlay-type":"","overlay-color":"","overlay-opacity":"","overlay-gradient":""},"mobile":{"background-color":"var(--ast-global-color-5)","background-image":"","background-repeat":"repeat","background-position":"center center","background-size":"auto","background-attachment":"scroll","background-type":"","background-media":"","overlay-type":"","overlay-color":"","overlay-opacity":"","overlay-gradient":""}},"footnotes":""},"class_list":["post-4141","page","type-page","status-publish","hentry"],"post_mailing_queue_ids":[],"_links":{"self":[{"href":"https:\/\/agora.xtec.cat\/insdesantacoloma\/wp-json\/wp\/v2\/pages\/4141","targetHints":{"allow":["GET"]}}],"collection":[{"href":"https:\/\/agora.xtec.cat\/insdesantacoloma\/wp-json\/wp\/v2\/pages"}],"about":[{"href":"https:\/\/agora.xtec.cat\/insdesantacoloma\/wp-json\/wp\/v2\/types\/page"}],"author":[{"embeddable":true,"href":"https:\/\/agora.xtec.cat\/insdesantacoloma\/wp-json\/wp\/v2\/users\/1"}],"replies":[{"embeddable":true,"href":"https:\/\/agora.xtec.cat\/insdesantacoloma\/wp-json\/wp\/v2\/comments?post=4141"}],"version-history":[{"count":5,"href":"https:\/\/agora.xtec.cat\/insdesantacoloma\/wp-json\/wp\/v2\/pages\/4141\/revisions"}],"predecessor-version":[{"id":5106,"href":"https:\/\/agora.xtec.cat\/insdesantacoloma\/wp-json\/wp\/v2\/pages\/4141\/revisions\/5106"}],"wp:attachment":[{"href":"https:\/\/agora.xtec.cat\/insdesantacoloma\/wp-json\/wp\/v2\/media?parent=4141"}],"curies":[{"name":"wp","href":"https:\/\/api.w.org\/{rel}","templated":true}]}}