{"id":195,"date":"2014-09-22T10:39:39","date_gmt":"2014-09-22T10:39:39","guid":{"rendered":"http:\/\/agora.xtec.cat\/insdesantacoloma\/?page_id=195"},"modified":"2025-03-13T17:44:43","modified_gmt":"2025-03-13T16:44:43","slug":"estudis","status":"publish","type":"page","link":"https:\/\/agora.xtec.cat\/insdesantacoloma\/estudis\/","title":{"rendered":"Informaci\u00f3 Estudis"},"content":{"rendered":"\n<div class=\"wp-block-buttons is-layout-flex wp-block-buttons-is-layout-flex\">\n<div class=\"wp-block-button\"><a class=\"wp-block-button__link has-cyan-bluish-gray-background-color has-background wp-element-button\" href=\"https:\/\/agora.xtec.cat\/insdesantacoloma\/estudis\/1r-eso\/\">1r ESO<\/a><\/div>\n\n\n\n<div class=\"wp-block-button\"><a class=\"wp-block-button__link has-luminous-vivid-orange-background-color has-background wp-element-button\" href=\"https:\/\/agora.xtec.cat\/insdesantacoloma\/estudis\/2n-eso\/\">2n ESO<\/a><\/div>\n\n\n\n<div class=\"wp-block-button\"><a class=\"wp-block-button__link has-luminous-vivid-amber-background-color has-background wp-element-button\" href=\"https:\/\/agora.xtec.cat\/insdesantacoloma\/estudis\/3r-eso\/\">3r ESO<\/a><\/div>\n\n\n\n<div class=\"wp-block-button\"><a class=\"wp-block-button__link has-vivid-green-cyan-background-color has-background wp-element-button\" href=\"https:\/\/agora.xtec.cat\/insdesantacoloma\/estudis\/4t-eso\/\">4t ESO<\/a><\/div>\n\n\n\n<div class=\"wp-block-button\"><a class=\"wp-block-button__link has-pale-cyan-blue-background-color has-background wp-element-button\" href=\"https:\/\/agora.xtec.cat\/insdesantacoloma\/estudis\/1r-batxillerat\/\">1r Batxillerat<\/a><\/div>\n\n\n\n<div class=\"wp-block-button\"><a class=\"wp-block-button__link has-luminous-vivid-amber-background-color has-background wp-element-button\" href=\"https:\/\/agora.xtec.cat\/insdesantacoloma\/estudis\/2n-batxillerat\/\">2n Batxillerat<\/a><\/div>\n<\/div>\n\n\n<p>El nostre centre educatiu ofereix una formaci\u00f3 de qualitat i una <strong><span style=\"color: #33cccc;\">atenci\u00f3 personalitzada a l&#8217;alumnat<\/span><\/strong> en les etapes de l&#8217;ESO i el Batxillerat. Com a centre comprom\u00e8s amb l&#8217;educaci\u00f3, preparem els estudiants per a un futur ple d\u2019oportunitats, proporcionant-los els coneixements i les eines necess\u00e0ries per afrontar els reptes acad\u00e8mics i professionals.<\/p>\n<p>A l&#8217;ESO, els nostres alumnes gaudeixen d&#8217;un ambient din\u00e0mic i estimulant, on poden adquirir els fonaments de diversos \u00e0mbits del coneixement, des de les ci\u00e8ncies socials i naturals fins a les lleng\u00fces, les matem\u00e0tiques i l&#8217;art. La nostra metodologia educativa se centra en el desenvolupament de les habilitats cognitives i emocionals, aix\u00ed com en la formaci\u00f3 de valors com el respecte, la responsabilitat i el treball en equip.<\/p>\n<p>Pel que fa al Batxillerat, oferim diverses modalitats per tal d&#8217;adaptar-nos als interessos dels nostres estudiants. Tant en la via cientificotecnol\u00f2gica, la human\u00edstica o social i la general, l&#8217;alumnat pot aprofundir en les mat\u00e8ries que els motivin m\u00e9s i preparar-se de manera eficient per a la continu\u00eftat dels seus estudis en la universitat o en altres \u00e0mbits professionals.<\/p>\n<p>En resum, el nostre centre educatiu ofereix una formaci\u00f3 integral que no nom\u00e9s se centra en els coneixements acad\u00e8mics, sin\u00f3 tamb\u00e9 en la formaci\u00f3 personal i social dels nostres alumnes. Oferim un entorn d&#8217;aprenentatge que fomenta la responsabilitat, la creativitat i l&#8217;esfor\u00e7, preparant els nostres estudiants per ser persones competents, aut\u00f2nomes i compromeses amb la societat.<\/p>\n<p><!--more--><\/p>","protected":false},"excerpt":{"rendered":"<p>El nostre centre educatiu ofereix una formaci\u00f3 de qualitat i una atenci\u00f3 personalitzada a l&#8217;alumnat en les etapes de l&#8217;ESO [&hellip;]<\/p>\n","protected":false},"author":1,"featured_media":0,"parent":0,"menu_order":0,"comment_status":"closed","ping_status":"closed","template":"","meta":{"_bbp_topic_count":0,"_bbp_reply_count":0,"_bbp_total_topic_count":0,"_bbp_total_reply_count":0,"_bbp_voice_count":0,"_bbp_anonymous_reply_count":0,"_bbp_topic_count_hidden":0,"_bbp_reply_count_hidden":0,"_bbp_forum_subforum_count":0,"site-sidebar-layout":"default","site-content-layout":"","ast-site-content-layout":"default","site-content-style":"default","site-sidebar-style":"default","ast-global-header-display":"","ast-banner-title-visibility":"","ast-main-header-display":"","ast-hfb-above-header-display":"","ast-hfb-below-header-display":"","ast-hfb-mobile-header-display":"","site-post-title":"","ast-breadcrumbs-content":"","ast-featured-img":"","footer-sml-layout":"","theme-transparent-header-meta":"","adv-header-id-meta":"","stick-header-meta":"","header-above-stick-meta":"","header-main-stick-meta":"","header-below-stick-meta":"","astra-migrate-meta-layouts":"set","ast-page-background-enabled":"default","ast-page-background-meta":{"desktop":{"background-color":"var(--ast-global-color-4)","background-image":"","background-repeat":"repeat","background-position":"center center","background-size":"auto","background-attachment":"scroll","background-type":"","background-media":"","overlay-type":"","overlay-color":"","overlay-opacity":"","overlay-gradient":""},"tablet":{"background-color":"","background-image":"","background-repeat":"repeat","background-position":"center center","background-size":"auto","background-attachment":"scroll","background-type":"","background-media":"","overlay-type":"","overlay-color":"","overlay-opacity":"","overlay-gradient":""},"mobile":{"background-color":"","background-image":"","background-repeat":"repeat","background-position":"center center","background-size":"auto","background-attachment":"scroll","background-type":"","background-media":"","overlay-type":"","overlay-color":"","overlay-opacity":"","overlay-gradient":""}},"ast-content-background-meta":{"desktop":{"background-color":"var(--ast-global-color-5)","background-image":"","background-repeat":"repeat","background-position":"center center","background-size":"auto","background-attachment":"scroll","background-type":"","background-media":"","overlay-type":"","overlay-color":"","overlay-opacity":"","overlay-gradient":""},"tablet":{"background-color":"var(--ast-global-color-5)","background-image":"","background-repeat":"repeat","background-position":"center center","background-size":"auto","background-attachment":"scroll","background-type":"","background-media":"","overlay-type":"","overlay-color":"","overlay-opacity":"","overlay-gradient":""},"mobile":{"background-color":"var(--ast-global-color-5)","background-image":"","background-repeat":"repeat","background-position":"center center","background-size":"auto","background-attachment":"scroll","background-type":"","background-media":"","overlay-type":"","overlay-color":"","overlay-opacity":"","overlay-gradient":""}},"footnotes":""},"class_list":["post-195","page","type-page","status-publish","hentry"],"post_mailing_queue_ids":[],"_links":{"self":[{"href":"https:\/\/agora.xtec.cat\/insdesantacoloma\/wp-json\/wp\/v2\/pages\/195","targetHints":{"allow":["GET"]}}],"collection":[{"href":"https:\/\/agora.xtec.cat\/insdesantacoloma\/wp-json\/wp\/v2\/pages"}],"about":[{"href":"https:\/\/agora.xtec.cat\/insdesantacoloma\/wp-json\/wp\/v2\/types\/page"}],"author":[{"embeddable":true,"href":"https:\/\/agora.xtec.cat\/insdesantacoloma\/wp-json\/wp\/v2\/users\/1"}],"replies":[{"embeddable":true,"href":"https:\/\/agora.xtec.cat\/insdesantacoloma\/wp-json\/wp\/v2\/comments?post=195"}],"version-history":[{"count":6,"href":"https:\/\/agora.xtec.cat\/insdesantacoloma\/wp-json\/wp\/v2\/pages\/195\/revisions"}],"predecessor-version":[{"id":5109,"href":"https:\/\/agora.xtec.cat\/insdesantacoloma\/wp-json\/wp\/v2\/pages\/195\/revisions\/5109"}],"wp:attachment":[{"href":"https:\/\/agora.xtec.cat\/insdesantacoloma\/wp-json\/wp\/v2\/media?parent=195"}],"curies":[{"name":"wp","href":"https:\/\/api.w.org\/{rel}","templated":true}]}}