{"id":9845,"date":"2022-10-24T10:37:47","date_gmt":"2022-10-24T08:37:47","guid":{"rendered":"https:\/\/agora.xtec.cat\/insdertosa\/?page_id=9845"},"modified":"2025-09-17T09:10:36","modified_gmt":"2025-09-17T07:10:36","slug":"erasmus","status":"publish","type":"page","link":"https:\/\/agora.xtec.cat\/insdertosa\/erasmus\/","title":{"rendered":"Erasmus+: mobilitats europees gratu\u00eftes"},"content":{"rendered":"<p>L&#8217;estiu del juliol del 2022, el centre va presentar el seu projecte Erasmus+ per poder accedir a l&#8217;acreditaci\u00f3 que ens hauria de facilitar fons fins al 2027 per tal de poder fer intercanvis amb altres centres d&#8217;arreu d&#8217;Europa. Ens complau comunicar-vos que se&#8217;ns va atorgar aquesta acreditaci\u00f3 el passat m\u00e9s de febrer. Per tant, ara ja podem dir que som centre Erasmus+<\/p>\n<p><img loading=\"lazy\" decoding=\"async\" class=\"alignnone size-full wp-image-11030\" src=\"https:\/\/agora.xtec.cat\/insdertosa\/wp-content\/uploads\/usu144\/2023\/05\/baixa.png\" alt=\"\" width=\"420\" height=\"120\" srcset=\"https:\/\/agora.xtec.cat\/insdertosa\/wp-content\/uploads\/usu144\/2023\/05\/baixa.png 420w, https:\/\/agora.xtec.cat\/insdertosa\/wp-content\/uploads\/usu144\/2023\/05\/baixa-300x86.png 300w\" sizes=\"auto, (max-width: 420px) 100vw, 420px\" \/> \u00a0<img loading=\"lazy\" decoding=\"async\" class=\"alignnone wp-image-13203\" src=\"https:\/\/agora.xtec.cat\/insdertosa\/wp-content\/uploads\/usu144\/2024\/09\/es_cofinanciado_por_la_union_europea_pos-1-1024x215.png\" alt=\"\" width=\"443\" height=\"93\" srcset=\"https:\/\/agora.xtec.cat\/insdertosa\/wp-content\/uploads\/usu144\/2024\/09\/es_cofinanciado_por_la_union_europea_pos-1-1024x215.png 1024w, https:\/\/agora.xtec.cat\/insdertosa\/wp-content\/uploads\/usu144\/2024\/09\/es_cofinanciado_por_la_union_europea_pos-1-300x63.png 300w, https:\/\/agora.xtec.cat\/insdertosa\/wp-content\/uploads\/usu144\/2024\/09\/es_cofinanciado_por_la_union_europea_pos-1-768x161.png 768w, https:\/\/agora.xtec.cat\/insdertosa\/wp-content\/uploads\/usu144\/2024\/09\/es_cofinanciado_por_la_union_europea_pos-1-1536x322.png 1536w, https:\/\/agora.xtec.cat\/insdertosa\/wp-content\/uploads\/usu144\/2024\/09\/es_cofinanciado_por_la_union_europea_pos-1-2048x429.png 2048w\" sizes=\"auto, (max-width: 443px) 100vw, 443px\" \/><\/p>\n<p>Dintre d&#8217;aquesta acreditaci\u00f3 existeixen diverses pr\u00e0ctiques, entre elles l&#8217;intercanvi de curta durada i el job shadowing, que s\u00f3n els primers pels que hem apostat, aix\u00ed que el centre est\u00e0 treballant per d&#8217;oferir aquestes dues modalitats el proper curs. En els enlla\u00e7os seg\u00fcents trobareu les diverses actuacions dintre d&#8217;aquest projecte:<\/p>\n<ul>\n<li><a href=\"https:\/\/agora.xtec.cat\/insdertosa\/erasmus\/erasmus-curs-25-26\/\">ERASMUS+ Curs 25-26<\/a><\/li>\n<li><a href=\"https:\/\/agora.xtec.cat\/insdertosa\/erasmus\/erasmus-curs-24-25\/\">ERASMUS+ Curs 24-25<\/a><\/li>\n<li><a href=\"https:\/\/agora.xtec.cat\/insdertosa\/erasmus\/erasmus-intercanvis-de-curta-durada\/\" target=\"_blank\" rel=\"noopener\">ERASMUS+ Curs 23-24<\/a><\/li>\n<li><a href=\"https:\/\/agora.xtec.cat\/insdertosa\/erasmus\/erasmus-k122-franca\/\" target=\"_blank\" rel=\"noopener\">ERASMUS+ Curs 22-23 <\/a><\/li>\n<\/ul>\n","protected":false},"excerpt":{"rendered":"<p>L&#8217;estiu del juliol del 2022, el centre va presentar el seu projecte Erasmus+ per poder accedir a l&#8217;acreditaci\u00f3 que ens hauria de facilitar fons fins al 2027 per tal de poder fer intercanvis amb altres centres d&#8217;arreu d&#8217;Europa. Ens complau comunicar-vos que se&#8217;ns va atorgar aquesta acreditaci\u00f3 el passat m\u00e9s de febrer. Per tant, ara [&hellip;]<\/p>\n","protected":false},"author":1,"featured_media":0,"parent":0,"menu_order":0,"comment_status":"closed","ping_status":"closed","template":"","meta":{"_bbp_topic_count":0,"_bbp_reply_count":0,"_bbp_total_topic_count":0,"_bbp_total_reply_count":0,"_bbp_voice_count":0,"_bbp_anonymous_reply_count":0,"_bbp_topic_count_hidden":0,"_bbp_reply_count_hidden":0,"_bbp_forum_subforum_count":0,"site-sidebar-layout":"default","site-content-layout":"","ast-site-content-layout":"","site-content-style":"default","site-sidebar-style":"default","ast-global-header-display":"","ast-banner-title-visibility":"","ast-main-header-display":"","ast-hfb-above-header-display":"","ast-hfb-below-header-display":"","ast-hfb-mobile-header-display":"","site-post-title":"","ast-breadcrumbs-content":"","ast-featured-img":"","footer-sml-layout":"","theme-transparent-header-meta":"","adv-header-id-meta":"","stick-header-meta":"","header-above-stick-meta":"","header-main-stick-meta":"","header-below-stick-meta":"","astra-migrate-meta-layouts":"default","ast-page-background-enabled":"default","ast-page-background-meta":{"desktop":{"background-color":"var(--ast-global-color-5)","background-image":"","background-repeat":"repeat","background-position":"center center","background-size":"auto","background-attachment":"scroll","background-type":"","background-media":"","overlay-type":"","overlay-color":"","overlay-opacity":"","overlay-gradient":""},"tablet":{"background-color":"","background-image":"","background-repeat":"repeat","background-position":"center center","background-size":"auto","background-attachment":"scroll","background-type":"","background-media":"","overlay-type":"","overlay-color":"","overlay-opacity":"","overlay-gradient":""},"mobile":{"background-color":"","background-image":"","background-repeat":"repeat","background-position":"center center","background-size":"auto","background-attachment":"scroll","background-type":"","background-media":"","overlay-type":"","overlay-color":"","overlay-opacity":"","overlay-gradient":""}},"ast-content-background-meta":{"desktop":{"background-color":"var(--ast-global-color-4)","background-image":"","background-repeat":"repeat","background-position":"center center","background-size":"auto","background-attachment":"scroll","background-type":"","background-media":"","overlay-type":"","overlay-color":"","overlay-opacity":"","overlay-gradient":""},"tablet":{"background-color":"var(--ast-global-color-4)","background-image":"","background-repeat":"repeat","background-position":"center center","background-size":"auto","background-attachment":"scroll","background-type":"","background-media":"","overlay-type":"","overlay-color":"","overlay-opacity":"","overlay-gradient":""},"mobile":{"background-color":"var(--ast-global-color-4)","background-image":"","background-repeat":"repeat","background-position":"center center","background-size":"auto","background-attachment":"scroll","background-type":"","background-media":"","overlay-type":"","overlay-color":"","overlay-opacity":"","overlay-gradient":""}},"footnotes":""},"class_list":["post-9845","page","type-page","status-publish","hentry"],"post_mailing_queue_ids":[],"_links":{"self":[{"href":"https:\/\/agora.xtec.cat\/insdertosa\/wp-json\/wp\/v2\/pages\/9845","targetHints":{"allow":["GET"]}}],"collection":[{"href":"https:\/\/agora.xtec.cat\/insdertosa\/wp-json\/wp\/v2\/pages"}],"about":[{"href":"https:\/\/agora.xtec.cat\/insdertosa\/wp-json\/wp\/v2\/types\/page"}],"author":[{"embeddable":true,"href":"https:\/\/agora.xtec.cat\/insdertosa\/wp-json\/wp\/v2\/users\/1"}],"replies":[{"embeddable":true,"href":"https:\/\/agora.xtec.cat\/insdertosa\/wp-json\/wp\/v2\/comments?post=9845"}],"version-history":[{"count":6,"href":"https:\/\/agora.xtec.cat\/insdertosa\/wp-json\/wp\/v2\/pages\/9845\/revisions"}],"predecessor-version":[{"id":15369,"href":"https:\/\/agora.xtec.cat\/insdertosa\/wp-json\/wp\/v2\/pages\/9845\/revisions\/15369"}],"wp:attachment":[{"href":"https:\/\/agora.xtec.cat\/insdertosa\/wp-json\/wp\/v2\/media?parent=9845"}],"curies":[{"name":"wp","href":"https:\/\/api.w.org\/{rel}","templated":true}]}}