{"id":9104,"date":"2022-03-11T06:21:26","date_gmt":"2022-03-11T05:21:26","guid":{"rendered":"https:\/\/agora.xtec.cat\/insdertosa\/?page_id=9104"},"modified":"2025-06-28T12:46:51","modified_gmt":"2025-06-28T10:46:51","slug":"uniformitat-material-llibres","status":"publish","type":"page","link":"https:\/\/agora.xtec.cat\/insdertosa\/projecte-educatiu\/estudis\/cicles-formatius\/uniformitat-material-llibres\/","title":{"rendered":"UNIFORMITAT &#8211; MATERIAL &#8211; LLIBRES"},"content":{"rendered":"<p>En els seg\u00fcent <a href=\"https:\/\/drive.google.com\/drive\/folders\/1cSE2sFctDbNa4fJKn7LZw5xrFc3EB4ae?usp=sharing\">enlla\u00e7<\/a> podeu trobar tota la informaci\u00f3 referent a la uniformitat, material d&#8217;aula i llibres.<\/p>\n<p><strong>Pressupostos empreses col\u00b7laboradores:<\/strong><\/p>\n<p style=\"text-align: center;\"><a href=\"https:\/\/drive.google.com\/file\/d\/1TDxo4nTBClrrgjsADiZpPq3MGptCV9WJ\/view?usp=sharing\">FILAMAN (ganivets i utillatge)<\/a><\/p>\n<p style=\"text-align: center;\"><a href=\"https:\/\/drive.google.com\/file\/d\/1ALdR6VUyMqNtQXKIwhvTxH_7fgDQdhAs\/view?usp=sharing\">Pressupostos Roba i Uniformes Veritext<\/a><\/p>\n<p style=\"text-align: center;\"><a href=\"https:\/\/drive.google.com\/file\/d\/1_7Vh8GD6bz8b5nfVRVJMRdBKuA3vwvyp\/view?usp=sharing\">CONFECCIONS CASTELL\u00c0<\/a> (roba i complements)<\/p>\n<p style=\"text-align: center;\">VESTIM DE TREBALL (roba i complements)<\/p>\n","protected":false},"excerpt":{"rendered":"<p>En els seg\u00fcent enlla\u00e7 podeu trobar tota la informaci\u00f3 referent a la uniformitat, material d&#8217;aula i llibres. Pressupostos empreses col\u00b7laboradores: FILAMAN (ganivets i utillatge) Pressupostos Roba i Uniformes Veritext CONFECCIONS CASTELL\u00c0 (roba i complements) VESTIM DE TREBALL (roba i complements)<\/p>\n","protected":false},"author":143,"featured_media":0,"parent":6874,"menu_order":0,"comment_status":"closed","ping_status":"closed","template":"","meta":{"_bbp_topic_count":0,"_bbp_reply_count":0,"_bbp_total_topic_count":0,"_bbp_total_reply_count":0,"_bbp_voice_count":0,"_bbp_anonymous_reply_count":0,"_bbp_topic_count_hidden":0,"_bbp_reply_count_hidden":0,"_bbp_forum_subforum_count":0,"site-sidebar-layout":"default","site-content-layout":"","ast-site-content-layout":"","site-content-style":"default","site-sidebar-style":"default","ast-global-header-display":"","ast-banner-title-visibility":"","ast-main-header-display":"","ast-hfb-above-header-display":"","ast-hfb-below-header-display":"","ast-hfb-mobile-header-display":"","site-post-title":"","ast-breadcrumbs-content":"","ast-featured-img":"","footer-sml-layout":"","theme-transparent-header-meta":"","adv-header-id-meta":"","stick-header-meta":"","header-above-stick-meta":"","header-main-stick-meta":"","header-below-stick-meta":"","astra-migrate-meta-layouts":"default","ast-page-background-enabled":"default","ast-page-background-meta":{"desktop":{"background-color":"var(--ast-global-color-5)","background-image":"","background-repeat":"repeat","background-position":"center center","background-size":"auto","background-attachment":"scroll","background-type":"","background-media":"","overlay-type":"","overlay-color":"","overlay-opacity":"","overlay-gradient":""},"tablet":{"background-color":"","background-image":"","background-repeat":"repeat","background-position":"center center","background-size":"auto","background-attachment":"scroll","background-type":"","background-media":"","overlay-type":"","overlay-color":"","overlay-opacity":"","overlay-gradient":""},"mobile":{"background-color":"","background-image":"","background-repeat":"repeat","background-position":"center center","background-size":"auto","background-attachment":"scroll","background-type":"","background-media":"","overlay-type":"","overlay-color":"","overlay-opacity":"","overlay-gradient":""}},"ast-content-background-meta":{"desktop":{"background-color":"var(--ast-global-color-4)","background-image":"","background-repeat":"repeat","background-position":"center center","background-size":"auto","background-attachment":"scroll","background-type":"","background-media":"","overlay-type":"","overlay-color":"","overlay-opacity":"","overlay-gradient":""},"tablet":{"background-color":"var(--ast-global-color-4)","background-image":"","background-repeat":"repeat","background-position":"center center","background-size":"auto","background-attachment":"scroll","background-type":"","background-media":"","overlay-type":"","overlay-color":"","overlay-opacity":"","overlay-gradient":""},"mobile":{"background-color":"var(--ast-global-color-4)","background-image":"","background-repeat":"repeat","background-position":"center center","background-size":"auto","background-attachment":"scroll","background-type":"","background-media":"","overlay-type":"","overlay-color":"","overlay-opacity":"","overlay-gradient":""}},"footnotes":""},"class_list":["post-9104","page","type-page","status-publish","hentry"],"post_mailing_queue_ids":[],"_links":{"self":[{"href":"https:\/\/agora.xtec.cat\/insdertosa\/wp-json\/wp\/v2\/pages\/9104","targetHints":{"allow":["GET"]}}],"collection":[{"href":"https:\/\/agora.xtec.cat\/insdertosa\/wp-json\/wp\/v2\/pages"}],"about":[{"href":"https:\/\/agora.xtec.cat\/insdertosa\/wp-json\/wp\/v2\/types\/page"}],"author":[{"embeddable":true,"href":"https:\/\/agora.xtec.cat\/insdertosa\/wp-json\/wp\/v2\/users\/143"}],"replies":[{"embeddable":true,"href":"https:\/\/agora.xtec.cat\/insdertosa\/wp-json\/wp\/v2\/comments?post=9104"}],"version-history":[{"count":7,"href":"https:\/\/agora.xtec.cat\/insdertosa\/wp-json\/wp\/v2\/pages\/9104\/revisions"}],"predecessor-version":[{"id":15308,"href":"https:\/\/agora.xtec.cat\/insdertosa\/wp-json\/wp\/v2\/pages\/9104\/revisions\/15308"}],"up":[{"embeddable":true,"href":"https:\/\/agora.xtec.cat\/insdertosa\/wp-json\/wp\/v2\/pages\/6874"}],"wp:attachment":[{"href":"https:\/\/agora.xtec.cat\/insdertosa\/wp-json\/wp\/v2\/media?parent=9104"}],"curies":[{"name":"wp","href":"https:\/\/api.w.org\/{rel}","templated":true}]}}