{"id":8474,"date":"2021-09-21T13:54:20","date_gmt":"2021-09-21T11:54:20","guid":{"rendered":"https:\/\/agora.xtec.cat\/insdertosa\/?page_id=8474"},"modified":"2025-07-29T15:37:25","modified_gmt":"2025-07-29T13:37:25","slug":"preisncripcio-i-matricula-cicles-formatius","status":"publish","type":"page","link":"https:\/\/agora.xtec.cat\/insdertosa\/projecte-educatiu\/estudis\/cicles-formatius\/preisncripcio-i-matricula-cicles-formatius\/","title":{"rendered":"PREINSCRIPCI\u00d3 i MATR\u00cdCULA CICLES FORMATIUS"},"content":{"rendered":"<h1 style=\"text-align: center;\"><strong>Preinscripci\u00f3 Curs 2025-26<\/strong><\/h1>\n<h3 style=\"text-align: center;\">FORMACI\u00d3 PROFESSIONAL B\u00c0SICA: del 15 al 23 de maig de 2025<\/h3>\n<h3 style=\"text-align: center;\">PROGRAMES DE FORMACI\u00d3 INICIAL-PTT: del 6 al 13 de maig de 2025<\/h3>\n<h3 style=\"text-align: center;\">CICLES GRAU MITJ\u00c0: del 23 al 29 de maig de 2025<\/h3>\n<h3 style=\"text-align: center;\">CICLES DE GRAU SUPERIOR: del 23 al 29 de maig de 2025<\/h3>\n<h3 style=\"text-align: center;\"><a href=\"https:\/\/aplicacions.gestioeducativa.gencat.cat\/pls\/apex\/f?p=CITA_PREVIA:4::::4:P4_TIPUS_CALENDARI,P4_DOMINI:03_CGM,43004438\">\u00a0<\/a>&#8212;&#8212;&#8212;&#8212;&#8212;&#8212;&#8212;&#8212;&#8212;&#8212;&#8212;&#8212;&#8212;&#8212;&#8212;&#8212;&#8212;&#8212;&#8212;&#8212;&#8212;&#8212;&#8212;&#8212;&#8212;&#8212;&#8212;&#8212;<\/h3>\n<ul>\n<li><strong><a href=\"https:\/\/www.gencat.cat\/ensenyament\/eac\/pdf\/CFPB____HT10_CA.pdf\">Formaci\u00f3 Professional B\u00e0sica: Cuina i restauraci\u00f3<\/a>\u00a0<\/strong>\n<ul>\n<li><a href=\"https:\/\/drive.google.com\/file\/d\/1XVAi7lVjuloL52ctUn2bQs0c0MCF2Eqv\/view?usp=sharing\">Publicaci\u00f3 de l&#8217;oferta inicial:<\/a> 12 de maig de 2025.<\/li>\n<li>Per\u00edode de presentaci\u00f3 de sol\u00b7licituds: del 15 al 23 de maig de 2025, ambd\u00f3s inclosos.<\/li>\n<li><a href=\"https:\/\/drive.google.com\/file\/d\/1lwuJx1SB2vB8xDxYOT6pCB2hz3j3edCe\/view?usp=sharing\">Publicaci\u00f3 de les llistes de sol\u00b7licituds amb la puntuaci\u00f3 provisional<\/a>: 30 de maig de 2025.<\/li>\n<li>Termini de reclamaci\u00f3 a les llistes de sol\u00b7licituds amb la puntuaci\u00f3 provisional: del 2 al 6 de juny de 2025.<\/li>\n<li><a href=\"https:\/\/drive.google.com\/file\/d\/1lwuJx1SB2vB8xDxYOT6pCB2hz3j3edCe\/view\">Publicaci\u00f3 de les llistes ordenades de sol\u00b7licituds amb la puntuaci\u00f3, un cop resoltes les reclamacions<\/a>: 10 de juny de 2025.<\/li>\n<li><a href=\"https:\/\/drive.google.com\/file\/d\/11AY5MjsDdTqhANFchHHA-s0xq4uh8_vI\/view?usp=sharing\">Publicaci\u00f3 de l&#8217;oferta final<\/a>: 12 de juny de 2025.<\/li>\n<li><a href=\"https:\/\/drive.google.com\/file\/d\/1lwuJx1SB2vB8xDxYOT6pCB2hz3j3edCe\/view?usp=sharing\">Publicaci\u00f3 de les llistes d&#8217;alumnes admesos i, si escau, de la llista d&#8217;espera:<\/a> 13 de juny de 2025.<\/li>\n<li>Per\u00edode de matr\u00edcula: del 16 al 20 de juny de 2025, ambd\u00f3s inclosos.<\/li>\n<\/ul>\n<\/li>\n<\/ul>\n<ul>\n<li><strong><a href=\"https:\/\/projectes.xtec.cat\/pfi\/wp-content\/uploads\/usu1781\/2023\/04\/genially-62386e003cfcce0011801d55-1.pdf\">Preinscripci\u00f3 Programa de Formaci\u00f3 Inicial &#8211; Cuina i Serveis<\/a><\/strong>\n<ul>\n<li><a href=\"https:\/\/drive.google.com\/file\/d\/1_tjNoDkQouzMelwqYZCyNeAl5nu5YgSq\/view?usp=sharing\">Oferta Inicial PTT 25-26<\/a>: 2 de maig de 2025<\/li>\n<li><a href=\"https:\/\/preinscripcio.gencat.cat\/ca\/estudis\/pfi\/inici\/index.html\">Presentaci\u00f3 de sol\u00b7licituds<\/a>: del 6 al 13 de maig de 2025, ambd\u00f3s inclosos. La documentaci\u00f3 es pot presentar fins al 14 de maig de 2025.<\/li>\n<li><a href=\"https:\/\/drive.google.com\/file\/d\/1e6bMpn2WJmgHV7YWE-65ka_byrD0Qu_5\/view?usp=sharing\">Barem Provisional PTT 25-26:<\/a> 28 de maig de 2025.<\/li>\n<li>Presentaci\u00f3 de reclamacions: del 28 de maig al 3 de juny de 2025, utilitzant l&#8217;eina electr\u00f2nica per adjuntar les reclamacions.<\/li>\n<li><a href=\"https:\/\/drive.google.com\/file\/d\/17AY4oAUAUp174vUKPKO4jfgWZRs53fFJ\/view?usp=sharing\">Llista de sol\u00b7licituds amb la puntuaci\u00f3 un cop resoltes les reclamacions:<\/a> 6 de juny de 2025<\/li>\n<li><a href=\"https:\/\/drive.google.com\/file\/d\/1hQB6FOECbfMW4DeLFSAJnop2Ga_4eWLD\/view?usp=sharing\">Llista ordenada:<\/a> 12 de juny de 2025<\/li>\n<li>Per\u00edode d&#8217;ampliaci\u00f3 de peticions per a les sol\u00b7licituds de preinscripci\u00f3 sense assignaci\u00f3: del 26 al 30 de juny de 2025, ambd\u00f3s inclosos.<\/li>\n<li><a href=\"https:\/\/drive.google.com\/file\/d\/18hcRi3ZPSnk1wZxgBgLZFnTd6j8RUIRF\/view?usp=sharing\">Llista d&#8217;alumnes admesos<\/a> i <a href=\"https:\/\/drive.google.com\/file\/d\/1OzjY_hMZ0CeLwsO2TWEIpkZ0NI5zXjwK\/view?usp=sharing\">llista d&#8217;espera<\/a>: 4 de juliol de 2025.<\/li>\n<li>Matriculaci\u00f3: del 7 al 11 de juliol de 2025, ambd\u00f3s inclosos<\/li>\n<\/ul>\n<\/li>\n<\/ul>\n<h5 style=\"text-align: left;\"><a href=\"https:\/\/agora.xtec.cat\/insdertosa\/wp-content\/uploads\/usu144\/2023\/06\/Instruccions-matricula-CF-Grau-Mitja.pdf\">Instruccions matr\u00edcula CF Grau Mitj\u00e0<\/a> (<a href=\"https:\/\/preinscripcio.gencat.cat\/ca\/estudis\/fp-grau-mitja\/inici\/\">+ INFO<\/a>)<\/h5>\n<ul>\n<li><a href=\"https:\/\/drive.google.com\/file\/d\/1TqVCYah78CfWgdcpi852LBNrQuh-mNXa\/view?usp=sharing\">Oferta inicial de places<\/a> 22 de maig de 2025<\/li>\n<li style=\"text-align: left;\"><a href=\"https:\/\/preinscripcio.gencat.cat\/ca\/estudis\/fp-grau-mitja\/inici\/index.html\">Preinscripci\u00f3 Cicles formatius de Grau Mitj\u00e0.:<\/a> del 23 al 29 de maig de 2025, ambd\u00f3s inclosos. Es pot presentar la documentaci\u00f3 fins al 30 de maig de 2025.<\/li>\n<li><a href=\"https:\/\/drive.google.com\/file\/d\/1lwGsDSIve23IuWAm6rwSTZazm_ZIxEBC\/view?usp=sharing\">Llista sol\u00b7licituds amb la puntuaci\u00f3 provisional.<\/a> 27 de juny de 2025.<\/li>\n<li><a href=\"https:\/\/preinscripcio.gencat.cat\/ca\/estudis\/fp-grau-mitja\/preinscriute\/seguiment-sollicitud\/llista-sollicituds\/\">Presentaci\u00f3 de reclamacions<\/a>: del 27 de juny al 2 de juliol de 2025, utilitzant l&#8217;eina electr\u00f2nica per adjuntar les reclamacions.<\/li>\n<li><a href=\"https:\/\/drive.google.com\/file\/d\/1WUQh34-c72yy369dh60CqN-pm8ouK37h\/view?usp=sharing\">Barem resoltes les reclamacions<\/a>: 7 de juliol de 2025.<\/li>\n<li>Oferta final de places. 10 de juliol de 2025<\/li>\n<li><a href=\"https:\/\/drive.google.com\/file\/d\/1fZiCKFyl-c9FradQh0-Rtq9Yzan9jjuI\/view?usp=sharing\">Llista de places assignades<\/a>. 10 de juliol de 2025.<\/li>\n<li>FORMALITZACI\u00d3 MATR\u00cdCULA. : del 11 al 14 de juliol de 2025, ambd\u00f3s inclosos.<\/li>\n<li><a href=\"https:\/\/drive.google.com\/file\/d\/1u6bfNBNJ3bNtS-mkKPaM37LCHNDfe_Xp\/view?usp=sharing\">Llista de places assignades 2\u00aa Tanda<\/a>: 18 de juliol de 2025<\/li>\n<li>Formalitzaci\u00f3 Matr\u00edcula:\u00a0del 21 i 22 de juliol, ambd\u00f3s inclosos.<\/li>\n<li><a href=\"https:\/\/drive.google.com\/file\/d\/1WUARHcabqDEjCPBSPLKd0rWJeJxfJxyn\/view?usp=sharing\">Publicaci\u00f3 de places de la tercera assignaci\u00f3<\/a>: 29 de juliol de 2025.<\/li>\n<li>Per\u00edode de confirmaci\u00f3 de matr\u00edcula online per als alumnes que han obtingut pla\u00e7a en el tercer proc\u00e9s d&#8217;assignaci\u00f3: del 30 i 31 de juliol, ambd\u00f3s inclosos.<\/li>\n<\/ul>\n<h5 style=\"text-align: left;\"><a href=\"https:\/\/agora.xtec.cat\/insdertosa\/wp-content\/uploads\/usu144\/2023\/06\/Instruccions-matricula-CF-Grau-Superior.pdf\">Instruccions matr\u00edcula CF Grau Superior<\/a>(<a href=\"https:\/\/preinscripcio.gencat.cat\/ca\/estudis\/fp-grau-superior\/inici\/\">+ INFO<\/a>)<\/h5>\n<ul>\n<li><a href=\"https:\/\/preinscripcio.gencat.cat\/ca\/estudis\/fp-grau-superior\/inici\/index.html\">Preinscripci\u00f3 Cicles formatius Grau Superior<\/a>\n<ul>\n<li><a href=\"https:\/\/drive.google.com\/file\/d\/1MkuRWyA1vG6C-zJAAtW9n-_RCZuPvvZ-\/view?usp=sharing\">Publicaci\u00f3 de l&#8217;oferta inicial<\/a>: 22 de maig de 2025.<\/li>\n<li>Per\u00edode de presentaci\u00f3 de sol\u00b7licituds: del 23 al 29 de maig de 2025, ambd\u00f3s inclosos. Es pot presentar la documentaci\u00f3 fins al 30 de maig de 2025.<\/li>\n<li><a href=\"https:\/\/drive.google.com\/file\/d\/1NQKqdfTTRB28aqEokVJSOU6U1YPqU6w_\/view?usp=sharing\">Publicaci\u00f3 de la llista de sol\u00b7licituds\u00a0 amb la puntuaci\u00f3 provisional<\/a>: 27 de juny de 2025.<\/li>\n<li><a href=\"https:\/\/preinscripcio.gencat.cat\/ca\/estudis\/fp-grau-superior\/preinscriute\/seguiment-sollicitud\/llista-sollicituds\/\">Termini per presentar reclamacions<\/a>: del 27 de juny al 2 de juliol de 2025, utilitzant l&#8217;eina electr\u00f2nica per adjuntar les reclamacions.<\/li>\n<li><a href=\"https:\/\/drive.google.com\/file\/d\/1Txi67DrFSUNoqFCkJAxIo4scy7eaxeFo\/view?usp=sharing\">Publicaci\u00f3 de la llista de sol\u00b7licituds de preinscripci\u00f3 al centre amb la puntuaci\u00f3, un cop resoltes les reclamacions<\/a>: 7 de juliol de 2025.<\/li>\n<li>Publicaci\u00f3 de l&#8217;oferta final: 10 de juliol de 2025.<\/li>\n<li><a href=\"https:\/\/drive.google.com\/file\/d\/1GyxlzcZvYTKzBdyVKT3RPE-Kxop424UI\/view?usp=sharing\">Publicaci\u00f3 de places de la primera assignaci\u00f3<\/a>: 10 de juliol de 2025.<\/li>\n<li>Per\u00edode de confirmaci\u00f3 de matr\u00edcula: del 11 al 14 de juliol de 2025, ambd\u00f3s inclosos.<\/li>\n<li><a href=\"https:\/\/drive.google.com\/file\/d\/1lrB0p8J8NGmgQekTJPEoG8VD5q-3_28x\/view?usp=sharing\">Publicaci\u00f3 de places de la segona assignaci\u00f3<\/a>: 18 de juliol de 2025.<\/li>\n<li>Per\u00edode de confirmaci\u00f3 de matr\u00edcula online per als alumnes que han obtingut pla\u00e7a en el segon proc\u00e9s d&#8217;assignaci\u00f3: el 21 i 22 de juliol de 2025, ambd\u00f3s inclosos.<\/li>\n<li>Publicaci\u00f3 de places de la tercera assignaci\u00f3: 29 de juliol de 2025.<\/li>\n<li>Per\u00edode de confirmaci\u00f3 de matr\u00edcula online per als alumnes que han obtingut pla\u00e7a en el tercer proc\u00e9s d&#8217;assignaci\u00f3: el 30 i 31 de juliol de 2025, ambd\u00f3s inclosos.<\/li>\n<\/ul>\n<\/li>\n<\/ul>\n<div class=\"NG-menu__wrapper_title\" role=\"main\">\n<h5 style=\"text-align: left;\"><a href=\"https:\/\/drive.google.com\/file\/d\/1ZhkOorqqz0AYxyRNadfntLfiubeIcMWM\/view?usp=drive_link\">PREUS MATR\u00cdCULA<\/a><\/h5>\n<\/div>\n<h5 class=\"NG-menu__title\" style=\"text-align: left;\"><a href=\"https:\/\/educacio.gencat.cat\/ca\/departament\/normativa\/taxes-preus-publics\/exempcions-bonificacions\/\">Exempcions i bonificacions generals (GM i GS)<\/a><\/h5>\n<p>&nbsp;<\/p>\n<h3>SEGONA FASE D\u2019ADMISSI\u00d3 MATR\u00cdCULA:<\/h3>\n<ul>\n<li>\n<h5>GRAU MITJ\u00c0:<\/h5>\n<ul>\n<li>Llista de places assignades a la segona tanda: 31 de juliol de 2024<\/li>\n<li><span style=\"font-family: inherit; font-size: 1em;\">Matr\u00edcula del 2 al 6 de setembre 2024<\/span><\/li>\n<\/ul>\n<\/li>\n<li>\n<h5>GRAU SUPERIOR:<\/h5>\n<ul>\n<li>Llista de places assignades a la segona tanda: 30 de juliol de 2024<\/li>\n<li>Matr\u00edcula del 2 al 6 de setembre de 2024<\/li>\n<\/ul>\n<\/li>\n<\/ul>\n<p>&nbsp;<\/p>\n<ul>\n<li>Sol\u00b7licitud de preinscripci\u00f3 del proc\u00e9s extraordinari<\/li>\n<li>Places vacant segona fase d&#8217;admissi\u00f3<\/li>\n<\/ul>\n<div>\n<p><span lang=\"CA-ES\" data-contrast=\"none\">L\u2019han d\u2019emplenar\u00a0i demanar fins a cinc peticions, cicles i torns, ordenades per prioritat\u00a0i adjuntar la\u00a0<\/span><span lang=\"CA-ES\" data-contrast=\"none\">documentaci\u00f3 acreditativa seg\u00fcent<\/span><span lang=\"CA-ES\" data-contrast=\"none\">:<\/span><span data-ccp-props=\"{&quot;201341983&quot;:0,&quot;335551550&quot;:6,&quot;335551620&quot;:6,&quot;335559739&quot;:160,&quot;335559740&quot;:240}\">\u00a0<\/span><\/p>\n<\/div>\n<div>\n<ul>\n<li><span lang=\"CA-ES\" data-contrast=\"none\">\u200bdocument d\u2019identificaci\u00f3 personal: DNI, NIE o passaport de l\u2019alumne o alumna; si \u00e9s menor d\u2019edat, llibre de fam\u00edlia i DNI, NIE o passaport del tutor o tutora;<\/span><span data-ccp-props=\"{&quot;201341983&quot;:0,&quot;335551550&quot;:6,&quot;335551620&quot;:6,&quot;335559739&quot;:160,&quot;335559740&quot;:240}\">\u00a0<\/span><\/li>\n<li><span lang=\"CA-ES\" data-contrast=\"none\">certificaci\u00f3 dels estudis o de la prova d\u2019acc\u00e9s al\u00b7legats per a l\u2019acc\u00e9s, en qu\u00e8 consti la qualificaci\u00f3 obtinguda.<\/span><span data-ccp-props=\"{&quot;201341983&quot;:0,&quot;335551550&quot;:6,&quot;335551620&quot;:6,&quot;335559739&quot;:160,&quot;335559740&quot;:240}\">\u00a0<\/span><\/li>\n<li><span lang=\"CA-ES\" data-contrast=\"none\">resguard de la sol\u00b7licitud de preinscripci\u00f3 a cicles d\u200bel grau corresponent per al curs 2022-2023, si escau.<\/span><span data-ccp-props=\"{&quot;201341983&quot;:0,&quot;335551550&quot;:6,&quot;335551620&quot;:6,&quot;335559739&quot;:160,&quot;335559740&quot;:240}\">\u00a0<\/span><\/li>\n<\/ul>\n<\/div>\n<div class=\"NG-menu__wrapper_title\" role=\"main\">\n<h5 style=\"text-align: center;\"><\/h5>\n<\/div>\n","protected":false},"excerpt":{"rendered":"<p>Preinscripci\u00f3 Curs 2025-26 FORMACI\u00d3 PROFESSIONAL B\u00c0SICA: del 15 al 23 de maig de 2025 PROGRAMES DE FORMACI\u00d3 INICIAL-PTT: del 6 al 13 de maig de 2025 CICLES GRAU MITJ\u00c0: del 23 al 29 de maig de 2025 CICLES DE GRAU SUPERIOR: del 23 al 29 de maig de 2025 \u00a0&#8212;&#8212;&#8212;&#8212;&#8212;&#8212;&#8212;&#8212;&#8212;&#8212;&#8212;&#8212;&#8212;&#8212;&#8212;&#8212;&#8212;&#8212;&#8212;&#8212;&#8212;&#8212;&#8212;&#8212;&#8212;&#8212;&#8212;&#8212; Formaci\u00f3 Professional B\u00e0sica: Cuina i [&hellip;]<\/p>\n","protected":false},"author":143,"featured_media":0,"parent":6874,"menu_order":0,"comment_status":"closed","ping_status":"closed","template":"","meta":{"_bbp_topic_count":0,"_bbp_reply_count":0,"_bbp_total_topic_count":0,"_bbp_total_reply_count":0,"_bbp_voice_count":0,"_bbp_anonymous_reply_count":0,"_bbp_topic_count_hidden":0,"_bbp_reply_count_hidden":0,"_bbp_forum_subforum_count":0,"site-sidebar-layout":"default","site-content-layout":"","ast-site-content-layout":"","site-content-style":"default","site-sidebar-style":"default","ast-global-header-display":"","ast-banner-title-visibility":"","ast-main-header-display":"","ast-hfb-above-header-display":"","ast-hfb-below-header-display":"","ast-hfb-mobile-header-display":"","site-post-title":"","ast-breadcrumbs-content":"","ast-featured-img":"","footer-sml-layout":"","theme-transparent-header-meta":"","adv-header-id-meta":"","stick-header-meta":"","header-above-stick-meta":"","header-main-stick-meta":"","header-below-stick-meta":"","astra-migrate-meta-layouts":"default","ast-page-background-enabled":"default","ast-page-background-meta":{"desktop":{"background-color":"var(--ast-global-color-5)","background-image":"","background-repeat":"repeat","background-position":"center center","background-size":"auto","background-attachment":"scroll","background-type":"","background-media":"","overlay-type":"","overlay-color":"","overlay-opacity":"","overlay-gradient":""},"tablet":{"background-color":"","background-image":"","background-repeat":"repeat","background-position":"center center","background-size":"auto","background-attachment":"scroll","background-type":"","background-media":"","overlay-type":"","overlay-color":"","overlay-opacity":"","overlay-gradient":""},"mobile":{"background-color":"","background-image":"","background-repeat":"repeat","background-position":"center center","background-size":"auto","background-attachment":"scroll","background-type":"","background-media":"","overlay-type":"","overlay-color":"","overlay-opacity":"","overlay-gradient":""}},"ast-content-background-meta":{"desktop":{"background-color":"var(--ast-global-color-4)","background-image":"","background-repeat":"repeat","background-position":"center center","background-size":"auto","background-attachment":"scroll","background-type":"","background-media":"","overlay-type":"","overlay-color":"","overlay-opacity":"","overlay-gradient":""},"tablet":{"background-color":"var(--ast-global-color-4)","background-image":"","background-repeat":"repeat","background-position":"center center","background-size":"auto","background-attachment":"scroll","background-type":"","background-media":"","overlay-type":"","overlay-color":"","overlay-opacity":"","overlay-gradient":""},"mobile":{"background-color":"var(--ast-global-color-4)","background-image":"","background-repeat":"repeat","background-position":"center center","background-size":"auto","background-attachment":"scroll","background-type":"","background-media":"","overlay-type":"","overlay-color":"","overlay-opacity":"","overlay-gradient":""}},"footnotes":""},"class_list":["post-8474","page","type-page","status-publish","hentry"],"post_mailing_queue_ids":[],"_links":{"self":[{"href":"https:\/\/agora.xtec.cat\/insdertosa\/wp-json\/wp\/v2\/pages\/8474","targetHints":{"allow":["GET"]}}],"collection":[{"href":"https:\/\/agora.xtec.cat\/insdertosa\/wp-json\/wp\/v2\/pages"}],"about":[{"href":"https:\/\/agora.xtec.cat\/insdertosa\/wp-json\/wp\/v2\/types\/page"}],"author":[{"embeddable":true,"href":"https:\/\/agora.xtec.cat\/insdertosa\/wp-json\/wp\/v2\/users\/143"}],"replies":[{"embeddable":true,"href":"https:\/\/agora.xtec.cat\/insdertosa\/wp-json\/wp\/v2\/comments?post=8474"}],"version-history":[{"count":8,"href":"https:\/\/agora.xtec.cat\/insdertosa\/wp-json\/wp\/v2\/pages\/8474\/revisions"}],"predecessor-version":[{"id":15356,"href":"https:\/\/agora.xtec.cat\/insdertosa\/wp-json\/wp\/v2\/pages\/8474\/revisions\/15356"}],"up":[{"embeddable":true,"href":"https:\/\/agora.xtec.cat\/insdertosa\/wp-json\/wp\/v2\/pages\/6874"}],"wp:attachment":[{"href":"https:\/\/agora.xtec.cat\/insdertosa\/wp-json\/wp\/v2\/media?parent=8474"}],"curies":[{"name":"wp","href":"https:\/\/api.w.org\/{rel}","templated":true}]}}