{"id":8414,"date":"2021-07-22T14:12:29","date_gmt":"2021-07-22T12:12:29","guid":{"rendered":"https:\/\/agora.xtec.cat\/insdertosa\/?page_id=8414"},"modified":"2025-10-18T10:21:20","modified_gmt":"2025-10-18T08:21:20","slug":"convalidacions-i-exempcions-cicles-formatius","status":"publish","type":"page","link":"https:\/\/agora.xtec.cat\/insdertosa\/projecte-educatiu\/estudis\/cicles-formatius\/convalidacions-i-exempcions-cicles-formatius\/","title":{"rendered":"CONVALIDACIONS I EXEMPCIONS CICLES FORMATIUS"},"content":{"rendered":"<div class=\"page-header\">\n<h2>INFORMACI\u00d3 GENERAL CONVALIDACIONS i EXEMPCIONS<\/h2>\n<\/div>\n<div class=\"fav-article-details\"><\/div>\n<div>\n<p>Descarregueu aquestes sol\u00b7licituds segons tipus de convalidacions.<\/p>\n<ul>\n<li><a href=\"https:\/\/agora.xtec.cat\/insdertosa\/wp-content\/uploads\/usu144\/2021\/09\/18-Sollicitud-convalidacio-centre.pdf\">Convalidacions que resol el centre<\/a><\/li>\n<li><a href=\"https:\/\/agora.xtec.cat\/insdertosa\/wp-content\/uploads\/usu144\/2021\/09\/Documentacio-convalidacions-singular.pdf\">Convalidacions que resol el \u00a0Departament d\u2019Educaci\u00f3<\/a><\/li>\n<li><a href=\"https:\/\/drive.google.com\/file\/d\/1ZdWZEntLkfm4d9vNXEs1-lYla9IEBclK\/view?usp=drive_link\">Sol\u00b7licitud Exempci\u00f3 Estada en l&#8217;empresa<\/a><\/li>\n<\/ul>\n<p><strong>Data l\u00edmit CONVALIDACIONS:<\/strong> 30 OCTUBRE<\/p>\n<p><strong>Data l\u00edmit EXEMPCIONS:<\/strong> 30 NOVEMBRE<\/p>\n<p><b><u>Av\u00eds important<\/u><\/b><b>:<\/b><\/p>\n<p>Fins que no \u00e9s resol la convalidaci\u00f3 l\u2019alumnat deu assistir a classe.<\/p>\n<p>Si l\u2019alumne\/a decideix no assistir a classe, ser\u00e0 sota la seva responsabilitat, i ,un document de comprom\u00eds en el qual assumeix la possible resoluci\u00f3 o no de la convalidaci\u00f3.<\/p>\n<p><b>DOCUMENTACI\u00d3 A PRESENTAR A LA SECRETARIA DEL CENTRE<\/b><\/p>\n<ul>\n<li>Sol\u00b7licitud de convalidaci\u00f3 corresponent<\/li>\n<li>Fotoc\u00f2pia del DNI\/NIE\/Passaport<\/li>\n<li>T\u00edtol o resguard de t\u00edtol<\/li>\n<li>Certificat de qualificacions<\/li>\n<\/ul>\n<\/div>\n<p>&nbsp;<\/p>\n<h3>CONVALIDACIONS IDIOMES:<\/h3>\n<p>En aquest cas s\u2019aplica el que estableix el <a href=\"https:\/\/www.boe.es\/buscar\/doc.php?id=BOE-A-2017-12559\">BOE 266 del 2 de novembre de 2017\u00a0 (sec.1 pag. 104704)<\/a><\/p>\n<p><a href=\"https:\/\/agora.xtec.cat\/insdertosa\/wp-content\/uploads\/usu144\/2021\/07\/Captura-1.png\"><img loading=\"lazy\" decoding=\"async\" class=\"size-full wp-image-8426 aligncenter\" src=\"https:\/\/agora.xtec.cat\/insdertosa\/wp-content\/uploads\/usu144\/2021\/07\/Captura-1.png\" alt=\"\" width=\"641\" height=\"441\" srcset=\"https:\/\/agora.xtec.cat\/insdertosa\/wp-content\/uploads\/usu144\/2021\/07\/Captura-1.png 641w, https:\/\/agora.xtec.cat\/insdertosa\/wp-content\/uploads\/usu144\/2021\/07\/Captura-1-300x206.png 300w\" sizes=\"auto, (max-width: 641px) 100vw, 641px\" \/><\/a><\/p>\n<p><a href=\"https:\/\/agora.xtec.cat\/insdertosa\/wp-content\/uploads\/usu144\/2021\/07\/Captura-2.png\"><img loading=\"lazy\" decoding=\"async\" class=\"size-full wp-image-8427 aligncenter\" src=\"https:\/\/agora.xtec.cat\/insdertosa\/wp-content\/uploads\/usu144\/2021\/07\/Captura-2.png\" alt=\"\" width=\"642\" height=\"413\" srcset=\"https:\/\/agora.xtec.cat\/insdertosa\/wp-content\/uploads\/usu144\/2021\/07\/Captura-2.png 642w, https:\/\/agora.xtec.cat\/insdertosa\/wp-content\/uploads\/usu144\/2021\/07\/Captura-2-300x193.png 300w\" sizes=\"auto, (max-width: 642px) 100vw, 642px\" \/><\/a><\/p>\n<h3>CONVALIDACIONS DE FOL (FORMACI\u00d3 I ORIENTACI\u00d3 LABORAL) I EIE (EMPRESA I INICIATIVA EMPRENEDORA)<\/h3>\n<p><b>a) Alumnat que t\u00e9 aprovat FOL LOGSE i est\u00e0 matriculat en un cicle LOE<\/b><\/p>\n<p>En aquest cas s\u2019aplica el que estableix el <a href=\"https:\/\/www.boe.es\/buscar\/doc.php?id=BOE-A-2017-12559\">BOE 266 del 2 de novembre de 2017\u00a0 (sec.1 pag. 104704)<\/a> en l&#8217;annex III:<\/p>\n<p><a href=\"https:\/\/agora.xtec.cat\/insdertosa\/wp-content\/uploads\/usu144\/2021\/07\/Captura.png\"><img loading=\"lazy\" decoding=\"async\" class=\"wp-image-8423 size-full aligncenter\" src=\"https:\/\/agora.xtec.cat\/insdertosa\/wp-content\/uploads\/usu144\/2021\/07\/Captura.png\" alt=\"\" width=\"627\" height=\"234\" srcset=\"https:\/\/agora.xtec.cat\/insdertosa\/wp-content\/uploads\/usu144\/2021\/07\/Captura.png 627w, https:\/\/agora.xtec.cat\/insdertosa\/wp-content\/uploads\/usu144\/2021\/07\/Captura-300x112.png 300w\" sizes=\"auto, (max-width: 627px) 100vw, 627px\" \/><\/a><\/p>\n<p>Curs de Certificaci\u00f3 de Prevenci\u00f3 de Riscos Laborals &#8211; Nivell B\u00e0sic &#8211; <a href=\"https:\/\/treball.gencat.cat\/ca\/ambits\/seguretat_i_salut_laboral\/formacio\/nivells_de_formacio_tecnica\/\">Informaci\u00f3 Treball<\/a> &#8211; <a href=\"https:\/\/treball.gencat.cat\/ca\/detalls\/activitatagenda\/Curs-de-prevencio-de-riscos-laborals.-Nivell-basic-annex-IV-Reial-decret-39-1997-serveis-de-prevencio-.-Modalitat-a-distancia\">Modalitat a dist\u00e0ncia<\/a><\/p>\n<p>&nbsp;<\/p>\n<p><b>b) Alumnat que t\u00e9 aprovat FOL LOE i est\u00e0 matriculat en un cicle LOE<\/b><\/p>\n<p>En aquest cas s\u2019aplica el que estableix el <a href=\"https:\/\/www.boe.es\/buscar\/doc.php?id=BOE-A-2017-12559\">BOE 266 del 2 de novembre de 2017\u00a0 (sec.1 pag. 104704)\u00a0<\/a>article \u00fanic:<\/p>\n<h5 class=\"articulo\">Art\u00edculo \u00fanico.<em>\u00a0<\/em><em>Modificaci\u00f3n de la Orden ECD\/2159\/2014, de 7 de noviembre, por la que se establecen convalidaciones entre m\u00f3dulos profesionales de formaci\u00f3n profesional del Sistema Educativo Espa\u00f1ol y medidas para su aplicaci\u00f3n y se modifica la Orden de 20 de diciembre de 2001, por la que se determinan convalidaciones de estudios de formaci\u00f3n profesional espec\u00edfica derivada de la Ley Org\u00e1nica 1\/1990, de 3 de octubre, de Ordenaci\u00f3n General del Sistema Educativo.<\/em><\/h5>\n<p class=\"parrafo\">La Orden ECD\/2159\/2014, de 7 de noviembre, por la que se establecen convalidaciones entre m\u00f3dulos profesionales de formaci\u00f3n profesional del Sistema Educativo Espa\u00f1ol y medidas para su aplicaci\u00f3n y se modifica la Orden de 20 de diciembre de 2001, por la que se determinan convalidaciones de estudios de formaci\u00f3n profesional espec\u00edfica derivada de la Ley Org\u00e1nica 1\/1990, de 3 de octubre, de Ordenaci\u00f3n General del Sistema Educativo, queda modificada en los siguientes t\u00e9rminos:<\/p>\n<p class=\"parrafo_2\">Uno.\u2003Se modifica el apartado 1 del art\u00edculo 3, que queda redactado de la siguiente forma:<\/p>\n<p class=\"sangrado_2\">\u00ab1.\u2003Se establecen las siguientes convalidaciones:<\/p>\n<hr \/>\n<p>d)\u2003Los m\u00f3dulos profesionales de Formaci\u00f3n y Orientaci\u00f3n Laboral, y de Empresa e Iniciativa Emprendedora, incluidos en los reales decretos que regulan los t\u00edtulos de formaci\u00f3n profesional aprobados de conformidad con la regulaci\u00f3n de la Ley Org\u00e1nica 2\/2006, de 3 de mayo, se convalidar\u00e1n con independencia del ciclo formativo de grado medio o superior al que pertenezcan.&#8221;<\/p>\n<h3><\/h3>\n<h3>Convalidacions EIE (Empresa i iniciativa emprenedora)<\/h3>\n<p><b>a) Alumnat que t\u00e9 aprovat Administraci\u00f3, gesti\u00f3 i comercialitzaci\u00f3 en la petita empresa LOGSE, Organitzaci\u00f3 i gesti\u00f3 d\u2019una explotaci\u00f3 agr\u00e0ria LOGSE, Organitzaci\u00f3 i gesti\u00f3 d\u2019una explotaci\u00f3 agr\u00e0ria familiar LOGSE, Organitzaci\u00f3 i gesti\u00f3 d\u2019una petita empresa d\u2019activitats de temps lliure i socioeducatives LOGSE, o b\u00e9 disposa del t\u00edtol de t\u00e8cnic en Gesti\u00f3 administrativa LOGSE o del t\u00edtol de t\u00e8cnic superior en Administraci\u00f3 i finances LOGSE i est\u00e0 matriculat en un cicle LOE. En aquest cas s\u2019aplica el que estableix el <a href=\"https:\/\/www.boe.es\/buscar\/doc.php?id=BOE-A-2017-12559\">BOE 266 del 2 de novembre de 2017\u00a0 (sec.1 pag. 104704)\u00a0<\/a><\/b><\/p>\n<table class=\"tabla\">\n<tbody>\n<tr>\n<th>\n<p class=\"cabeza_tabla\">FORMACI\u00d3N APORTADA<\/p>\n<\/th>\n<th>\n<p class=\"cabeza_tabla\">FORMACI\u00d3N A CONVALIDAR<\/p>\n<\/th>\n<\/tr>\n<tr>\n<th>\n<p class=\"cabeza_tabla\">M\u00f3dulos Profesionales de diferentes t\u00edtulos regulados por la Ley Org\u00e1nica 1\/1990<\/p>\n<\/th>\n<th>\n<p class=\"cabeza_tabla\">Empresa e Iniciativa Emprendedora<\/p>\n<p class=\"cabeza_tabla\">(Ley Org\u00e1nica 2\/2006)<\/p>\n<\/th>\n<\/tr>\n<tr>\n<td colspan=\"2\">\n<p class=\"cuerpo_tabla_centro\"><strong>GRADO MEDIO<\/strong><\/p>\n<\/td>\n<\/tr>\n<tr>\n<td>\n<p class=\"cuerpo_tabla_izq\"><strong>Administraci\u00f3n, gesti\u00f3n y comercializaci\u00f3n en la peque\u00f1a empresa.<\/strong><\/p>\n<p class=\"cuerpo_tabla_izq\">(<em>C<\/em><em>ualquier ciclo formativo<\/em>)<\/p>\n<\/td>\n<td>\n<p class=\"cuerpo_tabla_centro\"><strong>Empresa e Iniciativa Emprendedora<\/strong><\/p>\n<\/td>\n<\/tr>\n<tr>\n<td>\n<p class=\"cuerpo_tabla_izq\"><strong>Administraci\u00f3n y gesti\u00f3n de un peque\u00f1o establecimiento comercial.<\/strong><\/p>\n<p class=\"cuerpo_tabla_izq\">Ciclo Comercio. (<em>Comercio y Marketing<\/em>)<\/p>\n<\/td>\n<td>\n<p class=\"cuerpo_tabla_centro\"><strong>Empresa e Iniciativa Emprendedora<\/strong><\/p>\n<\/td>\n<\/tr>\n<tr>\n<td>\n<p class=\"cuerpo_tabla_izq\"><strong>Organizaci\u00f3n y gesti\u00f3n de una explotaci\u00f3n agraria familiar<\/strong><\/p>\n<p class=\"cuerpo_tabla_izq\">Ciclo Trabajos Forestales y de Conservaci\u00f3n del Medio Natural. (<em>Agraria<\/em>)<\/p>\n<p class=\"cuerpo_tabla_izq\">Ciclo Jardiner\u00eda. (<em>Agraria<\/em>)<\/p>\n<p class=\"cuerpo_tabla_izq\">Ciclo Explotaciones Agrarias Extensivas. (<em>Agraria<\/em>)<\/p>\n<p class=\"cuerpo_tabla_izq\">Ciclo Explotaciones Agr\u00edcolas Intensivas. (<em>Agraria<\/em>)<\/p>\n<p class=\"cuerpo_tabla_izq\">Ciclo Explotaciones Ganaderas. (<em>Agraria<\/em>)<\/p>\n<\/td>\n<td>\n<p class=\"cuerpo_tabla_centro\"><strong>Empresa e Iniciativa Emprendedora<\/strong><\/p>\n<\/td>\n<\/tr>\n<tr>\n<td>\n<p class=\"cuerpo_tabla_izq\"><strong>Ciclo completo de Gesti\u00f3n administrativa.\u00a0<\/strong><em>(Administraci\u00f3n)<\/em><\/p>\n<\/td>\n<td>\n<p class=\"cuerpo_tabla_centro\"><strong>Empresa e Iniciativa Emprendedora<\/strong><\/p>\n<\/td>\n<\/tr>\n<tr>\n<td colspan=\"2\">\n<p class=\"cuerpo_tabla_centro\"><strong>GRADO SUPERIOR<\/strong><\/p>\n<\/td>\n<\/tr>\n<tr>\n<td>\n<p class=\"cuerpo_tabla_izq\"><strong>Administraci\u00f3n, gesti\u00f3n y comercializaci\u00f3n en la peque\u00f1a empresa.<\/strong><\/p>\n<p class=\"cuerpo_tabla_izq\">(<em>C<\/em><em>ualquier ciclo formativo<\/em>)<\/p>\n<\/td>\n<td>\n<p class=\"cuerpo_tabla_centro\"><strong>Empresa e Iniciativa Emprendedora<\/strong><\/p>\n<\/td>\n<\/tr>\n<tr>\n<td>\n<p class=\"cuerpo_tabla_izq\"><strong>Organizaci\u00f3n y gesti\u00f3n de una peque\u00f1a empresa de actividades de tiempo libre y socioeducativas.<\/strong><\/p>\n<p class=\"cuerpo_tabla_izq\">Ciclo Animaci\u00f3n Sociocultural. (<em>Servicios Socioculturales y a la Comunidad<\/em>)<\/p>\n<p class=\"cuerpo_tabla_izq\">Ciclo Animaci\u00f3n de Actividades F\u00edsicas y Deportivas. (<em>Actividades F\u00edsicas y Deportivas<\/em>)<\/p>\n<p class=\"cuerpo_tabla_izq\">Ciclo Animaci\u00f3n Tur\u00edstica. (<em>Hosteler\u00eda y Turismo<\/em>)<\/p>\n<\/td>\n<td>\n<p class=\"cuerpo_tabla_centro\"><strong>Empresa e Iniciativa Emprendedora<\/strong><\/p>\n<\/td>\n<\/tr>\n<tr>\n<td>\n<p class=\"cuerpo_tabla_izq\"><strong>Organizaci\u00f3n y control en agencias de viajes.<\/strong><\/p>\n<p class=\"cuerpo_tabla_izq\">Ciclo Agencias de Viajes.<em>\u00a0(Hosteler\u00eda y Turismo)<\/em><\/p>\n<\/td>\n<td>\n<p class=\"cuerpo_tabla_centro\"><strong>Empresa e Iniciativa Emprendedora<\/strong><\/p>\n<\/td>\n<\/tr>\n<tr>\n<td>\n<p class=\"cuerpo_tabla_izq\"><strong>Administraci\u00f3n de establecimientos de restauraci\u00f3n.<\/strong><\/p>\n<p class=\"cuerpo_tabla_izq\">Ciclo Restauraci\u00f3n. (<em>Hosteler\u00eda y Turismo<\/em>)<\/p>\n<\/td>\n<td>\n<p class=\"cuerpo_tabla_centro\"><strong>Empresa e Iniciativa Emprendedora<\/strong><\/p>\n<\/td>\n<\/tr>\n<tr>\n<td>\n<p class=\"cuerpo_tabla_izq\"><strong>Administraci\u00f3n y gesti\u00f3n de una unidad\/gabinete de Ortoprot\u00e9sica.<\/strong><\/p>\n<p class=\"cuerpo_tabla_izq\">Ciclo Ortoprot\u00e9sica. (<em>Sanidad<\/em>)<\/p>\n<\/td>\n<td>\n<p class=\"cuerpo_tabla_centro\"><strong>Empresa e Iniciativa Emprendedora<\/strong><\/p>\n<\/td>\n<\/tr>\n<tr>\n<td>\n<p class=\"cuerpo_tabla_izq\"><strong>Organizaci\u00f3n, administraci\u00f3n y gesti\u00f3n de una unidad\/gabinete de pr\u00f3tesis dentales.<\/strong><\/p>\n<p class=\"cuerpo_tabla_izq\">Ciclo Pr\u00f3tesis Dentales. (<em>Sanidad<\/em>)<\/p>\n<\/td>\n<td>\n<p class=\"cuerpo_tabla_centro\"><strong>Empresa e Iniciativa Emprendedora<\/strong><\/p>\n<\/td>\n<\/tr>\n<tr>\n<td>\n<p class=\"cuerpo_tabla_izq\"><strong>Administraci\u00f3n y gesti\u00f3n de un gabinete audioprot\u00e9sico.<\/strong><\/p>\n<p class=\"cuerpo_tabla_izq\">Ciclo Audiopr\u00f3tesis. (<em>Sanidad<\/em>)<\/p>\n<\/td>\n<td>\n<p class=\"cuerpo_tabla_centro\"><strong>Empresa e Iniciativa Emprendedora<\/strong><\/p>\n<\/td>\n<\/tr>\n<tr>\n<td>\n<p class=\"cuerpo_tabla_izq\"><strong>Organizaci\u00f3n y gesti\u00f3n de una empresa agraria.<\/strong><\/p>\n<p class=\"cuerpo_tabla_izq\">Ciclo Gesti\u00f3n y Organizaci\u00f3n de los Recursos Naturales y Paisaj\u00edsticos. (<em>Agraria<\/em>)<\/p>\n<p class=\"cuerpo_tabla_izq\">Ciclo Gesti\u00f3n y Organizaci\u00f3n de Empresas Agropecuarias. (<em>Agraria<\/em>)<\/p>\n<\/td>\n<td>\n<p class=\"cuerpo_tabla_centro\"><strong>Empresa e Iniciativa Emprendedora<\/strong><\/p>\n<\/td>\n<\/tr>\n<tr>\n<td>\n<p class=\"cuerpo_tabla_izq\"><strong>Ciclo completo de Administraci\u00f3n y finanzas<\/strong>. (<em>Administraci\u00f3n<\/em>)<\/p>\n<\/td>\n<td>\n<p class=\"cuerpo_tabla_centro\"><strong>Empresa e Iniciativa Emprendedora<\/strong><\/p>\n<\/td>\n<\/tr>\n<\/tbody>\n<\/table>\n<p>&nbsp;<\/p>\n<p>&nbsp;<\/p>\n<p><b>b) Alumnat que t\u00e9 aprovat EIE LOE i est\u00e0 matriculat en un cicle LOE. <\/b><span style=\"font-family: inherit; font-size: 1em;\">En aquest cas s\u2019aplica el que estableix el <\/span><a style=\"font-family: inherit; font-size: 1em;\" href=\"https:\/\/www.boe.es\/buscar\/doc.php?id=BOE-A-2017-12559\">BOE 266 del 2 de novembre de 2017\u00a0 (sec.1 pag. 104704)\u00a0<\/a><span style=\"font-family: inherit; font-size: 1em;\">article \u00fanic:<\/span><\/p>\n<h5 class=\"articulo\">Art\u00edculo \u00fanico.<em>\u00a0<\/em><em>Modificaci\u00f3n de la Orden ECD\/2159\/2014, de 7 de noviembre, por la que se establecen convalidaciones entre m\u00f3dulos profesionales de formaci\u00f3n profesional del Sistema Educativo Espa\u00f1ol y medidas para su aplicaci\u00f3n y se modifica la Orden de 20 de diciembre de 2001, por la que se determinan convalidaciones de estudios de formaci\u00f3n profesional espec\u00edfica derivada de la Ley Org\u00e1nica 1\/1990, de 3 de octubre, de Ordenaci\u00f3n General del Sistema Educativo.<\/em><\/h5>\n<p class=\"parrafo\">La Orden ECD\/2159\/2014, de 7 de noviembre, por la que se establecen convalidaciones entre m\u00f3dulos profesionales de formaci\u00f3n profesional del Sistema Educativo Espa\u00f1ol y medidas para su aplicaci\u00f3n y se modifica la Orden de 20 de diciembre de 2001, por la que se determinan convalidaciones de estudios de formaci\u00f3n profesional espec\u00edfica derivada de la Ley Org\u00e1nica 1\/1990, de 3 de octubre, de Ordenaci\u00f3n General del Sistema Educativo, queda modificada en los siguientes t\u00e9rminos:<\/p>\n<p class=\"parrafo_2\">Uno.\u2003Se modifica el apartado 1 del art\u00edculo 3, que queda redactado de la siguiente forma:<\/p>\n<p class=\"sangrado_2\">\u00ab1.\u2003Se establecen las siguientes convalidaciones:<\/p>\n<hr \/>\n<p>d)\u2003Los m\u00f3dulos profesionales de Formaci\u00f3n y Orientaci\u00f3n Laboral, y de Empresa e Iniciativa Emprendedora, incluidos en los reales decretos que regulan los t\u00edtulos de formaci\u00f3n profesional aprobados de conformidad con la regulaci\u00f3n de la Ley Org\u00e1nica 2\/2006, de 3 de mayo, se convalidar\u00e1n con independencia del ciclo formativo de grado medio o superior al que pertenezcan.&#8221;<\/p>\n<h3><\/h3>\n","protected":false},"excerpt":{"rendered":"<p>INFORMACI\u00d3 GENERAL CONVALIDACIONS i EXEMPCIONS Descarregueu aquestes sol\u00b7licituds segons tipus de convalidacions. Convalidacions que resol el centre Convalidacions que resol el \u00a0Departament d\u2019Educaci\u00f3 Sol\u00b7licitud Exempci\u00f3 Estada en l&#8217;empresa Data l\u00edmit CONVALIDACIONS: 30 OCTUBRE Data l\u00edmit EXEMPCIONS: 30 NOVEMBRE Av\u00eds important: Fins que no \u00e9s resol la convalidaci\u00f3 l\u2019alumnat deu assistir a classe. Si l\u2019alumne\/a decideix [&hellip;]<\/p>\n","protected":false},"author":143,"featured_media":0,"parent":6874,"menu_order":0,"comment_status":"closed","ping_status":"closed","template":"","meta":{"_bbp_topic_count":0,"_bbp_reply_count":0,"_bbp_total_topic_count":0,"_bbp_total_reply_count":0,"_bbp_voice_count":0,"_bbp_anonymous_reply_count":0,"_bbp_topic_count_hidden":0,"_bbp_reply_count_hidden":0,"_bbp_forum_subforum_count":0,"site-sidebar-layout":"default","site-content-layout":"","ast-site-content-layout":"","site-content-style":"default","site-sidebar-style":"default","ast-global-header-display":"","ast-banner-title-visibility":"","ast-main-header-display":"","ast-hfb-above-header-display":"","ast-hfb-below-header-display":"","ast-hfb-mobile-header-display":"","site-post-title":"","ast-breadcrumbs-content":"","ast-featured-img":"","footer-sml-layout":"","theme-transparent-header-meta":"","adv-header-id-meta":"","stick-header-meta":"","header-above-stick-meta":"","header-main-stick-meta":"","header-below-stick-meta":"","astra-migrate-meta-layouts":"default","ast-page-background-enabled":"default","ast-page-background-meta":{"desktop":{"background-color":"var(--ast-global-color-5)","background-image":"","background-repeat":"repeat","background-position":"center center","background-size":"auto","background-attachment":"scroll","background-type":"","background-media":"","overlay-type":"","overlay-color":"","overlay-opacity":"","overlay-gradient":""},"tablet":{"background-color":"","background-image":"","background-repeat":"repeat","background-position":"center center","background-size":"auto","background-attachment":"scroll","background-type":"","background-media":"","overlay-type":"","overlay-color":"","overlay-opacity":"","overlay-gradient":""},"mobile":{"background-color":"","background-image":"","background-repeat":"repeat","background-position":"center center","background-size":"auto","background-attachment":"scroll","background-type":"","background-media":"","overlay-type":"","overlay-color":"","overlay-opacity":"","overlay-gradient":""}},"ast-content-background-meta":{"desktop":{"background-color":"var(--ast-global-color-4)","background-image":"","background-repeat":"repeat","background-position":"center center","background-size":"auto","background-attachment":"scroll","background-type":"","background-media":"","overlay-type":"","overlay-color":"","overlay-opacity":"","overlay-gradient":""},"tablet":{"background-color":"var(--ast-global-color-4)","background-image":"","background-repeat":"repeat","background-position":"center center","background-size":"auto","background-attachment":"scroll","background-type":"","background-media":"","overlay-type":"","overlay-color":"","overlay-opacity":"","overlay-gradient":""},"mobile":{"background-color":"var(--ast-global-color-4)","background-image":"","background-repeat":"repeat","background-position":"center center","background-size":"auto","background-attachment":"scroll","background-type":"","background-media":"","overlay-type":"","overlay-color":"","overlay-opacity":"","overlay-gradient":""}},"footnotes":""},"class_list":["post-8414","page","type-page","status-publish","hentry"],"post_mailing_queue_ids":[],"_links":{"self":[{"href":"https:\/\/agora.xtec.cat\/insdertosa\/wp-json\/wp\/v2\/pages\/8414","targetHints":{"allow":["GET"]}}],"collection":[{"href":"https:\/\/agora.xtec.cat\/insdertosa\/wp-json\/wp\/v2\/pages"}],"about":[{"href":"https:\/\/agora.xtec.cat\/insdertosa\/wp-json\/wp\/v2\/types\/page"}],"author":[{"embeddable":true,"href":"https:\/\/agora.xtec.cat\/insdertosa\/wp-json\/wp\/v2\/users\/143"}],"replies":[{"embeddable":true,"href":"https:\/\/agora.xtec.cat\/insdertosa\/wp-json\/wp\/v2\/comments?post=8414"}],"version-history":[{"count":5,"href":"https:\/\/agora.xtec.cat\/insdertosa\/wp-json\/wp\/v2\/pages\/8414\/revisions"}],"predecessor-version":[{"id":15435,"href":"https:\/\/agora.xtec.cat\/insdertosa\/wp-json\/wp\/v2\/pages\/8414\/revisions\/15435"}],"up":[{"embeddable":true,"href":"https:\/\/agora.xtec.cat\/insdertosa\/wp-json\/wp\/v2\/pages\/6874"}],"wp:attachment":[{"href":"https:\/\/agora.xtec.cat\/insdertosa\/wp-json\/wp\/v2\/media?parent=8414"}],"curies":[{"name":"wp","href":"https:\/\/api.w.org\/{rel}","templated":true}]}}