{"id":8399,"date":"2021-07-20T11:55:02","date_gmt":"2021-07-20T09:55:02","guid":{"rendered":"https:\/\/agora.xtec.cat\/insdertosa\/?page_id=8399"},"modified":"2021-07-20T12:05:26","modified_gmt":"2021-07-20T10:05:26","slug":"fp-dual","status":"publish","type":"page","link":"https:\/\/agora.xtec.cat\/insdertosa\/projecte-educatiu\/estudis\/cicles-formatius\/fp-dual\/","title":{"rendered":"FP DUAL"},"content":{"rendered":"<p>En el curs 2019-21 s&#8217;incorporen al programa de Formaci\u00f3 Professional en Dual els dos cicles formatius de grau superior que s&#8217;imparteixen al centre: Direcci\u00f3 de Cuina i Direcci\u00f3 en Serveis de Restauraci\u00f3.<\/p>\n<p>El curs 2021-22 s&#8217;incorporen al programa de Formaci\u00f3 Professional en Dual els tres cicles formatius de grau mitj\u00e0 que s&#8217;imparteixen al centre: Cuina i Gastronomia, Serveis de Restauraci\u00f3 i Forneria Pastisseria i Confiteria<\/p>\n<p>En els seg\u00fcents enlla\u00e7os podreu trobar tota la informaci\u00f3:<\/p>\n<p style=\"text-align: center;\"><a href=\"https:\/\/agora.xtec.cat\/insdertosa\/wp-content\/uploads\/usu144\/2021\/07\/FAQs-FP-DUAL-WEB.pdf\" target=\"_blank\" rel=\"noopener noreferrer\">FAQs FP DUAL &#8211; INSTITUT DERTOSA<\/a><\/p>\n<p style=\"text-align: center;\"><a href=\"https:\/\/agora.xtec.cat\/fpdual\/\">Portal de l&#8217;FP DUAL<\/a><\/p>\n<p style=\"text-align: center;\"><a href=\"http:\/\/xtec.gencat.cat\/ca\/curriculum\/professionals\/fp\/dual\/\">Distribuci\u00f3 Curricular FP DUAL\u00a0<\/a><\/p>\n<p style=\"text-align: center;\"><a href=\"https:\/\/educacio.gencat.cat\/ca\/arees-actuacio\/empreses-fpdual\/\">FP DUAL &#8211; Departament d&#8217;Educaci\u00f3<\/a><\/p>\n<p style=\"text-align: center;\"><a href=\"https:\/\/www.todofp.es\/sobre-fp\/informacion-general\/formacion-profesional-dual.html\">FP DUAL &#8211; Ministeri d&#8217;Educaci\u00f3<\/a><\/p>\n","protected":false},"excerpt":{"rendered":"<p>En el curs 2019-21 s&#8217;incorporen al programa de Formaci\u00f3 Professional en Dual els dos cicles formatius de grau superior que s&#8217;imparteixen al centre: Direcci\u00f3 de Cuina i Direcci\u00f3 en Serveis de Restauraci\u00f3. El curs 2021-22 s&#8217;incorporen al programa de Formaci\u00f3 Professional en Dual els tres cicles formatius de grau mitj\u00e0 que s&#8217;imparteixen al centre: Cuina [&hellip;]<\/p>\n","protected":false},"author":143,"featured_media":0,"parent":6874,"menu_order":0,"comment_status":"closed","ping_status":"closed","template":"","meta":{"_bbp_topic_count":0,"_bbp_reply_count":0,"_bbp_total_topic_count":0,"_bbp_total_reply_count":0,"_bbp_voice_count":0,"_bbp_anonymous_reply_count":0,"_bbp_topic_count_hidden":0,"_bbp_reply_count_hidden":0,"_bbp_forum_subforum_count":0,"site-sidebar-layout":"default","site-content-layout":"","ast-site-content-layout":"","site-content-style":"default","site-sidebar-style":"default","ast-global-header-display":"","ast-banner-title-visibility":"","ast-main-header-display":"","ast-hfb-above-header-display":"","ast-hfb-below-header-display":"","ast-hfb-mobile-header-display":"","site-post-title":"","ast-breadcrumbs-content":"","ast-featured-img":"","footer-sml-layout":"","theme-transparent-header-meta":"","adv-header-id-meta":"","stick-header-meta":"","header-above-stick-meta":"","header-main-stick-meta":"","header-below-stick-meta":"","astra-migrate-meta-layouts":"default","ast-page-background-enabled":"default","ast-page-background-meta":{"desktop":{"background-color":"var(--ast-global-color-5)","background-image":"","background-repeat":"repeat","background-position":"center center","background-size":"auto","background-attachment":"scroll","background-type":"","background-media":"","overlay-type":"","overlay-color":"","overlay-opacity":"","overlay-gradient":""},"tablet":{"background-color":"","background-image":"","background-repeat":"repeat","background-position":"center center","background-size":"auto","background-attachment":"scroll","background-type":"","background-media":"","overlay-type":"","overlay-color":"","overlay-opacity":"","overlay-gradient":""},"mobile":{"background-color":"","background-image":"","background-repeat":"repeat","background-position":"center center","background-size":"auto","background-attachment":"scroll","background-type":"","background-media":"","overlay-type":"","overlay-color":"","overlay-opacity":"","overlay-gradient":""}},"ast-content-background-meta":{"desktop":{"background-color":"var(--ast-global-color-4)","background-image":"","background-repeat":"repeat","background-position":"center center","background-size":"auto","background-attachment":"scroll","background-type":"","background-media":"","overlay-type":"","overlay-color":"","overlay-opacity":"","overlay-gradient":""},"tablet":{"background-color":"var(--ast-global-color-4)","background-image":"","background-repeat":"repeat","background-position":"center center","background-size":"auto","background-attachment":"scroll","background-type":"","background-media":"","overlay-type":"","overlay-color":"","overlay-opacity":"","overlay-gradient":""},"mobile":{"background-color":"var(--ast-global-color-4)","background-image":"","background-repeat":"repeat","background-position":"center center","background-size":"auto","background-attachment":"scroll","background-type":"","background-media":"","overlay-type":"","overlay-color":"","overlay-opacity":"","overlay-gradient":""}},"footnotes":""},"class_list":["post-8399","page","type-page","status-publish","hentry"],"post_mailing_queue_ids":[],"_links":{"self":[{"href":"https:\/\/agora.xtec.cat\/insdertosa\/wp-json\/wp\/v2\/pages\/8399","targetHints":{"allow":["GET"]}}],"collection":[{"href":"https:\/\/agora.xtec.cat\/insdertosa\/wp-json\/wp\/v2\/pages"}],"about":[{"href":"https:\/\/agora.xtec.cat\/insdertosa\/wp-json\/wp\/v2\/types\/page"}],"author":[{"embeddable":true,"href":"https:\/\/agora.xtec.cat\/insdertosa\/wp-json\/wp\/v2\/users\/143"}],"replies":[{"embeddable":true,"href":"https:\/\/agora.xtec.cat\/insdertosa\/wp-json\/wp\/v2\/comments?post=8399"}],"version-history":[{"count":2,"href":"https:\/\/agora.xtec.cat\/insdertosa\/wp-json\/wp\/v2\/pages\/8399\/revisions"}],"predecessor-version":[{"id":8413,"href":"https:\/\/agora.xtec.cat\/insdertosa\/wp-json\/wp\/v2\/pages\/8399\/revisions\/8413"}],"up":[{"embeddable":true,"href":"https:\/\/agora.xtec.cat\/insdertosa\/wp-json\/wp\/v2\/pages\/6874"}],"wp:attachment":[{"href":"https:\/\/agora.xtec.cat\/insdertosa\/wp-json\/wp\/v2\/media?parent=8399"}],"curies":[{"name":"wp","href":"https:\/\/api.w.org\/{rel}","templated":true}]}}