{"id":777,"date":"2015-02-13T22:18:05","date_gmt":"2015-02-13T21:18:05","guid":{"rendered":"http:\/\/agora.xtec.cat\/insdertosa\/?page_id=777"},"modified":"2024-07-01T17:35:44","modified_gmt":"2024-07-01T15:35:44","slug":"estudis-cicle-formatiu-de-serveis-en-restauracio","status":"publish","type":"page","link":"https:\/\/agora.xtec.cat\/insdertosa\/projecte-educatiu\/estudis\/estudis-cicle-formatiu-de-serveis-en-restauracio\/","title":{"rendered":"CFGM de Serveis en Restauraci\u00f3"},"content":{"rendered":"<h3 align=\"center\"><a href=\"https:\/\/agora.xtec.cat\/insdertosa\/projecte-educatiu\/estudis\/cicles-formatius\/fp-dual\/\">FORMACI\u00d3 PROFESSIONAL DUAL<\/a><\/h3>\n<dl>\n<dd>\n<table class=\" aligncenter\" style=\"width: 47.4688%; height: 873px;\" width=\"463\" cellspacing=\"0\" cellpadding=\"1\">\n<colgroup>\n<col width=\"59\" \/>\n<col width=\"345\" \/>\n<col width=\"8\" \/> <\/colgroup>\n<tbody>\n<tr style=\"height: 56px;\">\n<td style=\"background: transparent; width: 23.6854%; height: 56px;\">\n<p align=\"center\"><span style=\"color: #000000;\"><span style=\"font-family: Arial, serif;\"><span style=\"font-size: small;\"><b>M\u00f2dul<\/b><\/span><\/span><\/span><\/p>\n<\/td>\n<td style=\"background: transparent; width: 117.981%; height: 56px;\">\n<p align=\"center\"><strong><span style=\"color: #000000;\"><span style=\"font-family: Arial, serif;\"><span style=\"font-size: small;\">Nom del m\u00f2dul<\/span><\/span><\/span><\/strong><\/p>\n<\/td>\n<td style=\"background: transparent; width: 67.5%; height: 56px;\"><strong>Hores<\/strong><\/td>\n<\/tr>\n<tr style=\"height: 56px;\" valign=\"top\">\n<td style=\"background: transparent; width: 23.6854%; height: 30px;\">\n<p align=\"center\">0045<\/p>\n<\/td>\n<td style=\"background: transparent; width: 117.981%; height: 30px;\"><span style=\"color: #000000;\"><span style=\"font-family: Arial, serif;\"><span style=\"font-size: small;\">Ofertes gastron\u00f2miques<\/span><\/span><\/span><\/td>\n<td style=\"background: transparent; width: 67.5%; height: 30px;\">66<\/td>\n<\/tr>\n<tr style=\"height: 56px;\" valign=\"top\">\n<td style=\"background: transparent; width: 23.6854%; height: 56px;\">\n<p align=\"center\">0150<\/p>\n<\/td>\n<td style=\"background: transparent; width: 117.981%; height: 56px;\"><span style=\"color: #000000;\"><span style=\"font-family: Arial, serif;\"><span style=\"font-size: small;\">Operacions b\u00e0siques en bar-cafeteria<\/span><\/span><\/span><\/td>\n<td style=\"background: transparent; width: 67.5%; height: 56px;\">165<\/td>\n<\/tr>\n<tr style=\"height: 56px;\" valign=\"top\">\n<td style=\"background: transparent; width: 23.6854%; height: 56px;\">\n<p align=\"center\">0151<\/p>\n<\/td>\n<td style=\"background: transparent; width: 117.981%; height: 56px;\"><span style=\"color: #000000;\"><span style=\"font-family: Arial, serif;\"><span style=\"font-size: small;\">Operacions b\u00e0siques en restaurant<\/span><\/span><\/span><\/td>\n<td style=\"background: transparent; width: 67.5%; height: 56px;\">165<\/td>\n<\/tr>\n<tr style=\"height: 56px;\" valign=\"top\">\n<td style=\"background: transparent; width: 23.6854%; height: 56px;\">\n<p align=\"center\">0152<\/p>\n<\/td>\n<td style=\"background: transparent; width: 117.981%; height: 56px;\"><span style=\"color: #000000;\"><span style=\"font-family: Arial, serif;\"><span style=\"font-size: small;\">Serveis en bar-cafeteria<\/span><\/span><\/span><\/td>\n<td style=\"background: transparent; width: 67.5%; height: 56px;\">99<\/td>\n<\/tr>\n<tr style=\"height: 56px;\" valign=\"top\">\n<td style=\"background: transparent; width: 23.6854%; height: 56px;\">\n<p align=\"center\">0153<\/p>\n<\/td>\n<td style=\"background: transparent; width: 117.981%; height: 56px;\"><span style=\"color: #000000;\"><span style=\"font-family: Arial, serif;\"><span style=\"font-size: small;\">Serveis en restaurant i esdeveniments especials<\/span><\/span><\/span><\/td>\n<td style=\"background: transparent; width: 67.5%; height: 56px;\">165<\/td>\n<\/tr>\n<tr style=\"height: 56px;\" valign=\"top\">\n<td style=\"background: transparent; width: 23.6854%; height: 56px;\">\n<p align=\"center\">0155<\/p>\n<\/td>\n<td style=\"background: transparent; width: 117.981%; height: 56px;\"><span style=\"color: #000000;\"><span style=\"font-family: Arial, serif;\"><span style=\"font-size: small;\">T\u00e8cniques de comunicaci\u00f3 en restauraci\u00f3<\/span><\/span><\/span><\/td>\n<td style=\"background: transparent; width: 67.5%; height: 56px;\">66<\/td>\n<\/tr>\n<tr style=\"height: 56px;\" valign=\"top\">\n<td style=\"background: transparent; width: 23.6854%; height: 56px;\">\n<p align=\"center\">0154<\/p>\n<\/td>\n<td style=\"background: transparent; width: 117.981%; height: 56px;\"><span style=\"color: #000000;\"><span style=\"font-family: Arial, serif;\"><span style=\"font-size: small;\">El vi i el seu servei<\/span><\/span><\/span><\/td>\n<td style=\"background: transparent; width: 67.5%; height: 56px;\">66<\/td>\n<\/tr>\n<tr style=\"height: 56px;\" valign=\"top\">\n<td style=\"background: transparent; width: 23.6854%; height: 56px;\">\n<p align=\"center\">0156<\/p>\n<\/td>\n<td style=\"background: transparent; width: 117.981%; height: 56px;\"><span style=\"color: #000000;\"><span style=\"font-family: Arial, serif;\"><span style=\"font-size: small;\">Angl\u00e8s professional<\/span><\/span><\/span><\/td>\n<td style=\"background: transparent; width: 67.5%; height: 56px;\">66<\/td>\n<\/tr>\n<tr style=\"height: 56px;\" valign=\"top\">\n<td style=\"background: transparent; width: 23.6854%; height: 56px;\">\n<p align=\"center\">C056<\/p>\n<\/td>\n<td style=\"background: transparent; width: 117.981%; height: 56px;\"><span style=\"color: #000000;\"><span style=\"font-family: Arial, serif;\"><span style=\"font-size: small;\">Catal\u00e0<\/span><\/span><\/span><\/td>\n<td style=\"background: transparent; width: 67.5%; height: 56px;\">66<\/td>\n<\/tr>\n<tr style=\"height: 56px;\" valign=\"top\">\n<td style=\"background: transparent; width: 23.6854%; height: 56px;\">\n<p align=\"center\">0031<\/p>\n<\/td>\n<td style=\"background: transparent; width: 117.981%; height: 56px;\"><span style=\"color: #000000;\"><span style=\"font-family: Arial, serif;\"><span style=\"font-size: small;\">Seguretat i higiene en la manipulaci\u00f3 d&#8217;aliments<\/span><\/span><\/span><\/td>\n<td style=\"background: transparent; width: 67.5%; height: 56px;\">66<\/td>\n<\/tr>\n<tr style=\"height: 56px;\" valign=\"top\">\n<td style=\"background: transparent; width: 23.6854%; height: 56px;\">\n<p align=\"center\">1709<\/p>\n<\/td>\n<td style=\"background: transparent; width: 117.981%; height: 56px;\">Itinerari personal per a l&#8217;ocupabilitat I<\/td>\n<td style=\"background: transparent; width: 67.5%; height: 56px;\">99<\/td>\n<\/tr>\n<tr style=\"height: 56px;\" valign=\"top\">\n<td style=\"background: transparent; width: 23.6854%; height: 56px;\">\n<p align=\"center\">1710<\/p>\n<\/td>\n<td style=\"background: transparent; width: 117.981%; height: 56px;\">Itinerari personal per a l&#8217;ocupabilitat II<\/td>\n<td style=\"background: transparent; width: 67.5%; height: 56px;\">66<\/td>\n<\/tr>\n<tr style=\"height: 56px;\" valign=\"top\">\n<td style=\"background: transparent; width: 23.6854%; height: 56px;\">\n<p align=\"center\">1713<\/p>\n<\/td>\n<td style=\"background: transparent; width: 117.981%; height: 56px;\"><span style=\"color: #000000;\"><span style=\"font-family: Arial, serif;\"><span style=\"font-size: small;\">Projecte intermodular<\/span><\/span><\/span><\/td>\n<td style=\"background: transparent; width: 67.5%; height: 56px;\">198<\/td>\n<\/tr>\n<tr>\n<td style=\"background: transparent; width: 23.6854%;\">\n<p align=\"center\">1664<\/p>\n<\/td>\n<td style=\"background: transparent; width: 117.981%;\"><span style=\"color: #000000;\"><span style=\"font-family: Arial, serif;\"><span style=\"font-size: small;\">Digitalitzaci\u00f3 aplicada als sectors productius<\/span><\/span><\/span><\/td>\n<td style=\"background: transparent; width: 67.5%;\">33<\/td>\n<\/tr>\n<tr>\n<td style=\"background: transparent; width: 23.6854%;\">\n<p align=\"center\">1708<\/p>\n<\/td>\n<td style=\"background: transparent; width: 117.981%;\"><span style=\"color: #000000;\"><span style=\"font-family: Arial, serif;\"><span style=\"font-size: small;\">Sostenibilitat aplicada al sistema productiu<\/span><\/span><\/span><\/td>\n<td style=\"background: transparent; width: 67.5%;\">33<\/td>\n<\/tr>\n<tr>\n<td style=\"background: transparent; width: 23.6854%;\">\n<p align=\"center\">\n<\/td>\n<td style=\"background: transparent; width: 117.981%;\"><span style=\"color: #000000;\"><span style=\"font-family: Arial, serif;\"><span style=\"font-size: small;\">M\u00f2dul professional optatiu<\/span><\/span><\/span><\/td>\n<td style=\"background: transparent; width: 67.5%;\">66<\/td>\n<\/tr>\n<tr style=\"height: 56px;\" valign=\"top\">\n<td style=\"background: transparent; width: 23.6854%; height: 56px;\">\n<p align=\"center\"><span style=\"color: #000000;\"><span style=\"font-family: Arial, serif;\"><span style=\"font-size: small;\">EA<\/span><\/span><\/span><\/p>\n<\/td>\n<td style=\"background: transparent; width: 117.981%; height: 56px;\"><span style=\"color: #000000;\"><span style=\"font-family: Arial, serif;\"><span style=\"font-size: small;\">Estada en l&#8217;empresa<\/span><\/span><\/span><\/td>\n<td style=\"background: transparent; width: 67.5%; height: 56px;\">515<\/td>\n<\/tr>\n<tr style=\"height: 56px;\" valign=\"top\">\n<td style=\"background: transparent; width: 141.667%; height: 56px;\" colspan=\"2\">\n<p align=\"center\"><span style=\"color: #000000;\"><span style=\"font-family: Arial, serif;\"><span style=\"font-size: small;\">TOTAL 2000 h.<\/span><\/span><\/span><\/p>\n<\/td>\n<td style=\"background: transparent; width: 67.5%; height: 56px;\"><\/td>\n<\/tr>\n<\/tbody>\n<\/table>\n<\/dd>\n<\/dl>\n<h3><\/h3>\n<h3><\/h3>\n<h3><\/h3>\n<h3><\/h3>\n<h3><\/h3>\n<h3><\/h3>\n<h3 style=\"text-align: center;\"><a href=\"https:\/\/xtec.gencat.cat\/ca\/curriculum\/professionals\/fp\/titolsloe\/hotelturisme\/\">M\u00c9S INFORMACI\u00d3 CFGM SERVEIS EN RESTAURACI\u00d3<\/a><\/h3>\n<ul>\n<li><span style=\"font-family: Arial, serif;\"><span style=\"font-size: small;\"><b>Compet\u00e8ncia general que cal assolir:<\/b><\/span><\/span><\/li>\n<\/ul>\n<p><span style=\"font-family: Arial, serif;\"><span style=\"font-size: small;\">La compet\u00e8ncia general d&#8217;aquest t\u00edtol consisteix a realitzar les activitats de preparaci\u00f3, presentaci\u00f3 i servei d&#8217;aliments i begudes, aix\u00ed com les d&#8217;atenci\u00f3 al client en l&#8217;\u00e0mbit de la restauraci\u00f3, seguint els protocols de qualitat establerts i actuant segons normes d&#8217;higiene, prevenci\u00f3 de riscos laborals i protecci\u00f3 ambiental.<\/span><\/span><\/p>\n<ul>\n<li><span style=\"font-family: Arial, serif;\"><span style=\"font-size: small;\"><b>On podr\u00e0s treballar?<\/b><\/span><\/span><\/li>\n<\/ul>\n<p><span style=\"font-family: Arial, serif;\"><span style=\"font-size: small;\">La superaci\u00f3 d\u2019aquest cicles formatiu per met accedir al m\u00f3n laboral com a:<\/span><\/span><\/p>\n<ul>\n<li><span style=\"font-family: Arial, serif;\"><span style=\"font-size: small;\">Cambrer o cambrera de bar, cafeteria i\/o restaurant<\/span><\/span><\/li>\n<li><span style=\"font-family: Arial, serif;\"><span style=\"font-size: small;\">Empleat o empleada de l\u2019economat d\u2019un establiment d\u2019hoteleria<\/span><\/span><\/li>\n<li><span style=\"font-family: Arial, serif;\"><span style=\"font-size: small;\">Barista, barman, sommelier<\/span><\/span><\/li>\n<li><span style=\"font-family: Arial, serif;\"><span style=\"font-size: small;\">Auxiliar de servei en mitjans de transport<\/span><\/span><\/li>\n<\/ul>\n<p><span style=\"font-family: Arial, serif;\"><span style=\"font-size: small;\"><u><b>TRETS B\u00c0SICS DELS CICLES DE GRAU MITJ\u00c0<\/b><\/u><\/span><\/span><\/p>\n<ul>\n<li><span style=\"font-family: Arial, serif;\"><span style=\"font-size: small;\"><b>Condicions d&#8217;acc\u00e9s:<\/b><\/span><\/span>\n<ul>\n<li><span style=\"font-family: Arial, serif;\"><span style=\"font-size: small;\">Tenir el t\u00edtol de graduat\/da en ESO.<\/span><\/span><\/li>\n<li><span style=\"font-family: Arial, serif;\"><span style=\"font-size: small;\">Tenir el t\u00edtol de T\u00e8cnic\/a Auxiliar d&#8217;FP1 o equivalent.<\/span><\/span><\/li>\n<li><span style=\"font-family: Arial, serif;\"><span style=\"font-size: small;\">Haver superat els dos cursos de BUP o equivalent.<\/span><\/span><\/li>\n<li><span style=\"font-family: Arial, serif;\"><span style=\"font-size: small;\">Prova d&#8217;acc\u00e9s a cicles superada,o equivalent.<\/span><\/span><\/li>\n<\/ul>\n<\/li>\n<\/ul>\n<ul>\n<li><span style=\"font-family: Arial, serif;\"><span style=\"font-size: small;\"><b>Durada dels Cicles:<\/b><\/span><\/span>\n<ul>\n<li><span style=\"font-family: Arial, serif;\"><span style=\"font-size: small;\">2000 hores (dos cursos acad\u00e8mics)<\/span><\/span><\/li>\n<\/ul>\n<\/li>\n<\/ul>\n<p>&nbsp;<\/p>\n<p><span style=\"font-family: Arial, serif;\"><span style=\"font-size: small;\"><u><b>INFORMACIONS DIVERSES<\/b><\/u><\/span><\/span><\/p>\n<ul>\n<li style=\"list-style-type: none;\">\n<ul>\n<li><span style=\"font-family: Arial, serif;\"><span style=\"font-size: small;\">Les classes es faran a l&#8217;Institut Dertosa, normalment al mat\u00ed si no hi ha servei, i en horari partit quan hi hagi servei. Pot haver algun dia que nom\u00e9s hi hagi classe al mat\u00ed o a la tarda, s\u2019anir\u00e0 informant convenientment a l\u2019alumnat.<\/span><\/span><\/li>\n<li>\n<p align=\"justify\"><span style=\"font-family: Arial, serif;\"><span style=\"font-size: small;\">L&#8217;horari de classes pot variar per necessitat espec\u00edfiques del centre o dels espais d\u2019aules pr\u00e0ctiques. En tot cas, els canvis es notificaran a l\u2019alumnat amb la m\u00e0xima dilig\u00e8ncia possible.<\/span><\/span><\/p>\n<\/li>\n<li>\n<p align=\"justify\"><span style=\"font-family: Arial, serif;\"><span style=\"font-size: small;\">La formaci\u00f3 en centres de treball (pr\u00e0ctiques a l&#8217;empresa) es podr\u00e0 realitzar segons l\u2019expedient de l\u2019alumne\/a i a criteri de l\u2019equip docent, entre primer i segon curs, normalment el tercer trimestre.<\/span><\/span><\/p>\n<\/li>\n<li><span style=\"font-family: Arial, serif;\"><span style=\"font-size: small;\">L\u2019alumnat que t\u00e9 servei de cara al p\u00fablic, aquell dia far\u00e0 \u00fas del menjador del centre.<\/span><\/span><\/li>\n<li><span style=\"font-family: Arial, serif;\"><span style=\"font-size: small;\">Abans de l\u2019inici de les classes cada alumne\/a haur\u00e0 de disposar del seu material espec\u00edfic que constar\u00e0 de:<\/span><\/span>\n<ul>\n<li><span style=\"font-family: Arial, serif;\"><span style=\"font-size: small;\">Malet\u00ed amb eines de cuina i pastisseria<\/span><\/span><\/li>\n<li><span style=\"font-family: Arial, serif;\"><span style=\"font-size: small;\">Uniforme de l\u2019Escola<\/span><\/span><\/li>\n<li><span style=\"font-family: Arial, serif;\"><span style=\"font-size: small;\">Llibres de text, dossiers o altres materials d\u2019aquelles assignatures que ho demanin<\/span><\/span><\/li>\n<\/ul>\n<\/li>\n<li>\n<p align=\"justify\"><span style=\"font-family: Arial, serif;\"><span style=\"font-size: small;\">Per tal de poder guardar el material, uniforme i efectes personals, l&#8217;alumnat haur\u00e0 de disposar, en lloguer, d\u2019una taquilla. No es permetr\u00e0 portar la roba ni les motxilles a les aules pr\u00e0ctiques ni a la porta de les aules. Tampoc es podr\u00e0 sortir del centre amb uniforme ni sabates de pr\u00e0ctica, excepte en els moments de tirar les deixalles, feina que forma part de la classe, per aix\u00f2 estar\u00e0 tamb\u00e9 prohibit fumar<\/span><\/span><\/p>\n<\/li>\n<li>\n<p align=\"justify\"><span style=\"font-family: Arial, serif;\"><span style=\"font-size: small;\">Durant el curs es realitzaran una s\u00e8rie de sortides i activitats fora del centre que formen part del curr\u00edculum, per tant, ser\u00e0 obligat\u00f2ria l\u2019assist\u00e8ncia. En el cas que algun alumne\/a no hi pugui assistir haur\u00e0 de comunicar-li al tutor\/a i portar la deguda justificaci\u00f3 amb l\u2019antelaci\u00f3 necess\u00e0ria igual com a les classes ordin\u00e0ries.<\/span><\/span><\/p>\n<\/li>\n<\/ul>\n<\/li>\n<\/ul>\n<p>&nbsp;<\/p>\n<p style=\"text-align: left;\" align=\"center\"><span style=\"font-family: Arial, serif;\"><span style=\"font-size: small;\"><b>POSSIBILITAT DE CURSAR M\u00c9S D\u2019UN CICLE FORMATIU<\/b><\/span><\/span><\/p>\n<p align=\"justify\"><span style=\"font-family: Arial, serif;\"><span style=\"font-size: small;\">Aquests tres cicles formatius s\u00f3n complementaris en adquisici\u00f3 de coneixements i compet\u00e8ncies. <\/span><\/span><span style=\"font-family: Arial, serif;\"><span style=\"font-size: small;\">Cal observar que els m\u00f2duls que tenen la mateixa nomenclatura i el mateix nombre d\u2019hores es poden convalidar. Per aix\u00f2 veiem que els m\u00f2duls:<\/span><\/span><\/p>\n<ul>\n<li><span style=\"font-family: Arial, serif;\"><span style=\"font-size: small;\">Seguretat i higiene en la manipulaci\u00f3 d&#8217;aliments<\/span><\/span><\/li>\n<li>Itinerari personal per a l&#8217;ocupabilitat I<\/li>\n<li><span style=\"font-family: Arial, serif;\"><span style=\"font-size: small;\">Angl\u00e8s professional<\/span><\/span><\/li>\n<li>Itinerari personal per a l&#8217;ocupabilitat II<\/li>\n<\/ul>\n<p align=\"justify\"><span style=\"font-family: Arial, serif;\"><span style=\"font-size: small;\">S\u00f3n comuns als tres cicles, nom\u00e9s caldria cursar-los una vegada en el cas de complementar la formaci\u00f3 amb m\u00e9s d\u2019un cicle formatiu.\u00a0<\/span><\/span><span style=\"font-family: Arial, serif;\"><span style=\"font-size: small;\">Hi ha altres m\u00f2duls convalidables entre CFGM Cuina i gastronomia i CFGM Serveis en restauraci\u00f3 com s\u00f3n:<\/span><\/span><\/p>\n<ul>\n<li><span style=\"font-family: Arial, serif;\"><span style=\"font-size: small;\">Ofertes gastron\u00f2miques<\/span><\/span><\/li>\n<\/ul>\n<p align=\"justify\"><span style=\"font-family: Arial, serif;\"><span style=\"font-size: small;\">I entre CFGM Cuina i Gastronomia i CFGM Forneria, pastisseria i confiteria com s\u00f3n:<\/span><\/span><\/p>\n<ul>\n<li><span style=\"font-family: Arial, serif;\"><span style=\"font-size: small;\">Processos b\u00e0sics de pastisseria i rebosteria<\/span><\/span><\/li>\n<li><span style=\"font-family: Arial, serif;\"><span style=\"font-size: small;\">Postres en restauraci\u00f3<\/span><\/span><\/li>\n<\/ul>\n<p align=\"justify\"><span style=\"font-family: Arial, serif;\"><span style=\"font-size: small;\">Per tant recomanem aprofitar aquestes sin\u00e8rgies per millorar el perfil de l\u2019alumne\/a cursant un m\u00ednim de tres anys durant els quals es pugui combinar dos t\u00edtols o fins i tot els tres, depenent dels interessos i habilitats de la persona en concret. La majoria d\u2019empreses i establiments demanen treballadors\/es polivalents que puguin solucionar gran part de les necessitats requerides en els establiments d\u2019hoteleria. El\/la tutor\/a far\u00e0 les recomanacions pertinents al seu alumnat .<\/span><\/span><\/p>\n","protected":false},"excerpt":{"rendered":"<p>FORMACI\u00d3 PROFESSIONAL DUAL M\u00f2dul Nom del m\u00f2dul Hores 0045 Ofertes gastron\u00f2miques 66 0150 Operacions b\u00e0siques en bar-cafeteria 165 0151 Operacions b\u00e0siques en restaurant 165 0152 Serveis en bar-cafeteria 99 0153 Serveis en restaurant i esdeveniments especials 165 0155 T\u00e8cniques de comunicaci\u00f3 en restauraci\u00f3 66 0154 El vi i el seu servei 66 0156 Angl\u00e8s professional [&hellip;]<\/p>\n","protected":false},"author":1,"featured_media":0,"parent":195,"menu_order":0,"comment_status":"closed","ping_status":"closed","template":"page-templates\/side-menu.php","meta":{"_bbp_topic_count":0,"_bbp_reply_count":0,"_bbp_total_topic_count":0,"_bbp_total_reply_count":0,"_bbp_voice_count":0,"_bbp_anonymous_reply_count":0,"_bbp_topic_count_hidden":0,"_bbp_reply_count_hidden":0,"_bbp_forum_subforum_count":0,"site-sidebar-layout":"default","site-content-layout":"","ast-site-content-layout":"","site-content-style":"default","site-sidebar-style":"default","ast-global-header-display":"","ast-banner-title-visibility":"","ast-main-header-display":"","ast-hfb-above-header-display":"","ast-hfb-below-header-display":"","ast-hfb-mobile-header-display":"","site-post-title":"","ast-breadcrumbs-content":"","ast-featured-img":"","footer-sml-layout":"","theme-transparent-header-meta":"","adv-header-id-meta":"","stick-header-meta":"","header-above-stick-meta":"","header-main-stick-meta":"","header-below-stick-meta":"","astra-migrate-meta-layouts":"default","ast-page-background-enabled":"default","ast-page-background-meta":{"desktop":{"background-color":"var(--ast-global-color-5)","background-image":"","background-repeat":"repeat","background-position":"center center","background-size":"auto","background-attachment":"scroll","background-type":"","background-media":"","overlay-type":"","overlay-color":"","overlay-opacity":"","overlay-gradient":""},"tablet":{"background-color":"","background-image":"","background-repeat":"repeat","background-position":"center center","background-size":"auto","background-attachment":"scroll","background-type":"","background-media":"","overlay-type":"","overlay-color":"","overlay-opacity":"","overlay-gradient":""},"mobile":{"background-color":"","background-image":"","background-repeat":"repeat","background-position":"center center","background-size":"auto","background-attachment":"scroll","background-type":"","background-media":"","overlay-type":"","overlay-color":"","overlay-opacity":"","overlay-gradient":""}},"ast-content-background-meta":{"desktop":{"background-color":"var(--ast-global-color-4)","background-image":"","background-repeat":"repeat","background-position":"center center","background-size":"auto","background-attachment":"scroll","background-type":"","background-media":"","overlay-type":"","overlay-color":"","overlay-opacity":"","overlay-gradient":""},"tablet":{"background-color":"var(--ast-global-color-4)","background-image":"","background-repeat":"repeat","background-position":"center center","background-size":"auto","background-attachment":"scroll","background-type":"","background-media":"","overlay-type":"","overlay-color":"","overlay-opacity":"","overlay-gradient":""},"mobile":{"background-color":"var(--ast-global-color-4)","background-image":"","background-repeat":"repeat","background-position":"center center","background-size":"auto","background-attachment":"scroll","background-type":"","background-media":"","overlay-type":"","overlay-color":"","overlay-opacity":"","overlay-gradient":""}},"footnotes":""},"class_list":["post-777","page","type-page","status-publish","hentry"],"post_mailing_queue_ids":[],"_links":{"self":[{"href":"https:\/\/agora.xtec.cat\/insdertosa\/wp-json\/wp\/v2\/pages\/777","targetHints":{"allow":["GET"]}}],"collection":[{"href":"https:\/\/agora.xtec.cat\/insdertosa\/wp-json\/wp\/v2\/pages"}],"about":[{"href":"https:\/\/agora.xtec.cat\/insdertosa\/wp-json\/wp\/v2\/types\/page"}],"author":[{"embeddable":true,"href":"https:\/\/agora.xtec.cat\/insdertosa\/wp-json\/wp\/v2\/users\/1"}],"replies":[{"embeddable":true,"href":"https:\/\/agora.xtec.cat\/insdertosa\/wp-json\/wp\/v2\/comments?post=777"}],"version-history":[{"count":7,"href":"https:\/\/agora.xtec.cat\/insdertosa\/wp-json\/wp\/v2\/pages\/777\/revisions"}],"predecessor-version":[{"id":13069,"href":"https:\/\/agora.xtec.cat\/insdertosa\/wp-json\/wp\/v2\/pages\/777\/revisions\/13069"}],"up":[{"embeddable":true,"href":"https:\/\/agora.xtec.cat\/insdertosa\/wp-json\/wp\/v2\/pages\/195"}],"wp:attachment":[{"href":"https:\/\/agora.xtec.cat\/insdertosa\/wp-json\/wp\/v2\/media?parent=777"}],"curies":[{"name":"wp","href":"https:\/\/api.w.org\/{rel}","templated":true}]}}