{"id":772,"date":"2015-02-13T22:12:46","date_gmt":"2015-02-13T21:12:46","guid":{"rendered":"http:\/\/agora.xtec.cat\/insdertosa\/?page_id=772"},"modified":"2026-04-12T19:17:56","modified_gmt":"2026-04-12T17:17:56","slug":"estudis-batxillerat","status":"publish","type":"page","link":"https:\/\/agora.xtec.cat\/insdertosa\/projecte-educatiu\/estudis\/estudis-batxillerat\/","title":{"rendered":"Batxillerat"},"content":{"rendered":"<p style=\"text-align: center;\"><span style=\"font-size: 36px; font-family: Arial, Helvetica, sans-serif; color: #ff6600;\"><strong>Curs 2026 &#8211; 2027<\/strong><\/span><\/p>\n<p style=\"text-align: center;\"><span style=\"font-size: 30px; font-family: Arial, Helvetica, sans-serif; color: #ff6600;\"><strong>Preinscripci\u00f3 Batxillerat: del 9 al 16 d&#8217;abril de 2026<\/strong><\/span><\/p>\n<h3 style=\"text-align: center;\"><\/h3>\n<p>&nbsp;<\/p>\n<table style=\"border-collapse: collapse; width: 100%;\">\n<tbody>\n<tr>\n<td style=\"width: 100%;\">\n<h4>DOCUMENTS (<em>S&#8217;aniran publicant<\/em>)<\/h4>\n<ul>\n<li style=\"list-style-type: none;\">\n<ul>\n<li><a href=\"https:\/\/drive.google.com\/file\/d\/1pfIm_kJDjlrDmTujbvNe5FD4kTfhxQ5H\/view?usp=sharing\">Oferta de places<\/a><\/li>\n<li>Puntuaci\u00f3 provisional<\/li>\n<li>Puntuaci\u00f3 definitiva<\/li>\n<li>Llista ordenada<\/li>\n<li>Alumnes assignats<\/li>\n<li>Llista d&#8217;espera<\/li>\n<\/ul>\n<\/li>\n<\/ul>\n<\/td>\n<\/tr>\n<\/tbody>\n<\/table>\n<p><center><iframe loading=\"lazy\" title=\"YouTube video player\" src=\"https:\/\/www.youtube.com\/embed\/2M0wfvl_G14\" width=\"560\" height=\"315\" frameborder=\"0\" allowfullscreen=\"allowfullscreen\"><\/iframe><\/center><\/p>\n<h3><\/h3>\n<h3 style=\"text-align: center;\"><\/h3>\n<p>&nbsp;<\/p>\n<p><center><iframe loading=\"lazy\" src=\"https:\/\/drive.google.com\/file\/d\/1dsReOJD25aQ7n5aaxfr5X4hA1K0aji2a\/preview\" width=\"640\" height=\"880\"><\/iframe><center><\/center><\/center>&nbsp;<\/p>\n<h3 style=\"text-align: left;\"><strong>\u00a0 \u00a0<span style=\"text-decoration: underline;\">MODALITATS I ITINERARIS<\/span><\/strong><\/h3>\n<p>&nbsp;<\/p>\n<p><center><iframe loading=\"lazy\" src=\"https:\/\/drive.google.com\/file\/d\/1VEI77jwqAxK1FgZfgEN1dSWJtJ1a7tK5\/preview\" width=\"640\" height=\"1300\"><\/iframe><\/center>&nbsp;<\/p>\n<h3><a href=\"https:\/\/universitats.gencat.cat\/ca\/pau\/que-qui\/\">\u00a0 \u00a0<span style=\"text-decoration: underline;\"><strong>Informaci\u00f3 sobre les PAU 2025<\/strong><\/span><\/a><\/h3>\n<p>&nbsp;<\/p>\n<p style=\"text-align: center;\"><iframe loading=\"lazy\" src=\"https:\/\/drive.google.com\/file\/d\/1QmODR8N0zXZSadv-3u62xzrVm8uXCoSM\/preview\" width=\"640\" height=\"880\"><span data-mce-type=\"bookmark\" style=\"display: inline-block; width: 0px; overflow: hidden; line-height: 0;\" class=\"mce_SELRES_start\">\ufeff<\/span><span data-mce-type=\"bookmark\" style=\"display: inline-block; width: 0px; overflow: hidden; line-height: 0;\" class=\"mce_SELRES_start\">\ufeff<\/span><\/iframe><\/p>\n","protected":false},"excerpt":{"rendered":"<p>Curs 2026 &#8211; 2027 Preinscripci\u00f3 Batxillerat: del 9 al 16 d&#8217;abril de 2026 &nbsp; DOCUMENTS (S&#8217;aniran publicant) Oferta de places Puntuaci\u00f3 provisional Puntuaci\u00f3 definitiva Llista ordenada Alumnes assignats Llista d&#8217;espera &nbsp; &nbsp; \u00a0 \u00a0MODALITATS I ITINERARIS &nbsp; &nbsp; \u00a0 \u00a0Informaci\u00f3 sobre les PAU 2025 &nbsp; \ufeff\ufeff<\/p>\n","protected":false},"author":1,"featured_media":0,"parent":195,"menu_order":0,"comment_status":"closed","ping_status":"closed","template":"","meta":{"_bbp_topic_count":0,"_bbp_reply_count":0,"_bbp_total_topic_count":0,"_bbp_total_reply_count":0,"_bbp_voice_count":0,"_bbp_anonymous_reply_count":0,"_bbp_topic_count_hidden":0,"_bbp_reply_count_hidden":0,"_bbp_forum_subforum_count":0,"site-sidebar-layout":"default","site-content-layout":"","ast-site-content-layout":"default","site-content-style":"default","site-sidebar-style":"default","ast-global-header-display":"","ast-banner-title-visibility":"","ast-main-header-display":"","ast-hfb-above-header-display":"","ast-hfb-below-header-display":"","ast-hfb-mobile-header-display":"","site-post-title":"","ast-breadcrumbs-content":"","ast-featured-img":"","footer-sml-layout":"","theme-transparent-header-meta":"default","adv-header-id-meta":"","stick-header-meta":"","header-above-stick-meta":"","header-main-stick-meta":"","header-below-stick-meta":"","astra-migrate-meta-layouts":"set","ast-page-background-enabled":"default","ast-page-background-meta":{"desktop":{"background-color":"var(--ast-global-color-5)","background-image":"","background-repeat":"repeat","background-position":"center center","background-size":"auto","background-attachment":"scroll","background-type":"","background-media":"","overlay-type":"","overlay-color":"","overlay-opacity":"","overlay-gradient":""},"tablet":{"background-color":"","background-image":"","background-repeat":"repeat","background-position":"center center","background-size":"auto","background-attachment":"scroll","background-type":"","background-media":"","overlay-type":"","overlay-color":"","overlay-opacity":"","overlay-gradient":""},"mobile":{"background-color":"","background-image":"","background-repeat":"repeat","background-position":"center center","background-size":"auto","background-attachment":"scroll","background-type":"","background-media":"","overlay-type":"","overlay-color":"","overlay-opacity":"","overlay-gradient":""}},"ast-content-background-meta":{"desktop":{"background-color":"var(--ast-global-color-4)","background-image":"","background-repeat":"repeat","background-position":"center center","background-size":"auto","background-attachment":"scroll","background-type":"","background-media":"","overlay-type":"","overlay-color":"","overlay-opacity":"","overlay-gradient":""},"tablet":{"background-color":"var(--ast-global-color-4)","background-image":"","background-repeat":"repeat","background-position":"center center","background-size":"auto","background-attachment":"scroll","background-type":"","background-media":"","overlay-type":"","overlay-color":"","overlay-opacity":"","overlay-gradient":""},"mobile":{"background-color":"var(--ast-global-color-4)","background-image":"","background-repeat":"repeat","background-position":"center center","background-size":"auto","background-attachment":"scroll","background-type":"","background-media":"","overlay-type":"","overlay-color":"","overlay-opacity":"","overlay-gradient":""}},"footnotes":""},"class_list":["post-772","page","type-page","status-publish","hentry"],"post_mailing_queue_ids":[],"_links":{"self":[{"href":"https:\/\/agora.xtec.cat\/insdertosa\/wp-json\/wp\/v2\/pages\/772","targetHints":{"allow":["GET"]}}],"collection":[{"href":"https:\/\/agora.xtec.cat\/insdertosa\/wp-json\/wp\/v2\/pages"}],"about":[{"href":"https:\/\/agora.xtec.cat\/insdertosa\/wp-json\/wp\/v2\/types\/page"}],"author":[{"embeddable":true,"href":"https:\/\/agora.xtec.cat\/insdertosa\/wp-json\/wp\/v2\/users\/1"}],"replies":[{"embeddable":true,"href":"https:\/\/agora.xtec.cat\/insdertosa\/wp-json\/wp\/v2\/comments?post=772"}],"version-history":[{"count":6,"href":"https:\/\/agora.xtec.cat\/insdertosa\/wp-json\/wp\/v2\/pages\/772\/revisions"}],"predecessor-version":[{"id":16397,"href":"https:\/\/agora.xtec.cat\/insdertosa\/wp-json\/wp\/v2\/pages\/772\/revisions\/16397"}],"up":[{"embeddable":true,"href":"https:\/\/agora.xtec.cat\/insdertosa\/wp-json\/wp\/v2\/pages\/195"}],"wp:attachment":[{"href":"https:\/\/agora.xtec.cat\/insdertosa\/wp-json\/wp\/v2\/media?parent=772"}],"curies":[{"name":"wp","href":"https:\/\/api.w.org\/{rel}","templated":true}]}}