{"id":6874,"date":"2020-08-05T22:02:22","date_gmt":"2020-08-05T20:02:22","guid":{"rendered":"https:\/\/agora.xtec.cat\/insdertosa\/?page_id=6874"},"modified":"2026-03-07T14:15:58","modified_gmt":"2026-03-07T13:15:58","slug":"cicles-formatius","status":"publish","type":"page","link":"https:\/\/agora.xtec.cat\/insdertosa\/projecte-educatiu\/estudis\/cicles-formatius\/","title":{"rendered":"Cicles formatius"},"content":{"rendered":"<h1 style=\"text-align: center;\">ESCOLA D\u2019HOTELERIA DE L\u2019INSTITUT DERTOSA<\/h1>\n<p style=\"text-align: center;\"><a href=\"https:\/\/drive.google.com\/file\/d\/1oCXucfL1Wgsw32N14tjct_7Fciy2eyNm\/view?usp=drive_link\"><span style=\"color: #ff6600;\"><em><strong>COMPLECI\u00d3 CICLES LOE EXTINGITS\u00a0<\/strong><\/em><\/span><\/a><\/p>\n<p style=\"text-align: center;\"><em><a href=\"https:\/\/agora.xtec.cat\/insdertosa\/wp-content\/uploads\/usu144\/2022\/10\/PROMOCIO-MODULS-SOLTS.pdf\">PROMOCI\u00d3\u00a0 D&#8217;ESTUDIS DE M\u00d2DULS SOLTS<\/a><\/em><\/p>\n<p style=\"text-align: center;\"><em><a href=\"https:\/\/agora.xtec.cat\/insdertosa\/projecte-educatiu\/estudis\/cicles-formatius\/preisncripcio-i-matricula-cicles-formatius\/\">PREINSCRIPCI\u00d3 i MATR\u00cdCULA CURS 2025-26<\/a><\/em><\/p>\n<p style=\"text-align: center;\"><em><a href=\"https:\/\/educacio.gencat.cat\/ca\/departament\/normativa\/taxes-preus-publics\/preu-public\/index.html\">PREU P\u00daBLIC MATR\u00cdCULA CICLES FORMATIUS<\/a><\/em><\/p>\n<p style=\"text-align: center;\"><em><a href=\"https:\/\/agora.xtec.cat\/insdertosa\/projecte-educatiu\/estudis\/cicles-formatius\/uniformitat-material-llibres\/\">UNIFORMITAT &#8211; MATERIAL &#8211; LLIBRES\u00a0<\/a><\/em><\/p>\n<p style=\"text-align: center;\"><a href=\"https:\/\/agora.xtec.cat\/insdertosa\/wp-content\/uploads\/usu144\/2024\/12\/CARTA-DE-SERVEIS.pdf\"><em>CARTA DE SERVEIS<\/em><\/a><\/p>\n<p style=\"text-align: center;\"><a href=\"https:\/\/agora.xtec.cat\/insdertosa\/wp-content\/uploads\/usu144\/2024\/12\/CARTA-DE-SERVEIS-EMPRESES.pdf\">CARTA DE SERVEIS PER A EMPRESES<\/a><\/p>\n<p style=\"text-align: center;\"><a href=\"https:\/\/docs.google.com\/forms\/d\/e\/1FAIpQLSc1V5ZRF6DVMBAPFCtlleThHt--s_znSfGT0L6dRsJrPoUCWw\/viewform?usp=header\">INSCRIPCI\u00d3 PORTES OBERTES CICLES FORMATIUS 2627<\/a><\/p>\n<p>Coneix una mica millor qu\u00e8 fem a l&#8217;escola amb el seg\u00fcent v\u00eddeo:<\/p>\n<p style=\"text-align: center;\"><iframe loading=\"lazy\" src=\"\/\/www.youtube.com\/embed\/yfNEzXgRJUY\" width=\"560\" height=\"314\" allowfullscreen=\"allowfullscreen\"><\/iframe><a href=\"https:\/\/youtu.be\/yfNEzXgRJUY\"><img loading=\"lazy\" decoding=\"async\" class=\"wp-image-9017 alignright\" src=\"https:\/\/agora.xtec.cat\/insdertosa\/wp-content\/uploads\/usu144\/2022\/02\/LOGOTIP_EHID_color_1.png\" alt=\"\" width=\"227\" height=\"299\" srcset=\"https:\/\/agora.xtec.cat\/insdertosa\/wp-content\/uploads\/usu144\/2022\/02\/LOGOTIP_EHID_color_1.png 745w, https:\/\/agora.xtec.cat\/insdertosa\/wp-content\/uploads\/usu144\/2022\/02\/LOGOTIP_EHID_color_1-228x300.png 228w\" sizes=\"auto, (max-width: 227px) 100vw, 227px\" \/><\/a><\/p>\n<h1 style=\"text-align: center;\"><strong>Informaci\u00f3 dels diferents Cicles Formatius<\/strong><\/h1>\n<p style=\"text-align: left;\"><a href=\"http:\/\/chrome-extension:\/\/efaidnbmnnnibpcajpcglclefindmkaj\/https:\/\/www.gencat.cat\/ensenyament\/eac\/pdf\/CFPB____HT10_CA.pdf\">FPG B\u00e0sica Cuina i restauraci\u00f3<\/a><\/p>\n<p style=\"text-align: left;\"><strong><em><a href=\"https:\/\/agora.xtec.cat\/insdertosa\/wp-content\/uploads\/usu144\/2025\/05\/CFGB_OFERTA-INICIAL.pdf\">CFGB_Oferta inicial<\/a><\/em><\/strong><\/p>\n<p style=\"text-align: left;\"><a href=\"https:\/\/agora.xtec.cat\/insdertosa\/projecte-educatiu\/estudis\/cicles-formatius\/pfi-ptt-auxiliar-de-cuina-i-serveis-de-restauracio-2\/\">PFI-PTT Auxiliar de cuina i serveis de restauraci\u00f3<\/a><\/p>\n<h4 style=\"text-align: left;\">CICLES FORMATIUS DE GRAU MITJ\u00c0:<\/h4>\n<p style=\"text-align: left;\"><a href=\"https:\/\/agora.xtec.cat\/insdertosa\/projecte-educatiu\/estudis\/estudis-cicle-formatiu-cuina-i-gastronomia\/\">CFGM Cuina i gastronomia<\/a><\/p>\n<p style=\"text-align: left;\"><a href=\"https:\/\/agora.xtec.cat\/insdertosa\/projecte-educatiu\/estudis\/estudis-cicle-formatiu-de-serveis-en-restauracio\/\">CFGM Serveis en restauraci\u00f3<\/a><\/p>\n<p style=\"text-align: left;\"><a href=\"https:\/\/agora.xtec.cat\/insdertosa\/projecte-educatiu\/estudis\/estudis-cicle-formatiu-de-forneria-pastisseria-i-confiteria\/\">CFGM Forneria, pastisseria i confiteria<\/a><\/p>\n<h4 style=\"text-align: left;\">CICLES FORMATIUS DE GRAU SUPERIOR:<\/h4>\n<p style=\"text-align: left;\"><a href=\"https:\/\/agora.xtec.cat\/insdertosa\/projecte-educatiu\/estudis\/cicle-formatiu-de-grau-superior\/direccio-de-serveis-en-restauracio\/\">CFGS Direcci\u00f3 de Serveis de restauraci\u00f3<\/a><\/p>\n<p style=\"text-align: left;\"><a href=\"https:\/\/agora.xtec.cat\/insdertosa\/projecte-educatiu\/estudis\/cicle-formatiu-de-grau-superior\/direccio-de-cuina\/\">CFGS Direcci\u00f3 de cuina<\/a><\/p>\n<h1 style=\"text-align: center;\">&#8212;&#8212;&#8212;&#8212;&#8212;&#8212;&#8212;&#8212;&#8212;&#8212;&#8212;&#8212;&#8212;&#8212;&#8212;<\/h1>\n<p style=\"text-align: center;\"><a href=\"http:\/\/insdertosa.ieduca.com\/borsa\"><em>BORSA DE TREBALL EMPRESES TERRES DE L&#8217;EBRE<\/em><\/a><\/p>\n<p style=\"text-align: center;\"><em><a href=\"https:\/\/agora.xtec.cat\/insdertosa\/projecte-educatiu\/estudis\/cicles-formatius\/convalidacions-i-exempcions-cicles-formatius\/\">INFORMACI\u00d3 CONVALIDACIONS I EXEMPCIONS CICLES FORMATIUS<\/a><\/em><\/p>\n<p style=\"text-align: center;\"><a href=\"https:\/\/agora.xtec.cat\/insdertosa\/projecte-educatiu\/estudis\/cicles-formatius\/sol%c2%b7licitud-semipresencialitat-cicles-formatius\/\"><em>INFORMACI\u00d3 SOL\u00b7LICITUD SEMIPRESENCIALITAT CICLES FORMATIUS<\/em><\/a><\/p>\n<p style=\"text-align: center;\"><a href=\"https:\/\/drive.google.com\/file\/d\/1fv7FWMu_zQVDpa-u7rjVXPLUfxW-DJ_f\/view?usp=drive_link\"><em>CALENDARI ASSESSORAMENT I RECONEIXEMENT<\/em><\/a><\/p>\n<h1 style=\"text-align: center;\">&#8212;&#8212;&#8212;&#8212;&#8212;&#8212;&#8212;&#8212;&#8212;&#8212;&#8212;&#8212;&#8212;&#8212;&#8212;<\/h1>\n<p><em>\u00a0 \u00a0 \u00a0 \u00a0 \u00a0 \u00a0 \u00a0 \u00a0 \u00a0 \u00a0 \u00a0 \u00a0 \u00a0 \u00a0 \u00a0 \u00a0 \u00a0 \u00a0 \u00a0 \u00a0 \u00a0 \u00a0 \u00a0 \u00a0 \u00a0 \u00a0 \u00a0 \u00a0 \u00a0 \u00a0 <a href=\"https:\/\/drive.google.com\/file\/d\/1_tjNoDkQouzMelwqYZCyNeAl5nu5YgSq\/view\">OFERTA PLACES CICLES FORMATIUS PFI-PTT CURS 25\/26<\/a><\/em><\/p>\n<p style=\"text-align: center;\"><em>\u00a0 \u00a0 \u00a0 \u00a0 \u00a0 \u00a0 \u00a0 \u00a0 \u00a0 \u00a0 \u00a0 \u00a0<a href=\"https:\/\/drive.google.com\/file\/d\/1TqVCYah78CfWgdcpi852LBNrQuh-mNXa\/view\">OFERTA PLACES CICLES FORMATIUS GRAU MITJ\u00c0 CURS 25\/26<\/a><\/em><\/p>\n<p><em>\u00a0 \u00a0 \u00a0 \u00a0 \u00a0 \u00a0 \u00a0 \u00a0 \u00a0 \u00a0 \u00a0 \u00a0 \u00a0 \u00a0 \u00a0 \u00a0 \u00a0 \u00a0 \u00a0 \u00a0 \u00a0 \u00a0 \u00a0 \u00a0 \u00a0 <a href=\"https:\/\/drive.google.com\/drive\/u\/1\/folders\/1lE-Y2itqeTAxeJu00vYc4K_XOuCjhFtB\">OFERTA PLACES CICLES FORMATIUS GRAU SUPERIOR CURS 25\/26<\/a><\/em><\/p>\n<p>Xerrada informativa de la Formaci\u00f3 Professional a la ciutat de Tortosa, a partir del minut 33 us expliquem el cicles a la nostra escola:<\/p>\n<h4 style=\"text-align: center;\"><iframe loading=\"lazy\" src=\"\/\/www.youtube.com\/embed\/ZDCkzW3ZNvU\" width=\"560\" height=\"314\"><\/iframe><\/h4>\n<p>&nbsp;<\/p>\n<p style=\"text-align: center;\"><a href=\"https:\/\/agora.xtec.cat\/insdertosa\/portada\/calendari-del-proces-del-servei-dassessorament-i-reconeixement-dexperiencia-laboral\/\"><img loading=\"lazy\" decoding=\"async\" class=\"wp-image-7196 alignleft\" src=\"https:\/\/agora.xtec.cat\/insdertosa\/wp-content\/uploads\/usu144\/2020\/11\/logo_web_ass_rec.png\" alt=\"\" width=\"69\" height=\"34\" srcset=\"https:\/\/agora.xtec.cat\/insdertosa\/wp-content\/uploads\/usu144\/2020\/11\/logo_web_ass_rec.png 600w, https:\/\/agora.xtec.cat\/insdertosa\/wp-content\/uploads\/usu144\/2020\/11\/logo_web_ass_rec-300x150.png 300w\" sizes=\"auto, (max-width: 69px) 100vw, 69px\" \/><\/a><\/p>\n<p style=\"text-align: center;\"><a href=\"https:\/\/agora.xtec.cat\/insdertosa\/portada\/calendari-del-proces-del-servei-dassessorament-i-reconeixement-dexperiencia-laboral\/\"><img loading=\"lazy\" decoding=\"async\" class=\"wp-image-8358 alignleft\" src=\"https:\/\/agora.xtec.cat\/insdertosa\/wp-content\/uploads\/usu144\/2020\/07\/MESURES-150x150.png\" alt=\"\" width=\"45\" height=\"45\" srcset=\"https:\/\/agora.xtec.cat\/insdertosa\/wp-content\/uploads\/usu144\/2020\/07\/MESURES-150x150.png 150w, https:\/\/agora.xtec.cat\/insdertosa\/wp-content\/uploads\/usu144\/2020\/07\/MESURES-300x298.png 300w, https:\/\/agora.xtec.cat\/insdertosa\/wp-content\/uploads\/usu144\/2020\/07\/MESURES.png 495w\" sizes=\"auto, (max-width: 45px) 100vw, 45px\" \/><\/a><a href=\"https:\/\/agora.xtec.cat\/insdertosa\/projecte-educatiu\/estudis\/cicles-formatius\/fp-dual\/\"><img loading=\"lazy\" decoding=\"async\" class=\"wp-image-7195 alignleft\" src=\"https:\/\/agora.xtec.cat\/insdertosa\/wp-content\/uploads\/usu144\/2020\/11\/DUAL_alta.jpg\" alt=\"\" width=\"44\" height=\"44\" srcset=\"https:\/\/agora.xtec.cat\/insdertosa\/wp-content\/uploads\/usu144\/2020\/11\/DUAL_alta.jpg 553w, https:\/\/agora.xtec.cat\/insdertosa\/wp-content\/uploads\/usu144\/2020\/11\/DUAL_alta-150x150.jpg 150w, https:\/\/agora.xtec.cat\/insdertosa\/wp-content\/uploads\/usu144\/2020\/11\/DUAL_alta-300x300.jpg 300w\" sizes=\"auto, (max-width: 44px) 100vw, 44px\" \/><\/a><a href=\"https:\/\/agora.xtec.cat\/insdertosa\/mobilitat-fp-institut-dertosa\/\"><img loading=\"lazy\" decoding=\"async\" class=\"wp-image-8634 alignleft\" src=\"https:\/\/agora.xtec.cat\/insdertosa\/wp-content\/uploads\/usu144\/2021\/11\/MobilitatFP.png\" alt=\"\" width=\"139\" height=\"32\" srcset=\"https:\/\/agora.xtec.cat\/insdertosa\/wp-content\/uploads\/usu144\/2021\/11\/MobilitatFP.png 656w, https:\/\/agora.xtec.cat\/insdertosa\/wp-content\/uploads\/usu144\/2021\/11\/MobilitatFP-300x69.png 300w\" sizes=\"auto, (max-width: 139px) 100vw, 139px\" \/><\/a><a href=\"https:\/\/agora.xtec.cat\/insdertosa\/wp-content\/uploads\/usu144\/2022\/05\/es_cofinanciado_por_la_union_europea_pos.png\"><img loading=\"lazy\" decoding=\"async\" class=\"wp-image-9344 alignleft\" src=\"https:\/\/agora.xtec.cat\/insdertosa\/wp-content\/uploads\/usu144\/2022\/05\/es_cofinanciado_por_la_union_europea_pos.png\" alt=\"\" width=\"172\" height=\"36\" srcset=\"https:\/\/agora.xtec.cat\/insdertosa\/wp-content\/uploads\/usu144\/2022\/05\/es_cofinanciado_por_la_union_europea_pos.png 8493w, https:\/\/agora.xtec.cat\/insdertosa\/wp-content\/uploads\/usu144\/2022\/05\/es_cofinanciado_por_la_union_europea_pos-300x63.png 300w, https:\/\/agora.xtec.cat\/insdertosa\/wp-content\/uploads\/usu144\/2022\/05\/es_cofinanciado_por_la_union_europea_pos-1024x215.png 1024w, https:\/\/agora.xtec.cat\/insdertosa\/wp-content\/uploads\/usu144\/2022\/05\/es_cofinanciado_por_la_union_europea_pos-768x161.png 768w, https:\/\/agora.xtec.cat\/insdertosa\/wp-content\/uploads\/usu144\/2022\/05\/es_cofinanciado_por_la_union_europea_pos-1536x322.png 1536w, https:\/\/agora.xtec.cat\/insdertosa\/wp-content\/uploads\/usu144\/2022\/05\/es_cofinanciado_por_la_union_europea_pos-2048x429.png 2048w\" sizes=\"auto, (max-width: 172px) 100vw, 172px\" \/><\/a><a href=\"https:\/\/agora.xtec.cat\/insdertosa\/wp-content\/uploads\/usu144\/2021\/12\/unnamed-2.png\"><img loading=\"lazy\" decoding=\"async\" class=\"wp-image-8791 alignleft\" src=\"https:\/\/agora.xtec.cat\/insdertosa\/wp-content\/uploads\/usu144\/2021\/12\/unnamed-2.png\" alt=\"\" width=\"122\" height=\"32\" srcset=\"https:\/\/agora.xtec.cat\/insdertosa\/wp-content\/uploads\/usu144\/2021\/12\/unnamed-2.png 908w, https:\/\/agora.xtec.cat\/insdertosa\/wp-content\/uploads\/usu144\/2021\/12\/unnamed-2-300x79.png 300w, https:\/\/agora.xtec.cat\/insdertosa\/wp-content\/uploads\/usu144\/2021\/12\/unnamed-2-768x202.png 768w\" sizes=\"auto, (max-width: 122px) 100vw, 122px\" \/><\/a><\/p>\n<p>&nbsp;<\/p>\n<p>&nbsp;<\/p>\n","protected":false},"excerpt":{"rendered":"<p>ESCOLA D\u2019HOTELERIA DE L\u2019INSTITUT DERTOSA COMPLECI\u00d3 CICLES LOE EXTINGITS\u00a0 PROMOCI\u00d3\u00a0 D&#8217;ESTUDIS DE M\u00d2DULS SOLTS PREINSCRIPCI\u00d3 i MATR\u00cdCULA CURS 2025-26 PREU P\u00daBLIC MATR\u00cdCULA CICLES FORMATIUS UNIFORMITAT &#8211; MATERIAL &#8211; LLIBRES\u00a0 CARTA DE SERVEIS CARTA DE SERVEIS PER A EMPRESES INSCRIPCI\u00d3 PORTES OBERTES CICLES FORMATIUS 2627 Coneix una mica millor qu\u00e8 fem a l&#8217;escola amb el seg\u00fcent [&hellip;]<\/p>\n","protected":false},"author":1,"featured_media":0,"parent":195,"menu_order":0,"comment_status":"closed","ping_status":"closed","template":"","meta":{"_bbp_topic_count":0,"_bbp_reply_count":0,"_bbp_total_topic_count":0,"_bbp_total_reply_count":0,"_bbp_voice_count":0,"_bbp_anonymous_reply_count":0,"_bbp_topic_count_hidden":0,"_bbp_reply_count_hidden":0,"_bbp_forum_subforum_count":0,"site-sidebar-layout":"default","site-content-layout":"","ast-site-content-layout":"default","site-content-style":"default","site-sidebar-style":"default","ast-global-header-display":"","ast-banner-title-visibility":"","ast-main-header-display":"","ast-hfb-above-header-display":"","ast-hfb-below-header-display":"","ast-hfb-mobile-header-display":"","site-post-title":"","ast-breadcrumbs-content":"","ast-featured-img":"","footer-sml-layout":"","theme-transparent-header-meta":"default","adv-header-id-meta":"","stick-header-meta":"","header-above-stick-meta":"","header-main-stick-meta":"","header-below-stick-meta":"","astra-migrate-meta-layouts":"set","ast-page-background-enabled":"default","ast-page-background-meta":{"desktop":{"background-color":"var(--ast-global-color-5)","background-image":"","background-repeat":"repeat","background-position":"center center","background-size":"auto","background-attachment":"scroll","background-type":"","background-media":"","overlay-type":"","overlay-color":"","overlay-opacity":"","overlay-gradient":""},"tablet":{"background-color":"","background-image":"","background-repeat":"repeat","background-position":"center center","background-size":"auto","background-attachment":"scroll","background-type":"","background-media":"","overlay-type":"","overlay-color":"","overlay-opacity":"","overlay-gradient":""},"mobile":{"background-color":"","background-image":"","background-repeat":"repeat","background-position":"center center","background-size":"auto","background-attachment":"scroll","background-type":"","background-media":"","overlay-type":"","overlay-color":"","overlay-opacity":"","overlay-gradient":""}},"ast-content-background-meta":{"desktop":{"background-color":"var(--ast-global-color-4)","background-image":"","background-repeat":"repeat","background-position":"center center","background-size":"auto","background-attachment":"scroll","background-type":"","background-media":"","overlay-type":"","overlay-color":"","overlay-opacity":"","overlay-gradient":""},"tablet":{"background-color":"var(--ast-global-color-4)","background-image":"","background-repeat":"repeat","background-position":"center center","background-size":"auto","background-attachment":"scroll","background-type":"","background-media":"","overlay-type":"","overlay-color":"","overlay-opacity":"","overlay-gradient":""},"mobile":{"background-color":"var(--ast-global-color-4)","background-image":"","background-repeat":"repeat","background-position":"center center","background-size":"auto","background-attachment":"scroll","background-type":"","background-media":"","overlay-type":"","overlay-color":"","overlay-opacity":"","overlay-gradient":""}},"footnotes":""},"class_list":["post-6874","page","type-page","status-publish","hentry"],"post_mailing_queue_ids":[],"_links":{"self":[{"href":"https:\/\/agora.xtec.cat\/insdertosa\/wp-json\/wp\/v2\/pages\/6874","targetHints":{"allow":["GET"]}}],"collection":[{"href":"https:\/\/agora.xtec.cat\/insdertosa\/wp-json\/wp\/v2\/pages"}],"about":[{"href":"https:\/\/agora.xtec.cat\/insdertosa\/wp-json\/wp\/v2\/types\/page"}],"author":[{"embeddable":true,"href":"https:\/\/agora.xtec.cat\/insdertosa\/wp-json\/wp\/v2\/users\/1"}],"replies":[{"embeddable":true,"href":"https:\/\/agora.xtec.cat\/insdertosa\/wp-json\/wp\/v2\/comments?post=6874"}],"version-history":[{"count":9,"href":"https:\/\/agora.xtec.cat\/insdertosa\/wp-json\/wp\/v2\/pages\/6874\/revisions"}],"predecessor-version":[{"id":16227,"href":"https:\/\/agora.xtec.cat\/insdertosa\/wp-json\/wp\/v2\/pages\/6874\/revisions\/16227"}],"up":[{"embeddable":true,"href":"https:\/\/agora.xtec.cat\/insdertosa\/wp-json\/wp\/v2\/pages\/195"}],"wp:attachment":[{"href":"https:\/\/agora.xtec.cat\/insdertosa\/wp-json\/wp\/v2\/media?parent=6874"}],"curies":[{"name":"wp","href":"https:\/\/api.w.org\/{rel}","templated":true}]}}