{"id":5760,"date":"2019-05-22T13:54:12","date_gmt":"2019-05-22T11:54:12","guid":{"rendered":"http:\/\/agora.xtec.cat\/insdertosa\/?page_id=5760"},"modified":"2024-07-01T17:44:31","modified_gmt":"2024-07-01T15:44:31","slug":"direccio-de-serveis-en-restauracio","status":"publish","type":"page","link":"https:\/\/agora.xtec.cat\/insdertosa\/projecte-educatiu\/estudis\/direccio-de-serveis-en-restauracio\/","title":{"rendered":"CFGS de Direcci\u00f3 de Serveis en Restauraci\u00f3"},"content":{"rendered":"<p align=\"center\"><a href=\"https:\/\/agora.xtec.cat\/insdertosa\/projecte-educatiu\/estudis\/cicles-formatius\/fp-dual\/\"><span style=\"font-family: Arial, serif;\"><span style=\"font-size: x-large;\"><b>FORMACI\u00d3 PROFESSIONAL DUAL<\/b><\/span><\/span><\/a><\/p>\n<table class=\" aligncenter\" style=\"width: 536px; height: 615px;\">\n<tbody>\n<tr>\n<td style=\"width: 61.2109px;\"><strong>M\u00f2dul<\/strong><\/td>\n<td style=\"width: 380.996px; text-align: center;\"><strong>Nom del M\u00f2dul Formatiu<\/strong><\/td>\n<td style=\"width: 83.9844px; text-align: center;\"><strong>Hores<\/strong><\/td>\n<\/tr>\n<tr>\n<td style=\"width: 61.2109px; text-align: center;\">0496<\/td>\n<td style=\"width: 380.996px;\"><span style=\"color: #000000;\"><span style=\"font-family: Arial, serif;\"><span style=\"font-size: small;\">Control de prove\u00efment de mat\u00e8ries primeres<\/span><\/span><\/span><\/td>\n<td style=\"width: 83.9844px;\">66<\/td>\n<\/tr>\n<tr>\n<td style=\"width: 61.2109px; text-align: center;\">0509<\/td>\n<td style=\"width: 380.996px;\"><span style=\"color: #000000; font-family: Arial, serif; font-size: small;\">Processos de serveis en bar cafeteria<\/span><\/td>\n<td style=\"width: 83.9844px;\">132<\/td>\n<\/tr>\n<tr>\n<td style=\"width: 61.2109px; text-align: center;\">0510<\/td>\n<td style=\"width: 380.996px;\"><span style=\"color: #000000;\"><span style=\"font-family: Arial, serif;\"><span style=\"font-size: small;\">Processos de serveis en restaurant<\/span><\/span><\/span><\/td>\n<td style=\"width: 83.9844px;\">198<\/td>\n<\/tr>\n<tr>\n<td style=\"width: 61.2109px; text-align: center;\">0511<\/td>\n<td style=\"width: 380.996px;\"><span style=\"color: #000000;\"><span style=\"font-family: Arial, serif;\"><span style=\"font-size: small;\">Sommelieria<\/span><\/span><\/span><\/td>\n<td style=\"width: 83.9844px;\">66<\/td>\n<\/tr>\n<tr>\n<td style=\"width: 61.2109px; text-align: center;\">0512<\/td>\n<td style=\"width: 380.996px;\"><span style=\"color: #000000;\"><span style=\"font-family: Arial, serif;\"><span style=\"font-size: small;\">Planificaci\u00f3 i direcci\u00f3 de serveis i esdeveniments en la restauraci\u00f3<\/span><\/span><\/span><\/td>\n<td style=\"width: 83.9844px;\">66<\/td>\n<\/tr>\n<tr>\n<td style=\"width: 61.2109px; text-align: center;\">0501<\/td>\n<td style=\"width: 380.996px;\"><span style=\"color: #000000;\"><span style=\"font-family: Arial, serif;\"><span style=\"font-size: small;\">Gesti\u00f3 de la qualitat i de la seguretat e higiene aliment\u00e0ria<\/span><\/span><\/span><\/td>\n<td style=\"width: 83.9844px;\">66<\/td>\n<\/tr>\n<tr>\n<td style=\"width: 61.2109px; text-align: center;\">0502<\/td>\n<td style=\"width: 380.996px;\"><span style=\"color: #000000;\"><span style=\"font-family: Arial, serif;\"><span style=\"font-size: small;\">Gastronomia i nutrici\u00f3<\/span><\/span><\/span><\/td>\n<td style=\"width: 83.9844px;\">33<\/td>\n<\/tr>\n<tr>\n<td style=\"width: 61.2109px; text-align: center;\">0503<\/td>\n<td style=\"width: 380.996px;\"><span style=\"color: #000000;\"><span style=\"font-family: Arial, serif;\"><span style=\"font-size: small;\">Gesti\u00f3 administrativa i comercial en restauraci\u00f3<\/span><\/span><\/span><\/td>\n<td style=\"width: 83.9844px;\">66<\/td>\n<\/tr>\n<tr>\n<td style=\"width: 61.2109px; text-align: center;\">0504<\/td>\n<td style=\"width: 380.996px;\"><span style=\"color: #000000;\"><span style=\"font-family: Arial, serif;\"><span style=\"font-size: small;\">Recursos humans i direcci\u00f3 d\u2019equips en restauraci\u00f3<\/span><\/span><\/span><\/td>\n<td style=\"width: 83.9844px;\">66<\/td>\n<\/tr>\n<tr>\n<td style=\"width: 61.2109px; text-align: center;\">0179<\/td>\n<td style=\"width: 380.996px;\"><span style=\"color: #000000;\"><span style=\"font-family: Arial, serif;\"><span style=\"font-size: small;\">Angl\u00e8s professional<\/span><\/span><\/span><\/td>\n<td style=\"width: 83.9844px;\">66<\/td>\n<\/tr>\n<tr>\n<td style=\"width: 61.2109px; text-align: center;\">0180<\/td>\n<td style=\"width: 380.996px;\"><span style=\"color: #000000;\"><span style=\"font-family: Arial, serif;\"><span style=\"font-size: small;\">Segona llengua estrangera: Franc\u00e8s<\/span><\/span><\/span><\/td>\n<td style=\"width: 83.9844px;\">99<\/td>\n<\/tr>\n<tr>\n<td style=\"width: 61.2109px; text-align: center;\">1709<\/td>\n<td style=\"width: 380.996px;\">Itinerari personal per a l&#8217;ocupabilitat I<\/td>\n<td style=\"width: 83.9844px;\">99<\/td>\n<\/tr>\n<tr>\n<td style=\"width: 61.2109px; text-align: center;\">1710<\/td>\n<td style=\"width: 380.996px;\">Itinerari personal per a l&#8217;ocupabilitat II<\/td>\n<td style=\"width: 83.9844px;\">66<\/td>\n<\/tr>\n<tr>\n<td style=\"width: 61.2109px; text-align: center;\">C076<\/td>\n<td style=\"width: 380.996px;\"><span style=\"color: #000000;\"><span style=\"font-family: Arial, serif;\"><span style=\"font-size: small;\">Catal\u00e0<\/span><\/span><\/span><\/td>\n<td style=\"width: 83.9844px;\">66<\/td>\n<\/tr>\n<tr>\n<td style=\"width: 61.2109px; text-align: center;\">1665<\/td>\n<td style=\"width: 380.996px;\"><span style=\"color: #000000;\"><span style=\"font-family: Arial, serif;\"><span style=\"font-size: small;\">Digitalitzaci\u00f3 aplicada als sectors productius <\/span><\/span><\/span><\/td>\n<td style=\"width: 83.9844px;\">66<\/td>\n<\/tr>\n<tr>\n<td style=\"width: 61.2109px; text-align: center;\">1708<\/td>\n<td style=\"width: 380.996px;\"><span style=\"color: #000000;\"><span style=\"font-family: Arial, serif;\"><span style=\"font-size: small;\">Sostenibilitat aplicada al sistema productiu<\/span><\/span><\/span><\/td>\n<td style=\"width: 83.9844px;\">33<\/td>\n<\/tr>\n<tr>\n<td style=\"width: 61.2109px; text-align: center;\"><\/td>\n<td style=\"width: 380.996px;\"><span style=\"color: #000000;\"><span style=\"font-family: Arial, serif;\"><span style=\"font-size: small;\">M\u00f2dul professional optatiu<\/span><\/span><\/span><\/td>\n<td style=\"width: 83.9844px;\">66<\/td>\n<\/tr>\n<tr>\n<td style=\"width: 61.2109px; text-align: center;\">0513<\/td>\n<td style=\"width: 380.996px;\"><span style=\"color: #000000;\"><span style=\"font-family: Arial, serif;\"><span style=\"font-size: small;\">Projecte intermodular<\/span><\/span><\/span><\/td>\n<td style=\"width: 83.9844px;\">198<\/td>\n<\/tr>\n<tr>\n<td style=\"width: 61.2109px; text-align: center;\">EA<\/td>\n<td style=\"width: 380.996px;\">Estada en l&#8217;empresa<\/td>\n<td style=\"width: 83.9844px;\">515<\/td>\n<\/tr>\n<tr>\n<td style=\"width: 528.691px; text-align: center;\" colspan=\"3\">TOTAL HORES: 2000h<\/td>\n<\/tr>\n<\/tbody>\n<\/table>\n<p>&nbsp;<\/p>\n<h3><\/h3>\n<h3><\/h3>\n<h3 style=\"text-align: center;\"><a href=\"https:\/\/agora.xtec.cat\/insdertosa\/wp-content\/uploads\/usu144\/2021\/07\/CFPS____HTE0_CA.pdf\">M\u00c9S INFORMACI\u00d3 CFGS DIRECCI\u00d3 DE SERVEIS EN RESTAURACI\u00d3<\/a><\/h3>\n<p><span style=\"font-family: Arial, serif;\"><span style=\"font-size: small;\"><b>DE QU\u00c8 TREBALLAR\u00c0S?<\/b><\/span><\/span><\/p>\n<ul>\n<li><span style=\"color: #222222;\"><span style=\"font-family: Arial, serif;\"><span style=\"font-size: small;\">Responsable d&#8217;aliments i begudes en un establiment d\u2019hoteleria<\/span><\/span><\/span><\/li>\n<li><span style=\"color: #222222;\"><span style=\"font-family: Arial, serif;\"><span style=\"font-size: small;\">Supervisor\/a de restauraci\u00f3 moderna<\/span><\/span><\/span><\/li>\n<li><span style=\"color: #222222;\"><span style=\"font-family: Arial, serif;\"><span style=\"font-size: small;\">Ma\u00eetre\/ Cap de sala\/Cap de banquets<\/span><\/span><\/span><\/li>\n<li><span style=\"color: #222222;\"><span style=\"font-family: Arial, serif;\"><span style=\"font-size: small;\">Encarregat\/ada de bar i cafeteria<\/span><\/span><\/span><\/li>\n<li><span style=\"color: #222222;\"><span style=\"font-family: Arial, serif;\"><span style=\"font-size: small;\">Cap d&#8217;operacions de c\u00e0tering<\/span><\/span><\/span><\/li>\n<li><span style=\"color: #222222;\"><span style=\"font-family: Arial, serif;\"><span style=\"font-size: small;\">Sommelier<\/span><\/span><\/span><\/li>\n<li><span style=\"color: #222222;\"><span style=\"font-family: Arial, serif;\"><span style=\"font-size: small;\">Encarregat\/ada d&#8217;economat i celler<\/span><\/span><\/span><\/li>\n<\/ul>\n<p>Acc\u00e9s\u00a0 a <a href=\"http:\/\/queestudiar.gencat.cat\/ca\/preinscripcio\/estudis\/fp-gs\/\" target=\"_blank\" rel=\"noopener noreferrer\">http:\/\/queestudiar.gencat.cat\/ca\/preinscripcio\/estudis\/fp-gs\/<\/a><\/p>\n","protected":false},"excerpt":{"rendered":"<p>FORMACI\u00d3 PROFESSIONAL DUAL M\u00f2dul Nom del M\u00f2dul Formatiu Hores 0496 Control de prove\u00efment de mat\u00e8ries primeres 66 0509 Processos de serveis en bar cafeteria 132 0510 Processos de serveis en restaurant 198 0511 Sommelieria 66 0512 Planificaci\u00f3 i direcci\u00f3 de serveis i esdeveniments en la restauraci\u00f3 66 0501 Gesti\u00f3 de la qualitat i de la [&hellip;]<\/p>\n","protected":false},"author":1,"featured_media":0,"parent":195,"menu_order":0,"comment_status":"closed","ping_status":"closed","template":"","meta":{"_bbp_topic_count":0,"_bbp_reply_count":0,"_bbp_total_topic_count":0,"_bbp_total_reply_count":0,"_bbp_voice_count":0,"_bbp_anonymous_reply_count":0,"_bbp_topic_count_hidden":0,"_bbp_reply_count_hidden":0,"_bbp_forum_subforum_count":0,"site-sidebar-layout":"default","site-content-layout":"","ast-site-content-layout":"","site-content-style":"default","site-sidebar-style":"default","ast-global-header-display":"","ast-banner-title-visibility":"","ast-main-header-display":"","ast-hfb-above-header-display":"","ast-hfb-below-header-display":"","ast-hfb-mobile-header-display":"","site-post-title":"","ast-breadcrumbs-content":"","ast-featured-img":"","footer-sml-layout":"","theme-transparent-header-meta":"","adv-header-id-meta":"","stick-header-meta":"","header-above-stick-meta":"","header-main-stick-meta":"","header-below-stick-meta":"","astra-migrate-meta-layouts":"default","ast-page-background-enabled":"default","ast-page-background-meta":{"desktop":{"background-color":"var(--ast-global-color-5)","background-image":"","background-repeat":"repeat","background-position":"center center","background-size":"auto","background-attachment":"scroll","background-type":"","background-media":"","overlay-type":"","overlay-color":"","overlay-opacity":"","overlay-gradient":""},"tablet":{"background-color":"","background-image":"","background-repeat":"repeat","background-position":"center center","background-size":"auto","background-attachment":"scroll","background-type":"","background-media":"","overlay-type":"","overlay-color":"","overlay-opacity":"","overlay-gradient":""},"mobile":{"background-color":"","background-image":"","background-repeat":"repeat","background-position":"center center","background-size":"auto","background-attachment":"scroll","background-type":"","background-media":"","overlay-type":"","overlay-color":"","overlay-opacity":"","overlay-gradient":""}},"ast-content-background-meta":{"desktop":{"background-color":"var(--ast-global-color-4)","background-image":"","background-repeat":"repeat","background-position":"center center","background-size":"auto","background-attachment":"scroll","background-type":"","background-media":"","overlay-type":"","overlay-color":"","overlay-opacity":"","overlay-gradient":""},"tablet":{"background-color":"var(--ast-global-color-4)","background-image":"","background-repeat":"repeat","background-position":"center center","background-size":"auto","background-attachment":"scroll","background-type":"","background-media":"","overlay-type":"","overlay-color":"","overlay-opacity":"","overlay-gradient":""},"mobile":{"background-color":"var(--ast-global-color-4)","background-image":"","background-repeat":"repeat","background-position":"center center","background-size":"auto","background-attachment":"scroll","background-type":"","background-media":"","overlay-type":"","overlay-color":"","overlay-opacity":"","overlay-gradient":""}},"footnotes":""},"class_list":["post-5760","page","type-page","status-publish","hentry"],"post_mailing_queue_ids":[],"_links":{"self":[{"href":"https:\/\/agora.xtec.cat\/insdertosa\/wp-json\/wp\/v2\/pages\/5760","targetHints":{"allow":["GET"]}}],"collection":[{"href":"https:\/\/agora.xtec.cat\/insdertosa\/wp-json\/wp\/v2\/pages"}],"about":[{"href":"https:\/\/agora.xtec.cat\/insdertosa\/wp-json\/wp\/v2\/types\/page"}],"author":[{"embeddable":true,"href":"https:\/\/agora.xtec.cat\/insdertosa\/wp-json\/wp\/v2\/users\/1"}],"replies":[{"embeddable":true,"href":"https:\/\/agora.xtec.cat\/insdertosa\/wp-json\/wp\/v2\/comments?post=5760"}],"version-history":[{"count":7,"href":"https:\/\/agora.xtec.cat\/insdertosa\/wp-json\/wp\/v2\/pages\/5760\/revisions"}],"predecessor-version":[{"id":13071,"href":"https:\/\/agora.xtec.cat\/insdertosa\/wp-json\/wp\/v2\/pages\/5760\/revisions\/13071"}],"up":[{"embeddable":true,"href":"https:\/\/agora.xtec.cat\/insdertosa\/wp-json\/wp\/v2\/pages\/195"}],"wp:attachment":[{"href":"https:\/\/agora.xtec.cat\/insdertosa\/wp-json\/wp\/v2\/media?parent=5760"}],"curies":[{"name":"wp","href":"https:\/\/api.w.org\/{rel}","templated":true}]}}