{"id":57,"date":"2014-09-17T17:01:07","date_gmt":"2014-09-17T17:01:07","guid":{"rendered":"http:\/\/agora.xtec.cat\/insdertosa\/?page_id=57"},"modified":"2025-10-11T19:56:11","modified_gmt":"2025-10-11T17:56:11","slug":"projecte-educatiu","status":"publish","type":"page","link":"https:\/\/agora.xtec.cat\/insdertosa\/projecte-educatiu\/","title":{"rendered":"Projecte de centre"},"content":{"rendered":"<ul>\n<li>\n<h4><a href=\"https:\/\/agora.xtec.cat\/insdertosa\/wp-content\/uploads\/usu144\/2024\/11\/PEC-INSTITUT-DERTOSA-2024-1.pdf\"><span style=\"color: #3366ff;\">PROJECTE EDUCATIU DE CENTRE<\/span><\/a><\/h4>\n<\/li>\n<li>\n<h4><span style=\"color: #3366ff;\"><a style=\"color: #3366ff;\" href=\"https:\/\/agora.xtec.cat\/insdertosa\/projecte-linguistic-de-centre\/\">PROJECTE LING\u00dc\u00cdSTIC DE CENTRE<\/a><\/span><\/h4>\n<\/li>\n<li>\n<h4><a href=\"https:\/\/agora.xtec.cat\/insdertosa\/wp-content\/uploads\/usu144\/2024\/10\/projecte_actiu_sencer-1.pdf\">PROJECTE DE CONVIV\u00c8NCIA<\/a><\/h4>\n<\/li>\n<li>\n<h4><span style=\"color: #3366ff;\"><a style=\"color: #3366ff;\" href=\"https:\/\/agora.xtec.cat\/insdertosa\/pla-destrategia-digital-de-centre\/\" target=\"_blank\" rel=\"noopener\">PLA ESTRAT\u00c8GIA DIGITAL DE CENTRE<\/a><\/span><\/h4>\n<\/li>\n<li>\n<h4><span style=\"color: #3366ff;\"><a style=\"color: #3366ff;\" href=\"https:\/\/agora.xtec.cat\/insdertosa\/pla-demergencia\/\" target=\"_blank\" rel=\"noopener\">PLA D&#8217;EMERG\u00c8NCIA<\/a><\/span><\/h4>\n<\/li>\n<li>\n<h4><span style=\"color: #3366ff;\"><a style=\"color: #3366ff;\" href=\"https:\/\/agora.xtec.cat\/insdertosa\/projecte-educatiu\/organigrama\/\">ORGANIGRAMA<\/a><\/span><\/h4>\n<\/li>\n<li>\n<h4><a href=\"https:\/\/drive.google.com\/file\/d\/1kNrKUakXRWUlmDGtsBDfTJhXtjq1do_-\/view\">NOFC INSTITUT DERTOSA 2025_26<\/a><\/h4>\n<\/li>\n<li>\n<h4><span style=\"color: #3366ff;\"><a style=\"color: #3366ff;\" href=\"https:\/\/agora.xtec.cat\/insdertosa\/projecte-educatiu\/carta-de-compromis\/\">CARTA DE COMPROM\u00cdS<\/a><\/span><\/h4>\n<\/li>\n<li>\n<h4><span style=\"color: #3366ff;\"><a style=\"color: #3366ff;\" href=\"https:\/\/agora.xtec.cat\/insdertosa\/linstitut\/calendari-del-curs\/\">CALENDARI DEL CURS<\/a><\/span><\/h4>\n<\/li>\n<li>\n<h4><span style=\"color: #3366ff;\"><a style=\"color: #3366ff;\" href=\"https:\/\/agora.xtec.cat\/insdertosa\/projecte-educatiu\/llibres-de-text\/\">LLIBRES DE TEXT<\/a><\/span><\/h4>\n<\/li>\n<li>\n<h4><span style=\"color: #3366ff;\"><a style=\"color: #3366ff;\" href=\"https:\/\/agora.xtec.cat\/insdertosa\/projecte-educatiu\/politica-de-qualitat\/\" target=\"_blank\" rel=\"noopener\">POL\u00cdTICA DE QUALITAT<\/a><\/span><\/h4>\n<\/li>\n<\/ul>\n","protected":false},"excerpt":{"rendered":"<p>PROJECTE EDUCATIU DE CENTRE PROJECTE LING\u00dc\u00cdSTIC DE CENTRE PROJECTE DE CONVIV\u00c8NCIA PLA ESTRAT\u00c8GIA DIGITAL DE CENTRE PLA D&#8217;EMERG\u00c8NCIA ORGANIGRAMA NOFC INSTITUT DERTOSA 2025_26 CARTA DE COMPROM\u00cdS CALENDARI DEL CURS LLIBRES DE TEXT POL\u00cdTICA DE QUALITAT<\/p>\n","protected":false},"author":1,"featured_media":0,"parent":0,"menu_order":0,"comment_status":"closed","ping_status":"closed","template":"page-templates\/side-menu.php","meta":{"_bbp_topic_count":0,"_bbp_reply_count":0,"_bbp_total_topic_count":0,"_bbp_total_reply_count":0,"_bbp_voice_count":0,"_bbp_anonymous_reply_count":0,"_bbp_topic_count_hidden":0,"_bbp_reply_count_hidden":0,"_bbp_forum_subforum_count":0,"site-sidebar-layout":"default","site-content-layout":"","ast-site-content-layout":"","site-content-style":"default","site-sidebar-style":"default","ast-global-header-display":"","ast-banner-title-visibility":"","ast-main-header-display":"","ast-hfb-above-header-display":"","ast-hfb-below-header-display":"","ast-hfb-mobile-header-display":"","site-post-title":"","ast-breadcrumbs-content":"","ast-featured-img":"","footer-sml-layout":"","theme-transparent-header-meta":"","adv-header-id-meta":"","stick-header-meta":"","header-above-stick-meta":"","header-main-stick-meta":"","header-below-stick-meta":"","astra-migrate-meta-layouts":"default","ast-page-background-enabled":"default","ast-page-background-meta":{"desktop":{"background-color":"var(--ast-global-color-5)","background-image":"","background-repeat":"repeat","background-position":"center center","background-size":"auto","background-attachment":"scroll","background-type":"","background-media":"","overlay-type":"","overlay-color":"","overlay-opacity":"","overlay-gradient":""},"tablet":{"background-color":"","background-image":"","background-repeat":"repeat","background-position":"center center","background-size":"auto","background-attachment":"scroll","background-type":"","background-media":"","overlay-type":"","overlay-color":"","overlay-opacity":"","overlay-gradient":""},"mobile":{"background-color":"","background-image":"","background-repeat":"repeat","background-position":"center center","background-size":"auto","background-attachment":"scroll","background-type":"","background-media":"","overlay-type":"","overlay-color":"","overlay-opacity":"","overlay-gradient":""}},"ast-content-background-meta":{"desktop":{"background-color":"var(--ast-global-color-4)","background-image":"","background-repeat":"repeat","background-position":"center center","background-size":"auto","background-attachment":"scroll","background-type":"","background-media":"","overlay-type":"","overlay-color":"","overlay-opacity":"","overlay-gradient":""},"tablet":{"background-color":"var(--ast-global-color-4)","background-image":"","background-repeat":"repeat","background-position":"center center","background-size":"auto","background-attachment":"scroll","background-type":"","background-media":"","overlay-type":"","overlay-color":"","overlay-opacity":"","overlay-gradient":""},"mobile":{"background-color":"var(--ast-global-color-4)","background-image":"","background-repeat":"repeat","background-position":"center center","background-size":"auto","background-attachment":"scroll","background-type":"","background-media":"","overlay-type":"","overlay-color":"","overlay-opacity":"","overlay-gradient":""}},"footnotes":""},"class_list":["post-57","page","type-page","status-publish","hentry"],"post_mailing_queue_ids":[],"_links":{"self":[{"href":"https:\/\/agora.xtec.cat\/insdertosa\/wp-json\/wp\/v2\/pages\/57","targetHints":{"allow":["GET"]}}],"collection":[{"href":"https:\/\/agora.xtec.cat\/insdertosa\/wp-json\/wp\/v2\/pages"}],"about":[{"href":"https:\/\/agora.xtec.cat\/insdertosa\/wp-json\/wp\/v2\/types\/page"}],"author":[{"embeddable":true,"href":"https:\/\/agora.xtec.cat\/insdertosa\/wp-json\/wp\/v2\/users\/1"}],"replies":[{"embeddable":true,"href":"https:\/\/agora.xtec.cat\/insdertosa\/wp-json\/wp\/v2\/comments?post=57"}],"version-history":[{"count":7,"href":"https:\/\/agora.xtec.cat\/insdertosa\/wp-json\/wp\/v2\/pages\/57\/revisions"}],"predecessor-version":[{"id":15422,"href":"https:\/\/agora.xtec.cat\/insdertosa\/wp-json\/wp\/v2\/pages\/57\/revisions\/15422"}],"wp:attachment":[{"href":"https:\/\/agora.xtec.cat\/insdertosa\/wp-json\/wp\/v2\/media?parent=57"}],"curies":[{"name":"wp","href":"https:\/\/api.w.org\/{rel}","templated":true}]}}