{"id":3364,"date":"2016-09-22T08:49:43","date_gmt":"2016-09-22T07:49:43","guid":{"rendered":"http:\/\/agora.xtec.cat\/insdertosa\/?page_id=3364"},"modified":"2022-05-16T13:20:49","modified_gmt":"2022-05-16T11:20:49","slug":"gep","status":"publish","type":"page","link":"https:\/\/agora.xtec.cat\/insdertosa\/gep\/","title":{"rendered":"Som centre GEP"},"content":{"rendered":"<p><img loading=\"lazy\" decoding=\"async\" class=\"alignnone size-full wp-image-9346\" src=\"https:\/\/agora.xtec.cat\/insdertosa\/wp-content\/uploads\/usu144\/2022\/05\/GEP.png\" alt=\"\" width=\"215\" height=\"96\" \/><\/p>\n<p><strong>Google Sites GEP3<\/strong><\/p>\n<ul>\n<li><a href=\"https:\/\/sites.google.com\/xtec.cat\/gep-3-portfolio\/inici\">Projecte: Gender-stereotyped toys<\/a><\/li>\n<\/ul>\n<p><strong>Google Sites Portfolio GEP2<\/strong><\/p>\n<ul>\n<li><a href=\"https:\/\/sites.google.com\/xtec.cat\/gep2-insdertosa\/inici\">Projecte: Welcome to Tortosa, Ernest.<\/a><\/li>\n<\/ul>\n<p><strong>Google Sites Portfolio GEP1<\/strong><\/p>\n<ul>\n<li>Socials<\/li>\n<li><a href=\"https:\/\/sites.google.com\/xtec.cat\/gep1-portfolio\/inici\">Matem\u00e0tiques: Ratios and proportions &amp; Welcome to Flatland.<\/a><\/li>\n<li>Educaci\u00f3 f\u00edsica<\/li>\n<\/ul>\n<p><a href=\"http:\/\/joanserratecnoblocs.blogspot.com.es\/p\/clil.html\">Materials de tecnologia 2n i 3r ESO<\/a><\/p>\n<p style=\"text-align: left;\"><a href=\"https:\/\/twinspace.etwinning.net\/10131\/pages\/page\/131359\">Projecte eTwinning &#8220;Let&#8217;s App&#8221;<\/a>\u00a0 \u00a0 \u00a0 \u00a0 \u00a0\u00a0\u00a0<a href=\"https:\/\/drive.google.com\/file\/d\/0B5R6GbqgPayOcE1MOEh3Zi13Nlk\/view\">(eTwinning quality label)<\/a><\/p>\n<p style=\"text-align: left;\">\u00a0 \u00a0 \u00a0 \u00a0El projecte eTwinning &#8220;Let&#8217;s App&#8221; realitzat pels alumnes de 3r d&#8217;ESO de tecnologia en angl\u00e8s durant el curs passat, ha aconseguit dos segells de qualitat:<\/p>\n<ul>\n<li style=\"text-align: left;\">Segell de qualitat nacional<\/li>\n<li style=\"text-align: left;\">Segell de qualitat europeu<\/li>\n<\/ul>\n<p style=\"text-align: left;\"><a href=\"http:\/\/agora.xtec.cat\/insdertosa\/moodle\/course\/view.php?id=1562\" target=\"_blank\" rel=\"noopener noreferrer\">Tecnologia 2 ESO<\/a> (curs moodle usuari: <strong>alumne<\/strong> contrasenya:<strong>alumne<\/strong>)<\/p>\n<p style=\"text-align: left;\"><a href=\"http:\/\/agora.xtec.cat\/insdertosa\/moodle\/course\/view.php?id=1382\" target=\"_blank\" rel=\"noopener noreferrer\">Visual i Pl\u00e0stica 3 ESO<\/a>\u00a0(curs moodle usuari: <strong>alumne<\/strong> contrasenya:<strong>alumne<\/strong>)<\/p>\n<p style=\"text-align: left;\"><a href=\"http:\/\/londontriptechnology.blogspot.com.es\/\" target=\"_blank\" rel=\"noopener noreferrer\">London trip<\/a><\/p>\n<p style=\"text-align: left;\"><a href=\"https:\/\/twinspace.etwinning.net\/10129\/home\">Projecte eTwinning &#8220;Hagamos Ecoturismo&#8221;\u00a0<\/a><\/p>\n<p style=\"text-align: left;\"><a href=\"http:\/\/agora.xtec.cat\/insdertosa\/moodle\/course\/view.php?id=483&amp;section=7\">Hist\u00f2ria de la Filosofia<\/a>. 2n Batxillerat. Materials complementaris disponibles al Moodle, Temes 5, 7 i 8 (usuari: <strong>alumne<\/strong> contrasenya:<strong>alumne<\/strong>).<\/p>\n<p style=\"text-align: left;\">\n","protected":false},"excerpt":{"rendered":"<p>Google Sites GEP3 Projecte: Gender-stereotyped toys Google Sites Portfolio GEP2 Projecte: Welcome to Tortosa, Ernest. Google Sites Portfolio GEP1 Socials Matem\u00e0tiques: Ratios and proportions &amp; Welcome to Flatland. Educaci\u00f3 f\u00edsica Materials de tecnologia 2n i 3r ESO Projecte eTwinning &#8220;Let&#8217;s App&#8221;\u00a0 \u00a0 \u00a0 \u00a0 \u00a0\u00a0\u00a0(eTwinning quality label) \u00a0 \u00a0 \u00a0 \u00a0El projecte eTwinning &#8220;Let&#8217;s App&#8221; [&hellip;]<\/p>\n","protected":false},"author":1,"featured_media":0,"parent":0,"menu_order":0,"comment_status":"closed","ping_status":"closed","template":"","meta":{"_bbp_topic_count":0,"_bbp_reply_count":0,"_bbp_total_topic_count":0,"_bbp_total_reply_count":0,"_bbp_voice_count":0,"_bbp_anonymous_reply_count":0,"_bbp_topic_count_hidden":0,"_bbp_reply_count_hidden":0,"_bbp_forum_subforum_count":0,"site-sidebar-layout":"default","site-content-layout":"","ast-site-content-layout":"","site-content-style":"default","site-sidebar-style":"default","ast-global-header-display":"","ast-banner-title-visibility":"","ast-main-header-display":"","ast-hfb-above-header-display":"","ast-hfb-below-header-display":"","ast-hfb-mobile-header-display":"","site-post-title":"","ast-breadcrumbs-content":"","ast-featured-img":"","footer-sml-layout":"","theme-transparent-header-meta":"","adv-header-id-meta":"","stick-header-meta":"","header-above-stick-meta":"","header-main-stick-meta":"","header-below-stick-meta":"","astra-migrate-meta-layouts":"default","ast-page-background-enabled":"default","ast-page-background-meta":{"desktop":{"background-color":"var(--ast-global-color-5)","background-image":"","background-repeat":"repeat","background-position":"center center","background-size":"auto","background-attachment":"scroll","background-type":"","background-media":"","overlay-type":"","overlay-color":"","overlay-opacity":"","overlay-gradient":""},"tablet":{"background-color":"","background-image":"","background-repeat":"repeat","background-position":"center center","background-size":"auto","background-attachment":"scroll","background-type":"","background-media":"","overlay-type":"","overlay-color":"","overlay-opacity":"","overlay-gradient":""},"mobile":{"background-color":"","background-image":"","background-repeat":"repeat","background-position":"center center","background-size":"auto","background-attachment":"scroll","background-type":"","background-media":"","overlay-type":"","overlay-color":"","overlay-opacity":"","overlay-gradient":""}},"ast-content-background-meta":{"desktop":{"background-color":"var(--ast-global-color-4)","background-image":"","background-repeat":"repeat","background-position":"center center","background-size":"auto","background-attachment":"scroll","background-type":"","background-media":"","overlay-type":"","overlay-color":"","overlay-opacity":"","overlay-gradient":""},"tablet":{"background-color":"var(--ast-global-color-4)","background-image":"","background-repeat":"repeat","background-position":"center center","background-size":"auto","background-attachment":"scroll","background-type":"","background-media":"","overlay-type":"","overlay-color":"","overlay-opacity":"","overlay-gradient":""},"mobile":{"background-color":"var(--ast-global-color-4)","background-image":"","background-repeat":"repeat","background-position":"center center","background-size":"auto","background-attachment":"scroll","background-type":"","background-media":"","overlay-type":"","overlay-color":"","overlay-opacity":"","overlay-gradient":""}},"footnotes":""},"class_list":["post-3364","page","type-page","status-publish","hentry"],"post_mailing_queue_ids":[],"_links":{"self":[{"href":"https:\/\/agora.xtec.cat\/insdertosa\/wp-json\/wp\/v2\/pages\/3364","targetHints":{"allow":["GET"]}}],"collection":[{"href":"https:\/\/agora.xtec.cat\/insdertosa\/wp-json\/wp\/v2\/pages"}],"about":[{"href":"https:\/\/agora.xtec.cat\/insdertosa\/wp-json\/wp\/v2\/types\/page"}],"author":[{"embeddable":true,"href":"https:\/\/agora.xtec.cat\/insdertosa\/wp-json\/wp\/v2\/users\/1"}],"replies":[{"embeddable":true,"href":"https:\/\/agora.xtec.cat\/insdertosa\/wp-json\/wp\/v2\/comments?post=3364"}],"version-history":[{"count":4,"href":"https:\/\/agora.xtec.cat\/insdertosa\/wp-json\/wp\/v2\/pages\/3364\/revisions"}],"predecessor-version":[{"id":9347,"href":"https:\/\/agora.xtec.cat\/insdertosa\/wp-json\/wp\/v2\/pages\/3364\/revisions\/9347"}],"wp:attachment":[{"href":"https:\/\/agora.xtec.cat\/insdertosa\/wp-json\/wp\/v2\/media?parent=3364"}],"curies":[{"name":"wp","href":"https:\/\/api.w.org\/{rel}","templated":true}]}}