{"id":27,"date":"2014-09-17T16:24:03","date_gmt":"2014-09-17T15:24:03","guid":{"rendered":"http:\/\/agora.xtec.cat\/insdertosa\/?page_id=27"},"modified":"2020-02-18T08:54:45","modified_gmt":"2020-02-18T07:54:45","slug":"historia","status":"publish","type":"page","link":"https:\/\/agora.xtec.cat\/insdertosa\/linstitut\/historia\/","title":{"rendered":"Hist\u00f2ria"},"content":{"rendered":"<p class=\"Estilo1\" align=\"justify\">El primer Institut fou fundat el 1844 i instal\u00b7lat a l&#8217;edifici del Seminari al carrer Montcada. Aquest edifici fou arrabassat als jesu\u00eftes el 1767 despr\u00e9s de la seva expulsi\u00f3 i desamortitzat el 1841. El 1848 es va haver de tancar per manca d&#8217;alumnat.<\/p>\n<p class=\"Estilo1\" align=\"justify\">El 5 de gener de 1863 el comte de Ba\u00f1uelos, diputat a Corts, es compromet a defensar davant del govern la l\u00ednia del ferrocarril, un subgovern per a Tortosa i un institut de Segon Ensenyament.<\/p>\n<p class=\"Estilo1\" align=\"justify\">El 14 de gener de 1863 la reina trametia una Reial Ordre d&#8217;autoritzaci\u00f3 d&#8217;un institut local i un col\u00b7legi d&#8217;interns de Segon Ensenyament. L&#8217;Ajuntament i la societat tortosina es van dividir, ja que un sector pretenia que fossin els escolapis els que es fessin c\u00e0rrec del centre. Finalment triomf\u00e0 l&#8217;opci\u00f3 p\u00fablica.<\/p>\n<p class=\"Estilo1\" align=\"justify\">El 29 de juliol de 1863 el rector de la Universitat Liter\u00e0ria de Barcelona traslladava a Tortosa una Reial Ordre cursada pel Ministeri de Foment per la qual la reina Isabel II, d&#8217;acord amb el dictamen em\u00e8s pel Reial Consell d&#8217;Instrucci\u00f3 P\u00fablica, atenent l&#8217;autoritzaci\u00f3 pr\u00e8viament sol\u00b7licitada per l&#8217;Ajuntament, autoritzava l&#8217;establiment d&#8217;un institut en el qual es poguessin cursar tots els estudis generals de Segon Ensenyament, aix\u00ed com una c\u00e0tedra de dibuix lineal, d&#8217;ornament i de figura. L&#8217;Ajuntament n&#8217;havia d&#8217;adquirir el material cient\u00edfic necessari.<\/p>\n<p class=\"Estilo1\" align=\"justify\">Per finan\u00e7ar aquestes despeses l&#8217;Ajuntament impos\u00e0 una taxa sobre l&#8217;oli i la farina per sostenir econ\u00f2micament l&#8217;Institut. Fou ubicat a la Casa de l&#8217;Ensenyament, edifici municipal situat al costat del Seminari, que abans havia estat pres\u00f3 i llavors era una escola femenina dirigida per la monja de la Consolaci\u00f3 Rosa Maria Molas, avui santa. D&#8217;entre el professorat d&#8217;aquests primers anys destacaren el beat Moss\u00e8n Manuel Domingo i Sol i l&#8217;historiador i metge Daniel Fern\u00e1ndez.<\/p>\n<p class=\"Estilo1\" align=\"justify\">Despr\u00e9s de la revoluci\u00f3 de setembre de 1868 l&#8217;Institut es trasllad\u00e0 a l&#8217;antic Col\u00b7legi de Sant Maties i Sant Jaume (avui <a href=\"http:\/\/www.idece.es\/guiavirtual\/catala\/poblacio\/tortosa\/cultura\/lluis.htm\">Reials Col\u00b7legis<\/a>). Despr\u00e9s de catorze anys de funcionament, l&#8217;Institut fou clausurat per problemes econ\u00f2mics; l&#8217;edifici es torn\u00e0 al Seminari i el bisbat fund\u00e0 al mateix lloc el Col\u00b7legi de Sant Llu\u00eds per impartir l&#8217;ensenyament secundari agregat a l&#8217;institut de Tarragona.<\/p>\n<p class=\"Estilo1\" align=\"justify\">Essent alcalde Joaqu\u00edn Bau, en plena dictadura de Primo de Rivera, fou creat per Reial Decret de 3 de maig de 1928 l&#8217;Institut de Segon Ensenyament. L&#8217;Ajuntament de Tortosa va comprar al Bisbat l&#8217;antic Seminari, al carrer Montcada, per tal d&#8217;instal\u00b7lar-lo. El 7 d&#8217;octubre de 1928 s&#8217;inaugur\u00e0 el curs.<\/p>\n<p class=\"Estilo1\" align=\"justify\">L&#8217;Institut va viure tota la vida pol\u00edtica del moment. Proclamada la Rep\u00fablica, dict\u00e0 la lli\u00e7\u00f3 inaugural Marcel\u00b7l\u00ed Domingo, ministre d&#8217;Instrucci\u00f3 p\u00fablica i enemic pol\u00edtic de Joaqu\u00edn Bau. En ser front de guerra al llarg de dos anys, Tortosa pat\u00ed forts bombardejos arribant a ser pr\u00e0cticament destru\u00efda. L&#8217;Institut qued\u00e0 molt malm\u00e8s per l&#8217;aviaci\u00f3 feixista el 1938.<\/p>\n<p class=\"Estilo1\" align=\"justify\">Fins al curs 1953-54 no comen\u00e7aren les obres de restauraci\u00f3 de l&#8217;edifici. Els alumnes foren traslladats a l&#8217;antic Hospital de la Santa Creu, despr\u00e9s Ajuntament, a la pla\u00e7a dels Estudis (avui, Jutjats). Les obres de restauraci\u00f3 acabaren a l&#8217;agost de 1956 i el curs 1956-57 es torn\u00e0 a l&#8217;edifici del carrer Montcada, sent inaugurat pel mateix Joaqu\u00edn Bau, president del Consell d&#8217;Estat. A petici\u00f3 del director, Mariano Hern\u00e1ndez, se li don\u00e0 el nom de &#8220;Joaqu\u00edn Bau&#8221;. Deu anys despr\u00e9s comen\u00e7\u00e0 l&#8217;edificaci\u00f3 d&#8217;una secci\u00f3 delegada al barri de Ferreries amb la previsi\u00f3 que es transform\u00e9s en un nou institut, per\u00f2 all\u00ed es traslladaren els alumnes masculins i, despr\u00e9s d&#8217;una ampliaci\u00f3 el curs 1970-1971, s&#8217;hi trasllad\u00e0 la resta de l&#8217;alumnat, i va ser abandonat l&#8217;edifici del carrer Montcada.<\/p>\n<p class=\"Estilo1\" align=\"justify\">El curs 1967-1968 s&#8217;implantaren els estudis nocturns i, de mica en mica, l&#8217;Institut s&#8217;an\u00e0 masssificant. Fou ampliat primer amb una sala d&#8217;actes i pistes poliesportives, i el 1982 s&#8217;acord\u00e0 la construcci\u00f3 d&#8217;una \u00e0rea de serveis: biblioteca, menjador i aules especials.<\/p>\n<p class=\"Estilo1\" align=\"justify\">El 1983 el claustre propos\u00e0 el canvi de nom de l&#8217;Institut pel de &#8220;Joan Bta. Many\u00e0&#8221; exprofesor del centre i te\u00f2leg i catalanista eminent. L&#8217;Associaci\u00f3 de Pares i l&#8217;Ajuntament en van frenar la proposta.<\/p>\n<p class=\"Estilo1\" align=\"justify\">A causa del creixement de l&#8217;alumnat, el curs 1987-88 se n&#8217;autoritz\u00e0 una extensi\u00f3 al col\u00b7legi de la Merc\u00e8, al barri del Rastre, i despr\u00e9s es trasllad\u00e0 al nou edifici que havia de ser un nou Institut al barri del Temple, per\u00f2 que fou compartit amb un col\u00b7legi d&#8217;ensenyament primari.<\/p>\n<p class=\"Estilo1\" align=\"justify\">El curs 1996-1997 l&#8217;edifici present\u00e0 problemes i, d&#8217;altra banda, s&#8217;hi trasllad\u00e0 tot l&#8217;alumnat de l&#8217;Extensi\u00f3. Aquests fets van provocar que s&#8217;inici\u00e9s un proc\u00e9s de remodelaci\u00f3, construint-se noves aules, gimn\u00e0s i la redistribuci\u00f3 de tot l&#8217;espai interior.<\/p>\n<p>Al llarg d&#8217;aquesta etapa, l&#8217;Institut ha estat imbricat en la vida social i cultural de la ciutat, sorgint d&#8217;entre el seu professorat c\u00e0rrecs p\u00fablics, escriptors i pensadors, i d&#8217;entre l&#8217;alumnat figures que destaquen a nivell nacional en el camp de les arts i cient\u00edfics.<\/p>\n","protected":false},"excerpt":{"rendered":"<p>El primer Institut fou fundat el 1844 i instal\u00b7lat a l&#8217;edifici del Seminari al carrer Montcada. Aquest edifici fou arrabassat als jesu\u00eftes el 1767 despr\u00e9s de la seva expulsi\u00f3 i desamortitzat el 1841. El 1848 es va haver de tancar per manca d&#8217;alumnat. El 5 de gener de 1863 el comte de Ba\u00f1uelos, diputat a [&hellip;]<\/p>\n","protected":false},"author":1,"featured_media":0,"parent":19,"menu_order":3,"comment_status":"open","ping_status":"closed","template":"","meta":{"_bbp_topic_count":0,"_bbp_reply_count":0,"_bbp_total_topic_count":0,"_bbp_total_reply_count":0,"_bbp_voice_count":0,"_bbp_anonymous_reply_count":0,"_bbp_topic_count_hidden":0,"_bbp_reply_count_hidden":0,"_bbp_forum_subforum_count":0,"site-sidebar-layout":"default","site-content-layout":"","ast-site-content-layout":"","site-content-style":"default","site-sidebar-style":"default","ast-global-header-display":"","ast-banner-title-visibility":"","ast-main-header-display":"","ast-hfb-above-header-display":"","ast-hfb-below-header-display":"","ast-hfb-mobile-header-display":"","site-post-title":"","ast-breadcrumbs-content":"","ast-featured-img":"","footer-sml-layout":"","theme-transparent-header-meta":"","adv-header-id-meta":"","stick-header-meta":"","header-above-stick-meta":"","header-main-stick-meta":"","header-below-stick-meta":"","astra-migrate-meta-layouts":"default","ast-page-background-enabled":"default","ast-page-background-meta":{"desktop":{"background-color":"var(--ast-global-color-5)","background-image":"","background-repeat":"repeat","background-position":"center center","background-size":"auto","background-attachment":"scroll","background-type":"","background-media":"","overlay-type":"","overlay-color":"","overlay-opacity":"","overlay-gradient":""},"tablet":{"background-color":"","background-image":"","background-repeat":"repeat","background-position":"center center","background-size":"auto","background-attachment":"scroll","background-type":"","background-media":"","overlay-type":"","overlay-color":"","overlay-opacity":"","overlay-gradient":""},"mobile":{"background-color":"","background-image":"","background-repeat":"repeat","background-position":"center center","background-size":"auto","background-attachment":"scroll","background-type":"","background-media":"","overlay-type":"","overlay-color":"","overlay-opacity":"","overlay-gradient":""}},"ast-content-background-meta":{"desktop":{"background-color":"var(--ast-global-color-4)","background-image":"","background-repeat":"repeat","background-position":"center center","background-size":"auto","background-attachment":"scroll","background-type":"","background-media":"","overlay-type":"","overlay-color":"","overlay-opacity":"","overlay-gradient":""},"tablet":{"background-color":"var(--ast-global-color-4)","background-image":"","background-repeat":"repeat","background-position":"center center","background-size":"auto","background-attachment":"scroll","background-type":"","background-media":"","overlay-type":"","overlay-color":"","overlay-opacity":"","overlay-gradient":""},"mobile":{"background-color":"var(--ast-global-color-4)","background-image":"","background-repeat":"repeat","background-position":"center center","background-size":"auto","background-attachment":"scroll","background-type":"","background-media":"","overlay-type":"","overlay-color":"","overlay-opacity":"","overlay-gradient":""}},"footnotes":""},"class_list":["post-27","page","type-page","status-publish","hentry"],"post_mailing_queue_ids":[],"_links":{"self":[{"href":"https:\/\/agora.xtec.cat\/insdertosa\/wp-json\/wp\/v2\/pages\/27","targetHints":{"allow":["GET"]}}],"collection":[{"href":"https:\/\/agora.xtec.cat\/insdertosa\/wp-json\/wp\/v2\/pages"}],"about":[{"href":"https:\/\/agora.xtec.cat\/insdertosa\/wp-json\/wp\/v2\/types\/page"}],"author":[{"embeddable":true,"href":"https:\/\/agora.xtec.cat\/insdertosa\/wp-json\/wp\/v2\/users\/1"}],"replies":[{"embeddable":true,"href":"https:\/\/agora.xtec.cat\/insdertosa\/wp-json\/wp\/v2\/comments?post=27"}],"version-history":[{"count":3,"href":"https:\/\/agora.xtec.cat\/insdertosa\/wp-json\/wp\/v2\/pages\/27\/revisions"}],"predecessor-version":[{"id":427,"href":"https:\/\/agora.xtec.cat\/insdertosa\/wp-json\/wp\/v2\/pages\/27\/revisions\/427"}],"up":[{"embeddable":true,"href":"https:\/\/agora.xtec.cat\/insdertosa\/wp-json\/wp\/v2\/pages\/19"}],"wp:attachment":[{"href":"https:\/\/agora.xtec.cat\/insdertosa\/wp-json\/wp\/v2\/media?parent=27"}],"curies":[{"name":"wp","href":"https:\/\/api.w.org\/{rel}","templated":true}]}}