{"id":15358,"date":"2025-09-04T13:42:35","date_gmt":"2025-09-04T11:42:35","guid":{"rendered":"https:\/\/agora.xtec.cat\/insdertosa\/?page_id=15358"},"modified":"2025-11-10T12:52:25","modified_gmt":"2025-11-10T11:52:25","slug":"erasmus-curs-25-26","status":"publish","type":"page","link":"https:\/\/agora.xtec.cat\/insdertosa\/erasmus\/erasmus-curs-25-26\/","title":{"rendered":"ERASMUS+ Curs 25-26"},"content":{"rendered":"<p>En aquesta p\u00e0gina trobareu tota la informaci\u00f3 per participar en les estades de curta i llarga durada d\u2019aquest curs 25-26. Aquestes mobilitats internacionals estan dissenyades per enriquir l\u2019aprenentatge dels nostres alumnes en l\u2019\u00e0mbit personal, acad\u00e8mic i cultural, proporcionant-los una experi\u00e8ncia que, sens dubte, ser\u00e0 inoblidable.<\/p>\n<p>Les mobilitats Erasmus+ disponibles aquest curs s\u00f3n<b>:<\/b><\/p>\n<ul>\n<li aria-level=\"1\"><b>Mobilitat en grup <\/b>(1 setmana). Aquesta \u00e9s una mobilitat en grup: viatgem 2 professors i un grup d&#8217;uns 15 alumnes del nostre institut. Durant el curs anirem informant de les mobilitats que es realitzaran.<\/li>\n<li aria-level=\"1\"><b>Mobilitat individual de llarga durada<\/b> (1 mes) \u00c9s una mobilitat individual. S\u2019ofereix a 4t d&#8217;ESO i a 1r de Batxillerat.<\/li>\n<\/ul>\n<p>Les dues modalitats s\u00f3n rec\u00edproques; \u00e9s a dir, l&#8217;alumne\/a de l&#8217;institut Dertosa s\u2019allotjar\u00e0 amb una fam\u00edlia durant l\u2019estada al pa\u00eds estranger i, posteriorment, vosaltres acollireu l\u2019alumne\/a d\u2019aquests pa\u00efsos.<\/p>\n<p>Participar en un programa Erasmus+ \u00e9s una oportunitat que pot marcar una gran difer\u00e8ncia en la vida. M\u00e9s enll\u00e0 dels aprenentatges formals, aquestes experi\u00e8ncies <b>impulsen l\u2019aprenentatge al llarg de la vida.\u00a0<\/b><\/p>\n<ul>\n<li aria-level=\"1\">Viure en un pa\u00eds estranger, encara que sigui per un curt per\u00edode de temps, ajuda els alumnes a desenvolupar la seva\u00a0<b>independ\u00e8ncia, confian\u00e7a i capacitat d\u2019adaptaci\u00f3.<\/b><\/li>\n<li aria-level=\"1\">Les mobilitats permeten als alumnes<b>\u00a0descobrir noves cultures, hist\u00f2ries i tradicions<\/b>, aix\u00ed com\u00a0<b>con\u00e8ixer altres sistemes educatius<\/b>.<\/li>\n<li aria-level=\"1\">Conviure amb alumnes d\u2019altres pa\u00efsos els permetr\u00e0\u00a0<b>fer noves amistats<\/b>\u00a0que podrien durar tota la vida.<\/li>\n<li aria-level=\"1\">L\u2019exposici\u00f3 a noves perspectives i realitats internacionals ajuda els alumnes a desenvolupar<b>\u00a0una mentalitat oberta<\/b>, essencial per a la seva formaci\u00f3 com a\u00a0<b>ciutadans globals en el segle XXI.<\/b><\/li>\n<\/ul>\n<p>Entenem que un dels principals dubtes pot ser l\u2019impacte d\u2019aquestes mobilitats en el\u00a0<b>rendiment acad\u00e8mic.<\/b>\u00a0Per aix\u00f2, us volem assegurar que les mobilitats estan planificades perqu\u00e8 no afectin els ex\u00e0mens programats ni els continguts importants. Els alumnes rebran el suport necessari abans i despr\u00e9s de la mobilitat, i, si \u00e9s necessari, es podr\u00e0 fer un seguiment acad\u00e8mic individualitzat per assegurar que es posin al dia en els continguts. A m\u00e9s, volem destacar que les compet\u00e8ncies que els vostres fills adquiriran en aquestes experi\u00e8ncies seran de gran valor, no nom\u00e9s a escala personal, sin\u00f3 tamb\u00e9 acad\u00e8micament\u00a0 i professionalment de cara al futur.<\/p>\n<p>Les mobilitats Erasmus+\u00a0<b>s\u00f3n finan\u00e7ades<\/b>. \u00danicament hi haur\u00e0 una aportaci\u00f3 en concepte de reserva de 50 \u20ac que les fam\u00edlies hauran d\u2019abonar en el moment de formalitzar la participaci\u00f3 en la mobilitat. (Seguint els criteris Erasmus quedaran exempts d\u2019aquest pagament els alumnes amb informe de situacions socioecon\u00f2miques desfavorides.)<\/p>\n<p>Com que les places s\u00f3n limitades, els alumnes interessats hauran de seguir un proc\u00e9s de selecci\u00f3. Els criteris per a la selecci\u00f3 es poden consultar a les presentacions de cada mobilitat.<\/p>\n<p>Un cop tinguem la llista definitiva dels alumnes seleccionats, convocarem una reuni\u00f3 per a les fam\u00edlies participants, on explicarem amb detall tots els aspectes pr\u00e0ctics de la mobilitat.<\/p>\n<p>La participaci\u00f3 en aquestes mobilitats inclou el comprom\u00eds d\u2019acollir l\u2019alumnat estranger en el moment en qu\u00e8 facin l\u2019estada a Tortosa. Aix\u00ed mateix, tamb\u00e9 \u00e9s obligat\u00f2ria la participaci\u00f3 de l\u2019alumnat en les diferents activitats programades durant l\u2019intercanvi.<\/p>\n<h1>Erasmus+ mobilitats en grup<\/h1>\n<p><b>Qu\u00e8 s\u00f3n els intercanvis Erasmus+ en grup?<\/b><\/p>\n<p>Els intercanvis Erasmus+ en grup s\u00f3n programes que permeten als alumnes de secund\u00e0ria viatjar a altres pa\u00efsos europeus durant una setmana. Durant aquest temps, un grup d&#8217;uns 15 estudiants i 2 professors acompanyants viuen en un pa\u00eds diferent, assisteixen a classes a l\u2019institut local, s\u2019allotgen a casa d\u2019una fam\u00edlia i participen en activitats culturals i socials. Al cap d\u2019un temps, es realitza l\u2019acollida al nostre institut i en les nostres fam\u00edlies.<\/p>\n<p>Si esteu interessats i voleu saber m\u00e9s sobre Erasmus+ i qu\u00e8 significa per al nostre centre i els nostres alumnes, en aquest apartat trobareu les presentacions fetes als alumnes i a les fam\u00edlies.<\/p>\n<p>I recordeu, per qualsevol dubte restem a la vostra disposici\u00f3 al correu\u00a0<a href=\"mailto:erasmus@insdertosa.cat\">erasmus@insdertosa.cat<\/a>.<\/p>\n<h3><b>ALEMANYA<\/b><\/h3>\n<p><strong>CALENDARI<\/strong><\/p>\n<p><b>Anada: <\/b><span style=\"font-weight: 400;\">\u00a0<\/span><span style=\"font-weight: 400;\">del 10 al 17 de novembre\u00a0<\/span><\/p>\n<p><b>Rebuda: <\/b><span style=\"font-weight: 400;\">mar\u00e7\u00a0<\/span><\/p>\n<p><b>Reuni\u00f3 alumnes:<\/b><span style=\"font-weight: 400;\"> classe d\u2019optativa d\u2019alemany 4t d\u2019ESO i 1r de Bat<\/span><\/p>\n<p><b>Reuni\u00f3 informativa fam\u00edlies: <\/b><span style=\"font-weight: 400;\">dilluns 22 de setembre a les 19:00<\/span><\/p>\n<p><b>Termini presentaci\u00f3 v\u00eddeo i autoritzaci\u00f3:<\/b><span style=\"font-weight: 400;\"> 2 d\u2019octubre a les 23:59<\/span><\/p>\n<p><b>Llista d\u2019admesos provisional: <\/b><span style=\"font-weight: 400;\">a partir del 10 d\u2019octubre<\/span><\/p>\n<p><b>Per\u00edode de reclamacions:<\/b><span style=\"font-weight: 400;\"> els dos dies lectius posteriors a la publicaci\u00f3 de la llista provisional<\/span><\/p>\n<p><b>Llista d\u2019admesos definitiva: <\/b><span style=\"font-weight: 400;\">abans del 16 d\u2019octubre\u00a0<\/span><\/p>\n<p><b>Termini confirmaci\u00f3 pla\u00e7a:<\/b><span style=\"font-weight: 400;\"> 29 d\u2019octubre<\/span><\/p>\n<p><b>Reuni\u00f3 fam\u00edlies i alumnes participants: <\/b><span style=\"font-weight: 400;\">dimecres 5 de novembre a les 19:00\u00a0<\/span><\/p>\n<div style=\"width: 100%;\">\n<div style=\"position: relative; padding-bottom: 56.25%; padding-top: 0; height: 0;\">\n<div style=\"width: 100%;\">\n<div style=\"position: relative; padding-bottom: 56.25%; padding-top: 0; height: 0;\"><iframe loading=\"lazy\" style=\"position: absolute; top: 0; left: 0; width: 100%; height: 100%;\" title=\"Alemanya- Erasmus + Project 25-26\" src=\"https:\/\/view.genially.com\/685932dec8dfe8efb4bdb930\" width=\"1200\" height=\"675\" frameborder=\"0\" scrolling=\"yes\" allowfullscreen=\"allowfullscreen\"><\/iframe><\/div>\n<\/div>\n<\/div>\n<\/div>\n<p>&nbsp;<\/p>\n<p>Aqu\u00ed teniu l\u2019<a href=\"https:\/\/drive.google.com\/file\/d\/1SG-PHhM9DdfdXLePIR7mJ1UcFxPCj5no\/view?usp=sharing\">autoritzaci\u00f3 parental<\/a> per a participar en el proc\u00e9s de selecci\u00f3.<\/p>\n<h3><b>CALENDARI PROC\u00c9S DE SELECCI\u00d3 DE LA RESTA DE MOBILITATS EN GRUP<\/b><\/h3>\n<p><strong>Reuni\u00f3 alumnes a les 11 a la sala d&#8217;actes:\u00a0<\/strong><\/p>\n<p><span style=\"font-weight: 400;\">1r d\u2019ESO: divendres 19 de setembre<\/span><\/p>\n<p><span style=\"font-weight: 400;\">2n d\u2019ESO: dimecres 17 de setembre<\/span><\/p>\n<p><span style=\"font-weight: 400;\">4t d\u2019ESO: dilluns 15 de setembre<\/span><\/p>\n<p><span style=\"font-weight: 400;\">1r de Bat: dimarts 16 de setembre<\/span><\/p>\n<p><strong>Reuni\u00f3 informativa fam\u00edlies:<\/strong> a les reunions d\u2019inici de curs<\/p>\n<p><strong>Termini presentaci\u00f3 v\u00eddeo i autoritzaci\u00f3:<\/strong> 10 d\u2019octubre a les 23:59<\/p>\n<p><strong>Llista d\u2019admesos provisional:<\/strong> abans de l\u20191 de desembre al web, Classroom corresponent i tauler d\u2019anuncis<\/p>\n<p><strong>Per\u00edode de reclamacions:<\/strong> els dos dies lectius posteriors a la publicaci\u00f3 de la llista provisional<\/p>\n<p><strong>Llista d\u2019admesos definitiva:<\/strong> abans del 5 de desembre<\/p>\n<h3><b>PRESENTACIONS I AUTORITZACIONS PER MOBILITAT<\/b><\/h3>\n<h3><b>1R D&#8217;ESO-IT\u00c0LIA<\/b><\/h3>\n<div style=\"width: 100%;\">\n<div style=\"position: relative; padding-bottom: 56.25%; padding-top: 0; height: 0;\"><iframe loading=\"lazy\" style=\"position: absolute; top: 0; left: 0; width: 100%; height: 100%;\" title=\"Sic\u00edlia 1r d'ESO Erasmus+ Project 25-26\" src=\"https:\/\/view.genially.com\/68c1394c22d0836b1cc07f79\" width=\"1200\" height=\"675\" frameborder=\"0\" scrolling=\"yes\" allowfullscreen=\"allowfullscreen\"><\/iframe><\/div>\n<\/div>\n<p>&nbsp;<\/p>\n<p>Aqu\u00ed teniu l\u2019<a href=\"https:\/\/drive.google.com\/file\/d\/1ZMsgi-uQjSPof3ZjLrCpc9k2KNHHEAhX\/view?usp=sharing\">autoritzaci\u00f3 parental<\/a> per a participar en el proc\u00e9s de selecci\u00f3.<\/p>\n<h3><b>2N D&#8217;ESO-LAHR<\/b><\/h3>\n<div style=\"width: 100%;\">\n<div style=\"position: relative; padding-bottom: 56.25%; padding-top: 0; height: 0;\"><iframe loading=\"lazy\" style=\"position: absolute; top: 0; left: 0; width: 100%; height: 100%;\" title=\"Lahr 2n d'ESO Erasmus+ Project 25-26\" src=\"https:\/\/view.genially.com\/68c147fd1c7a3dbabab3f4e4\" width=\"1200\" height=\"675\" frameborder=\"0\" scrolling=\"yes\" allowfullscreen=\"allowfullscreen\"><\/iframe><\/div>\n<\/div>\n<p>&nbsp;<\/p>\n<p>Aqu\u00ed teniu l\u2019<a href=\"https:\/\/drive.google.com\/file\/d\/1HvqjpJYWTTQUwwS10io0c-cu-zWeziSg\/view?usp=sharing\">autoritzaci\u00f3 parental<\/a> per a participar en el proc\u00e9s de selecci\u00f3.<\/p>\n<h3><b>OPTATIVA DE FRANC\u00c8S-FRAN\u00c7A<\/b><\/h3>\n<div style=\"width: 100%;\">\n<div style=\"position: relative; padding-bottom: 56.25%; padding-top: 0; height: 0;\"><iframe loading=\"lazy\" style=\"position: absolute; top: 0; left: 0; width: 100%; height: 100%;\" title=\"Fran\u00e7a Erasmus+ Project 25-26\" src=\"https:\/\/view.genially.com\/68c12f693efdb8106f75ec4f\" width=\"1200\" height=\"675\" frameborder=\"0\" scrolling=\"yes\" allowfullscreen=\"allowfullscreen\"><\/iframe><\/div>\n<\/div>\n<p>&nbsp;<\/p>\n<p>Aqu\u00ed teniu l\u2019<a href=\"https:\/\/drive.google.com\/file\/d\/1HvqjpJYWTTQUwwS10io0c-cu-zWeziSg\/view?usp=sharing\">autoritzaci\u00f3 parental<\/a> per a participar en el proc\u00e9s de selecci\u00f3.<\/p>\n<h3><b>1R DE BATXILLERAT-TX\u00c8QUIA<\/b><\/h3>\n<div style=\"width: 100%;\">\n<div style=\"position: relative; padding-bottom: 56.25%; padding-top: 0; height: 0;\"><iframe loading=\"lazy\" style=\"position: absolute; top: 0; left: 0; width: 100%; height: 100%;\" title=\"Tx\u00e8quia i llarga mobilitat 1r Bat Erasmus+ Project 25-26\" src=\"https:\/\/view.genially.com\/68c14a825530388e28907776\" width=\"1200\" height=\"675\" frameborder=\"0\" scrolling=\"yes\" allowfullscreen=\"allowfullscreen\"><\/iframe><\/div>\n<\/div>\n<p>&nbsp;<\/p>\n<p>Aqu\u00ed teniu l\u2019<a href=\"https:\/\/drive.google.com\/file\/d\/1s2g1C4uH0z2E-Z26zYDKak4E-LTSh9gQ\/view?usp=sharing\">autoritzaci\u00f3 parental<\/a> per a participar en el proc\u00e9s de selecci\u00f3.<\/p>\n<h1>Erasmus+ Mobilitats individuals de llarga durada<\/h1>\n<p><b>Qu\u00e8 s\u00f3n les mobilitats Erasmus+ individuals de llarga durada?<\/b><\/p>\n<p>Les mobilitats Erasmus+ individuals de llarga durada s\u00f3n programes que permeten als alumnes de secund\u00e0ria estudiar en un pa\u00eds europeu durant un mes. Durant aquest temps, els alumnes assisteixen a classes en un institut local, s\u2019allotgen a casa d\u2019una fam\u00edlia acollidora i s\u2019integren a la vida quotidiana del pa\u00eds d\u2019acollida. Al cap d\u2019un temps, es realitza l\u2019acollida al nostre institut i en les nostres fam\u00edlies.<\/p>\n<p>Aquestes mobilitats van adre\u00e7ades als alumnes de 4t d&#8217;ESO i 1r de Batxillerat.<\/p>\n<p><strong>CALENDARI<\/strong><\/p>\n<p><strong>Reuni\u00f3 alumnes a les 11 a la sala d&#8217;actes:\u00a0<\/strong><\/p>\n<p><span style=\"font-weight: 400;\">4t d\u2019ESO: dilluns 15 de setembre<\/span><\/p>\n<p><span style=\"font-weight: 400;\">1r de Bat: dimarts 16 de setembre<\/span><\/p>\n<p><b>Termini presentaci\u00f3 v\u00eddeo i autoritzaci\u00f3:<\/b><span style=\"font-weight: 400;\"> 26 de setembre a les 23:59<\/span><\/p>\n<p><b>Llista d\u2019admesos provisional: <\/b><span style=\"font-weight: 400;\">a partir del 10 d\u2019octubre<\/span><\/p>\n<p><b>Per\u00edode de reclamacions:<\/b><span style=\"font-weight: 400;\"> els dos dies lectius posteriors a la publicaci\u00f3 de la llista provisional<\/span><\/p>\n<p><b>Llista d\u2019admesos definitiva: <\/b><span style=\"font-weight: 400;\">abans del 16 d\u2019octubre\u00a0<\/span><\/p>\n<div style=\"width: 100%;\">\n<div><\/div>\n<div style=\"position: relative; padding-bottom: 56.25%; padding-top: 0; height: 0;\"><iframe loading=\"lazy\" style=\"position: absolute; top: 0; left: 0; width: 100%; height: 100%;\" title=\"Llarga mobilitat 4t ESO Erasmus+ Project 25-26\" src=\"https:\/\/view.genially.com\/68c15ad3ae9fe9002ca89632\" width=\"1200\" height=\"675\" frameborder=\"0\" scrolling=\"yes\" allowfullscreen=\"allowfullscreen\"><\/iframe><\/div>\n<\/div>\n<p>&nbsp;<\/p>\n<p>Aqu\u00ed teniu l\u2019autoritzaci\u00f3 parental per a participar en el proc\u00e9s de selecci\u00f3 per als alumnes de <a href=\"https:\/\/drive.google.com\/file\/d\/1hHbcVwavzBE43VeH_m-j1qpg696BhDQw\/view?usp=sharing\">4t d&#8217;ESO<\/a> i per als alumnes de <a href=\"https:\/\/drive.google.com\/file\/d\/1s2g1C4uH0z2E-Z26zYDKak4E-LTSh9gQ\/view?usp=sharing\">1r de batxillerat<\/a>.<\/p>\n<p>&nbsp;<\/p>\n<h1>Concurs dessuadora Erasmus+ curs 2026-2027<\/h1>\n<p><a href=\"https:\/\/agora.xtec.cat\/insdertosa\/wp-content\/uploads\/usu144\/2025\/11\/Cartell-DESSUADORA_page-0001-2-scaled.jpg\"><img loading=\"lazy\" decoding=\"async\" class=\"aligncenter size-medium wp-image-15513\" src=\"https:\/\/agora.xtec.cat\/insdertosa\/wp-content\/uploads\/usu144\/2025\/11\/Cartell-DESSUADORA_page-0001-2-212x300.jpg\" alt=\"\" width=\"212\" height=\"300\" srcset=\"https:\/\/agora.xtec.cat\/insdertosa\/wp-content\/uploads\/usu144\/2025\/11\/Cartell-DESSUADORA_page-0001-2-212x300.jpg 212w, https:\/\/agora.xtec.cat\/insdertosa\/wp-content\/uploads\/usu144\/2025\/11\/Cartell-DESSUADORA_page-0001-2-724x1024.jpg 724w, https:\/\/agora.xtec.cat\/insdertosa\/wp-content\/uploads\/usu144\/2025\/11\/Cartell-DESSUADORA_page-0001-2-768x1086.jpg 768w, https:\/\/agora.xtec.cat\/insdertosa\/wp-content\/uploads\/usu144\/2025\/11\/Cartell-DESSUADORA_page-0001-2-1086x1536.jpg 1086w, https:\/\/agora.xtec.cat\/insdertosa\/wp-content\/uploads\/usu144\/2025\/11\/Cartell-DESSUADORA_page-0001-2-1448x2048.jpg 1448w, https:\/\/agora.xtec.cat\/insdertosa\/wp-content\/uploads\/usu144\/2025\/11\/Cartell-DESSUADORA_page-0001-2-scaled.jpg 1810w\" sizes=\"auto, (max-width: 212px) 100vw, 212px\" \/><\/a><\/p>\n<p>Aqu\u00ed teniu les <a href=\"https:\/\/docs.google.com\/document\/d\/1Vtr-RysmHP5X0bCjXrJgcwRVX_vbXAw9\/edit?usp=drive_link&amp;ouid=102686013537530864649&amp;rtpof=true&amp;sd=true\">bases<\/a> del concurs. Animeu-vos!<\/p>\n","protected":false},"excerpt":{"rendered":"<p>En aquesta p\u00e0gina trobareu tota la informaci\u00f3 per participar en les estades de curta i llarga durada d\u2019aquest curs 25-26. Aquestes mobilitats internacionals estan dissenyades per enriquir l\u2019aprenentatge dels nostres alumnes en l\u2019\u00e0mbit personal, acad\u00e8mic i cultural, proporcionant-los una experi\u00e8ncia que, sens dubte, ser\u00e0 inoblidable. Les mobilitats Erasmus+ disponibles aquest curs s\u00f3n: Mobilitat en grup [&hellip;]<\/p>\n","protected":false},"author":1,"featured_media":0,"parent":9845,"menu_order":0,"comment_status":"closed","ping_status":"closed","template":"","meta":{"_bbp_topic_count":0,"_bbp_reply_count":0,"_bbp_total_topic_count":0,"_bbp_total_reply_count":0,"_bbp_voice_count":0,"_bbp_anonymous_reply_count":0,"_bbp_topic_count_hidden":0,"_bbp_reply_count_hidden":0,"_bbp_forum_subforum_count":0,"site-sidebar-layout":"default","site-content-layout":"","ast-site-content-layout":"","site-content-style":"default","site-sidebar-style":"default","ast-global-header-display":"","ast-banner-title-visibility":"","ast-main-header-display":"","ast-hfb-above-header-display":"","ast-hfb-below-header-display":"","ast-hfb-mobile-header-display":"","site-post-title":"","ast-breadcrumbs-content":"","ast-featured-img":"","footer-sml-layout":"","theme-transparent-header-meta":"","adv-header-id-meta":"","stick-header-meta":"","header-above-stick-meta":"","header-main-stick-meta":"","header-below-stick-meta":"","astra-migrate-meta-layouts":"default","ast-page-background-enabled":"default","ast-page-background-meta":{"desktop":{"background-color":"var(--ast-global-color-5)","background-image":"","background-repeat":"repeat","background-position":"center center","background-size":"auto","background-attachment":"scroll","background-type":"","background-media":"","overlay-type":"","overlay-color":"","overlay-opacity":"","overlay-gradient":""},"tablet":{"background-color":"","background-image":"","background-repeat":"repeat","background-position":"center center","background-size":"auto","background-attachment":"scroll","background-type":"","background-media":"","overlay-type":"","overlay-color":"","overlay-opacity":"","overlay-gradient":""},"mobile":{"background-color":"","background-image":"","background-repeat":"repeat","background-position":"center center","background-size":"auto","background-attachment":"scroll","background-type":"","background-media":"","overlay-type":"","overlay-color":"","overlay-opacity":"","overlay-gradient":""}},"ast-content-background-meta":{"desktop":{"background-color":"var(--ast-global-color-4)","background-image":"","background-repeat":"repeat","background-position":"center center","background-size":"auto","background-attachment":"scroll","background-type":"","background-media":"","overlay-type":"","overlay-color":"","overlay-opacity":"","overlay-gradient":""},"tablet":{"background-color":"var(--ast-global-color-4)","background-image":"","background-repeat":"repeat","background-position":"center center","background-size":"auto","background-attachment":"scroll","background-type":"","background-media":"","overlay-type":"","overlay-color":"","overlay-opacity":"","overlay-gradient":""},"mobile":{"background-color":"var(--ast-global-color-4)","background-image":"","background-repeat":"repeat","background-position":"center center","background-size":"auto","background-attachment":"scroll","background-type":"","background-media":"","overlay-type":"","overlay-color":"","overlay-opacity":"","overlay-gradient":""}},"footnotes":""},"class_list":["post-15358","page","type-page","status-publish","hentry"],"post_mailing_queue_ids":[],"_links":{"self":[{"href":"https:\/\/agora.xtec.cat\/insdertosa\/wp-json\/wp\/v2\/pages\/15358","targetHints":{"allow":["GET"]}}],"collection":[{"href":"https:\/\/agora.xtec.cat\/insdertosa\/wp-json\/wp\/v2\/pages"}],"about":[{"href":"https:\/\/agora.xtec.cat\/insdertosa\/wp-json\/wp\/v2\/types\/page"}],"author":[{"embeddable":true,"href":"https:\/\/agora.xtec.cat\/insdertosa\/wp-json\/wp\/v2\/users\/1"}],"replies":[{"embeddable":true,"href":"https:\/\/agora.xtec.cat\/insdertosa\/wp-json\/wp\/v2\/comments?post=15358"}],"version-history":[{"count":6,"href":"https:\/\/agora.xtec.cat\/insdertosa\/wp-json\/wp\/v2\/pages\/15358\/revisions"}],"predecessor-version":[{"id":15514,"href":"https:\/\/agora.xtec.cat\/insdertosa\/wp-json\/wp\/v2\/pages\/15358\/revisions\/15514"}],"up":[{"embeddable":true,"href":"https:\/\/agora.xtec.cat\/insdertosa\/wp-json\/wp\/v2\/pages\/9845"}],"wp:attachment":[{"href":"https:\/\/agora.xtec.cat\/insdertosa\/wp-json\/wp\/v2\/media?parent=15358"}],"curies":[{"name":"wp","href":"https:\/\/api.w.org\/{rel}","templated":true}]}}