{"id":13198,"date":"2024-09-19T14:42:54","date_gmt":"2024-09-19T12:42:54","guid":{"rendered":"https:\/\/agora.xtec.cat\/insdertosa\/?page_id=13198"},"modified":"2025-04-09T12:35:08","modified_gmt":"2025-04-09T10:35:08","slug":"erasmus-curs-24-25","status":"publish","type":"page","link":"https:\/\/agora.xtec.cat\/insdertosa\/erasmus\/erasmus-curs-24-25\/","title":{"rendered":"ERASMUS+ Curs 24-25"},"content":{"rendered":"<p><span style=\"font-weight: 400;\">En aquesta p\u00e0gina trobareu tota la informaci\u00f3 per participar en les estades de curta i llarga durada d\u2019aquest curs 24-25. <\/span><span style=\"font-weight: 400;\">Aquestes mobilitats internacionals estan dissenyades per enriquir l\u2019aprenentatge dels vostres fills en l\u2019\u00e0mbit personal, acad\u00e8mic i cultural, proporcionant-los una experi\u00e8ncia que, sens dubte, ser\u00e0 inoblidable.<\/span><\/p>\n<p><span style=\"font-weight: 400;\">Les mobilitats Erasmus+ disponibles aquest curs s\u00f3n<\/span><b>:<\/b><\/p>\n<ul>\n<li style=\"font-weight: 400;\" aria-level=\"1\"><b>Mobilitat de curta durada <\/b><span style=\"font-weight: 400;\">(1 setmana). Aquesta \u00e9s una mobilitat en grup: viatgem 2 professors i un grup de 15 alumnes del nostre institut. Durant el curs anirem informant de les mobilitats que es realitzaran.<\/span><\/li>\n<li style=\"font-weight: 400;\" aria-level=\"1\"><b>Mobilitat de llarga durada<\/b><span style=\"font-weight: 400;\"> (1 mes) a Portugal (Torres Vedras). \u00c9s una mobilitat individual: viatgen 2 alumnes del nostre institut i s\u2019ofereix a 1r de Batxillerat.\u00a0<\/span><\/li>\n<\/ul>\n<p><span style=\"font-weight: 400;\">Les dues modalitats s\u00f3n rec\u00edproques; \u00e9s a dir, el vostre fill\/a s\u2019allotjar\u00e0 amb una fam\u00edlia durant l\u2019estada al pa\u00eds estranger i, posteriorment, vosaltres acollireu l&#8217;alumne\/a d&#8217;aquests pa\u00efsos.<\/span><\/p>\n<p><span style=\"font-weight: 400;\">Participar en un programa Erasmus+ \u00e9s una oportunitat que pot marcar una gran difer\u00e8ncia en la vida dels vostres fills i filles. M\u00e9s enll\u00e0 dels aprenentatges formals, aquestes experi\u00e8ncies <\/span><b>impulsen l\u2019aprenentatge al llarg de la vida.\u00a0<\/b><\/p>\n<ul>\n<li style=\"font-weight: 400;\" aria-level=\"1\"><span style=\"font-weight: 400;\">Viure en un pa\u00eds estranger, encara que sigui per un curt per\u00edode de temps, ajuda els alumnes a desenvolupar la seva <\/span><b>independ\u00e8ncia, confian\u00e7a i capacitat d\u2019adaptaci\u00f3.<\/b><\/li>\n<li style=\"font-weight: 400;\" aria-level=\"1\"><span style=\"font-weight: 400;\">Les mobilitats permeten als alumnes<\/span><b> descobrir noves cultures, hist\u00f2ries i tradicions<\/b><span style=\"font-weight: 400;\">, aix\u00ed com <\/span><b>con\u00e8ixer altres sistemes educatius<\/b><span style=\"font-weight: 400;\">.<\/span><\/li>\n<li style=\"font-weight: 400;\" aria-level=\"1\"><span style=\"font-weight: 400;\">Conviure amb alumnes d\u2019altres pa\u00efsos els permetr\u00e0 <\/span><b>fer noves amistats<\/b><span style=\"font-weight: 400;\"> que podrien durar tota la vida.<\/span><\/li>\n<li style=\"font-weight: 400;\" aria-level=\"1\"><span style=\"font-weight: 400;\">L\u2019exposici\u00f3 a noves perspectives i realitats internacionals ajuda els alumnes a desenvolupar<\/span><b> una mentalitat oberta<\/b><span style=\"font-weight: 400;\">, essencial per a la seva formaci\u00f3 com a <\/span><b>ciutadans globals en el segle XXI.<\/b><\/li>\n<\/ul>\n<p><span style=\"font-weight: 400;\">Entenem que un dels principals dubtes pot ser l\u2019impacte d\u2019aquestes mobilitats en el <\/span><b>rendiment acad\u00e8mic.<\/b><span style=\"font-weight: 400;\"> Per aix\u00f2, us volem assegurar que les mobilitats estan planificades perqu\u00e8 no afectin els ex\u00e0mens programats ni els continguts importants. Els alumnes rebran el suport necessari abans i despr\u00e9s de la mobilitat, i, si \u00e9s necessari, es podr\u00e0 fer un seguiment acad\u00e8mic individualitzat per assegurar que es posin al dia en els continguts. A m\u00e9s, volem destacar que les compet\u00e8ncies que els vostres fills adquiriran en aquestes experi\u00e8ncies seran de gran valor, no nom\u00e9s a escala personal, sin\u00f3 tamb\u00e9 acad\u00e8micament\u00a0 i professionalment de cara al futur.<\/span><\/p>\n<p><span style=\"font-weight: 400;\">Les mobilitats Erasmus+ <\/span><b>s\u00f3n finan\u00e7ades<\/b><span style=\"font-weight: 400;\">. \u00danicament hi haur\u00e0 una aportaci\u00f3 en concepte de reserva de 50 \u20ac que les fam\u00edlies hauran d\u2019abonar en el moment de formalitzar la participaci\u00f3 en la mobilitat. (Seguint els criteris Erasmus quedaran exempts d\u2019aquest pagament els alumnes amb informe de situacions socioecon\u00f2miques desfavorides.)\u00a0<\/span><\/p>\n<p><span style=\"font-weight: 400;\">Com que les places s\u00f3n limitades, els alumnes interessats hauran de seguir un proc\u00e9s de selecci\u00f3. Els criteris per a la selecci\u00f3 es poden consultar a les presentacions de cada mobilitat.\u00a0<\/span><\/p>\n<p><span style=\"font-weight: 400;\">Un cop tinguem la llista definitiva dels alumnes seleccionats, convocarem una reuni\u00f3 per a les fam\u00edlies participants, on explicarem amb detall tots els aspectes pr\u00e0ctics de la mobilitat.<\/span><\/p>\n<p><span style=\"font-weight: 400;\">La participaci\u00f3 en aquestes mobilitats inclou el comprom\u00eds d\u2019acollir l\u2019alumnat estranger en el moment en qu\u00e8 facin l\u2019estada a Tortosa. Aix\u00ed mateix, tamb\u00e9 \u00e9s obligat\u00f2ria la participaci\u00f3 de l\u2019alumnat en les diferents activitats programades durant l\u2019intercanvi.\u00a0<\/span><\/p>\n<h1><span style=\"font-weight: 400;\">Erasmus+ Intercanvis de curta durada<\/span><\/h1>\n<p><b>Qu\u00e8 s\u00f3n els intercanvis Erasmus+ de curta durada?<\/b><\/p>\n<p><span style=\"font-weight: 400;\">Els intercanvis Erasmus+ de curta durada s\u00f3n programes que permeten als alumnes de secund\u00e0ria viatjar a altres pa\u00efsos europeus durant una setmana. Durant aquest temps, un grup de 15 estudiants i 2 professors acompanyants viuen en un pa\u00eds diferent, assisteixen a classes a l\u2019institut local, s\u2019allotgen a casa d\u2019una fam\u00edlia i participen en activitats culturals i socials. Al cap d\u2019un temps, es realitza l\u2019acollida al nostre institut i en les nostres fam\u00edlies.\u00a0<\/span><\/p>\n<p><span style=\"font-weight: 400;\">Si esteu interessats i voleu saber m\u00e9s sobre Erasmus+ i qu\u00e8 significa per al nostre centre i els nostres alumnes, en aquest apartat trobareu les presentacions fetes als alumnes i a les fam\u00edlies.\u00a0<\/span><\/p>\n<p><span style=\"font-weight: 400;\">I recordeu, per qualsevol dubte restem a la vostra disposici\u00f3 al correu <\/span><a href=\"mailto:erasmus@insdertosa.cat\"><span style=\"font-weight: 400;\">erasmus@insdertosa.cat<\/span><\/a><span style=\"font-weight: 400;\">.\u00a0<\/span><\/p>\n<h3><b>MOBILITATS 2N D&#8217;ESO: LAHR (ALEMANYA) I DIE (FRAN\u00c7A, NOM\u00c9S PER A L&#8217;ALUMNAT DE FRANC\u00c8S)<\/b><\/h3>\n<p>&nbsp;<\/p>\n<div style=\"width: 100%;\">\n<div style=\"position: relative; padding-bottom: 56.25%; padding-top: 0; height: 0;\"><iframe loading=\"lazy\" style=\"position: absolute; top: 0; left: 0; width: 100%; height: 100%;\" title=\"Lahr i DIe 2n ESO- Erasmus + Project\" src=\"https:\/\/view.genially.com\/66dac1ba1a46d20b644ede4b\" width=\"1200\" height=\"675\" frameborder=\"0\" scrolling=\"yes\" allowfullscreen=\"allowfullscreen\"><\/iframe><\/div>\n<\/div>\n<p>&nbsp;<\/p>\n<p><b>Calendari\u00a0<\/b><\/p>\n<p><b>Anada Lahr: <\/b><span style=\"font-weight: 400;\">5-11 de maig\u00a0<\/span><\/p>\n<p><strong>Anada Die:<\/strong> 7-14 de maig<\/p>\n<p><b>Rebuda alumnat Lahr: <\/b><span style=\"font-weight: 400;\">22-28 de mar\u00e7<\/span><\/p>\n<p><b>Reuni\u00f3 alumnes al pati: <\/b><span style=\"font-weight: 400;\">8 de gener\u00a0<\/span><\/p>\n<p><b>Reuni\u00f3 fam\u00edlies i alumnes: <\/b><span style=\"font-weight: 400;\">13 de gener a les 19:00<\/span><\/p>\n<p><b>Termini presentaci\u00f3 v\u00eddeo i autoritzaci\u00f3: <\/b><span style=\"font-weight: 400;\">25 de gener a les 23:59<\/span><\/p>\n<p><b>Llista d\u2019admesos provisional: <\/b><span style=\"font-weight: 400;\">a partir del 10 de febrer<\/span><\/p>\n<p><b>Per\u00edode de reclamacions: <\/b><span style=\"font-weight: 400;\">els dos dies posteriors a la publicaci\u00f3 de la llista provisional<\/span><\/p>\n<p><b>Llista d\u2019admesos definitiva: <\/b><span style=\"font-weight: 400;\">abans del 15 de febrer<\/span><\/p>\n<p><a href=\"https:\/\/agora.xtec.cat\/insdertosa\/wp-content\/uploads\/usu144\/2025\/01\/Autoritzacio-participacio-proces-de-seleccio-2n-ESO-Lahr-i-Die-Documents-de-Google.pdf\">Autoritzaci\u00f3 participaci\u00f3 proc\u00e9s de selecci\u00f3 2n ESO Lahr i Die &#8211; Documents de Google<\/a><\/p>\n<p><a href=\"https:\/\/agora.xtec.cat\/insdertosa\/wp-content\/uploads\/usu144\/2025\/02\/Publicacio-provisional-dalumnat-admes-a-la-mobilitat-Erasmus-a-Lahr-Alemanya-de-2n-dESO.pdf\">Publicaci\u00f3 provisional d&#8217;alumnat adm\u00e8s a la mobilitat Erasmus+ a Lahr (Alemanya) de 2n d\u2019ESO<\/a><\/p>\n<p><a href=\"https:\/\/agora.xtec.cat\/insdertosa\/wp-content\/uploads\/usu144\/2025\/02\/Publicacio-provisional-dalumnat-admes-a-la-mobilitat-Erasmus-a-Die-Franca-de-2n-dESO.docx-1.pdf\">Publicaci\u00f3 provisional d&#8217;alumnat adm\u00e8s a la mobilitat Erasmus+ a Die (Fran\u00e7a) de 2n d\u2019ESO.docx<\/a><\/p>\n<h3><b>TX\u00c8QUIA<\/b><\/h3>\n<div style=\"width: 100%;\">\n<div><\/div>\n<div style=\"position: relative; padding-bottom: 56.25%; padding-top: 0; height: 0;\"><iframe loading=\"lazy\" style=\"position: absolute; top: 0; left: 0; width: 100%; height: 100%;\" title=\"Tx\u00e8quia Bat- Erasmus + Project\" src=\"https:\/\/view.genially.com\/6479a277932cbb0012a04474\" width=\"1200\" height=\"675\" frameborder=\"0\" scrolling=\"yes\" allowfullscreen=\"allowfullscreen\"><\/iframe><\/div>\n<div>\n<p>&nbsp;<\/p>\n<p><b>Calendari<\/b><\/p>\n<p><b>Anada: <\/b><span style=\"font-weight: 400;\">12-19 de desembre\u00a0<\/span><\/p>\n<p><b>Rebuda: <\/b><span style=\"font-weight: 400;\">mar\u00e7\u00a0<\/span><\/p>\n<p><b>Reuni\u00f3 alumnes al pati: <\/b><span style=\"font-weight: 400;\">18\/09<\/span><\/p>\n<p><b>Termini presentaci\u00f3 v\u00eddeo i autoritzaci\u00f3: <\/b><span style=\"font-weight: 400;\">2 d\u2019octubre a les 23:59<\/span><\/p>\n<p><b>Llista d\u2019admesos provisional: <\/b><span style=\"font-weight: 400;\">a partir del 9 d\u2019octubre<\/span><\/p>\n<p><b>Per\u00edode de reclamacions: <\/b><span style=\"font-weight: 400;\">els dos dies posteriors a la publicaci\u00f3 de la llista provisional<\/span><\/p>\n<p><b>Llista d\u2019admesos definitiva: <\/b><span style=\"font-weight: 400;\">abans del 18 d\u2019octubre\u00a0<\/span><\/p>\n<p><b>Reuni\u00f3 fam\u00edlies i alumnes: <\/b><span style=\"font-weight: 400;\">dilluns 11 de novembre<\/span><\/p>\n<\/div>\n<p><span style=\"font-weight: 400;\">Aqu\u00ed teniu l\u2019autoritzaci\u00f3 parental per a participar en el proc\u00e9s de selecci\u00f3.<\/span><\/p>\n<p><a href=\"https:\/\/agora.xtec.cat\/insdertosa\/wp-content\/uploads\/usu144\/2024\/09\/Autoritzacio-participacio-proces-de-seleccio-Bat-Txequia-i-Portugal.pdf\">Autoritzaci\u00f3 participaci\u00f3 proc\u00e9s de selecci\u00f3 Bat (Tx\u00e8quia i Portugal)<\/a><\/p>\n<p><a href=\"https:\/\/agora.xtec.cat\/insdertosa\/wp-content\/uploads\/usu144\/2024\/10\/Publicacio-seleccio-provisional-Txequia-1r-Bat.pdf\">Publicaci\u00f3 selecci\u00f3 provisional Tx\u00e8quia 1r Bat<\/a><\/p>\n<p><a href=\"https:\/\/agora.xtec.cat\/insdertosa\/wp-content\/uploads\/usu144\/2024\/10\/Publicacio-seleccio-definitiva-Portugal.pdf\">Publicaci\u00f3 selecci\u00f3 definitiva Portugal<\/a><\/p>\n<p><a href=\"https:\/\/agora.xtec.cat\/insdertosa\/wp-content\/uploads\/usu144\/2024\/10\/Publicacio-seleccio-definitivaTxequia-1r-Bat.pdf\">Publicaci\u00f3 selecci\u00f3 definitivaTx\u00e8quia 1r Bat<\/a><\/p>\n<\/div>\n<div style=\"width: 100%;\">\n<h3><b>ALEMANYA<\/b><\/h3>\n<p>&nbsp;<\/p>\n<\/div>\n<div style=\"width: 100%;\">\n<div>\n<p>&nbsp;<\/p>\n<p><b>Calendari<\/b><\/p>\n<p><b>Anada: <\/b><span style=\"font-weight: 400;\">del 6 al 13 de novembre\u00a0<\/span><\/p>\n<p><b>Rebuda: <\/b><span style=\"font-weight: 400;\">mar\u00e7\u00a0<\/span><\/p>\n<p><b>Reuni\u00f3 alumnes:<\/b><span style=\"font-weight: 400;\"> classe d\u2019optativa d\u2019alemany: 4t d\u2019ESO, dimarts 10 de setembre; 1r de Bat, dilluns 16 de setembre<\/span><\/p>\n<p><b>Reuni\u00f3 informativa fam\u00edlies: <\/b><span style=\"font-weight: 400;\">dilluns 23 de setembre a les 19:00<\/span><\/p>\n<p><b>Termini presentaci\u00f3 v\u00eddeo i autoritzaci\u00f3:<\/b><span style=\"font-weight: 400;\"> 30 de\u00a0 setembre a les 23:59<\/span><\/p>\n<p><b>Llista d\u2019admesos provisional: <\/b><span style=\"font-weight: 400;\">a partir del 9 d\u2019octubre<\/span><\/p>\n<p><b>Per\u00edode de reclamacions:<\/b><span style=\"font-weight: 400;\"> els dos dies posteriors a la publicaci\u00f3 de la llista provisional<\/span><\/p>\n<p><b>Llista d\u2019admesos definitiva: <\/b><span style=\"font-weight: 400;\">abans del 14 d\u2019octubre\u00a0<\/span><\/p>\n<p><b>Reuni\u00f3 fam\u00edlies i alumnes: <\/b><span style=\"font-weight: 400;\">dilluns 28 d\u2019octubre a les 19:00\u00a0<\/span><\/p>\n<p><span style=\"font-weight: 400;\">Aqu\u00ed teniu l\u2019autoritzaci\u00f3 parental per a participar en el proc\u00e9s de selecci\u00f3.<\/span><\/p>\n<p><a href=\"https:\/\/agora.xtec.cat\/insdertosa\/wp-content\/uploads\/usu144\/2024\/09\/Autoritzacio-participacio-proces-de-seleccio-Alemanya-Documents-de-Google.pdf\">Autoritzaci\u00f3 participaci\u00f3 proc\u00e9s de selecci\u00f3 Alemanya &#8211; Documents de Google<\/a><\/p>\n<p><a href=\"https:\/\/agora.xtec.cat\/insdertosa\/wp-content\/uploads\/usu144\/2024\/10\/Publicacio-seleccio-provisional-Alemanya-4t-ESO-i-1r-Bat.pdf\">Publicaci\u00f3 selecci\u00f3 provisional Alemanya 4t ESO i 1r Bat<\/a><\/p>\n<p><a href=\"https:\/\/agora.xtec.cat\/insdertosa\/wp-content\/uploads\/usu144\/2024\/10\/Publicacio-seleccio-definitiva-Alemanya-4t-dESO-i-1r-de-Bat.pdf\">Publicaci\u00f3 selecci\u00f3 definitiva Alemanya 4t d&#8217;ESO i 1r de Bat<\/a><\/p>\n<div>\n<h3><b>FRAN\u00c7A (MILLARS 1r d&#8217;ESO)<\/b><\/h3>\n<\/div>\n<p><strong>Calendari<\/strong><\/p>\n<p><b>Anada: <\/b><span style=\"font-weight: 400;\">5-11 d\u2019abril de 2025<\/span><\/p>\n<p><b>Rebuda: <\/b><span style=\"font-weight: 400;\">10-16 de febrer de 2025<\/span><\/p>\n<p><b>Reuni\u00f3 alumnes al pati: <\/b><span style=\"font-weight: 400;\">20 de novembre de 2024<\/span><\/p>\n<p><b>Reuni\u00f3 fam\u00edlies i alumnes: <\/b><span style=\"font-weight: 400;\">dilluns 25 de novembre de 2024<\/span><\/p>\n<p><b>Termini presentaci\u00f3 v\u00eddeo i autoritzaci\u00f3: <\/b><span style=\"font-weight: 400;\">15 de desembre de 2024 a les 23:59<\/span><\/p>\n<p><b>Llista d\u2019admesos provisional: <\/b><span style=\"font-weight: 400;\">a partir del 13 de gener<\/span><\/p>\n<p><b>Per\u00edode de reclamacions: <\/b><span style=\"font-weight: 400;\">els dos dies posteriors a la publicaci\u00f3 de la llista provisional<\/span><\/p>\n<p><b>Llista d\u2019admesos definitiva: <\/b><span style=\"font-weight: 400;\">abans del 18 de gener<\/span><\/p>\n<p><span style=\"font-weight: 400;\">Aqu\u00ed teniu l\u2019autoritzaci\u00f3 parental per a participar en el proc\u00e9s de selecci\u00f3:<\/span><\/p>\n<p><a href=\"https:\/\/agora.xtec.cat\/insdertosa\/wp-content\/uploads\/usu144\/2024\/11\/Autoritzacio-participacio-proces-de-seleccio-1r-ESO-Millars-Documents-de-Google.pdf\">Autoritzaci\u00f3 participaci\u00f3 proc\u00e9s de selecci\u00f3 1r ESO Millars &#8211; Documents de Google<\/a><\/p>\n<p><a href=\"https:\/\/agora.xtec.cat\/insdertosa\/wp-content\/uploads\/usu144\/2025\/01\/Publicacio-seleccio-provisional-Millars-1r-ESO-Documents-de-Google.pdf\">Publicaci\u00f3 selecci\u00f3 provisional Millars 1r ESO &#8211; Documents de Google<\/a><\/p>\n<p><a href=\"https:\/\/agora.xtec.cat\/insdertosa\/wp-content\/uploads\/usu144\/2025\/01\/Publicacio-seleccio-definitiva-Millars-1r-ESO-1.pdf\">Publicaci\u00f3 selecci\u00f3 definitiva Millars 1r ESO<\/a><\/p>\n<h3><b>MIL\u00c0 (IT\u00c0LIA) CFGM<\/b><\/h3>\n<p><strong>Calendari<\/strong><\/p>\n<p><b>Anada: <\/b>maig<span style=\"font-weight: 400;\">\u00a0de 2025<\/span><\/p>\n<p><b>Llista d\u2019admesos provisional: <\/b><span style=\"font-weight: 400;\">a partir del 11 de mar\u00e7<\/span><\/p>\n<p><b>Per\u00edode de reclamacions: <\/b><span style=\"font-weight: 400;\">els dos dies posteriors a la publicaci\u00f3 de la llista provisional<\/span><\/p>\n<p><b>Llista d\u2019admesos definitiva: <\/b><span style=\"font-weight: 400;\">abans del 14 de mar\u00e7<\/span><\/p>\n<p><a href=\"https:\/\/drive.google.com\/file\/d\/1jna8FXt166wTVnUPouHdcPVRo4pz5zX0\/view?usp=sharing\">CONVOCAT\u00d2RIA ESTADES DE PR\u00c0CTIQUES KA121<\/a><\/p>\n<p><a href=\"https:\/\/drive.google.com\/file\/d\/1Qec0jWyh-D6-_UShP7XIPAcF3k51lyhB\/view?usp=sharing\">Publicaci\u00f3 selecci\u00f3 provisional Mil\u00e0 CFGM<\/a><\/p>\n<p><a href=\"https:\/\/drive.google.com\/file\/d\/1xOKbx5NF_yGjeiBvb0QIRSzkGTgZuJz-\/view?usp=sharing\">Publicaci\u00f3 selecci\u00f3 definitiva Mil\u00e0 CFGM<\/a><\/p>\n<h3><b>GRENOBLE (FRAN\u00c7A) CFGM<\/b><\/h3>\n<p><strong>Calendari<\/strong><\/p>\n<p><b>Anada: <\/b>del 11 al 17 de maig<span style=\"font-weight: 400;\">\u00a0de 2025<\/span><\/p>\n<p><a href=\"https:\/\/drive.google.com\/file\/d\/1wAB8P2rKPtctLNmwFwAjeZK56zU3Xpk-\/view?usp=sharing\"><b>Llista d\u2019admesos provisional<\/b><\/a><\/p>\n<p><b>Per\u00edode de reclamacions: <\/b><span style=\"font-weight: 400;\">els dos dies posteriors a la publicaci\u00f3 de la llista provisional<\/span><\/p>\n<p><a href=\"https:\/\/drive.google.com\/file\/d\/10Htgb58DL3-1vpSwZO2s4_hjbEcHQp2g\/view?usp=sharing\"><b>Llista d\u2019admesos definitiva<\/b><\/a><\/p>\n<h1><span style=\"font-weight: 400;\">Erasmus+ Intercanvis de llarga durada<\/span><\/h1>\n<p><span style=\"font-weight: 400;\">Aquest any, com a novetat en el nostre centre, oferirem dues places de llarga durada.\u00a0<\/span><\/p>\n<p><b>Qu\u00e8 s\u00f3n els intercanvis Erasmus+ de llarga durada?<\/b><\/p>\n<p><span style=\"font-weight: 400;\">Els intercanvis Erasmus+ de llarga durada s\u00f3n programes que permeten als alumnes de secund\u00e0ria estudiar en un pa\u00eds europeu durant un mes. Durant aquest temps, els alumnes assisteixen a classes en un institut local, s\u2019allotgen a casa d\u2019una fam\u00edlia acollidora i s&#8217;integren a la vida quotidiana del pa\u00eds d&#8217;acollida. Al cap d\u2019un temps, es realitza l\u2019acollida al nostre institut i en les nostres fam\u00edlies.\u00a0<\/span><\/p>\n<p><img loading=\"lazy\" decoding=\"async\" class=\"alignnone size-full wp-image-13209\" src=\"https:\/\/agora.xtec.cat\/insdertosa\/wp-content\/uploads\/usu144\/2024\/09\/Portugal-llarga-durada.png\" alt=\"\" width=\"740\" height=\"424\" srcset=\"https:\/\/agora.xtec.cat\/insdertosa\/wp-content\/uploads\/usu144\/2024\/09\/Portugal-llarga-durada.png 740w, https:\/\/agora.xtec.cat\/insdertosa\/wp-content\/uploads\/usu144\/2024\/09\/Portugal-llarga-durada-300x172.png 300w\" sizes=\"auto, (max-width: 740px) 100vw, 740px\" \/><\/p>\n<p><b>Calendari<\/b><\/p>\n<p><b>Anada: <\/b><span style=\"font-weight: 400;\">per a determinar<\/span><\/p>\n<p><b>Rebuda: <\/b><span style=\"font-weight: 400;\">20\/10-23\/11<\/span><\/p>\n<p><b>Reuni\u00f3 alumnes al pati: <\/b><span style=\"font-weight: 400;\">18\/09<\/span><\/p>\n<p><b>Termini presentaci\u00f3 v\u00eddeo i autoritzaci\u00f3: <\/b><span style=\"font-weight: 400;\">2 d\u2019octubre a les 23:59<\/span><\/p>\n<p><b>Llista d\u2019admesos provisional: <\/b><span style=\"font-weight: 400;\">a partir del 4 d\u2019octubre<\/span><\/p>\n<p><b>Per\u00edode de reclamacions: <\/b><span style=\"font-weight: 400;\">els dos dies posteriors a la publicaci\u00f3 de la llista provisional<\/span><\/p>\n<p><b>Llista d\u2019admesos definitiva: <\/b><span style=\"font-weight: 400;\">abans del 9 d\u2019octubre\u00a0<\/span><\/p>\n<p><span style=\"font-weight: 400;\">Aqu\u00ed teniu l\u2019autoritzaci\u00f3 parental per a participar en el proc\u00e9s de selecci\u00f3:<\/span><\/p>\n<p><a href=\"https:\/\/agora.xtec.cat\/insdertosa\/wp-content\/uploads\/usu144\/2024\/09\/Autoritzacio-participacio-proces-de-seleccio-Bat-Txequia-i-Portugal.pdf\">Autoritzaci\u00f3 participaci\u00f3 proc\u00e9s de selecci\u00f3 Bat (Tx\u00e8quia i Portugal)<\/a><\/p>\n<p><a href=\"https:\/\/agora.xtec.cat\/insdertosa\/wp-content\/uploads\/usu144\/2024\/10\/Publicacio-seleccio-provisional-Portugal-llarga-duracio-1r-de-Bat.pdf\">Publicaci\u00f3 selecci\u00f3 provisional Portugal llarga duraci\u00f3 1r de Bat<\/a><\/p>\n<\/div>\n<p>&nbsp;<\/p>\n<h1><span style=\"font-weight: 400;\">Dia Europeu de les Lleng\u00fces<\/span><\/h1>\n<p><a href=\"https:\/\/agora.xtec.cat\/insdertosa\/wp-content\/uploads\/usu144\/2024\/09\/Cartell-concurs-embarbussaments-1.pdf\">Cartell concurs embarbussaments<\/a><\/p>\n<p><a href=\"https:\/\/agora.xtec.cat\/insdertosa\/wp-content\/uploads\/usu144\/2024\/09\/Cartell-european-day-of-languages-26-september-1-1.pdf\">Cartell European Day of Languages 26 September<\/a><\/p>\n<\/div>\n<h1><\/h1>\n<h1><span style=\"font-weight: 400;\">Concurs dessuadores\u00a0<\/span><\/h1>\n<p><a href=\"https:\/\/agora.xtec.cat\/insdertosa\/wp-content\/uploads\/usu144\/2025\/02\/Bases-concurs-dessuadores-pel-al-curs-24-25.pdf\">Bases concurs dessuadores pel al curs 24-25<\/a><\/p>\n<p><a href=\"https:\/\/agora.xtec.cat\/insdertosa\/wp-content\/uploads\/usu144\/2025\/02\/DESSUADORA-1-min.png\"><img loading=\"lazy\" decoding=\"async\" class=\"aligncenter size-large wp-image-14236\" src=\"https:\/\/agora.xtec.cat\/insdertosa\/wp-content\/uploads\/usu144\/2025\/02\/DESSUADORA-1-min-724x1024.png\" alt=\"\" width=\"724\" height=\"1024\" srcset=\"https:\/\/agora.xtec.cat\/insdertosa\/wp-content\/uploads\/usu144\/2025\/02\/DESSUADORA-1-min-724x1024.png 724w, https:\/\/agora.xtec.cat\/insdertosa\/wp-content\/uploads\/usu144\/2025\/02\/DESSUADORA-1-min-212x300.png 212w, https:\/\/agora.xtec.cat\/insdertosa\/wp-content\/uploads\/usu144\/2025\/02\/DESSUADORA-1-min-768x1086.png 768w, https:\/\/agora.xtec.cat\/insdertosa\/wp-content\/uploads\/usu144\/2025\/02\/DESSUADORA-1-min-1086x1536.png 1086w, https:\/\/agora.xtec.cat\/insdertosa\/wp-content\/uploads\/usu144\/2025\/02\/DESSUADORA-1-min-1448x2048.png 1448w, https:\/\/agora.xtec.cat\/insdertosa\/wp-content\/uploads\/usu144\/2025\/02\/DESSUADORA-1-min.png 1587w\" sizes=\"auto, (max-width: 724px) 100vw, 724px\" \/><\/a><\/p>\n","protected":false},"excerpt":{"rendered":"<p>En aquesta p\u00e0gina trobareu tota la informaci\u00f3 per participar en les estades de curta i llarga durada d\u2019aquest curs 24-25. Aquestes mobilitats internacionals estan dissenyades per enriquir l\u2019aprenentatge dels vostres fills en l\u2019\u00e0mbit personal, acad\u00e8mic i cultural, proporcionant-los una experi\u00e8ncia que, sens dubte, ser\u00e0 inoblidable. Les mobilitats Erasmus+ disponibles aquest curs s\u00f3n: Mobilitat de curta [&hellip;]<\/p>\n","protected":false},"author":1,"featured_media":0,"parent":9845,"menu_order":0,"comment_status":"closed","ping_status":"closed","template":"page-templates\/side-menu.php","meta":{"_bbp_topic_count":0,"_bbp_reply_count":0,"_bbp_total_topic_count":0,"_bbp_total_reply_count":0,"_bbp_voice_count":0,"_bbp_anonymous_reply_count":0,"_bbp_topic_count_hidden":0,"_bbp_reply_count_hidden":0,"_bbp_forum_subforum_count":0,"site-sidebar-layout":"default","site-content-layout":"","ast-site-content-layout":"","site-content-style":"default","site-sidebar-style":"default","ast-global-header-display":"","ast-banner-title-visibility":"","ast-main-header-display":"","ast-hfb-above-header-display":"","ast-hfb-below-header-display":"","ast-hfb-mobile-header-display":"","site-post-title":"","ast-breadcrumbs-content":"","ast-featured-img":"","footer-sml-layout":"","theme-transparent-header-meta":"","adv-header-id-meta":"","stick-header-meta":"","header-above-stick-meta":"","header-main-stick-meta":"","header-below-stick-meta":"","astra-migrate-meta-layouts":"default","ast-page-background-enabled":"default","ast-page-background-meta":{"desktop":{"background-color":"var(--ast-global-color-5)","background-image":"","background-repeat":"repeat","background-position":"center center","background-size":"auto","background-attachment":"scroll","background-type":"","background-media":"","overlay-type":"","overlay-color":"","overlay-opacity":"","overlay-gradient":""},"tablet":{"background-color":"","background-image":"","background-repeat":"repeat","background-position":"center center","background-size":"auto","background-attachment":"scroll","background-type":"","background-media":"","overlay-type":"","overlay-color":"","overlay-opacity":"","overlay-gradient":""},"mobile":{"background-color":"","background-image":"","background-repeat":"repeat","background-position":"center center","background-size":"auto","background-attachment":"scroll","background-type":"","background-media":"","overlay-type":"","overlay-color":"","overlay-opacity":"","overlay-gradient":""}},"ast-content-background-meta":{"desktop":{"background-color":"var(--ast-global-color-4)","background-image":"","background-repeat":"repeat","background-position":"center center","background-size":"auto","background-attachment":"scroll","background-type":"","background-media":"","overlay-type":"","overlay-color":"","overlay-opacity":"","overlay-gradient":""},"tablet":{"background-color":"var(--ast-global-color-4)","background-image":"","background-repeat":"repeat","background-position":"center center","background-size":"auto","background-attachment":"scroll","background-type":"","background-media":"","overlay-type":"","overlay-color":"","overlay-opacity":"","overlay-gradient":""},"mobile":{"background-color":"var(--ast-global-color-4)","background-image":"","background-repeat":"repeat","background-position":"center center","background-size":"auto","background-attachment":"scroll","background-type":"","background-media":"","overlay-type":"","overlay-color":"","overlay-opacity":"","overlay-gradient":""}},"footnotes":""},"class_list":["post-13198","page","type-page","status-publish","hentry"],"post_mailing_queue_ids":[],"_links":{"self":[{"href":"https:\/\/agora.xtec.cat\/insdertosa\/wp-json\/wp\/v2\/pages\/13198","targetHints":{"allow":["GET"]}}],"collection":[{"href":"https:\/\/agora.xtec.cat\/insdertosa\/wp-json\/wp\/v2\/pages"}],"about":[{"href":"https:\/\/agora.xtec.cat\/insdertosa\/wp-json\/wp\/v2\/types\/page"}],"author":[{"embeddable":true,"href":"https:\/\/agora.xtec.cat\/insdertosa\/wp-json\/wp\/v2\/users\/1"}],"replies":[{"embeddable":true,"href":"https:\/\/agora.xtec.cat\/insdertosa\/wp-json\/wp\/v2\/comments?post=13198"}],"version-history":[{"count":7,"href":"https:\/\/agora.xtec.cat\/insdertosa\/wp-json\/wp\/v2\/pages\/13198\/revisions"}],"predecessor-version":[{"id":14792,"href":"https:\/\/agora.xtec.cat\/insdertosa\/wp-json\/wp\/v2\/pages\/13198\/revisions\/14792"}],"up":[{"embeddable":true,"href":"https:\/\/agora.xtec.cat\/insdertosa\/wp-json\/wp\/v2\/pages\/9845"}],"wp:attachment":[{"href":"https:\/\/agora.xtec.cat\/insdertosa\/wp-json\/wp\/v2\/media?parent=13198"}],"curies":[{"name":"wp","href":"https:\/\/api.w.org\/{rel}","templated":true}]}}