{"id":11509,"date":"2023-09-28T10:20:55","date_gmt":"2023-09-28T08:20:55","guid":{"rendered":"https:\/\/agora.xtec.cat\/insdertosa\/?page_id=11509"},"modified":"2024-09-19T22:34:08","modified_gmt":"2024-09-19T20:34:08","slug":"erasmus-intercanvis-de-curta-durada","status":"publish","type":"page","link":"https:\/\/agora.xtec.cat\/insdertosa\/erasmus\/erasmus-intercanvis-de-curta-durada\/","title":{"rendered":"Erasmus+ Intercanvis de curta durada"},"content":{"rendered":"<p>En aquesta p\u00e0gina trobareu tota la informaci\u00f3 per participar en les estades de curta durada d&#8217;aquest curs 23-24. Aquestes estades seran a Tx\u00e8quia, Alemanya i Fran\u00e7a.<\/p>\n<p>A continuaci\u00f3 trobareu una presentaci\u00f3 amb el procediment per participar en el proc\u00e8s de selecci\u00f3 de Tx\u00e8quia, Alemanya i Fran\u00e7a:<\/p>\n<div class=\"container-wrapper-genially\" style=\"position: relative; min-height: 400px; max-width: 100%;\">\n<p><video class=\"loader-genially\" style=\"position: absolute; top: 45%; left: 50%; transform: translate(-50%, -50%); width: 80px; height: 80px; margin-bottom: 10%;\" autoplay=\"autoplay\" loop=\"loop\" muted=\"muted\" width=\"300\" height=\"150\"><source src=\"https:\/\/static.genial.ly\/resources\/loader-default.mp4\" type=\"video\/mp4\" \/>Your browser does not support the video tag.<\/video><\/p>\n<div id=\"6479a277932cbb0012a04474\" class=\"genially-embed\" style=\"margin: 0px auto; position: relative; height: auto; width: 100%;\"><\/div>\n<\/div>\n<p><script>(function (d) { var js, id = \"genially-embed-js\", ref = d.getElementsByTagName(\"script\")[0]; if (d.getElementById(id)) { return; } js = d.createElement(\"script\"); js.id = id; js.async = true; js.src = \"https:\/\/view.genial.ly\/static\/embed\/embed.js\"; ref.parentNode.insertBefore(js, ref); }(document));<\/script><\/p>\n<p><strong>NOU!!!<\/strong><br \/>\n<strong>PRESENTACI\u00d3 DE LA MOBILITAT DE TX\u00c8QUIA DE 2n ESO<\/strong><\/p>\n<p><center><iframe loading=\"lazy\" src=\"https:\/\/docs.google.com\/presentation\/d\/e\/2PACX-1vTawOJuaronXCTT03Sb5PB8dacJBeMCcw8_lqmFymBbuWrliKddIHRLIGYWtsP8JqyLBZx8t7b1A-2Y\/embed?start=false&amp;loop=false&amp;delayms=3000\" width=\"640\" height=\"480\" frameborder=\"0\" allowfullscreen=\"allowfullscreen\"><span data-mce-type=\"bookmark\" style=\"display: inline-block; width: 0px; overflow: hidden; line-height: 0;\" class=\"mce_SELRES_start\">\ufeff<\/span><\/iframe><center><\/center><\/center><strong>PUBLICACI\u00d3 DE LA LLISTA D&#8217;ALUMNAT ADM\u00c8S, EN ESPERA I ACOLLIDORS EN LA MOBILITAT DE TX\u00c8QUIA PER A 2n ESO<\/strong><\/p>\n<p><span style=\"font-weight: 400;\">A continuaci\u00f3 podeu veure les llistes dels alumnes de 2n d\u2019ESO que han estat seleccionats per participar a l\u2019Erasmus de Tx\u00e8quia, els que estan en llista d&#8217;espera aix\u00ed com els que nom\u00e9s volen acollir i han estat selecionats. En els propers dies ens posarem en contacte amb els alumnes i les fam\u00edlies per continuar amb el proc\u00e9s.<\/span><\/p>\n<p><center><iframe loading=\"lazy\" src=\"https:\/\/drive.google.com\/file\/d\/1iBetRpoHN1V-HmDVMRMDe8iSb_l9WUpL\/preview\" width=\"640\" height=\"480\"><\/iframe><center><\/center><\/center>&nbsp;<\/p>\n<p>&nbsp;<\/p>\n<p><strong>IMPORTANT!!!<\/strong><\/p>\n<p><strong>CALENDARI INTERCANVIS TX\u00c8QUIA I ALEMANYA<\/strong><\/p>\n<ul>\n<li style=\"font-weight: 400;\" aria-level=\"1\"><span style=\"font-weight: 400;\"><strong>Reuni\u00f3 informativa inicial fam\u00edlies<\/strong>\u00a0<\/span>\n<ul>\n<li><span style=\"font-weight: 400;\">Erasmus Alemanya: 25 de setembre a les 18:30<\/span><\/li>\n<li><span style=\"font-weight: 400;\">Erasmus Tx\u00e8quia: despr\u00e9s de la selecci\u00f3<\/span><\/li>\n<li><span style=\"font-weight: 400;\">Erasmus Fran\u00e7a: despr\u00e9s de la selecci\u00f3<\/span><\/li>\n<\/ul>\n<\/li>\n<\/ul>\n<p><span style=\"font-weight: 400;\">&#8211; 12 de setembre: Explicaci\u00f3 alumnes batxillerat mobilitats de Tx\u00e8quia: a la sala d\u2019actes\u00a0<\/span><\/p>\n<p><span style=\"font-weight: 400;\">&#8211; 19 de setembre: reuni\u00f3 a l\u2019hora del pati amb els alumnes interessats de batxillerat (Tx\u00e8quia)<\/span><\/p>\n<p><span style=\"font-weight: 400;\">&#8211; 10 d\u2019octubre: data l\u00edmit presentaci\u00f3 v\u00eddeo.<\/span><\/p>\n<p><span style=\"font-weight: 400;\">&#8211; 23 d\u2019octubre: Intercanvi Tx\u00e8quia i Alemanya: Publicaci\u00f3 llistat ordenat d\u2019admesos i llista d\u2019espera. Notificaci\u00f3 a les fam\u00edlies. Enviament carta autoritzaci\u00f3 i pagament reserva pla\u00e7a.\u00a0<\/span><\/p>\n<p><span style=\"font-weight: 400;\">&#8211; 31 d\u2019octubre: data m\u00e0xima per a confirmar la reserva de la pla\u00e7a<\/span><\/p>\n<p><strong>CALENDARI INTERCANVI FRAN\u00c7A<\/strong><\/p>\n<ul>\n<li><span style=\"font-weight: 400;\"><strong>Reuni\u00f3 informativa inicial fam\u00edlies<\/strong><\/span>\n<ul>\n<li><span style=\"font-weight: 400;\">Erasmus Fran\u00e7a: 16 d&#8217;Octubre a les 19:00h<\/span><\/li>\n<\/ul>\n<\/li>\n<\/ul>\n<p>Termini per a la presentaci\u00f3 dels videos de l&#8217;alumnat que vol participar a l&#8217;intercanvi amb Fran\u00e7a: <strong>fins al 22 d&#8217;Octubre incl\u00f2s.<\/strong><\/p>\n<p><span style=\"font-weight: 400;\">-31\/10: Publicaci\u00f3 llistat ordenat d\u2019admesos i llista d\u2019espera. Notificaci\u00f3 a les fam\u00edlies. Pagament reserva pla\u00e7a.<\/span><\/p>\n<p><span style=\"font-weight: 400;\">-7 de novembre: data m\u00e0xima per a confirmar la reserva de la pla\u00e7a<\/span><\/p>\n<p><b>Calendari intercanvis (anada)<\/b><\/p>\n<ul>\n<li style=\"font-weight: 400;\" aria-level=\"1\"><span style=\"font-weight: 400;\">Tx\u00e8quia: del 13 al 19 de desembre<\/span><\/li>\n<li style=\"font-weight: 400;\" aria-level=\"1\"><span style=\"font-weight: 400;\">Alemanya: del 15 al 22 de gener<\/span><\/li>\n<li style=\"font-weight: 400;\" aria-level=\"1\"><span style=\"font-weight: 400;\">Fran\u00e7a: del 3 al 10 d\u2019abril<\/span><\/li>\n<\/ul>\n<p>&nbsp;<\/p>\n<p><strong>PUBLICACI\u00d3 DEL LLISTAT D&#8217;ADMESOS EN LES MOBILITATS DE TX\u00c8QUIA I ALMENAYA<\/strong><\/p>\n<p><span style=\"font-weight: 400;\">A continuaci\u00f3 podeu veure el llistat dels alumnes de 1r de Batxillerat que han estat seleccionats per participar a l\u2019Erasmus de Tx\u00e8quia i els alumnes de 4t d\u2019ESO i 1r de Batxillerat que han estat seleccionats per a participar a l\u2019Erasmus d\u2019Alemanya. En els propers dies ens posarem en contacte amb els alumnes i les fam\u00edlies per continuar amb el proc\u00e9s. <\/span><\/p>\n<p><strong>TX\u00c8QUIA<\/strong><\/p>\n<p><center><iframe loading=\"lazy\" src=\"https:\/\/docs.google.com\/document\/d\/e\/2PACX-1vQL1DX2pl4GAgWKTIKcLRaNobCf6nV24XNy9JFzL-VkhY_jh6pZfqMTVSo4JIQ2hYQ5vWpFeNPXwjyo\/pub?embedded=true\" width=\"640\" height=\"380\"><\/iframe><\/center>&nbsp;<\/p>\n<p><strong>ALEMANYA<\/strong><\/p>\n<p><center><iframe loading=\"lazy\" src=\"https:\/\/docs.google.com\/document\/d\/e\/2PACX-1vTs3Wohqhev5VllZZ3RzhLarPT-I3QqAPEsnQ_v_w_2XztP1qdGUU6Kdb6hesGrw0J-UHLH2A5A7OyB\/pub?embedded=true\" width=\"640\" height=\"380\"><\/iframe><\/center>&nbsp;<\/p>\n<p><strong>PUBLICACI\u00d3 DEL LLISTAT D&#8217;ADMESOS EN LA MOBILITAT DE FRAN\u00c7A<\/strong><\/p>\n<div>A continuaci\u00f3 podeu veure el llistat dels alumnes de 2n i 3r d\u2019ESO que han estat seleccionats per<\/div>\n<div><\/div>\n<div>participar a l&#8217;Erasmus de Fran\u00e7a.<\/div>\n<div><\/div>\n<div>En els propers dies ens posarem en contacte amb els alumnes i les fam\u00edlies per continuar amb el<\/div>\n<div><\/div>\n<div>proc\u00e9s.<\/div>\n<div><span style=\"color: #444444; font-family: Arial, sans-serif;\">\u00a0<\/span><\/div>\n<div>\n<div dir=\"ltr\" align=\"left\">\n<div dir=\"ltr\" align=\"left\"><center><iframe loading=\"lazy\" src=\"https:\/\/docs.google.com\/document\/d\/e\/2PACX-1vT7X_BwC2uExRketpFzs6f7Q3DjQFM11ztfzRxqAJpz30LO-AfIn9-jyi58EodiBMtybGCF3uMnhQg_\/pub?embedded=true\" width=\"640\" height=\"380\"><\/iframe><\/center><\/div>\n<\/div>\n<p>&nbsp;<\/p>\n<ul>\n<li><a href=\"https:\/\/agora.xtec.cat\/insdertosa\/?page_id=12571&amp;preview=true\">CONCURS DESSUADORA<\/a><\/li>\n<li><a href=\"https:\/\/agora.xtec.cat\/insdertosa\/erasmus-job-shadowing\/\">ERASMUS+ Job Shadowing<\/a><\/li>\n<\/ul>\n<\/div>\n","protected":false},"excerpt":{"rendered":"<p>En aquesta p\u00e0gina trobareu tota la informaci\u00f3 per participar en les estades de curta durada d&#8217;aquest curs 23-24. Aquestes estades seran a Tx\u00e8quia, Alemanya i Fran\u00e7a. A continuaci\u00f3 trobareu una presentaci\u00f3 amb el procediment per participar en el proc\u00e8s de selecci\u00f3 de Tx\u00e8quia, Alemanya i Fran\u00e7a: Your browser does not support the video tag. NOU!!! [&hellip;]<\/p>\n","protected":false},"author":1,"featured_media":0,"parent":9845,"menu_order":0,"comment_status":"closed","ping_status":"closed","template":"","meta":{"_bbp_topic_count":0,"_bbp_reply_count":0,"_bbp_total_topic_count":0,"_bbp_total_reply_count":0,"_bbp_voice_count":0,"_bbp_anonymous_reply_count":0,"_bbp_topic_count_hidden":0,"_bbp_reply_count_hidden":0,"_bbp_forum_subforum_count":0,"site-sidebar-layout":"default","site-content-layout":"","ast-site-content-layout":"","site-content-style":"default","site-sidebar-style":"default","ast-global-header-display":"","ast-banner-title-visibility":"","ast-main-header-display":"","ast-hfb-above-header-display":"","ast-hfb-below-header-display":"","ast-hfb-mobile-header-display":"","site-post-title":"","ast-breadcrumbs-content":"","ast-featured-img":"","footer-sml-layout":"","theme-transparent-header-meta":"","adv-header-id-meta":"","stick-header-meta":"","header-above-stick-meta":"","header-main-stick-meta":"","header-below-stick-meta":"","astra-migrate-meta-layouts":"default","ast-page-background-enabled":"default","ast-page-background-meta":{"desktop":{"background-color":"var(--ast-global-color-5)","background-image":"","background-repeat":"repeat","background-position":"center center","background-size":"auto","background-attachment":"scroll","background-type":"","background-media":"","overlay-type":"","overlay-color":"","overlay-opacity":"","overlay-gradient":""},"tablet":{"background-color":"","background-image":"","background-repeat":"repeat","background-position":"center center","background-size":"auto","background-attachment":"scroll","background-type":"","background-media":"","overlay-type":"","overlay-color":"","overlay-opacity":"","overlay-gradient":""},"mobile":{"background-color":"","background-image":"","background-repeat":"repeat","background-position":"center center","background-size":"auto","background-attachment":"scroll","background-type":"","background-media":"","overlay-type":"","overlay-color":"","overlay-opacity":"","overlay-gradient":""}},"ast-content-background-meta":{"desktop":{"background-color":"var(--ast-global-color-4)","background-image":"","background-repeat":"repeat","background-position":"center center","background-size":"auto","background-attachment":"scroll","background-type":"","background-media":"","overlay-type":"","overlay-color":"","overlay-opacity":"","overlay-gradient":""},"tablet":{"background-color":"var(--ast-global-color-4)","background-image":"","background-repeat":"repeat","background-position":"center center","background-size":"auto","background-attachment":"scroll","background-type":"","background-media":"","overlay-type":"","overlay-color":"","overlay-opacity":"","overlay-gradient":""},"mobile":{"background-color":"var(--ast-global-color-4)","background-image":"","background-repeat":"repeat","background-position":"center center","background-size":"auto","background-attachment":"scroll","background-type":"","background-media":"","overlay-type":"","overlay-color":"","overlay-opacity":"","overlay-gradient":""}},"footnotes":""},"class_list":["post-11509","page","type-page","status-publish","hentry"],"post_mailing_queue_ids":[],"_links":{"self":[{"href":"https:\/\/agora.xtec.cat\/insdertosa\/wp-json\/wp\/v2\/pages\/11509","targetHints":{"allow":["GET"]}}],"collection":[{"href":"https:\/\/agora.xtec.cat\/insdertosa\/wp-json\/wp\/v2\/pages"}],"about":[{"href":"https:\/\/agora.xtec.cat\/insdertosa\/wp-json\/wp\/v2\/types\/page"}],"author":[{"embeddable":true,"href":"https:\/\/agora.xtec.cat\/insdertosa\/wp-json\/wp\/v2\/users\/1"}],"replies":[{"embeddable":true,"href":"https:\/\/agora.xtec.cat\/insdertosa\/wp-json\/wp\/v2\/comments?post=11509"}],"version-history":[{"count":6,"href":"https:\/\/agora.xtec.cat\/insdertosa\/wp-json\/wp\/v2\/pages\/11509\/revisions"}],"predecessor-version":[{"id":13217,"href":"https:\/\/agora.xtec.cat\/insdertosa\/wp-json\/wp\/v2\/pages\/11509\/revisions\/13217"}],"up":[{"embeddable":true,"href":"https:\/\/agora.xtec.cat\/insdertosa\/wp-json\/wp\/v2\/pages\/9845"}],"wp:attachment":[{"href":"https:\/\/agora.xtec.cat\/insdertosa\/wp-json\/wp\/v2\/media?parent=11509"}],"curies":[{"name":"wp","href":"https:\/\/api.w.org\/{rel}","templated":true}]}}